{"id":4319,"date":"2018-07-16T16:19:14","date_gmt":"2018-07-16T20:19:14","guid":{"rendered":"https:\/\/naturegalapagos.com\/es\/?post_type=product&#038;p=4319"},"modified":"2025-06-06T11:03:47","modified_gmt":"2025-06-06T15:03:47","slug":"escuela-de-buceo-galapagos-curso-padi-open-waterdiver","status":"publish","type":"product","link":"https:\/\/naturegalapagos.com\/es\/buceo-galapagos\/escuela-de-buceo-galapagos\/","title":{"rendered":"Escuela de Buceo Gal\u00e1pagos | Curso PADI Open WaterDiver"},"content":{"rendered":"<h2 class=\"tw-data-text tw-text-large tw-ta\" dir=\"ltr\" data-placeholder=\"Traducci\u00f3n\" data-ved=\"2ahUKEwjWtMqGktuEAxWhQjABHbtrBoMQ3ewLegQIDhAU\"><span class=\"Y2IQFc\" lang=\"es\" style=\"font-family: arial, helvetica, sans-serif;\">Curso PADI Gal\u00e1pagos | Escuela de Buceo Gal\u00e1pagos<br \/>\n<\/span><\/h2>\n<p><span style=\"font-family: arial, helvetica, sans-serif;\">La <strong>Escuela de Buceo Gal\u00e1pagos<\/strong> te invita a sumergirte en la aventura con nuestro Curso PADI Gal\u00e1pagos, donde podr\u00e1s desarrollar conocimientos, practicar t\u00e9cnicas en aguas confinadas, y realizar inmersiones en aguas abiertas para explorar las maravillas submarinas de las Islas Encantadas.<\/span><\/p>\n<h3 id=\"tw-target-text\" class=\"tw-data-text tw-text-large tw-ta\" dir=\"ltr\" data-placeholder=\"Traducci\u00f3n\" data-ved=\"2ahUKEwjWtMqGktuEAxWhQjABHbtrBoMQ3ewLegQIDhAU\"><span class=\"Y2IQFc\" lang=\"es\" style=\"font-family: arial, helvetica, sans-serif;\">Aspectos Interesantes: <\/span><\/h3>\n<ul>\n<li class=\"tw-data-text tw-text-large tw-ta\" dir=\"ltr\" data-placeholder=\"Traducci\u00f3n\" data-ved=\"2ahUKEwjWtMqGktuEAxWhQjABHbtrBoMQ3ewLegQIDhAU\"><span class=\"Y2IQFc\" lang=\"es\" style=\"font-family: arial, helvetica, sans-serif;\">Somos miembros de la Asociaci\u00f3n Profesional de Instructores de Buceo (PADI) <\/span><\/li>\n<li class=\"tw-data-text tw-text-large tw-ta\" dir=\"ltr\" data-placeholder=\"Traducci\u00f3n\" data-ved=\"2ahUKEwjWtMqGktuEAxWhQjABHbtrBoMQ3ewLegQIDhAU\"><span class=\"Y2IQFc\" lang=\"es\" style=\"font-family: arial, helvetica, sans-serif;\">Desarrollar conocimientos para comprender los principios b\u00e1sicos del buceo aut\u00f3nomo.<\/span><\/li>\n<li class=\"tw-data-text tw-text-large tw-ta\" dir=\"ltr\" data-placeholder=\"Traducci\u00f3n\" data-ved=\"2ahUKEwjWtMqGktuEAxWhQjABHbtrBoMQ3ewLegQIDhAU\"><span class=\"Y2IQFc\" lang=\"es\" style=\"font-family: arial, helvetica, sans-serif;\">Inmersiones en aguas confinadas para aprender las t\u00e9cnicas b\u00e1sicas de buceo.<\/span><\/li>\n<li class=\"tw-data-text tw-text-large tw-ta\" dir=\"ltr\" data-placeholder=\"Traducci\u00f3n\" data-ved=\"2ahUKEwjWtMqGktuEAxWhQjABHbtrBoMQ3ewLegQIDhAU\"><span class=\"Y2IQFc\" lang=\"es\" style=\"font-family: arial, helvetica, sans-serif;\">\u00a1Inmersiones en aguas abiertas para revisar tus habilidades y explorar!<\/span><\/li>\n<\/ul>\n<p><span style=\"font-family: arial, helvetica, sans-serif;\"><!--more--><\/span><\/p>\n<h2 class=\"tw-data-text tw-text-large tw-ta\" dir=\"ltr\" data-placeholder=\"Traducci\u00f3n\" data-ved=\"2ahUKEwjWtMqGktuEAxWhQjABHbtrBoMQ3ewLegQIDhAU\"><span class=\"Y2IQFc\" lang=\"es\" style=\"font-family: arial, helvetica, sans-serif;\"><span style=\"font-size: 20px;\">\u00a1Obtener la certificaci\u00f3n! Recibe lecciones de buceo con el curso PADI Open Water Diver.<\/span><br \/>\n<\/span><\/h2>\n<p><span style=\"font-family: arial, helvetica, sans-serif;\">Somos miembros de la Asociaci\u00f3n Profesional de Instructores de Buceo (PADI). La organizaci\u00f3n con mayor reconocimiento e influencia internacional por sus est\u00e1ndares y procedimientos de seguridad que lleva a cabo.<\/span><\/p>\n<p><span style=\"font-family: arial, helvetica, sans-serif;\">Nuestro Curso PADI Gal\u00e1pagos cuenta con salidas diarias para optimizar el tiempo de los viajeros que deseen aprender o perfeccionar su t\u00e9cnica en las Islas Encantadas. Contamos con 2 lanchas r\u00e1pidas para llegar a los mejores puntos de Inmersiones: Lanchas Iguana y Gal\u00e1pago, ambas cuentan con 2 motores de 4 tiempos de 200 HP y tienen capacidad para 10 pasajeros, 2 gu\u00edas, 1 capit\u00e1n y 1 marinero.<\/span><\/p>\n<p class=\"tw-data-text tw-text-large tw-ta\" dir=\"ltr\" data-placeholder=\"Traducci\u00f3n\" data-ved=\"2ahUKEwjWtMqGktuEAxWhQjABHbtrBoMQ3ewLegQIDhAU\"><span class=\"Y2IQFc\" lang=\"es\" style=\"font-family: arial, helvetica, sans-serif;\">Nuestro Curso PADI Gal\u00e1pagos se divide en tres etapas.<\/span><\/p>\n<ol>\n<li id=\"tw-target-text\" class=\"tw-data-text tw-text-large tw-ta\" dir=\"ltr\" data-placeholder=\"Traducci\u00f3n\" data-ved=\"2ahUKEwjWtMqGktuEAxWhQjABHbtrBoMQ3ewLegQIDhAU\"><span class=\"Y2IQFc\" lang=\"es\" style=\"font-family: arial, helvetica, sans-serif;\">Desarrollo de conocimientos presencial o en l\u00ednea, estudio en casa para comprender los principios b\u00e1sicos del buceo. <\/span><\/li>\n<li class=\"tw-data-text tw-text-large tw-ta\" dir=\"ltr\" data-placeholder=\"Traducci\u00f3n\" data-ved=\"2ahUKEwjWtMqGktuEAxWhQjABHbtrBoMQ3ewLegQIDhAU\"><span class=\"Y2IQFc\" lang=\"es\" style=\"font-family: arial, helvetica, sans-serif;\">Inmersiones en aguas confinadas: aprende habilidades b\u00e1sicas de buceo <\/span><\/li>\n<li class=\"tw-data-text tw-text-large tw-ta\" dir=\"ltr\" data-placeholder=\"Traducci\u00f3n\" data-ved=\"2ahUKEwjWtMqGktuEAxWhQjABHbtrBoMQ3ewLegQIDhAU\"><span class=\"Y2IQFc\" lang=\"es\" style=\"font-family: arial, helvetica, sans-serif;\">Inmersiones en aguas abiertas: \u00a1revisa tus habilidades y explora!<\/span><\/li>\n<\/ol>\n\n<div class=\"panel panel-default accordion__item\">\n\t<div class=\"panel-heading accordion__item__title-wrap\">\n\t\t<h4 class=\"panel-title\">\n\t\t\t<a data-toggle=\"collapse\" data-parent=\"#ataccordion0\" href=\"#ataccordion0_1\" class=\"accordion__item__link collapsed\">Solicite m\u00e1s informaci\u00f3n<\/a>\n\t\t<\/h4>\n\t<\/div>\n\t<div id=\"ataccordion0_1\" class=\"panel-collapse collapse\">\n\t\t<div class=\"panel-body accordion__item__content\">                <div class=\"ml-embedded\" data-form=\"LKUts2\"><\/div>\n            <\/div>\n\t<\/div>\n<\/div>\n<div id=\"footable_parent_7479\"\n         class=\" footable_parent ninja_table_wrapper loading_ninja_table wp_table_data_press_parent semantic_ui \">\n                    <h3 class=\"table_title footable_title\">Tarifas de entrada al Parque Nacional Gal\u00e1pagos<\/h3>\n                                <div\n                class=\"table_description footable_description\">Vigentes desde Agosto de 2024<\/div>\n                    <table data-ninja_table_instance=\"ninja_table_instance_0\" data-footable_id=\"7479\" data-filter-delay=\"1000\" aria-label=\"Tarifas de entrada al Parque Nacional Gal\u00e1pagos\"            id=\"footable_7479\"\n           data-unique_identifier=\"ninja_table_unique_id_1275257787_7479\"\n           class=\" foo-table ninja_footable foo_table_7479 ninja_table_unique_id_1275257787_7479 ui table  nt_type_legacy_table vertical_centered  footable-paging-right ninja_table_search_disabled ninja_table_pro\">\n                <colgroup>\n                            <col class=\"ninja_column_0 \"\/>\n                            <col class=\"ninja_column_1 \"\/>\n                    <\/colgroup>\n        <thead>\n<tr class=\"footable-header\">\n                                        <th scope=\"col\"  class=\"ninja_column_0 ninja_clmn_nm_categoria \">Categor\u00eda<\/th><th scope=\"col\"  class=\"ninja_column_1 ninja_clmn_nm_tarifa_usd \">Tarifa (USD)<\/th><\/tr>\n<\/thead>\n<tbody>\n\n        <tr data-row_id=\"2514\" class=\"ninja_table_row_0 nt_row_id_2514\">\n            <td>Turistas extranjeros (mayores de 12 a\u00f1os)<\/td><td>$200<\/td>        <\/tr>\n            <tr data-row_id=\"2515\" class=\"ninja_table_row_1 nt_row_id_2515\">\n            <td>Ni\u00f1os extranjeros (menores de 12 a\u00f1os)<\/td><td>$100<\/td>        <\/tr>\n            <tr data-row_id=\"2516\" class=\"ninja_table_row_2 nt_row_id_2516\">\n            <td>Turistas de pa\u00edses de la Comunidad Andina y MERCOSUR (mayores de 12 a\u00f1os)<\/td><td>$100<\/td>        <\/tr>\n            <tr data-row_id=\"2517\" class=\"ninja_table_row_3 nt_row_id_2517\">\n            <td>Ni\u00f1os de pa\u00edses de la Comunidad Andina y MERCOSUR (menores de 12 a\u00f1os)<\/td><td>$50<\/td>        <\/tr>\n            <tr data-row_id=\"2518\" class=\"ninja_table_row_4 nt_row_id_2518\">\n            <td>Ecuatorianos y residentes en Ecuador (mayores de 12 a\u00f1os)<\/td><td>$30<\/td>        <\/tr>\n            <tr data-row_id=\"2519\" class=\"ninja_table_row_5 nt_row_id_2519\">\n            <td>Ni\u00f1os ecuatorianos y residentes en Ecuador (menores de 12 a\u00f1os)<\/td><td>$15<\/td>        <\/tr>\n            <tr data-row_id=\"2520\" class=\"ninja_table_row_6 nt_row_id_2520\">\n            <td>Adultos mayores (65 a\u00f1os o m\u00e1s, nacionales o residentes)<\/td><td>$15<\/td>        <\/tr>\n            <tr data-row_id=\"2521\" class=\"ninja_table_row_7 nt_row_id_2521\">\n            <td>Personas con discapacidad (certificadas por CONADIS)<\/td><td>$15<\/td>        <\/tr>\n            <tr data-row_id=\"2522\" class=\"ninja_table_row_8 nt_row_id_2522\">\n            <td>Estudiantes extranjeros matriculados en instituciones ecuatorianas<\/td><td>$50<\/td>        <\/tr>\n            <tr data-row_id=\"2523\" class=\"ninja_table_row_9 nt_row_id_2523\">\n            <td>Ni\u00f1os menores de 2 a\u00f1os (nacionales o extranjeros)<\/td><td>Exentos<\/td>        <\/tr>\n    <\/tbody><!--ninja_tobody_rendering_done-->\n    <\/table>\n    \n    \n    \n<\/div>\n\n<p>&nbsp;<\/p>\n<div id=\"footable_parent_7481\"\n         class=\" footable_parent ninja_table_wrapper loading_ninja_table wp_table_data_press_parent semantic_ui \">\n                    <h3 class=\"table_title footable_title\">Informaci\u00f3n Adicional<\/h3>\n                        <table data-ninja_table_instance=\"ninja_table_instance_1\" data-footable_id=\"7481\" data-filter-delay=\"1000\" aria-label=\"Informaci\u00f3n Adicional\"            id=\"footable_7481\"\n           data-unique_identifier=\"ninja_table_unique_id_2117736356_7481\"\n           class=\" foo-table ninja_footable foo_table_7481 ninja_table_unique_id_2117736356_7481 ui table  nt_type_legacy_table vertical_centered  footable-paging-right ninjatable_hide_header_row ninja_table_search_disabled ninja_table_pro\">\n                <colgroup>\n                            <col class=\"ninja_column_0 \"\/>\n                            <col class=\"ninja_column_1 \"\/>\n                    <\/colgroup>\n        <thead>\n<tr class=\"footable-header\">\n                                        <th scope=\"col\"  class=\"ninja_column_0 ninja_clmn_nm_forma_de_pago \">Columna 1<\/th><th scope=\"col\"  class=\"ninja_column_1 ninja_clmn_nm_tarjeta_de_conrtol_de_transito \">Columna 2<\/th><\/tr>\n<\/thead>\n<tbody>\n\n        <tr data-row_id=\"2524\" class=\"ninja_table_row_0 nt_row_id_2524\">\n            <td>Forma de pago:<\/td><td>La tarifa se abona en efectivo (USD) al llegar a los aeropuertos de Baltra o San Crist\u00f3bal.<\/td>        <\/tr>\n            <tr data-row_id=\"2525\" class=\"ninja_table_row_1 nt_row_id_2525\">\n            <td>Tarjeta de Control de Tr\u00e1nsito (TCT):<\/td><td>Adem\u00e1s, es obligatorio adquirir esta tarjeta por un valor de $20, la cual se obtiene en los aeropuertos de Quito o Guayaquil antes de abordar el vuelo hacia Gal\u00e1pagos.<\/td>        <\/tr>\n            <tr data-row_id=\"2526\" class=\"ninja_table_row_2 nt_row_id_2526\">\n            <td>Documentaci\u00f3n necesaria:<\/td><td>Pasaporte o c\u00e9dula de identidad vigente, y en el caso de estudiantes extranjeros, presentar el comprobante de matr\u00edcula en una instituci\u00f3n educativa ecuatoriana.<\/td>        <\/tr>\n    <\/tbody><!--ninja_tobody_rendering_done-->\n    <\/table>\n    \n    \n    \n<\/div>\n\n","protected":false},"excerpt":{"rendered":"<p>Curso PADI Gal\u00e1pagos | Escuela de Buceo Gal\u00e1pagos La Escuela de Buceo Gal\u00e1pagos te invita a sumergirte en la aventura con nuestro Curso PADI Gal\u00e1pagos, donde podr\u00e1s desarrollar conocimientos, practicar t\u00e9cnicas en aguas confinadas, y realizar inmersiones en aguas abiertas para explorar las maravillas submarinas de las Islas Encantadas. Aspectos Interesantes: Somos miembros de la<\/p>\n<div class=\"padding-top text-center\"><a href=\"https:\/\/naturegalapagos.com\/es\/buceo-galapagos\/escuela-de-buceo-galapagos\/\" class=\"atbtn atbtn--medium atbtn--rounded atbtn--transparent\">Leer m\u00e1s<i class=\"atbtn__icon atbtn__icon--right fa fa-long-arrow-right\"><\/i><\/a><\/div>\n","protected":false},"featured_media":4325,"comment_status":"open","ping_status":"closed","template":"","meta":{"_joinchat":[]},"product_brand":[],"product_cat":[3599],"product_tag":[],"class_list":{"0":"post-4319","1":"product","2":"type-product","3":"status-publish","4":"has-post-thumbnail","6":"product_cat-sin-categoria","7":"tour_category-buceo-en-galapagos","9":"first","10":"instock","11":"taxable","12":"shipping-taxable","13":"product-type-tour"},"yoast_head":"<!-- This site is optimized with the Yoast SEO Premium plugin v25.6 (Yoast SEO v26.1.1) - https:\/\/yoast.com\/wordpress\/plugins\/seo\/ -->\n<title>Escuela de Buceo Gal\u00e1pagos | Curso PADI Open WaterDiver<\/title>\n<meta name=\"description\" content=\"Escuela de Buceo Gal\u00e1pagos, Obten tu certificado PADI, la organizaci\u00f3n con mayor reconocimiento internacional por est\u00e1ndares y procedimientos de seguridad.\" \/>\n<meta name=\"robots\" content=\"index, follow, max-snippet:-1, max-image-preview:large, max-video-preview:-1\" \/>\n<link rel=\"canonical\" href=\"https:\/\/naturegalapagos.com\/es\/buceo-galapagos\/escuela-de-buceo-galapagos\/\" \/>\n<meta property=\"og:locale\" content=\"es_ES\" \/>\n<meta property=\"og:type\" content=\"article\" \/>\n<meta property=\"og:title\" content=\"Escuela de Buceo Gal\u00e1pagos | Curso PADI Open WaterDiver\" \/>\n<meta property=\"og:description\" content=\"Escuela de Buceo Gal\u00e1pagos, Obten tu certificado PADI, la organizaci\u00f3n con mayor reconocimiento internacional por est\u00e1ndares y procedimientos de seguridad.\" \/>\n<meta property=\"og:url\" content=\"https:\/\/naturegalapagos.com\/es\/buceo-galapagos\/escuela-de-buceo-galapagos\/\" \/>\n<meta property=\"og:site_name\" content=\"Espa\u00f1ol - Nature Galapagos &amp; Ecuador\" \/>\n<meta property=\"article:publisher\" content=\"https:\/\/www.facebook.com\/naturegalapagosecuador\/\" \/>\n<meta property=\"article:modified_time\" content=\"2025-06-06T15:03:47+00:00\" \/>\n<meta property=\"og:image\" content=\"https:\/\/naturegalapagos.com\/es\/wp-content\/uploads\/sites\/3\/2018\/07\/escuela-de-buceo-galapagos.jpg\" \/>\n\t<meta property=\"og:image:width\" content=\"1024\" \/>\n\t<meta property=\"og:image:height\" content=\"512\" \/>\n\t<meta property=\"og:image:type\" content=\"image\/jpeg\" \/>\n<meta name=\"twitter:card\" content=\"summary_large_image\" \/>\n<meta name=\"twitter:title\" content=\"Escuela de Buceo Gal\u00e1pagos | Curso PADI Open WaterDiver\" \/>\n<meta name=\"twitter:description\" content=\"Escuela de Buceo Gal\u00e1pagos, Obten tu certificado PADI, la organizaci\u00f3n con mayor reconocimiento internacional por est\u00e1ndares y procedimientos de seguridad.\" \/>\n<meta name=\"twitter:site\" content=\"@naturegalapagos\" \/>\n<meta name=\"twitter:label1\" content=\"Tiempo de lectura\" \/>\n\t<meta name=\"twitter:data1\" content=\"2 minutos\" \/>\n<!-- \/ Yoast SEO Premium plugin. -->","yoast_head_json":{"title":"Escuela de Buceo Gal\u00e1pagos | Curso PADI Open WaterDiver","description":"Escuela de Buceo Gal\u00e1pagos, Obten tu certificado PADI, la organizaci\u00f3n con mayor reconocimiento internacional por est\u00e1ndares y procedimientos de seguridad.","robots":{"index":"index","follow":"follow","max-snippet":"max-snippet:-1","max-image-preview":"max-image-preview:large","max-video-preview":"max-video-preview:-1"},"canonical":"https:\/\/naturegalapagos.com\/es\/buceo-galapagos\/escuela-de-buceo-galapagos\/","og_locale":"es_ES","og_type":"article","og_title":"Escuela de Buceo Gal\u00e1pagos | Curso PADI Open WaterDiver","og_description":"Escuela de Buceo Gal\u00e1pagos, Obten tu certificado PADI, la organizaci\u00f3n con mayor reconocimiento internacional por est\u00e1ndares y procedimientos de seguridad.","og_url":"https:\/\/naturegalapagos.com\/es\/buceo-galapagos\/escuela-de-buceo-galapagos\/","og_site_name":"Espa\u00f1ol - Nature Galapagos &amp; Ecuador","article_publisher":"https:\/\/www.facebook.com\/naturegalapagosecuador\/","article_modified_time":"2025-06-06T15:03:47+00:00","og_image":[{"width":1024,"height":512,"url":"https:\/\/naturegalapagos.com\/es\/wp-content\/uploads\/sites\/3\/2018\/07\/escuela-de-buceo-galapagos.jpg","type":"image\/jpeg"}],"twitter_card":"summary_large_image","twitter_title":"Escuela de Buceo Gal\u00e1pagos | Curso PADI Open WaterDiver","twitter_description":"Escuela de Buceo Gal\u00e1pagos, Obten tu certificado PADI, la organizaci\u00f3n con mayor reconocimiento internacional por est\u00e1ndares y procedimientos de seguridad.","twitter_site":"@naturegalapagos","twitter_misc":{"Tiempo de lectura":"2 minutos"},"schema":{"@context":"https:\/\/schema.org","@graph":[{"@type":"WebPage","@id":"https:\/\/naturegalapagos.com\/es\/buceo-galapagos\/escuela-de-buceo-galapagos\/","url":"https:\/\/naturegalapagos.com\/es\/buceo-galapagos\/escuela-de-buceo-galapagos\/","name":"Escuela de Buceo Gal\u00e1pagos | Curso PADI Open WaterDiver","isPartOf":{"@id":"https:\/\/naturegalapagos.com\/es\/#website"},"primaryImageOfPage":{"@id":"https:\/\/naturegalapagos.com\/es\/buceo-galapagos\/escuela-de-buceo-galapagos\/#primaryimage"},"image":{"@id":"https:\/\/naturegalapagos.com\/es\/buceo-galapagos\/escuela-de-buceo-galapagos\/#primaryimage"},"thumbnailUrl":"https:\/\/naturegalapagos.com\/es\/wp-content\/uploads\/sites\/3\/2018\/07\/escuela-de-buceo-galapagos.jpg","datePublished":"2018-07-16T20:19:14+00:00","dateModified":"2025-06-06T15:03:47+00:00","description":"Escuela de Buceo Gal\u00e1pagos, Obten tu certificado PADI, la organizaci\u00f3n con mayor reconocimiento internacional por est\u00e1ndares y procedimientos de seguridad.","breadcrumb":{"@id":"https:\/\/naturegalapagos.com\/es\/buceo-galapagos\/escuela-de-buceo-galapagos\/#breadcrumb"},"inLanguage":"es","potentialAction":[{"@type":"ReadAction","target":["https:\/\/naturegalapagos.com\/es\/buceo-galapagos\/escuela-de-buceo-galapagos\/"]}]},{"@type":"ImageObject","inLanguage":"es","@id":"https:\/\/naturegalapagos.com\/es\/buceo-galapagos\/escuela-de-buceo-galapagos\/#primaryimage","url":"https:\/\/naturegalapagos.com\/es\/wp-content\/uploads\/sites\/3\/2018\/07\/escuela-de-buceo-galapagos.jpg","contentUrl":"https:\/\/naturegalapagos.com\/es\/wp-content\/uploads\/sites\/3\/2018\/07\/escuela-de-buceo-galapagos.jpg","width":1024,"height":512,"caption":"Escuela de buceo Galapagos"},{"@type":"BreadcrumbList","@id":"https:\/\/naturegalapagos.com\/es\/buceo-galapagos\/escuela-de-buceo-galapagos\/#breadcrumb","itemListElement":[{"@type":"ListItem","position":1,"name":"Home","item":"https:\/\/naturegalapagos.com\/es\/"},{"@type":"ListItem","position":2,"name":"Tienda","item":"https:\/\/naturegalapagos.com\/es\/tienda\/"},{"@type":"ListItem","position":3,"name":"Escuela de Buceo Gal\u00e1pagos | Curso PADI Open WaterDiver"}]},{"@type":"WebSite","@id":"https:\/\/naturegalapagos.com\/es\/#website","url":"https:\/\/naturegalapagos.com\/es\/","name":"Espa\u00f1ol - Nature Galapagos & Ecuador","description":"","publisher":{"@id":"https:\/\/naturegalapagos.com\/es\/#organization"},"potentialAction":[{"@type":"SearchAction","target":{"@type":"EntryPoint","urlTemplate":"https:\/\/naturegalapagos.com\/es\/?s={search_term_string}"},"query-input":{"@type":"PropertyValueSpecification","valueRequired":true,"valueName":"search_term_string"}}],"inLanguage":"es"},{"@type":"Organization","@id":"https:\/\/naturegalapagos.com\/es\/#organization","name":"Espa\u00f1ol - Nature Galapagos & Ecuador","url":"https:\/\/naturegalapagos.com\/es\/","logo":{"@type":"ImageObject","inLanguage":"es","@id":"https:\/\/naturegalapagos.com\/es\/#\/schema\/logo\/image\/","url":"https:\/\/naturegalapagos.com\/es\/wp-content\/uploads\/sites\/3\/2016\/10\/Nature-Galapagos-Logo-COM-300x300.jpg","contentUrl":"https:\/\/naturegalapagos.com\/es\/wp-content\/uploads\/sites\/3\/2016\/10\/Nature-Galapagos-Logo-COM-300x300.jpg","width":300,"height":300,"caption":"Espa\u00f1ol - Nature Galapagos & Ecuador"},"image":{"@id":"https:\/\/naturegalapagos.com\/es\/#\/schema\/logo\/image\/"},"sameAs":["https:\/\/www.facebook.com\/naturegalapagosecuador\/","https:\/\/x.com\/naturegalapagos","https:\/\/www.instagram.com\/naturegalapagos\/","https:\/\/www.pinterest.com\/Naturegalapagos\/","https:\/\/www.youtube.com\/user\/NatureGalapagosTours"]}]}},"_links":{"self":[{"href":"https:\/\/naturegalapagos.com\/es\/wp-json\/wp\/v2\/product\/4319","targetHints":{"allow":["GET"]}}],"collection":[{"href":"https:\/\/naturegalapagos.com\/es\/wp-json\/wp\/v2\/product"}],"about":[{"href":"https:\/\/naturegalapagos.com\/es\/wp-json\/wp\/v2\/types\/product"}],"replies":[{"embeddable":true,"href":"https:\/\/naturegalapagos.com\/es\/wp-json\/wp\/v2\/comments?post=4319"}],"wp:featuredmedia":[{"embeddable":true,"href":"https:\/\/naturegalapagos.com\/es\/wp-json\/wp\/v2\/media\/4325"}],"wp:attachment":[{"href":"https:\/\/naturegalapagos.com\/es\/wp-json\/wp\/v2\/media?parent=4319"}],"wp:term":[{"taxonomy":"product_brand","embeddable":true,"href":"https:\/\/naturegalapagos.com\/es\/wp-json\/wp\/v2\/product_brand?post=4319"},{"taxonomy":"product_cat","embeddable":true,"href":"https:\/\/naturegalapagos.com\/es\/wp-json\/wp\/v2\/product_cat?post=4319"},{"taxonomy":"product_tag","embeddable":true,"href":"https:\/\/naturegalapagos.com\/es\/wp-json\/wp\/v2\/product_tag?post=4319"}],"curies":[{"name":"wp","href":"https:\/\/api.w.org\/{rel}","templated":true}]}}