{"id":4360,"date":"2018-08-03T15:49:14","date_gmt":"2018-08-03T19:49:14","guid":{"rendered":"https:\/\/naturegalapagos.com\/es\/?post_type=product&#038;p=4360"},"modified":"2024-02-16T10:31:43","modified_gmt":"2024-02-16T15:31:43","slug":"crucero-endemic-galapagos","status":"publish","type":"product","link":"https:\/\/naturegalapagos.com\/es\/cruceros-galapagos\/crucero-endemic-galapagos\/","title":{"rendered":"Crucero Endemic Gal\u00e1pagos"},"content":{"rendered":"<div class=\"wpb-content-wrapper\"><p>[vc_row][vc_column][vc_column_text]<\/p>\n<div style=\"display: flex; justify-content: end; margin-bottom: 10px;\"><span style=\"font-family: arial, helvetica, sans-serif;\"><a href=\"https:\/\/naturegalapagos.com\/es\/ofertas-de-viajes\/\" target=\"_blank\" rel=\"noopener\"><img decoding=\"async\" src=\"https:\/\/naturegalapagos.com\/es\/wp-content\/uploads\/sites\/3\/2019\/11\/las-minute-deals-gif_Final_espa\u00f1ol.gif\" width=\"227.5\" height=\"77.25\" \/><\/a><\/span><\/div>\n<h2><span style=\"font-family: arial, helvetica, sans-serif; font-size: 24px;\"><strong>Descripci\u00f3n del Crucero Endemic Gal\u00e1pagos:<\/strong><\/span><\/h2>\n<p style=\"text-align: justify;\"><span style=\"font-family: arial, helvetica, sans-serif;\">El crucero Endemic Galapagos es nuevo, empez\u00f3\u00a0a operar en July del 2018. La capacidad de esta embarcaci\u00f3n\u00a0es de 16 pasajeros, 11 tripulantes incluyendo el oficial del servicio del crucero mas el gu\u00eda\u00a0de actividades. Esta nueva generaci\u00f3n\u00a0de catamaranes poseen exteriores elegantes,\u00a0espaciosas \u00e1reas de alojamiento de alto nivel y \u00e1reas sociales abiertas. Las navegaciones entre las islas son c\u00f3modas\u00a0y r\u00e1pidas gracias al dise\u00f1o de Endemic, que proporciona estabilidad transversal al navegar por el archipi\u00e9lago.\u00a0<\/span><\/p>\n<p><span style=\"font-family: arial, helvetica, sans-serif;\">En el Sky Deck, el end\u00e9mico cuenta con comedor al aire libre, bar, sal\u00f3n de pasajeros exterior, estaci\u00f3n de barbacoa, jacuzzi, tumbona y \u00e1rea de descanso. Es un \u00e1rea cubierta donde se sirven deliciosas bebidas mientras se disfruta de la vista de las islas.<\/span><\/p>\n<p><span style=\"font-family: arial, helvetica, sans-serif;\"><!--more--><\/span><\/p>\n<p><span style=\"font-family: arial, helvetica, sans-serif; font-size: 18pt;\"><strong>Principales caracter\u00edsticas<\/strong><\/span><\/p>\n<ul>\n<li style=\"text-align: justify;\"><span style=\"font-family: arial, helvetica, sans-serif;\">El Crucero Endemic Galapagos es totalmente nuevo, construido en 2018.<\/span><\/li>\n<li style=\"text-align: justify;\"><span style=\"font-family: arial, helvetica, sans-serif;\">Este lujoso catamaran tiene capacidad para hasta 16 pasajeros.<\/span><\/li>\n<li style=\"text-align: justify;\"><span style=\"font-family: arial, helvetica, sans-serif;\">Elegantes exteriores, amplias \u00e1reas para alojamiento de alto nivel, \u00e1reas sociales abiertas.\u00a0<\/span><\/li>\n<li style=\"text-align: justify;\"><span style=\"font-family: arial, helvetica, sans-serif;\">Itinerarios de 4 o 15 d\u00edas que aseguran una profunda exploraci\u00f3n de las islas.<\/span><\/li>\n<\/ul>\n<table style=\"border-collapse: collapse; width: 100%;\">\n<tbody>\n<tr>\n<td style=\"width: 100%; text-align: center;\" colspan=\"2\"><span style=\"font-family: arial, helvetica, sans-serif;\"><strong>Catamaran Endemic<\/strong><\/span><\/td>\n<\/tr>\n<tr style=\"height: 24px;\">\n<td style=\"width: 46.1745%; height: 24px;\"><span style=\"font-family: arial, helvetica, sans-serif;\"><strong>Empezo operaciones<\/strong><\/span><\/td>\n<td style=\"width: 53.8255%; height: 24px;\"><span style=\"font-family: arial, helvetica, sans-serif;\">Julio 2018<\/span><\/td>\n<\/tr>\n<tr style=\"height: 24px;\">\n<td style=\"width: 46.1745%; height: 24px;\"><span style=\"font-family: arial, helvetica, sans-serif;\"><b>Categor\u00eda<\/b><\/span><\/td>\n<td style=\"width: 53.8255%; height: 24px;\"><span style=\"font-family: arial, helvetica, sans-serif;\">Lujo<\/span><\/td>\n<\/tr>\n<tr style=\"height: 24px;\">\n<td style=\"width: 46.1745%; height: 24px;\"><span style=\"font-family: arial, helvetica, sans-serif;\"><strong>Longitud<\/strong><\/span><\/td>\n<td style=\"width: 53.8255%; height: 24px;\"><span style=\"font-family: arial, helvetica, sans-serif;\">35mt \/ 115ft<\/span><\/td>\n<\/tr>\n<tr style=\"height: 24px;\">\n<td style=\"width: 46.1745%; height: 24px;\"><span style=\"font-family: arial, helvetica, sans-serif;\"><strong>Viga<\/strong><\/span><\/td>\n<td style=\"width: 53.8255%; height: 24px;\"><span style=\"font-family: arial, helvetica, sans-serif;\">14mt \/ 45ft<\/span><\/td>\n<\/tr>\n<tr style=\"height: 24px;\">\n<td style=\"width: 46.1745%; height: 24px;\"><span style=\"font-family: arial, helvetica, sans-serif;\"><strong>Calado<\/strong><\/span><\/td>\n<td style=\"width: 53.8255%; height: 24px;\"><span style=\"font-family: arial, helvetica, sans-serif;\">1.85mt \/ 6.1ft<\/span><\/td>\n<\/tr>\n<tr style=\"height: 24px;\">\n<td style=\"width: 46.1745%; height: 24px;\"><span style=\"font-family: arial, helvetica, sans-serif;\"><b>Tripulaci\u00f3n<\/b><\/span><\/td>\n<td style=\"width: 53.8255%; height: 24px;\"><span style=\"font-family: arial, helvetica, sans-serif;\">10 miembros + Oficial de servicios del Crucero + Guia<\/span><\/td>\n<\/tr>\n<tr style=\"height: 24px;\">\n<td style=\"width: 46.1745%; height: 24px;\"><span style=\"font-family: arial, helvetica, sans-serif;\"><strong>Capacity<\/strong><\/span><\/td>\n<td style=\"width: 53.8255%; height: 24px;\"><span style=\"font-family: arial, helvetica, sans-serif;\">16 pasajeros<\/span><\/td>\n<\/tr>\n<tr style=\"height: 24px;\">\n<td style=\"width: 46.1745%; height: 24px;\"><span style=\"font-family: arial, helvetica, sans-serif;\"><strong>Speed<\/strong><\/span><\/td>\n<td style=\"width: 53.8255%; height: 24px;\"><span style=\"font-family: arial, helvetica, sans-serif;\">12 knot<\/span><\/td>\n<\/tr>\n<tr style=\"height: 24px;\">\n<td style=\"width: 46.1745%; height: 24px;\"><span style=\"font-family: arial, helvetica, sans-serif;\"><strong>Propulsion<\/strong><\/span><\/td>\n<td style=\"width: 53.8255%; height: 24px;\"><span style=\"font-family: arial, helvetica, sans-serif;\">2x High Power Engines &#8211; 500HP<\/span><\/td>\n<\/tr>\n<\/tbody>\n<\/table>\n<p>&nbsp;<\/p>\n<table style=\"border-collapse: collapse; width: 100%;\">\n<tbody>\n<tr>\n<td style=\"width: 100%; text-align: center;\" colspan=\"2\"><span style=\"font-family: arial, helvetica, sans-serif;\"><strong>Hospedaje<\/strong><\/span><\/td>\n<\/tr>\n<tr>\n<td style=\"width: 50%;\"><span style=\"font-family: arial, helvetica, sans-serif;\"><strong>Suites Size (Incluye balc\u00f3n)<\/strong><\/span><\/td>\n<td style=\"width: 50%;\"><span style=\"font-family: arial, helvetica, sans-serif;\">32mt\u00b2 \/ 344ft\u00b2<\/span><\/td>\n<\/tr>\n<tr>\n<td style=\"width: 50%;\"><span style=\"font-family: arial, helvetica, sans-serif;\"><strong>Golden suites<\/strong><\/span><\/td>\n<td style=\"width: 50%;\"><span style=\"font-family: arial, helvetica, sans-serif;\">4 suites &#8211; Main Deck<\/span><br \/>\n<span style=\"font-family: arial, helvetica, sans-serif;\">4 suites &#8211; Upper Deck<\/span><\/td>\n<\/tr>\n<tr>\n<td style=\"width: 50%;\"><span style=\"font-family: arial, helvetica, sans-serif;\"><strong>Single cabin<\/strong><\/span><\/td>\n<td style=\"width: 50%;\"><span style=\"font-family: arial, helvetica, sans-serif;\">1 cabin &#8211; Upper Deck<\/span><\/td>\n<\/tr>\n<tr>\n<td style=\"width: 50%;\"><span style=\"font-family: arial, helvetica, sans-serif;\"><strong>Single cabin size (Incluye balc\u00f3n)<\/strong><\/span><\/td>\n<td style=\"width: 50%;\"><span style=\"font-family: arial, helvetica, sans-serif;\">14mt\u00b2 \/ 151gt\u00b2<\/span><\/td>\n<\/tr>\n<tr>\n<td style=\"width: 50%;\"><span style=\"font-family: arial, helvetica, sans-serif;\"><strong>Electricidad<\/strong><\/span><\/td>\n<td style=\"width: 50%;\"><span style=\"font-family: arial, helvetica, sans-serif;\">110V &amp; 220V<\/span><\/td>\n<\/tr>\n<\/tbody>\n<\/table>\n<p>&nbsp;<\/p>\n<h3><span style=\"font-family: arial, helvetica, sans-serif;\">Planos de cubierta<\/span><\/h3>\n<div id=\"gallery_1\" class=\"gallery\">\n<div class=\"row gallery__items\">\n\t\t\t\t\t<div class=\"col-sm-4 gallery__item-wrap\" data-filterid=\"\">\n\t\t\t<a href=\"https:\/\/naturegalapagos.com\/es\/wp-content\/uploads\/sites\/3\/2024\/01\/Main-Deck-2.jpg\" class=\"swipebox gallery__item\" title=\"Cubierta principal\">\n\t\t\t\t<img decoding=\"async\" width=\"720\" height=\"480\" src=\"https:\/\/naturegalapagos.com\/es\/wp-content\/uploads\/sites\/3\/2024\/01\/Main-Deck-2-720x480.jpg\" class=\"attachment-thumb_gallery size-thumb_gallery\" alt=\"Cubierta principal del crucero Endemic\" srcset=\"https:\/\/naturegalapagos.com\/es\/wp-content\/uploads\/sites\/3\/2024\/01\/Main-Deck-2-720x480.jpg 720w, https:\/\/naturegalapagos.com\/es\/wp-content\/uploads\/sites\/3\/2024\/01\/Main-Deck-2-531x354.jpg 531w, https:\/\/naturegalapagos.com\/es\/wp-content\/uploads\/sites\/3\/2024\/01\/Main-Deck-2-180x120.jpg 180w\" sizes=\"(max-width: 720px) 100vw, 720px\" \/>\t\t\t\t<span class=\"gallery__item__info\">\n\t\t\t\t\t<span class=\"gallery__item__info__content\">\n\t\t\t\t\t\t<span class=\"gallery__item__title\">Cubierta principal<\/span>\n\t\t\t\t\t\t\t\t\t\t<\/span>\n\t\t\t\t\t<span class=\"gallery__item__shadow\"><\/span>\n\t\t\t\t<\/span>\n\t\t\t<\/a>\n\t\t<\/div>\n\t\t\t\t\t<div class=\"col-sm-4 gallery__item-wrap\" data-filterid=\"\">\n\t\t\t<a href=\"https:\/\/naturegalapagos.com\/es\/wp-content\/uploads\/sites\/3\/2024\/01\/UpperDeck.jpg\" class=\"swipebox gallery__item\" title=\"Cubierta superior\">\n\t\t\t\t<img decoding=\"async\" width=\"720\" height=\"480\" src=\"https:\/\/naturegalapagos.com\/es\/wp-content\/uploads\/sites\/3\/2024\/01\/UpperDeck-720x480.jpg\" class=\"attachment-thumb_gallery size-thumb_gallery\" alt=\"Cubierta superior del crucero Endemic\" srcset=\"https:\/\/naturegalapagos.com\/es\/wp-content\/uploads\/sites\/3\/2024\/01\/UpperDeck-720x480.jpg 720w, https:\/\/naturegalapagos.com\/es\/wp-content\/uploads\/sites\/3\/2024\/01\/UpperDeck-531x354.jpg 531w, https:\/\/naturegalapagos.com\/es\/wp-content\/uploads\/sites\/3\/2024\/01\/UpperDeck-180x120.jpg 180w\" sizes=\"(max-width: 720px) 100vw, 720px\" \/>\t\t\t\t<span class=\"gallery__item__info\">\n\t\t\t\t\t<span class=\"gallery__item__info__content\">\n\t\t\t\t\t\t<span class=\"gallery__item__title\">Cubierta superior<\/span>\n\t\t\t\t\t\t\t\t\t\t<\/span>\n\t\t\t\t\t<span class=\"gallery__item__shadow\"><\/span>\n\t\t\t\t<\/span>\n\t\t\t<\/a>\n\t\t<\/div>\n\t\t\t\t\t<div class=\"col-sm-4 gallery__item-wrap\" data-filterid=\"\">\n\t\t\t<a href=\"https:\/\/naturegalapagos.com\/es\/wp-content\/uploads\/sites\/3\/2024\/01\/SkyDeck.jpg\" class=\"swipebox gallery__item\" title=\"Solarium\">\n\t\t\t\t<img decoding=\"async\" width=\"720\" height=\"480\" src=\"https:\/\/naturegalapagos.com\/es\/wp-content\/uploads\/sites\/3\/2024\/01\/SkyDeck-720x480.jpg\" class=\"attachment-thumb_gallery size-thumb_gallery\" alt=\"Solarium del crucero Endemic\" srcset=\"https:\/\/naturegalapagos.com\/es\/wp-content\/uploads\/sites\/3\/2024\/01\/SkyDeck-720x480.jpg 720w, https:\/\/naturegalapagos.com\/es\/wp-content\/uploads\/sites\/3\/2024\/01\/SkyDeck-531x354.jpg 531w, https:\/\/naturegalapagos.com\/es\/wp-content\/uploads\/sites\/3\/2024\/01\/SkyDeck-180x120.jpg 180w\" sizes=\"(max-width: 720px) 100vw, 720px\" \/>\t\t\t\t<span class=\"gallery__item__info\">\n\t\t\t\t\t<span class=\"gallery__item__info__content\">\n\t\t\t\t\t\t<span class=\"gallery__item__title\">Solarium<\/span>\n\t\t\t\t\t\t\t\t\t\t<\/span>\n\t\t\t\t\t<span class=\"gallery__item__shadow\"><\/span>\n\t\t\t\t<\/span>\n\t\t\t<\/a>\n\t\t<\/div>\n\t<\/div>\n<\/div>\n<p>[\/vc_column_text][\/vc_column][\/vc_row][vc_row][vc_column][vc_column_text]\n<div class=\"panel panel-default accordion__item\">\n\t<div class=\"panel-heading accordion__item__title-wrap\">\n\t\t<h4 class=\"panel-title\">\n\t\t\t<a data-toggle=\"collapse\" data-parent=\"#ataccordion0\" href=\"#ataccordion0_1\" class=\"accordion__item__link collapsed\">Solicite m\u00e1s informaci\u00f3n<\/a>\n\t\t<\/h4>\n\t<\/div>\n\t<div id=\"ataccordion0_1\" class=\"panel-collapse collapse\">\n\t\t<div class=\"panel-body accordion__item__content\">\n                <div class=\"ml-embedded\" data-form=\"HCCLOW\"><\/div>\n            \n<\/div>\n\t<\/div>\n<\/div>[\/vc_column_text][\/vc_column][\/vc_row][vc_row][vc_column][\/vc_column][\/vc_row]<\/p>\n<\/div>","protected":false},"excerpt":{"rendered":"<p>[vc_row][vc_column][vc_column_text] Descripci\u00f3n del Crucero Endemic Gal\u00e1pagos: El crucero Endemic Galapagos es nuevo, empez\u00f3\u00a0a operar en July del 2018. La capacidad de esta embarcaci\u00f3n\u00a0es de 16 pasajeros, 11 tripulantes incluyendo el oficial del servicio del crucero mas el gu\u00eda\u00a0de actividades. Esta nueva generaci\u00f3n\u00a0de catamaranes poseen exteriores elegantes,\u00a0espaciosas \u00e1reas de alojamiento de alto nivel y \u00e1reas sociales<\/p>\n<div class=\"padding-top text-center\"><a href=\"https:\/\/naturegalapagos.com\/es\/cruceros-galapagos\/crucero-endemic-galapagos\/\" class=\"atbtn atbtn--medium atbtn--rounded atbtn--transparent\">Leer m\u00e1s<i class=\"atbtn__icon atbtn__icon--right fa fa-long-arrow-right\"><\/i><\/a><\/div>\n","protected":false},"featured_media":4371,"comment_status":"open","ping_status":"closed","template":"","meta":{"_joinchat":[]},"product_brand":[],"product_cat":[3599],"product_tag":[],"class_list":{"0":"post-4360","1":"product","2":"type-product","3":"status-publish","4":"has-post-thumbnail","6":"product_cat-sin-categoria","7":"tour_category-crucero-de-lujo","9":"first","10":"instock","11":"taxable","12":"shipping-taxable","13":"product-type-tour"},"yoast_head":"<!-- This site is optimized with the Yoast SEO Premium plugin v25.6 (Yoast SEO v26.1.1) - https:\/\/yoast.com\/wordpress\/plugins\/seo\/ -->\n<title>Crucero Endemic Galapagos | Catamar\u00e1n de Lujo<\/title>\n<meta name=\"description\" content=\"Crucero Endemic Galapagos incorpora en su dise\u00f1o alta calidad con excelentes precios para tener una experiencia de lujo en Gal\u00e1pagos. Crucero nuevo de 2018!\" \/>\n<meta name=\"robots\" content=\"index, follow, max-snippet:-1, max-image-preview:large, max-video-preview:-1\" \/>\n<link rel=\"canonical\" href=\"https:\/\/naturegalapagos.com\/es\/cruceros-galapagos\/crucero-endemic-galapagos\/\" \/>\n<meta property=\"og:locale\" content=\"es_ES\" \/>\n<meta property=\"og:type\" content=\"article\" \/>\n<meta property=\"og:title\" content=\"Crucero Endemic Galapagos | Catamar\u00e1n de Lujo\" \/>\n<meta property=\"og:description\" content=\"Crucero Endemic Galapagos incorpora en su dise\u00f1o alta calidad con excelentes precios para tener una experiencia de lujo en Gal\u00e1pagos. Crucero nuevo de 2018!\" \/>\n<meta property=\"og:url\" content=\"https:\/\/naturegalapagos.com\/es\/cruceros-galapagos\/crucero-endemic-galapagos\/\" \/>\n<meta property=\"og:site_name\" content=\"Espa\u00f1ol - Nature Galapagos &amp; Ecuador\" \/>\n<meta property=\"article:publisher\" content=\"https:\/\/www.facebook.com\/naturegalapagosecuador\/\" \/>\n<meta property=\"article:modified_time\" content=\"2024-02-16T15:31:43+00:00\" \/>\n<meta property=\"og:image\" content=\"https:\/\/naturegalapagos.com\/es\/wp-content\/uploads\/sites\/3\/2018\/08\/Crucero-Endemic-Galapagos.jpg\" \/>\n\t<meta property=\"og:image:width\" content=\"1024\" \/>\n\t<meta property=\"og:image:height\" content=\"512\" \/>\n\t<meta property=\"og:image:type\" content=\"image\/jpeg\" \/>\n<meta name=\"twitter:card\" content=\"summary_large_image\" \/>\n<meta name=\"twitter:title\" content=\"Crucero Endemic Galapagos | Catamar\u00e1n de Lujo\" \/>\n<meta name=\"twitter:description\" content=\"Crucero Endemic Galapagos incorpora en su dise\u00f1o alta calidad con excelentes precios para tener una experiencia de lujo en Gal\u00e1pagos. Crucero nuevo de 2018!\" \/>\n<meta name=\"twitter:site\" content=\"@naturegalapagos\" \/>\n<meta name=\"twitter:label1\" content=\"Tiempo de lectura\" \/>\n\t<meta name=\"twitter:data1\" content=\"2 minutos\" \/>\n<!-- \/ Yoast SEO Premium plugin. -->","yoast_head_json":{"title":"Crucero Endemic Galapagos | Catamar\u00e1n de Lujo","description":"Crucero Endemic Galapagos incorpora en su dise\u00f1o alta calidad con excelentes precios para tener una experiencia de lujo en Gal\u00e1pagos. Crucero nuevo de 2018!","robots":{"index":"index","follow":"follow","max-snippet":"max-snippet:-1","max-image-preview":"max-image-preview:large","max-video-preview":"max-video-preview:-1"},"canonical":"https:\/\/naturegalapagos.com\/es\/cruceros-galapagos\/crucero-endemic-galapagos\/","og_locale":"es_ES","og_type":"article","og_title":"Crucero Endemic Galapagos | Catamar\u00e1n de Lujo","og_description":"Crucero Endemic Galapagos incorpora en su dise\u00f1o alta calidad con excelentes precios para tener una experiencia de lujo en Gal\u00e1pagos. Crucero nuevo de 2018!","og_url":"https:\/\/naturegalapagos.com\/es\/cruceros-galapagos\/crucero-endemic-galapagos\/","og_site_name":"Espa\u00f1ol - Nature Galapagos &amp; Ecuador","article_publisher":"https:\/\/www.facebook.com\/naturegalapagosecuador\/","article_modified_time":"2024-02-16T15:31:43+00:00","og_image":[{"width":1024,"height":512,"url":"https:\/\/naturegalapagos.com\/es\/wp-content\/uploads\/sites\/3\/2018\/08\/Crucero-Endemic-Galapagos.jpg","type":"image\/jpeg"}],"twitter_card":"summary_large_image","twitter_title":"Crucero Endemic Galapagos | Catamar\u00e1n de Lujo","twitter_description":"Crucero Endemic Galapagos incorpora en su dise\u00f1o alta calidad con excelentes precios para tener una experiencia de lujo en Gal\u00e1pagos. Crucero nuevo de 2018!","twitter_site":"@naturegalapagos","twitter_misc":{"Tiempo de lectura":"2 minutos"},"schema":{"@context":"https:\/\/schema.org","@graph":[{"@type":"WebPage","@id":"https:\/\/naturegalapagos.com\/es\/cruceros-galapagos\/crucero-endemic-galapagos\/","url":"https:\/\/naturegalapagos.com\/es\/cruceros-galapagos\/crucero-endemic-galapagos\/","name":"Crucero Endemic Galapagos | Catamar\u00e1n de Lujo","isPartOf":{"@id":"https:\/\/naturegalapagos.com\/es\/#website"},"primaryImageOfPage":{"@id":"https:\/\/naturegalapagos.com\/es\/cruceros-galapagos\/crucero-endemic-galapagos\/#primaryimage"},"image":{"@id":"https:\/\/naturegalapagos.com\/es\/cruceros-galapagos\/crucero-endemic-galapagos\/#primaryimage"},"thumbnailUrl":"https:\/\/naturegalapagos.com\/es\/wp-content\/uploads\/sites\/3\/2018\/08\/Crucero-Endemic-Galapagos.jpg","datePublished":"2018-08-03T19:49:14+00:00","dateModified":"2024-02-16T15:31:43+00:00","description":"Crucero Endemic Galapagos incorpora en su dise\u00f1o alta calidad con excelentes precios para tener una experiencia de lujo en Gal\u00e1pagos. Crucero nuevo de 2018!","breadcrumb":{"@id":"https:\/\/naturegalapagos.com\/es\/cruceros-galapagos\/crucero-endemic-galapagos\/#breadcrumb"},"inLanguage":"es","potentialAction":[{"@type":"ReadAction","target":["https:\/\/naturegalapagos.com\/es\/cruceros-galapagos\/crucero-endemic-galapagos\/"]}]},{"@type":"ImageObject","inLanguage":"es","@id":"https:\/\/naturegalapagos.com\/es\/cruceros-galapagos\/crucero-endemic-galapagos\/#primaryimage","url":"https:\/\/naturegalapagos.com\/es\/wp-content\/uploads\/sites\/3\/2018\/08\/Crucero-Endemic-Galapagos.jpg","contentUrl":"https:\/\/naturegalapagos.com\/es\/wp-content\/uploads\/sites\/3\/2018\/08\/Crucero-Endemic-Galapagos.jpg","width":1024,"height":512,"caption":"Crucero Endemic Galapagos"},{"@type":"BreadcrumbList","@id":"https:\/\/naturegalapagos.com\/es\/cruceros-galapagos\/crucero-endemic-galapagos\/#breadcrumb","itemListElement":[{"@type":"ListItem","position":1,"name":"Home","item":"https:\/\/naturegalapagos.com\/es\/"},{"@type":"ListItem","position":2,"name":"Tienda","item":"https:\/\/naturegalapagos.com\/es\/tienda\/"},{"@type":"ListItem","position":3,"name":"Crucero Endemic Gal\u00e1pagos"}]},{"@type":"WebSite","@id":"https:\/\/naturegalapagos.com\/es\/#website","url":"https:\/\/naturegalapagos.com\/es\/","name":"Espa\u00f1ol - Nature Galapagos & Ecuador","description":"","publisher":{"@id":"https:\/\/naturegalapagos.com\/es\/#organization"},"potentialAction":[{"@type":"SearchAction","target":{"@type":"EntryPoint","urlTemplate":"https:\/\/naturegalapagos.com\/es\/?s={search_term_string}"},"query-input":{"@type":"PropertyValueSpecification","valueRequired":true,"valueName":"search_term_string"}}],"inLanguage":"es"},{"@type":"Organization","@id":"https:\/\/naturegalapagos.com\/es\/#organization","name":"Espa\u00f1ol - Nature Galapagos & Ecuador","url":"https:\/\/naturegalapagos.com\/es\/","logo":{"@type":"ImageObject","inLanguage":"es","@id":"https:\/\/naturegalapagos.com\/es\/#\/schema\/logo\/image\/","url":"https:\/\/naturegalapagos.com\/es\/wp-content\/uploads\/sites\/3\/2016\/10\/Nature-Galapagos-Logo-COM-300x300.jpg","contentUrl":"https:\/\/naturegalapagos.com\/es\/wp-content\/uploads\/sites\/3\/2016\/10\/Nature-Galapagos-Logo-COM-300x300.jpg","width":300,"height":300,"caption":"Espa\u00f1ol - Nature Galapagos & Ecuador"},"image":{"@id":"https:\/\/naturegalapagos.com\/es\/#\/schema\/logo\/image\/"},"sameAs":["https:\/\/www.facebook.com\/naturegalapagosecuador\/","https:\/\/x.com\/naturegalapagos","https:\/\/www.instagram.com\/naturegalapagos\/","https:\/\/www.pinterest.com\/Naturegalapagos\/","https:\/\/www.youtube.com\/user\/NatureGalapagosTours"]}]}},"_links":{"self":[{"href":"https:\/\/naturegalapagos.com\/es\/wp-json\/wp\/v2\/product\/4360","targetHints":{"allow":["GET"]}}],"collection":[{"href":"https:\/\/naturegalapagos.com\/es\/wp-json\/wp\/v2\/product"}],"about":[{"href":"https:\/\/naturegalapagos.com\/es\/wp-json\/wp\/v2\/types\/product"}],"replies":[{"embeddable":true,"href":"https:\/\/naturegalapagos.com\/es\/wp-json\/wp\/v2\/comments?post=4360"}],"wp:featuredmedia":[{"embeddable":true,"href":"https:\/\/naturegalapagos.com\/es\/wp-json\/wp\/v2\/media\/4371"}],"wp:attachment":[{"href":"https:\/\/naturegalapagos.com\/es\/wp-json\/wp\/v2\/media?parent=4360"}],"wp:term":[{"taxonomy":"product_brand","embeddable":true,"href":"https:\/\/naturegalapagos.com\/es\/wp-json\/wp\/v2\/product_brand?post=4360"},{"taxonomy":"product_cat","embeddable":true,"href":"https:\/\/naturegalapagos.com\/es\/wp-json\/wp\/v2\/product_cat?post=4360"},{"taxonomy":"product_tag","embeddable":true,"href":"https:\/\/naturegalapagos.com\/es\/wp-json\/wp\/v2\/product_tag?post=4360"}],"curies":[{"name":"wp","href":"https:\/\/api.w.org\/{rel}","templated":true}]}}