{"id":4489,"date":"2018-10-09T14:55:11","date_gmt":"2018-10-09T18:55:11","guid":{"rendered":"https:\/\/naturegalapagos.com\/es\/?post_type=product&#038;p=4489"},"modified":"2025-06-06T10:54:52","modified_gmt":"2025-06-06T14:54:52","slug":"lancha-de-santa-cruz-a-isabela","status":"publish","type":"product","link":"https:\/\/naturegalapagos.com\/es\/lancha-santa-cruz-isabela\/","title":{"rendered":"Lancha de Santa Cruz a Isabela"},"content":{"rendered":"<div class=\"wpb-content-wrapper\"><p>[vc_row][vc_column][vc_column_text]<\/p>\n<h2><span style=\"font-size: 18pt; font-family: arial, helvetica, sans-serif;\"><strong>Lancha Santa Cruz a Isabela<\/strong><\/span><\/h2>\n<p>Aqu\u00ed encontrar\u00e1s nuestros boletos para la <strong>Lancha Santa Cruz a Isabela<\/strong>. Adem\u00e1s, hay un barco al comienzo del d\u00eda y otro al mediod\u00eda para cada una de las rutas.<\/p>\n<p><!--more--><\/p>\n<ul>\n<li>El viaje dura aproximadamente de 2 a 3 horas, dependiendo de las condiciones del mar.<\/li>\n<li>En la primera mitad del a\u00f1o, de enero a junio, las condiciones del mar son m\u00e1s estables que en la segunda mitad, de julio a diciembre cuando las olas son m\u00e1s fuertes.<\/li>\n<li>Son botes peque\u00f1os (hasta 20 pasajeros) que salen todos los d\u00eda desde el muelle principal del puerto de la Isla Santa Cruz.<\/li>\n<\/ul>\n<p><strong>NOTA<\/strong>: Ten en cuenta que en Gal\u00e1pagos los horarios de las lanchas p\u00fablicas son reguladas por el gobierno local, esto implica que todos los barcos que operan en las islas saldr\u00e1n al mismo tiempo.<\/p>\n<h3><span style=\"font-size: 18pt;\"><strong><span style=\"font-family: arial, helvetica, sans-serif;\">Observaciones Importantes<\/span><\/strong><\/span><\/h3>\n<table class=\"table table-bordered tours-tabs__table\" style=\"height: 157px; width: 858px;\">\n<tbody>\n<tr style=\"height: 24px;\">\n<td style=\"height: 24px; width: 220px;\"><span style=\"font-family: arial, helvetica, sans-serif;\"><strong>DESDE ISABELA<\/strong><\/span><\/td>\n<td style=\"height: 24px; width: 622px;\"><span style=\"font-family: arial, helvetica, sans-serif;\">Isabela hacia Santa Cruz (6AM GMT-6)<br \/>\nIsabela hacia Santa Cruz (3PM GMT-6)<br \/>\n<\/span><\/td>\n<\/tr>\n<tr style=\"height: 24px;\">\n<td style=\"height: 24px; width: 220px;\"><span style=\"font-family: arial, helvetica, sans-serif;\"><strong>DESDE SANTA CRUZ<\/strong><\/span><\/td>\n<td style=\"height: 24px; width: 622px;\">\n<ul>\n<li><span style=\"font-family: arial, helvetica, sans-serif;\">Santa Cruz hacia Isabela (7AM GMT-6)<br \/>\n<\/span><\/li>\n<li><span style=\"font-family: arial, helvetica, sans-serif;\">Santa Cruz hacia Isabela (2PM GMT-6)<br \/>\n<\/span><\/li>\n<li><span style=\"font-family: arial, helvetica, sans-serif;\">Santa Cruz hacia San Cristobal (7AM GMT-6)<br \/>\n<\/span><\/li>\n<li><span style=\"font-family: arial, helvetica, sans-serif;\">Santa Cruz hacia San Cristobal (2PM GMT-6)<br \/>\n<\/span><\/li>\n<\/ul>\n<\/td>\n<\/tr>\n<tr style=\"height: 24px;\">\n<td style=\"width: 220px; height: 24px;\"><span style=\"font-family: arial, helvetica, sans-serif;\"><strong>DESDE SAN CRISTOBAL<\/strong><\/span><\/td>\n<td style=\"width: 622px; height: 24px;\"><span style=\"font-family: arial, helvetica, sans-serif;\">San Cristobal hacia Santa Cruz (7AM GMT-6)<br \/>\nSan Cristobal hacia Santa Cruz (3PM GMT-6)<br \/>\n<\/span><\/td>\n<\/tr>\n<tr style=\"height: 24px;\">\n<td style=\"height: 24px; width: 220px;\"><span style=\"font-family: arial, helvetica, sans-serif;\"><strong>HORA DE SALIDA<\/strong><\/span><\/td>\n<td style=\"height: 24px; width: 622px;\"><span style=\"font-family: arial, helvetica, sans-serif;\">Debes llegar 30 minutos antes de la hora de salida.<\/span><\/td>\n<\/tr>\n<tr style=\"height: 23px;\">\n<td style=\"height: 23px; width: 220px;\"><span style=\"font-family: arial, helvetica, sans-serif;\"><strong>INCLUYE<\/strong><\/span><\/td>\n<td style=\"height: 23px; width: 622px;\"><span style=\"font-family: arial, helvetica, sans-serif;\"><i class=\"fa fa-check icon-tick icon-tick--on\"><\/i> 1 asiento por cada boleto.<br \/>\n<i class=\"fa fa-check icon-tick icon-tick--on\"><\/i> Salvavidas para cada pasajero.<\/span><span style=\"font-family: arial, helvetica, sans-serif;\"><br \/>\n<\/span><span style=\"font-family: arial, helvetica, sans-serif;\"><i class=\"fa fa-check icon-tick icon-tick--on\"><\/i> Traslado de Puerto Ayora a Isabela en lancha r\u00e1pida p\u00fablica O Traslado de Isabela a Puerto Ayora en lancha p\u00fablica.<br \/>\n<\/span><\/td>\n<\/tr>\n<tr style=\"height: 38.875px;\">\n<td style=\"height: 38px; width: 220px;\"><span style=\"font-family: arial, helvetica, sans-serif;\"><b>NO INCLUYE<\/b><\/span><\/td>\n<td style=\"height: 38px; width: 622px;\"><span style=\"font-family: arial, helvetica, sans-serif;\"><i class=\"fa fa-times icon-tick icon-tick--off\"><\/i> Tarifa por usar el muelle de Isabela &#8211; <strong>USD 10 p.p.<\/strong><\/span><span style=\"font-family: arial, helvetica, sans-serif;\"><br \/>\n<\/span><span style=\"font-family: arial, helvetica, sans-serif;\"><i class=\"fa fa-times icon-tick icon-tick--off\"><\/i> Transporte Aeropuerto de Baltra &#8211; Canal de Itabaca &#8211; <strong>USD 5 p.p. (sujeto a cambios).<\/strong><br \/>\n<\/span><span style=\"font-family: arial, helvetica, sans-serif;\"><i class=\"fa fa-times icon-tick icon-tick--off\"><\/i> Transporte Canal de Itabaca &#8211; Aeropuerto de Baltra &#8211; <strong>USD 5 p.p. (sujeto a cambios).<\/strong><\/span><span style=\"font-family: arial, helvetica, sans-serif;\"><br \/>\n<\/span><span style=\"font-family: arial, helvetica, sans-serif;\"><i class=\"fa fa-times icon-tick icon-tick--off\"><\/i> Taxi acu\u00e1tico desde el muelle hasta la lancha r\u00e1pida (seg\u00fan la marea): <strong>1 USD p.p y por trayecto.<\/strong><br \/>\n<\/span><\/td>\n<\/tr>\n<\/tbody>\n<\/table>\n<p>[\/vc_column_text][\/vc_column][\/vc_row][vc_row][vc_column el_class=&#8221;accocruise&#8221;][vc_column_text]\n<div class=\"panel panel-default accordion__item\">\n\t<div class=\"panel-heading accordion__item__title-wrap\">\n\t\t<h4 class=\"panel-title\">\n\t\t\t<a data-toggle=\"collapse\" data-parent=\"#ataccordion0\" href=\"#ataccordion0_1\" class=\"accordion__item__link collapsed\">SOLICITA M\u00c1S INFORMACI\u00d3N<\/a>\n\t\t<\/h4>\n\t<\/div>\n\t<div id=\"ataccordion0_1\" class=\"panel-collapse collapse\">\n\t\t<div class=\"panel-body accordion__item__content\">\n                <div class=\"ml-embedded\" data-form=\"oBTuJ3\"><\/div>\n            \n<\/div>\n\t<\/div>\n<\/div>[\/vc_column_text][\/vc_column][\/vc_row][vc_row][vc_column][\/vc_column][\/vc_row]<\/p>\n<div id=\"footable_parent_7479\"\n         class=\" footable_parent ninja_table_wrapper loading_ninja_table wp_table_data_press_parent semantic_ui \">\n                    <h3 class=\"table_title footable_title\">Tarifas de entrada al Parque Nacional Gal\u00e1pagos<\/h3>\n                                <div\n                class=\"table_description footable_description\">Vigentes desde Agosto de 2024<\/div>\n                    <table data-ninja_table_instance=\"ninja_table_instance_0\" data-footable_id=\"7479\" data-filter-delay=\"1000\" aria-label=\"Tarifas de entrada al Parque Nacional Gal\u00e1pagos\"            id=\"footable_7479\"\n           data-unique_identifier=\"ninja_table_unique_id_1033063012_7479\"\n           class=\" foo-table ninja_footable foo_table_7479 ninja_table_unique_id_1033063012_7479 ui table  nt_type_legacy_table vertical_centered  footable-paging-right ninja_table_search_disabled ninja_table_pro\">\n                <colgroup>\n                            <col class=\"ninja_column_0 \"\/>\n                            <col class=\"ninja_column_1 \"\/>\n                    <\/colgroup>\n        <thead>\n<tr class=\"footable-header\">\n                                        <th scope=\"col\"  class=\"ninja_column_0 ninja_clmn_nm_categoria \">Categor\u00eda<\/th><th scope=\"col\"  class=\"ninja_column_1 ninja_clmn_nm_tarifa_usd \">Tarifa (USD)<\/th><\/tr>\n<\/thead>\n<tbody>\n\n        <tr data-row_id=\"2514\" class=\"ninja_table_row_0 nt_row_id_2514\">\n            <td>Turistas extranjeros (mayores de 12 a\u00f1os)<\/td><td>$200<\/td>        <\/tr>\n            <tr data-row_id=\"2515\" class=\"ninja_table_row_1 nt_row_id_2515\">\n            <td>Ni\u00f1os extranjeros (menores de 12 a\u00f1os)<\/td><td>$100<\/td>        <\/tr>\n            <tr data-row_id=\"2516\" class=\"ninja_table_row_2 nt_row_id_2516\">\n            <td>Turistas de pa\u00edses de la Comunidad Andina y MERCOSUR (mayores de 12 a\u00f1os)<\/td><td>$100<\/td>        <\/tr>\n            <tr data-row_id=\"2517\" class=\"ninja_table_row_3 nt_row_id_2517\">\n            <td>Ni\u00f1os de pa\u00edses de la Comunidad Andina y MERCOSUR (menores de 12 a\u00f1os)<\/td><td>$50<\/td>        <\/tr>\n            <tr data-row_id=\"2518\" class=\"ninja_table_row_4 nt_row_id_2518\">\n            <td>Ecuatorianos y residentes en Ecuador (mayores de 12 a\u00f1os)<\/td><td>$30<\/td>        <\/tr>\n            <tr data-row_id=\"2519\" class=\"ninja_table_row_5 nt_row_id_2519\">\n            <td>Ni\u00f1os ecuatorianos y residentes en Ecuador (menores de 12 a\u00f1os)<\/td><td>$15<\/td>        <\/tr>\n            <tr data-row_id=\"2520\" class=\"ninja_table_row_6 nt_row_id_2520\">\n            <td>Adultos mayores (65 a\u00f1os o m\u00e1s, nacionales o residentes)<\/td><td>$15<\/td>        <\/tr>\n            <tr data-row_id=\"2521\" class=\"ninja_table_row_7 nt_row_id_2521\">\n            <td>Personas con discapacidad (certificadas por CONADIS)<\/td><td>$15<\/td>        <\/tr>\n            <tr data-row_id=\"2522\" class=\"ninja_table_row_8 nt_row_id_2522\">\n            <td>Estudiantes extranjeros matriculados en instituciones ecuatorianas<\/td><td>$50<\/td>        <\/tr>\n            <tr data-row_id=\"2523\" class=\"ninja_table_row_9 nt_row_id_2523\">\n            <td>Ni\u00f1os menores de 2 a\u00f1os (nacionales o extranjeros)<\/td><td>Exentos<\/td>        <\/tr>\n    <\/tbody><!--ninja_tobody_rendering_done-->\n    <\/table>\n    \n    \n    \n<\/div>\n\n<p>&nbsp;<\/p>\n<div id=\"footable_parent_7481\"\n         class=\" footable_parent ninja_table_wrapper loading_ninja_table wp_table_data_press_parent semantic_ui \">\n                    <h3 class=\"table_title footable_title\">Informaci\u00f3n Adicional<\/h3>\n                        <table data-ninja_table_instance=\"ninja_table_instance_1\" data-footable_id=\"7481\" data-filter-delay=\"1000\" aria-label=\"Informaci\u00f3n Adicional\"            id=\"footable_7481\"\n           data-unique_identifier=\"ninja_table_unique_id_1022358289_7481\"\n           class=\" foo-table ninja_footable foo_table_7481 ninja_table_unique_id_1022358289_7481 ui table  nt_type_legacy_table vertical_centered  footable-paging-right ninjatable_hide_header_row ninja_table_search_disabled ninja_table_pro\">\n                <colgroup>\n                            <col class=\"ninja_column_0 \"\/>\n                            <col class=\"ninja_column_1 \"\/>\n                    <\/colgroup>\n        <thead>\n<tr class=\"footable-header\">\n                                        <th scope=\"col\"  class=\"ninja_column_0 ninja_clmn_nm_forma_de_pago \">Columna 1<\/th><th scope=\"col\"  class=\"ninja_column_1 ninja_clmn_nm_tarjeta_de_conrtol_de_transito \">Columna 2<\/th><\/tr>\n<\/thead>\n<tbody>\n\n        <tr data-row_id=\"2524\" class=\"ninja_table_row_0 nt_row_id_2524\">\n            <td>Forma de pago:<\/td><td>La tarifa se abona en efectivo (USD) al llegar a los aeropuertos de Baltra o San Crist\u00f3bal.<\/td>        <\/tr>\n            <tr data-row_id=\"2525\" class=\"ninja_table_row_1 nt_row_id_2525\">\n            <td>Tarjeta de Control de Tr\u00e1nsito (TCT):<\/td><td>Adem\u00e1s, es obligatorio adquirir esta tarjeta por un valor de $20, la cual se obtiene en los aeropuertos de Quito o Guayaquil antes de abordar el vuelo hacia Gal\u00e1pagos.<\/td>        <\/tr>\n            <tr data-row_id=\"2526\" class=\"ninja_table_row_2 nt_row_id_2526\">\n            <td>Documentaci\u00f3n necesaria:<\/td><td>Pasaporte o c\u00e9dula de identidad vigente, y en el caso de estudiantes extranjeros, presentar el comprobante de matr\u00edcula en una instituci\u00f3n educativa ecuatoriana.<\/td>        <\/tr>\n    <\/tbody><!--ninja_tobody_rendering_done-->\n    <\/table>\n    \n    \n    \n<\/div>\n\n<\/div>","protected":false},"excerpt":{"rendered":"<p>Lancha de Santa Cruz a Isabela, compra en linea los boletos para transportarte entre islas con el mejor precio GARANTIZADO<\/p>\n","protected":false},"featured_media":4498,"comment_status":"open","ping_status":"closed","template":"","meta":{"_joinchat":[]},"product_brand":[],"product_cat":[3599],"product_tag":[],"class_list":{"0":"post-4489","1":"product","2":"type-product","3":"status-publish","4":"has-post-thumbnail","6":"product_cat-sin-categoria","7":"tour_category-tours-en-galapagos","9":"first","10":"instock","11":"taxable","12":"shipping-taxable","13":"product-type-tour"},"yoast_head":"<!-- This site is optimized with the Yoast SEO Premium plugin v25.6 (Yoast SEO v26.1.1) - https:\/\/yoast.com\/wordpress\/plugins\/seo\/ -->\n<title>Lancha de Santa Cruz a Isabela | Ferry en las Islas Galapagos<\/title>\n<meta name=\"description\" content=\"Lancha de Santa Cruz a Isabela, compra en linea los boletos para transportarte entre islas con el mejor precio GARANTIZADO! Clic aqu\u00ed para m\u00e1s informaci\u00f3n.\" \/>\n<meta name=\"robots\" content=\"index, follow, max-snippet:-1, max-image-preview:large, max-video-preview:-1\" \/>\n<link rel=\"canonical\" href=\"https:\/\/naturegalapagos.com\/es\/lancha-santa-cruz-isabela\/\" \/>\n<meta property=\"og:locale\" content=\"es_ES\" \/>\n<meta property=\"og:type\" content=\"article\" \/>\n<meta property=\"og:title\" content=\"Lancha de Santa Cruz a Isabela | Ferry en las Islas Galapagos\" \/>\n<meta property=\"og:description\" content=\"Lancha de Santa Cruz a Isabela, compra en linea los boletos para transportarte entre islas con el mejor precio GARANTIZADO! Clic aqu\u00ed para m\u00e1s informaci\u00f3n.\" \/>\n<meta property=\"og:url\" content=\"https:\/\/naturegalapagos.com\/es\/lancha-santa-cruz-isabela\/\" \/>\n<meta property=\"og:site_name\" content=\"Espa\u00f1ol - Nature Galapagos &amp; Ecuador\" \/>\n<meta property=\"article:publisher\" content=\"https:\/\/www.facebook.com\/naturegalapagosecuador\/\" \/>\n<meta property=\"article:modified_time\" content=\"2025-06-06T14:54:52+00:00\" \/>\n<meta property=\"og:image\" content=\"https:\/\/naturegalapagos.com\/es\/wp-content\/uploads\/sites\/3\/2018\/10\/Lancha-Santa-Cruz-Isabela.jpg\" \/>\n\t<meta property=\"og:image:width\" content=\"1024\" \/>\n\t<meta property=\"og:image:height\" content=\"512\" \/>\n\t<meta property=\"og:image:type\" content=\"image\/jpeg\" \/>\n<meta name=\"twitter:card\" content=\"summary_large_image\" \/>\n<meta name=\"twitter:title\" content=\"Lancha de Santa Cruz a Isabela | Ferry en las Islas Galapagos\" \/>\n<meta name=\"twitter:description\" content=\"Lancha de Santa Cruz a Isabela, compra en linea los boletos para transportarte entre islas con el mejor precio GARANTIZADO! Clic aqu\u00ed para m\u00e1s informaci\u00f3n.\" \/>\n<meta name=\"twitter:site\" content=\"@naturegalapagos\" \/>\n<meta name=\"twitter:label1\" content=\"Tiempo de lectura\" \/>\n\t<meta name=\"twitter:data1\" content=\"2 minutos\" \/>\n<!-- \/ Yoast SEO Premium plugin. -->","yoast_head_json":{"title":"Lancha de Santa Cruz a Isabela | Ferry en las Islas Galapagos","description":"Lancha de Santa Cruz a Isabela, compra en linea los boletos para transportarte entre islas con el mejor precio GARANTIZADO! Clic aqu\u00ed para m\u00e1s informaci\u00f3n.","robots":{"index":"index","follow":"follow","max-snippet":"max-snippet:-1","max-image-preview":"max-image-preview:large","max-video-preview":"max-video-preview:-1"},"canonical":"https:\/\/naturegalapagos.com\/es\/lancha-santa-cruz-isabela\/","og_locale":"es_ES","og_type":"article","og_title":"Lancha de Santa Cruz a Isabela | Ferry en las Islas Galapagos","og_description":"Lancha de Santa Cruz a Isabela, compra en linea los boletos para transportarte entre islas con el mejor precio GARANTIZADO! Clic aqu\u00ed para m\u00e1s informaci\u00f3n.","og_url":"https:\/\/naturegalapagos.com\/es\/lancha-santa-cruz-isabela\/","og_site_name":"Espa\u00f1ol - Nature Galapagos &amp; Ecuador","article_publisher":"https:\/\/www.facebook.com\/naturegalapagosecuador\/","article_modified_time":"2025-06-06T14:54:52+00:00","og_image":[{"width":1024,"height":512,"url":"https:\/\/naturegalapagos.com\/es\/wp-content\/uploads\/sites\/3\/2018\/10\/Lancha-Santa-Cruz-Isabela.jpg","type":"image\/jpeg"}],"twitter_card":"summary_large_image","twitter_title":"Lancha de Santa Cruz a Isabela | Ferry en las Islas Galapagos","twitter_description":"Lancha de Santa Cruz a Isabela, compra en linea los boletos para transportarte entre islas con el mejor precio GARANTIZADO! Clic aqu\u00ed para m\u00e1s informaci\u00f3n.","twitter_site":"@naturegalapagos","twitter_misc":{"Tiempo de lectura":"2 minutos"},"schema":{"@context":"https:\/\/schema.org","@graph":[{"@type":"WebPage","@id":"https:\/\/naturegalapagos.com\/es\/lancha-santa-cruz-isabela\/","url":"https:\/\/naturegalapagos.com\/es\/lancha-santa-cruz-isabela\/","name":"Lancha de Santa Cruz a Isabela | Ferry en las Islas Galapagos","isPartOf":{"@id":"https:\/\/naturegalapagos.com\/es\/#website"},"primaryImageOfPage":{"@id":"https:\/\/naturegalapagos.com\/es\/lancha-santa-cruz-isabela\/#primaryimage"},"image":{"@id":"https:\/\/naturegalapagos.com\/es\/lancha-santa-cruz-isabela\/#primaryimage"},"thumbnailUrl":"https:\/\/naturegalapagos.com\/es\/wp-content\/uploads\/sites\/3\/2018\/10\/Lancha-Santa-Cruz-Isabela.jpg","datePublished":"2018-10-09T18:55:11+00:00","dateModified":"2025-06-06T14:54:52+00:00","description":"Lancha de Santa Cruz a Isabela, compra en linea los boletos para transportarte entre islas con el mejor precio GARANTIZADO! Clic aqu\u00ed para m\u00e1s informaci\u00f3n.","breadcrumb":{"@id":"https:\/\/naturegalapagos.com\/es\/lancha-santa-cruz-isabela\/#breadcrumb"},"inLanguage":"es","potentialAction":[{"@type":"ReadAction","target":["https:\/\/naturegalapagos.com\/es\/lancha-santa-cruz-isabela\/"]}]},{"@type":"ImageObject","inLanguage":"es","@id":"https:\/\/naturegalapagos.com\/es\/lancha-santa-cruz-isabela\/#primaryimage","url":"https:\/\/naturegalapagos.com\/es\/wp-content\/uploads\/sites\/3\/2018\/10\/Lancha-Santa-Cruz-Isabela.jpg","contentUrl":"https:\/\/naturegalapagos.com\/es\/wp-content\/uploads\/sites\/3\/2018\/10\/Lancha-Santa-Cruz-Isabela.jpg","width":1024,"height":512,"caption":"Lancha Santa Cruz Isabela"},{"@type":"BreadcrumbList","@id":"https:\/\/naturegalapagos.com\/es\/lancha-santa-cruz-isabela\/#breadcrumb","itemListElement":[{"@type":"ListItem","position":1,"name":"Home","item":"https:\/\/naturegalapagos.com\/es\/"},{"@type":"ListItem","position":2,"name":"Tienda","item":"https:\/\/naturegalapagos.com\/es\/tienda\/"},{"@type":"ListItem","position":3,"name":"Lancha de Santa Cruz a Isabela"}]},{"@type":"WebSite","@id":"https:\/\/naturegalapagos.com\/es\/#website","url":"https:\/\/naturegalapagos.com\/es\/","name":"Espa\u00f1ol - Nature Galapagos & Ecuador","description":"","publisher":{"@id":"https:\/\/naturegalapagos.com\/es\/#organization"},"potentialAction":[{"@type":"SearchAction","target":{"@type":"EntryPoint","urlTemplate":"https:\/\/naturegalapagos.com\/es\/?s={search_term_string}"},"query-input":{"@type":"PropertyValueSpecification","valueRequired":true,"valueName":"search_term_string"}}],"inLanguage":"es"},{"@type":"Organization","@id":"https:\/\/naturegalapagos.com\/es\/#organization","name":"Espa\u00f1ol - Nature Galapagos & Ecuador","url":"https:\/\/naturegalapagos.com\/es\/","logo":{"@type":"ImageObject","inLanguage":"es","@id":"https:\/\/naturegalapagos.com\/es\/#\/schema\/logo\/image\/","url":"https:\/\/naturegalapagos.com\/es\/wp-content\/uploads\/sites\/3\/2016\/10\/Nature-Galapagos-Logo-COM-300x300.jpg","contentUrl":"https:\/\/naturegalapagos.com\/es\/wp-content\/uploads\/sites\/3\/2016\/10\/Nature-Galapagos-Logo-COM-300x300.jpg","width":300,"height":300,"caption":"Espa\u00f1ol - Nature Galapagos & Ecuador"},"image":{"@id":"https:\/\/naturegalapagos.com\/es\/#\/schema\/logo\/image\/"},"sameAs":["https:\/\/www.facebook.com\/naturegalapagosecuador\/","https:\/\/x.com\/naturegalapagos","https:\/\/www.instagram.com\/naturegalapagos\/","https:\/\/www.pinterest.com\/Naturegalapagos\/","https:\/\/www.youtube.com\/user\/NatureGalapagosTours"]}]}},"_links":{"self":[{"href":"https:\/\/naturegalapagos.com\/es\/wp-json\/wp\/v2\/product\/4489","targetHints":{"allow":["GET"]}}],"collection":[{"href":"https:\/\/naturegalapagos.com\/es\/wp-json\/wp\/v2\/product"}],"about":[{"href":"https:\/\/naturegalapagos.com\/es\/wp-json\/wp\/v2\/types\/product"}],"replies":[{"embeddable":true,"href":"https:\/\/naturegalapagos.com\/es\/wp-json\/wp\/v2\/comments?post=4489"}],"wp:featuredmedia":[{"embeddable":true,"href":"https:\/\/naturegalapagos.com\/es\/wp-json\/wp\/v2\/media\/4498"}],"wp:attachment":[{"href":"https:\/\/naturegalapagos.com\/es\/wp-json\/wp\/v2\/media?parent=4489"}],"wp:term":[{"taxonomy":"product_brand","embeddable":true,"href":"https:\/\/naturegalapagos.com\/es\/wp-json\/wp\/v2\/product_brand?post=4489"},{"taxonomy":"product_cat","embeddable":true,"href":"https:\/\/naturegalapagos.com\/es\/wp-json\/wp\/v2\/product_cat?post=4489"},{"taxonomy":"product_tag","embeddable":true,"href":"https:\/\/naturegalapagos.com\/es\/wp-json\/wp\/v2\/product_tag?post=4489"}],"curies":[{"name":"wp","href":"https:\/\/api.w.org\/{rel}","templated":true}]}}