{"id":4528,"date":"2024-12-11T12:22:11","date_gmt":"2024-12-11T17:22:11","guid":{"rendered":"https:\/\/naturegalapagos.com\/es\/?post_type=product&#038;p=4528"},"modified":"2024-12-11T12:22:43","modified_gmt":"2024-12-11T17:22:43","slug":"bellavista-lodge-en-la-reserva-del-bosque-nuboso-tour-de-2-dias","status":"publish","type":"product","link":"https:\/\/naturegalapagos.com\/es\/ecuador-tours\/mindo\/bellavista-lodge-2-dias\/","title":{"rendered":"Bellavista Lodge en la Reserva del Bosque Nuboso  | Tour de 2 d\u00edas"},"content":{"rendered":"<div class=\"wpb-content-wrapper\"><h1><span style=\"font-family: arial, helvetica, sans-serif; font-size: 24px;\">Bellavista Lodge en Reserva del bosque nuboso | Tour de 2 d\u00edas<\/span><\/h1>\n<p><span style=\"font-family: arial, helvetica, sans-serif;\">Nuestro tour de dos d\u00edas <strong>Bellavista Lodge<\/strong> es una excelente manera de pasar en familia con el entorno \u00fanico de nuestro bosque nublado cerca de Quito \u00a1A solo 1 hora y 45 minutos del centro de la ciudad!<\/span><\/p>\n<p><span style=\"font-family: arial, helvetica, sans-serif;\">Ofrecemos a nuestros visitantes una estad\u00eda \u00fanica en el para\u00edso, sobre lo alto del bosque, \u00a1rodeado de miles de colibr\u00edes!<\/span><\/p>\n<p><span style=\"font-family: arial, helvetica, sans-serif;\">Disfrutar\u00e1s de nuestros exquisitos platillos gourmet, las impresionantes perspectivas del bosque y nuestra extensa red de senderos seguros y bien marcados.<\/span><\/p>\n<p><span style=\"font-family: arial, helvetica, sans-serif;\"> <!--more--><\/span><\/p>\n<ul>\n<li><span style=\"font-family: arial, helvetica, sans-serif;\"><strong>Actividades:<\/strong> Breve caminatas , observaci\u00f3n de aves , la fauna y la visualizaci\u00f3n de la naturaleza<\/span><\/li>\n<li><span style=\"font-family: arial, helvetica, sans-serif;\"><strong>Edad:<\/strong>\u00a0 1 a\u00f1o &#8211; 60 a\u00f1os<\/span><\/li>\n<li><span style=\"font-family: arial, helvetica, sans-serif;\"><strong>Tipo de viaje:<\/strong> Aventura sencilla<\/span><\/li>\n<li><span style=\"font-family: arial, helvetica, sans-serif;\"><strong>Tipo de Paquete:<\/strong> \u00a0 \u00a0Todo Incluido <\/span><\/li>\n<li><span style=\"font-family: arial, helvetica, sans-serif;\"><strong>D\u00edas de inicio:<\/strong> Inicia todos los d\u00edas<\/span><\/li>\n<\/ul>\n<h3><span style=\"font-family: arial, helvetica, sans-serif;\">Datos importantes<\/span><\/h3>\n<table class=\"table table-bordered tours-tabs__table\" style=\"height: 181px; width: 856px;\">\n<tbody>\n<tr style=\"height: 24px;\">\n<td style=\"height: 24px; width: 210px;\"><span style=\"font-family: arial, helvetica, sans-serif;\"><strong>LUGAR DE PARTIDA<\/strong><\/span><\/td>\n<td style=\"height: 24px; width: 630px;\"><span style=\"font-family: arial, helvetica, sans-serif;\">Quito.<\/span><\/td>\n<\/tr>\n<tr style=\"height: 24.8125px;\">\n<td style=\"height: 24px; width: 210px;\"><span style=\"font-family: arial, helvetica, sans-serif;\"><strong>LUGAR DE REGRESO<\/strong><\/span><\/td>\n<td style=\"height: 24px; width: 630px;\"><span style=\"font-family: arial, helvetica, sans-serif;\">Quito.<\/span><\/td>\n<\/tr>\n<tr style=\"height: 24px;\">\n<td style=\"height: 24px; width: 210px;\"><span style=\"font-family: arial, helvetica, sans-serif;\"><strong>HORA DE PARTIDA<\/strong><\/span><\/td>\n<td style=\"height: 24px; width: 630px;\"><span style=\"font-family: arial, helvetica, sans-serif;\">Desde tu hotel en Quito a las 6:15 &#8211; 6:60 AM.<\/span><\/td>\n<\/tr>\n<tr style=\"height: 24px;\">\n<td style=\"height: 24px; width: 210px;\"><span style=\"font-family: arial, helvetica, sans-serif;\"><strong>HORA DE REGRESO<\/strong><\/span><\/td>\n<td style=\"height: 24px; width: 630px;\"><span style=\"font-family: arial, helvetica, sans-serif;\">Desde la reserva al siguiente d\u00eda a las 14:30 &#8211; 15:00 PM.<\/span><\/td>\n<\/tr>\n<tr style=\"height: 24px;\">\n<td style=\"height: 24px; width: 210px;\"><span style=\"font-family: arial, helvetica, sans-serif;\"><strong>QU\u00c9 USAR?<\/strong><\/span><\/td>\n<td style=\"height: 24px; width: 630px;\"><span style=\"font-family: arial, helvetica, sans-serif;\">Ropa c\u00f3moda, zapatos para caminar, sombrero, chaqueta y protector solar.<\/span><\/td>\n<\/tr>\n<tr style=\"height: 23px;\">\n<td style=\"height: 23px; width: 210px;\"><span style=\"font-family: arial, helvetica, sans-serif;\"><strong>INCLUYE<\/strong><\/span><\/td>\n<td style=\"height: 23px; width: 630px;\"><span style=\"font-family: arial, helvetica, sans-serif;\"><i class=\"fa fa-check icon-tick icon-tick--on\"><\/i> Transporte ida y vuelta desde Quito.<br \/>\n<i class=\"fa fa-check icon-tick icon-tick--on\"><\/i> 5 comidas.<br \/>\n<\/span><span style=\"font-family: arial, helvetica, sans-serif;\"><i class=\"fa fa-check icon-tick icon-tick--on\"><\/i> 1 Noche de Hospedaje.<\/span><br \/>\n<span style=\"font-family: arial, helvetica, sans-serif;\"> <i class=\"fa fa-check icon-tick icon-tick--on\"><\/i> Gu\u00eda naturalista biling\u00fce, en cada isla visitada o actividad.<br \/>\n<i class=\"fa fa-check icon-tick icon-tick--on\"><\/i> Ingreso a 700 Hectareas de Reserva.<br \/>\n<\/span><\/td>\n<\/tr>\n<tr style=\"height: 38px;\">\n<td style=\"height: 38px; width: 210px;\"><span style=\"font-family: arial, helvetica, sans-serif;\"><b>NO INCLUYE<\/b><\/span><\/td>\n<td style=\"height: 38px; width: 630px;\"><span style=\"font-family: arial, helvetica, sans-serif;\"><i class=\"fa fa-times icon-tick icon-tick--off\"><\/i>\u00a0Gastos no especificados en el programa.<\/span><br \/>\n<span style=\"font-family: arial, helvetica, sans-serif;\"> <i class=\"fa fa-times icon-tick icon-tick--off\"><\/i>\u00a0Bebidas gaseosas y alcoh\u00f3licas.<\/span><br \/>\n<span style=\"font-family: arial, helvetica, sans-serif;\"> <i class=\"fa fa-times icon-tick icon-tick--off\"><\/i> Tips &amp;\u00a0Extras.<\/span><\/td>\n<\/tr>\n<\/tbody>\n<\/table>\n<p>[vc_row][vc_column el_class=&#8221;accocruise&#8221;][vc_column_text]\n<div class=\"panel panel-default accordion__item\">\n\t<div class=\"panel-heading accordion__item__title-wrap\">\n\t\t<h4 class=\"panel-title\">\n\t\t\t<a data-toggle=\"collapse\" data-parent=\"#ataccordion0\" href=\"#ataccordion0_1\" class=\"accordion__item__link collapsed\">Solicite m\u00e1s informaci\u00f3n<\/a>\n\t\t<\/h4>\n\t<\/div>\n\t<div id=\"ataccordion0_1\" class=\"panel-collapse collapse\">\n\t\t<div class=\"panel-body accordion__item__content\">\n                <div class=\"ml-embedded\" data-form=\"MZW2sN\"><\/div>\n            \n<\/div>\n\t<\/div>\n<\/div>[\/vc_column_text][\/vc_column][\/vc_row]<\/p>\n<h2><strong>Por qu\u00e9 Bellavista?<\/strong><\/h2>\n<p><span style=\"font-family: arial, helvetica, sans-serif;\">El bosque nublado, cuyo nombre correcto es bosque lluvioso subtropical o pre-montano se ubica en las pendientes \u00a0de la cordillera andina entre los 900 y 2.500 m.s.n.m. Estos bosques son altamente biodiversos, con abundante vida silvestre y plantas, los cuales han sido poco estudiados<\/span><\/p>\n<p><span style=\"font-family: arial, helvetica, sans-serif;\">La meta de la Reserva es educar al p\u00fablico acerca de la importancia de la biodiversidad en los bosques tropicales de la nube y la creciente importancia de proteger estos ecosistemas \u00fanicos. Bellavista y el valle de Tandayapa cuenta con m\u00e1s de 330 especies de aves registradas &#8230; y la lista sigue creciendo! La Tangara-pinz\u00f3n, cubiertas de felpa gigante Tororoi, uropsalis segmentata, Finch, Bella Jay, y White-faced Nunbird se encuentran todos aqu\u00ed.<\/span><\/p>\n<p><span style=\"font-family: arial, helvetica, sans-serif;\">Los observadores de aves y amantes de la naturaleza de la emoci\u00f3n a la vista de los fruteros de colores brillantes y la Placa con pico de la monta\u00f1a-Tuc\u00e1n, y todo el mundo le encanta sentarse simplemente en nuestra c\u00fapula de cuatro pisos y admirar la multitud de colibr\u00edes que rondan nuestros alimentadores.<\/span><\/p>\n<p><span style=\"font-family: arial, helvetica, sans-serif;\">mam\u00edferos residentes de Bellavista incluyen el oso de anteojos en peligro de extinci\u00f3n, (recientemente capturado por uno de nuestros &#8220;Trampas de la c\u00e1mara&#8221;), as\u00ed como el puma, el coat\u00ed andino y cabeza de mate, y por supuesto el bassaricyon neblina reci\u00e9n descubierto! para nombrar unos pocos.<\/span><\/p>\n<\/div>","protected":false},"excerpt":{"rendered":"<p>Bellavista Lodge en Reserva del bosque nuboso | Tour de 2 d\u00edas Nuestro tour de dos d\u00edas Bellavista Lodge es una excelente manera de pasar en familia con el entorno \u00fanico de nuestro bosque nublado cerca de Quito \u00a1A solo 1 hora y 45 minutos del centro de la ciudad! Ofrecemos a nuestros visitantes una<\/p>\n<div class=\"padding-top text-center\"><a href=\"https:\/\/naturegalapagos.com\/es\/ecuador-tours\/mindo\/bellavista-lodge-2-dias\/\" class=\"atbtn atbtn--medium atbtn--rounded atbtn--transparent\">Leer m\u00e1s<i class=\"atbtn__icon atbtn__icon--right fa fa-long-arrow-right\"><\/i><\/a><\/div>\n","protected":false},"featured_media":4530,"comment_status":"open","ping_status":"closed","template":"","meta":{"_joinchat":[]},"product_brand":[],"product_cat":[3599],"product_tag":[],"class_list":{"0":"post-4528","1":"product","2":"type-product","3":"status-publish","4":"has-post-thumbnail","6":"product_cat-sin-categoria","8":"first","9":"instock","10":"taxable","11":"shipping-taxable","12":"product-type-tour"},"yoast_head":"<!-- This site is optimized with the Yoast SEO Premium plugin v25.6 (Yoast SEO v26.1.1) - https:\/\/yoast.com\/wordpress\/plugins\/seo\/ -->\n<title>Bellavista Lodge en la Reserva del Bosque Nuboso | Tour de 2 d\u00edas<\/title>\n<meta name=\"description\" content=\"Bellavista Lodge ofrece tours de 2 d\u00edas en la reserva del Bosque Nuboso, incluye transporte, comidas, guianzas y acceso a 700 hectareas de reserva natural!\" \/>\n<meta name=\"robots\" content=\"index, follow, max-snippet:-1, max-image-preview:large, max-video-preview:-1\" \/>\n<link rel=\"canonical\" href=\"https:\/\/naturegalapagos.com\/es\/ecuador-tours\/mindo\/bellavista-lodge-2-dias\/\" \/>\n<meta property=\"og:locale\" content=\"es_ES\" \/>\n<meta property=\"og:type\" content=\"article\" \/>\n<meta property=\"og:title\" content=\"Bellavista Lodge en la Reserva del Bosque Nuboso | Tour de 2 d\u00edas\" \/>\n<meta property=\"og:description\" content=\"Bellavista Lodge ofrece tours de 2 d\u00edas en la reserva del Bosque Nuboso, incluye transporte, comidas, guianzas y acceso a 700 hectareas de reserva natural!\" \/>\n<meta property=\"og:url\" content=\"https:\/\/naturegalapagos.com\/es\/ecuador-tours\/mindo\/bellavista-lodge-2-dias\/\" \/>\n<meta property=\"og:site_name\" content=\"Espa\u00f1ol - Nature Galapagos &amp; Ecuador\" \/>\n<meta property=\"article:publisher\" content=\"https:\/\/www.facebook.com\/naturegalapagosecuador\/\" \/>\n<meta property=\"article:modified_time\" content=\"2024-12-11T17:22:43+00:00\" \/>\n<meta property=\"og:image\" content=\"https:\/\/naturegalapagos.com\/es\/wp-content\/uploads\/sites\/3\/2018\/10\/Bellavista-Lodge.jpg\" \/>\n\t<meta property=\"og:image:width\" content=\"1024\" \/>\n\t<meta property=\"og:image:height\" content=\"512\" \/>\n\t<meta property=\"og:image:type\" content=\"image\/jpeg\" \/>\n<meta name=\"twitter:card\" content=\"summary_large_image\" \/>\n<meta name=\"twitter:title\" content=\"Bellavista Lodge en la Reserva del Bosque Nuboso | Tour de 2 d\u00edas\" \/>\n<meta name=\"twitter:description\" content=\"Bellavista Lodge ofrece tours de 2 d\u00edas en la reserva del Bosque Nuboso, incluye transporte, comidas, guianzas y acceso a 700 hectareas de reserva natural!\" \/>\n<meta name=\"twitter:site\" content=\"@naturegalapagos\" \/>\n<meta name=\"twitter:label1\" content=\"Tiempo de lectura\" \/>\n\t<meta name=\"twitter:data1\" content=\"3 minutos\" \/>\n<!-- \/ Yoast SEO Premium plugin. -->","yoast_head_json":{"title":"Bellavista Lodge en la Reserva del Bosque Nuboso | Tour de 2 d\u00edas","description":"Bellavista Lodge ofrece tours de 2 d\u00edas en la reserva del Bosque Nuboso, incluye transporte, comidas, guianzas y acceso a 700 hectareas de reserva natural!","robots":{"index":"index","follow":"follow","max-snippet":"max-snippet:-1","max-image-preview":"max-image-preview:large","max-video-preview":"max-video-preview:-1"},"canonical":"https:\/\/naturegalapagos.com\/es\/ecuador-tours\/mindo\/bellavista-lodge-2-dias\/","og_locale":"es_ES","og_type":"article","og_title":"Bellavista Lodge en la Reserva del Bosque Nuboso | Tour de 2 d\u00edas","og_description":"Bellavista Lodge ofrece tours de 2 d\u00edas en la reserva del Bosque Nuboso, incluye transporte, comidas, guianzas y acceso a 700 hectareas de reserva natural!","og_url":"https:\/\/naturegalapagos.com\/es\/ecuador-tours\/mindo\/bellavista-lodge-2-dias\/","og_site_name":"Espa\u00f1ol - Nature Galapagos &amp; Ecuador","article_publisher":"https:\/\/www.facebook.com\/naturegalapagosecuador\/","article_modified_time":"2024-12-11T17:22:43+00:00","og_image":[{"width":1024,"height":512,"url":"https:\/\/naturegalapagos.com\/es\/wp-content\/uploads\/sites\/3\/2018\/10\/Bellavista-Lodge.jpg","type":"image\/jpeg"}],"twitter_card":"summary_large_image","twitter_title":"Bellavista Lodge en la Reserva del Bosque Nuboso | Tour de 2 d\u00edas","twitter_description":"Bellavista Lodge ofrece tours de 2 d\u00edas en la reserva del Bosque Nuboso, incluye transporte, comidas, guianzas y acceso a 700 hectareas de reserva natural!","twitter_site":"@naturegalapagos","twitter_misc":{"Tiempo de lectura":"3 minutos"},"schema":{"@context":"https:\/\/schema.org","@graph":[{"@type":"WebPage","@id":"https:\/\/naturegalapagos.com\/es\/ecuador-tours\/mindo\/bellavista-lodge-2-dias\/","url":"https:\/\/naturegalapagos.com\/es\/ecuador-tours\/mindo\/bellavista-lodge-2-dias\/","name":"Bellavista Lodge en la Reserva del Bosque Nuboso | Tour de 2 d\u00edas","isPartOf":{"@id":"https:\/\/naturegalapagos.com\/es\/#website"},"primaryImageOfPage":{"@id":"https:\/\/naturegalapagos.com\/es\/ecuador-tours\/mindo\/bellavista-lodge-2-dias\/#primaryimage"},"image":{"@id":"https:\/\/naturegalapagos.com\/es\/ecuador-tours\/mindo\/bellavista-lodge-2-dias\/#primaryimage"},"thumbnailUrl":"https:\/\/naturegalapagos.com\/es\/wp-content\/uploads\/sites\/3\/2018\/10\/Bellavista-Lodge.jpg","datePublished":"2024-12-11T17:22:11+00:00","dateModified":"2024-12-11T17:22:43+00:00","description":"Bellavista Lodge ofrece tours de 2 d\u00edas en la reserva del Bosque Nuboso, incluye transporte, comidas, guianzas y acceso a 700 hectareas de reserva natural!","breadcrumb":{"@id":"https:\/\/naturegalapagos.com\/es\/ecuador-tours\/mindo\/bellavista-lodge-2-dias\/#breadcrumb"},"inLanguage":"es","potentialAction":[{"@type":"ReadAction","target":["https:\/\/naturegalapagos.com\/es\/ecuador-tours\/mindo\/bellavista-lodge-2-dias\/"]}]},{"@type":"ImageObject","inLanguage":"es","@id":"https:\/\/naturegalapagos.com\/es\/ecuador-tours\/mindo\/bellavista-lodge-2-dias\/#primaryimage","url":"https:\/\/naturegalapagos.com\/es\/wp-content\/uploads\/sites\/3\/2018\/10\/Bellavista-Lodge.jpg","contentUrl":"https:\/\/naturegalapagos.com\/es\/wp-content\/uploads\/sites\/3\/2018\/10\/Bellavista-Lodge.jpg","width":1024,"height":512,"caption":"Bellavista Lodge"},{"@type":"BreadcrumbList","@id":"https:\/\/naturegalapagos.com\/es\/ecuador-tours\/mindo\/bellavista-lodge-2-dias\/#breadcrumb","itemListElement":[{"@type":"ListItem","position":1,"name":"Home","item":"https:\/\/naturegalapagos.com\/es\/"},{"@type":"ListItem","position":2,"name":"Tienda","item":"https:\/\/naturegalapagos.com\/es\/tienda\/"},{"@type":"ListItem","position":3,"name":"Bellavista Lodge en la Reserva del Bosque Nuboso | Tour de 2 d\u00edas"}]},{"@type":"WebSite","@id":"https:\/\/naturegalapagos.com\/es\/#website","url":"https:\/\/naturegalapagos.com\/es\/","name":"Espa\u00f1ol - Nature Galapagos & Ecuador","description":"","publisher":{"@id":"https:\/\/naturegalapagos.com\/es\/#organization"},"potentialAction":[{"@type":"SearchAction","target":{"@type":"EntryPoint","urlTemplate":"https:\/\/naturegalapagos.com\/es\/?s={search_term_string}"},"query-input":{"@type":"PropertyValueSpecification","valueRequired":true,"valueName":"search_term_string"}}],"inLanguage":"es"},{"@type":"Organization","@id":"https:\/\/naturegalapagos.com\/es\/#organization","name":"Espa\u00f1ol - Nature Galapagos & Ecuador","url":"https:\/\/naturegalapagos.com\/es\/","logo":{"@type":"ImageObject","inLanguage":"es","@id":"https:\/\/naturegalapagos.com\/es\/#\/schema\/logo\/image\/","url":"https:\/\/naturegalapagos.com\/es\/wp-content\/uploads\/sites\/3\/2016\/10\/Nature-Galapagos-Logo-COM-300x300.jpg","contentUrl":"https:\/\/naturegalapagos.com\/es\/wp-content\/uploads\/sites\/3\/2016\/10\/Nature-Galapagos-Logo-COM-300x300.jpg","width":300,"height":300,"caption":"Espa\u00f1ol - Nature Galapagos & Ecuador"},"image":{"@id":"https:\/\/naturegalapagos.com\/es\/#\/schema\/logo\/image\/"},"sameAs":["https:\/\/www.facebook.com\/naturegalapagosecuador\/","https:\/\/x.com\/naturegalapagos","https:\/\/www.instagram.com\/naturegalapagos\/","https:\/\/www.pinterest.com\/Naturegalapagos\/","https:\/\/www.youtube.com\/user\/NatureGalapagosTours"]}]}},"_links":{"self":[{"href":"https:\/\/naturegalapagos.com\/es\/wp-json\/wp\/v2\/product\/4528","targetHints":{"allow":["GET"]}}],"collection":[{"href":"https:\/\/naturegalapagos.com\/es\/wp-json\/wp\/v2\/product"}],"about":[{"href":"https:\/\/naturegalapagos.com\/es\/wp-json\/wp\/v2\/types\/product"}],"replies":[{"embeddable":true,"href":"https:\/\/naturegalapagos.com\/es\/wp-json\/wp\/v2\/comments?post=4528"}],"wp:featuredmedia":[{"embeddable":true,"href":"https:\/\/naturegalapagos.com\/es\/wp-json\/wp\/v2\/media\/4530"}],"wp:attachment":[{"href":"https:\/\/naturegalapagos.com\/es\/wp-json\/wp\/v2\/media?parent=4528"}],"wp:term":[{"taxonomy":"product_brand","embeddable":true,"href":"https:\/\/naturegalapagos.com\/es\/wp-json\/wp\/v2\/product_brand?post=4528"},{"taxonomy":"product_cat","embeddable":true,"href":"https:\/\/naturegalapagos.com\/es\/wp-json\/wp\/v2\/product_cat?post=4528"},{"taxonomy":"product_tag","embeddable":true,"href":"https:\/\/naturegalapagos.com\/es\/wp-json\/wp\/v2\/product_tag?post=4528"}],"curies":[{"name":"wp","href":"https:\/\/api.w.org\/{rel}","templated":true}]}}