{"id":4533,"date":"2024-08-30T16:10:44","date_gmt":"2024-08-30T20:10:44","guid":{"rendered":"https:\/\/naturegalapagos.com\/es\/?post_type=product&#038;p=4533"},"modified":"2024-08-30T17:09:31","modified_gmt":"2024-08-30T21:09:31","slug":"m-t-crucero-camila-galapagos","status":"publish","type":"product","link":"https:\/\/naturegalapagos.com\/es\/cruceros-galapagos\/crucero-camila-galapagos\/","title":{"rendered":"M\/T Crucero Camila Gal\u00e1pagos"},"content":{"rendered":"<div class=\"wpb-content-wrapper\"><div style=\"display: flex; justify-content: end; margin-bottom: 10px;\"><span style=\"font-family: arial, helvetica, sans-serif;\"><a href=\"https:\/\/naturegalapagos.com\/es\/ofertas-de-viajes\/\" target=\"_blank\" rel=\"noopener\"><img decoding=\"async\" src=\"https:\/\/naturegalapagos.com\/es\/wp-content\/uploads\/sites\/3\/2019\/11\/las-minute-deals-gif_Final_espa\u00f1ol.gif\" width=\"227.5\" height=\"77.25\" \/><\/a><\/span><\/div>\n<h2><span style=\"font-family: arial, helvetica, sans-serif; font-size: 18pt;\"><strong>Descripci\u00f3n del M\/T Crucero Camila Gal\u00e1pagos:<\/strong><\/span><\/h2>\n<p><span style=\"font-family: arial, helvetica, sans-serif;\">La mejor manera de visitar las Islas Gal\u00e1pagos es a bordo de un crucero de lujo y el recientemente construido M\/T <strong>Crucero Camila Gal\u00e1pagos.<\/strong> Esta es la nueva adici\u00f3n a esta clase. Los viajeros se aventurar\u00e1n a varias islas del archipi\u00e9lago, donde van a vivir encuentros naturales con piqueros de picos azules, iguanas, tortugas gigantes, ballenas y muchos m\u00e1s.<\/span><\/p>\n<p><!--more--><\/p>\n<p><span style=\"color: #ff0000;\"><strong>Nota:\u00a0<\/strong><span style=\"color: #000000;\">El crucero se cambio de nombre a &#8220;<strong>Trimar\u00e1n Horizon&#8221;<\/strong>, para m\u00e1s informaci\u00f3n haga <strong><span style=\"color: #3366ff;\"><a style=\"color: #3366ff;\" href=\"https:\/\/naturegalapagos.com\/es\/cruceros-galapagos\/crucero-trimaran-horizon-galapagos\/\" target=\"_blank\" rel=\"noopener\">click aqui<\/a><\/span><\/strong>.<\/span><\/span><\/p>\n<h3><span style=\"font-family: arial, helvetica, sans-serif;\"><strong>CARACTER\u00cdSTICAS PRINCIPALES<\/strong><\/span><\/h3>\n<ul>\n<li><span style=\"font-family: arial, helvetica, sans-serif;\"><span style=\"font-family: arial, helvetica, sans-serif;\">Balcones privados.<\/span><\/span><\/li>\n<li><span style=\"font-family: arial, helvetica, sans-serif;\">Interiores de Lujo.<\/span><\/li>\n<li><span style=\"font-family: arial, helvetica, sans-serif;\">\u00c1rea Social con Jacuzzi.<\/span><\/li>\n<li><span style=\"font-family: arial, helvetica, sans-serif;\">Dise\u00f1o Moderno.<\/span><\/li>\n<\/ul>\n<table style=\"border-collapse: collapse; width: 99.229%; height: 334px;\" border=\"1\">\n<thead>\n<tr style=\"height: 24px; background-color: #009e5d; color: white;\">\n<td style=\"width: 119.413%; text-align: center; height: 24px;\" colspan=\"2\">\n<h4><strong>Especificaciones t\u00e9cnicas<\/strong><\/h4>\n<\/td>\n<\/tr>\n<\/thead>\n<tbody>\n<tr style=\"height: 24px;\">\n<td style=\"width: 16.57%; height: 24px;\"><strong>A\u00f1o de Construcci\u00f3n<\/strong><\/td>\n<td style=\"width: 102.843%; height: 24px;\">Mayo 2018<\/td>\n<\/tr>\n<tr style=\"height: 24px;\">\n<td style=\"width: 16.57%; height: 24px;\"><strong>Tipo:<\/strong><\/td>\n<td style=\"width: 102.843%; height: 24px;\">Trimaran<\/td>\n<\/tr>\n<tr style=\"height: 24px;\">\n<td style=\"width: 16.57%; height: 24px;\"><strong>Longitud:<\/strong><\/td>\n<td style=\"width: 102.843%; height: 24px;\">125ft (38m)<\/td>\n<\/tr>\n<tr style=\"height: 24px;\">\n<td style=\"width: 16.57%; height: 24px;\"><strong>Viga:<\/strong><\/td>\n<td style=\"width: 102.843%; height: 24px;\">43ft (13m)<\/td>\n<\/tr>\n<tr style=\"height: 24px;\">\n<td style=\"width: 16.57%; height: 24px;\"><strong>Calado:<\/strong><\/td>\n<td style=\"width: 102.843%; height: 24px;\">6.2ft (1.9m)<\/td>\n<\/tr>\n<tr style=\"height: 26px;\">\n<td style=\"width: 16.57%; height: 26px;\"><strong>Tonelaje:<\/strong><\/td>\n<td style=\"width: 102.843%; height: 26px;\">540 t<\/td>\n<\/tr>\n<tr style=\"height: 24px;\">\n<td style=\"width: 16.57%; height: 24px;\"><strong>Capacidad:<\/strong><\/td>\n<td style=\"width: 102.843%; height: 24px;\">16 Pasajeros<\/td>\n<\/tr>\n<tr style=\"height: 24px;\">\n<td style=\"width: 16.57%; height: 24px;\"><strong>Alojamiento:<\/strong><\/td>\n<td style=\"width: 102.843%; height: 24px;\"><strong>Cubierta Principal:<\/strong>\n<ul style=\"list-style-type: circle;\">\n<li>2 Cabinas Doble<\/li>\n<li>2 Cabinas Doble<\/li>\n<li>1 Sala<\/li>\n<li>1 Sala de Prensa<\/li>\n<\/ul>\n<p><strong>Cubierta Superior:<\/strong><\/p>\n<ul style=\"list-style-type: circle;\">\n<li>4 Cabinas Doble<\/li>\n<\/ul>\n<p><strong>Solarium:<br \/>\n<\/strong><\/p>\n<ul style=\"list-style-type: circle;\">\n<li>Jacuzzi<\/li>\n<\/ul>\n<\/td>\n<\/tr>\n<tr style=\"height: 24px;\">\n<td style=\"width: 16.57%; height: 24px;\"><strong>Motores principales:<\/strong><\/td>\n<td style=\"width: 102.843%; height: 24px;\">2 X Motores Scania a Diesel DI13 070M 550HP @ 1800RPM<\/td>\n<\/tr>\n<tr style=\"height: 24px;\">\n<td style=\"width: 16.57%; height: 24px;\"><strong>M\u00e1xima velocidad:<\/strong><\/td>\n<td style=\"width: 102.843%; height: 24px;\">11 Nudos<\/td>\n<\/tr>\n<tr style=\"height: 24px;\">\n<td style=\"width: 16.57%; height: 24px;\"><strong>Exterior:<\/strong><\/td>\n<td style=\"width: 102.843%; height: 24px;\">Pl\u00e1stico poli\u00e9ster reforzado con fibra de vidrio.<\/td>\n<\/tr>\n<tr style=\"height: 24px;\">\n<td style=\"width: 16.57%; height: 24px;\"><strong>Tripulaci\u00f3n:<\/strong><\/td>\n<td style=\"width: 102.843%; height: 24px;\">\n<ul style=\"list-style-type: circle;\">\n<li>Capitan<\/li>\n<li>Gu\u00eda Naturalista Biling\u00fce<\/li>\n<li>Gerente de Control de Calidad<\/li>\n<li>9 Otras Personas de Tripulaci\u00f3n<\/li>\n<\/ul>\n<\/td>\n<\/tr>\n<tr style=\"height: 24px;\">\n<td style=\"width: 16.57%; height: 10px;\"><strong>Seguridad y navegaci\u00f3n:<\/strong><\/td>\n<td style=\"width: 102.843%; height: 10px;\"><strong>Todo el equipo cumple o excede el est\u00e1ndar internacional SOLAS.:<\/strong>\n<ul style=\"list-style-type: circle;\">\n<li>2x Balsas Salvavidas para 25 personas<\/li>\n<li>Navtex 300TX FURUNO<\/li>\n<li>2 GPS<\/li>\n<li>Sonda de Profundidad<\/li>\n<li>2 Radares Navales<\/li>\n<li>Sistemas de detecci\u00f3n y prevenci\u00f3n de incendios.<\/li>\n<\/ul>\n<\/td>\n<\/tr>\n<tr style=\"height: 24px;\">\n<td style=\"width: 16.57%; height: 10px;\"><strong>Engranaje disponible:<\/strong><\/td>\n<td style=\"width: 102.843%; height: 10px;\">\n<ul style=\"list-style-type: circle;\">\n<li>Kayaks<\/li>\n<li>Equipo de Snorkeling<\/li>\n<li>Wet Suits<\/li>\n<\/ul>\n<\/td>\n<\/tr>\n<\/tbody>\n<\/table>\n<p>[vc_row][vc_column el_class=&#8221;accocruise&#8221;][vc_column_text]\n<div class=\"panel panel-default accordion__item\">\n\t<div class=\"panel-heading accordion__item__title-wrap\">\n\t\t<h4 class=\"panel-title\">\n\t\t\t<a data-toggle=\"collapse\" data-parent=\"#ataccordion0\" href=\"#ataccordion0_1\" class=\"accordion__item__link collapsed\">SOLICITE M\u00c1S INFORMACI\u00d3N<\/a>\n\t\t<\/h4>\n\t<\/div>\n\t<div id=\"ataccordion0_1\" class=\"panel-collapse collapse\">\n\t\t<div class=\"panel-body accordion__item__content\">\n                <div class=\"ml-embedded\" data-form=\"O0CMuV\"><\/div>\n            \n<\/div>\n\t<\/div>\n<\/div>[\/vc_column_text][\/vc_column][\/vc_row][vc_row][vc_column][\/vc_column][\/vc_row][vc_row][vc_column][vc_column_text]<\/p>\n<p>[\/vc_column_text][\/vc_column][\/vc_row]<\/p>\n<\/div>","protected":false},"excerpt":{"rendered":"<p>Descripci\u00f3n del M\/T Crucero Camila Gal\u00e1pagos: La mejor manera de visitar las Islas Gal\u00e1pagos es a bordo de un crucero de lujo y el recientemente construido M\/T Crucero Camila Gal\u00e1pagos. Esta es la nueva adici\u00f3n a esta clase. Los viajeros se aventurar\u00e1n a varias islas del archipi\u00e9lago, donde van a vivir encuentros naturales con piqueros<\/p>\n<div class=\"padding-top text-center\"><a href=\"https:\/\/naturegalapagos.com\/es\/cruceros-galapagos\/crucero-camila-galapagos\/\" class=\"atbtn atbtn--medium atbtn--rounded atbtn--transparent\">Leer m\u00e1s<i class=\"atbtn__icon atbtn__icon--right fa fa-long-arrow-right\"><\/i><\/a><\/div>\n","protected":false},"featured_media":4537,"comment_status":"open","ping_status":"closed","template":"","meta":{"_joinchat":[]},"product_brand":[],"product_cat":[3599],"product_tag":[],"class_list":{"0":"post-4533","1":"product","2":"type-product","3":"status-publish","4":"has-post-thumbnail","6":"product_cat-sin-categoria","7":"tour_category-crucero-de-lujo","9":"first","10":"instock","11":"taxable","12":"shipping-taxable","13":"product-type-tour"},"yoast_head":"<!-- This site is optimized with the Yoast SEO Premium plugin v25.6 (Yoast SEO v26.1.1) - https:\/\/yoast.com\/wordpress\/plugins\/seo\/ -->\n<title>Crucero Camila Galapagos | Trimaran de Lujo en Galapagos<\/title>\n<meta name=\"description\" content=\"El Crucero Camila Galapagos es un crucero de lujo que navega por las Islas Encantadas, \u00a14 itinerarios diferentes que se adaptan a cada viajero. Clic aqu\u00ed!\" \/>\n<meta name=\"robots\" content=\"index, follow, max-snippet:-1, max-image-preview:large, max-video-preview:-1\" \/>\n<link rel=\"canonical\" href=\"https:\/\/naturegalapagos.com\/es\/cruceros-galapagos\/crucero-camila-galapagos\/\" \/>\n<meta property=\"og:locale\" content=\"es_ES\" \/>\n<meta property=\"og:type\" content=\"article\" \/>\n<meta property=\"og:title\" content=\"Crucero Camila Galapagos | Trimaran de Lujo en Galapagos\" \/>\n<meta property=\"og:description\" content=\"El Crucero Camila Galapagos es un crucero de lujo que navega por las Islas Encantadas, \u00a14 itinerarios diferentes que se adaptan a cada viajero. Clic aqu\u00ed!\" \/>\n<meta property=\"og:url\" content=\"https:\/\/naturegalapagos.com\/es\/cruceros-galapagos\/crucero-camila-galapagos\/\" \/>\n<meta property=\"og:site_name\" content=\"Espa\u00f1ol - Nature Galapagos &amp; Ecuador\" \/>\n<meta property=\"article:publisher\" content=\"https:\/\/www.facebook.com\/naturegalapagosecuador\/\" \/>\n<meta property=\"article:modified_time\" content=\"2024-08-30T21:09:31+00:00\" \/>\n<meta property=\"og:image\" content=\"https:\/\/naturegalapagos.com\/es\/wp-content\/uploads\/sites\/3\/2016\/06\/crucero-sea-star-journey-galapagos.jpg\" \/>\n\t<meta property=\"og:image:width\" content=\"1024\" \/>\n\t<meta property=\"og:image:height\" content=\"512\" \/>\n\t<meta property=\"og:image:type\" content=\"image\/jpeg\" \/>\n<meta name=\"twitter:card\" content=\"summary_large_image\" \/>\n<meta name=\"twitter:title\" content=\"Crucero Camila Galapagos | Trimaran de Lujo en Galapagos\" \/>\n<meta name=\"twitter:description\" content=\"El Crucero Camila Galapagos es un crucero de lujo que navega por las Islas Encantadas, \u00a14 itinerarios diferentes que se adaptan a cada viajero. Clic aqu\u00ed!\" \/>\n<meta name=\"twitter:site\" content=\"@naturegalapagos\" \/>\n<meta name=\"twitter:label1\" content=\"Tiempo de lectura\" \/>\n\t<meta name=\"twitter:data1\" content=\"2 minutos\" \/>\n<!-- \/ Yoast SEO Premium plugin. -->","yoast_head_json":{"title":"Crucero Camila Galapagos | Trimaran de Lujo en Galapagos","description":"El Crucero Camila Galapagos es un crucero de lujo que navega por las Islas Encantadas, \u00a14 itinerarios diferentes que se adaptan a cada viajero. Clic aqu\u00ed!","robots":{"index":"index","follow":"follow","max-snippet":"max-snippet:-1","max-image-preview":"max-image-preview:large","max-video-preview":"max-video-preview:-1"},"canonical":"https:\/\/naturegalapagos.com\/es\/cruceros-galapagos\/crucero-camila-galapagos\/","og_locale":"es_ES","og_type":"article","og_title":"Crucero Camila Galapagos | Trimaran de Lujo en Galapagos","og_description":"El Crucero Camila Galapagos es un crucero de lujo que navega por las Islas Encantadas, \u00a14 itinerarios diferentes que se adaptan a cada viajero. Clic aqu\u00ed!","og_url":"https:\/\/naturegalapagos.com\/es\/cruceros-galapagos\/crucero-camila-galapagos\/","og_site_name":"Espa\u00f1ol - Nature Galapagos &amp; Ecuador","article_publisher":"https:\/\/www.facebook.com\/naturegalapagosecuador\/","article_modified_time":"2024-08-30T21:09:31+00:00","og_image":[{"width":1024,"height":512,"url":"https:\/\/naturegalapagos.com\/es\/wp-content\/uploads\/sites\/3\/2016\/06\/crucero-sea-star-journey-galapagos.jpg","type":"image\/jpeg"}],"twitter_card":"summary_large_image","twitter_title":"Crucero Camila Galapagos | Trimaran de Lujo en Galapagos","twitter_description":"El Crucero Camila Galapagos es un crucero de lujo que navega por las Islas Encantadas, \u00a14 itinerarios diferentes que se adaptan a cada viajero. Clic aqu\u00ed!","twitter_site":"@naturegalapagos","twitter_misc":{"Tiempo de lectura":"2 minutos"},"schema":{"@context":"https:\/\/schema.org","@graph":[{"@type":"WebPage","@id":"https:\/\/naturegalapagos.com\/es\/cruceros-galapagos\/crucero-camila-galapagos\/","url":"https:\/\/naturegalapagos.com\/es\/cruceros-galapagos\/crucero-camila-galapagos\/","name":"Crucero Camila Galapagos | Trimaran de Lujo en Galapagos","isPartOf":{"@id":"https:\/\/naturegalapagos.com\/es\/#website"},"primaryImageOfPage":{"@id":"https:\/\/naturegalapagos.com\/es\/cruceros-galapagos\/crucero-camila-galapagos\/#primaryimage"},"image":{"@id":"https:\/\/naturegalapagos.com\/es\/cruceros-galapagos\/crucero-camila-galapagos\/#primaryimage"},"thumbnailUrl":"https:\/\/naturegalapagos.com\/es\/wp-content\/uploads\/sites\/3\/2018\/11\/crucero-camila-galapagos.jpg","datePublished":"2024-08-30T20:10:44+00:00","dateModified":"2024-08-30T21:09:31+00:00","description":"El Crucero Camila Galapagos es un crucero de lujo que navega por las Islas Encantadas, \u00a14 itinerarios diferentes que se adaptan a cada viajero. Clic aqu\u00ed!","breadcrumb":{"@id":"https:\/\/naturegalapagos.com\/es\/cruceros-galapagos\/crucero-camila-galapagos\/#breadcrumb"},"inLanguage":"es","potentialAction":[{"@type":"ReadAction","target":["https:\/\/naturegalapagos.com\/es\/cruceros-galapagos\/crucero-camila-galapagos\/"]}]},{"@type":"ImageObject","inLanguage":"es","@id":"https:\/\/naturegalapagos.com\/es\/cruceros-galapagos\/crucero-camila-galapagos\/#primaryimage","url":"https:\/\/naturegalapagos.com\/es\/wp-content\/uploads\/sites\/3\/2018\/11\/crucero-camila-galapagos.jpg","contentUrl":"https:\/\/naturegalapagos.com\/es\/wp-content\/uploads\/sites\/3\/2018\/11\/crucero-camila-galapagos.jpg","width":1024,"height":512,"caption":"Crucero Camila Galapagos"},{"@type":"BreadcrumbList","@id":"https:\/\/naturegalapagos.com\/es\/cruceros-galapagos\/crucero-camila-galapagos\/#breadcrumb","itemListElement":[{"@type":"ListItem","position":1,"name":"Home","item":"https:\/\/naturegalapagos.com\/es\/"},{"@type":"ListItem","position":2,"name":"Tienda","item":"https:\/\/naturegalapagos.com\/es\/tienda\/"},{"@type":"ListItem","position":3,"name":"M\/T Crucero Camila Gal\u00e1pagos"}]},{"@type":"WebSite","@id":"https:\/\/naturegalapagos.com\/es\/#website","url":"https:\/\/naturegalapagos.com\/es\/","name":"Espa\u00f1ol - Nature Galapagos & Ecuador","description":"","publisher":{"@id":"https:\/\/naturegalapagos.com\/es\/#organization"},"potentialAction":[{"@type":"SearchAction","target":{"@type":"EntryPoint","urlTemplate":"https:\/\/naturegalapagos.com\/es\/?s={search_term_string}"},"query-input":{"@type":"PropertyValueSpecification","valueRequired":true,"valueName":"search_term_string"}}],"inLanguage":"es"},{"@type":"Organization","@id":"https:\/\/naturegalapagos.com\/es\/#organization","name":"Espa\u00f1ol - Nature Galapagos & Ecuador","url":"https:\/\/naturegalapagos.com\/es\/","logo":{"@type":"ImageObject","inLanguage":"es","@id":"https:\/\/naturegalapagos.com\/es\/#\/schema\/logo\/image\/","url":"https:\/\/naturegalapagos.com\/es\/wp-content\/uploads\/sites\/3\/2016\/10\/Nature-Galapagos-Logo-COM-300x300.jpg","contentUrl":"https:\/\/naturegalapagos.com\/es\/wp-content\/uploads\/sites\/3\/2016\/10\/Nature-Galapagos-Logo-COM-300x300.jpg","width":300,"height":300,"caption":"Espa\u00f1ol - Nature Galapagos & Ecuador"},"image":{"@id":"https:\/\/naturegalapagos.com\/es\/#\/schema\/logo\/image\/"},"sameAs":["https:\/\/www.facebook.com\/naturegalapagosecuador\/","https:\/\/x.com\/naturegalapagos","https:\/\/www.instagram.com\/naturegalapagos\/","https:\/\/www.pinterest.com\/Naturegalapagos\/","https:\/\/www.youtube.com\/user\/NatureGalapagosTours"]}]}},"_links":{"self":[{"href":"https:\/\/naturegalapagos.com\/es\/wp-json\/wp\/v2\/product\/4533","targetHints":{"allow":["GET"]}}],"collection":[{"href":"https:\/\/naturegalapagos.com\/es\/wp-json\/wp\/v2\/product"}],"about":[{"href":"https:\/\/naturegalapagos.com\/es\/wp-json\/wp\/v2\/types\/product"}],"replies":[{"embeddable":true,"href":"https:\/\/naturegalapagos.com\/es\/wp-json\/wp\/v2\/comments?post=4533"}],"wp:featuredmedia":[{"embeddable":true,"href":"https:\/\/naturegalapagos.com\/es\/wp-json\/wp\/v2\/media\/4537"}],"wp:attachment":[{"href":"https:\/\/naturegalapagos.com\/es\/wp-json\/wp\/v2\/media?parent=4533"}],"wp:term":[{"taxonomy":"product_brand","embeddable":true,"href":"https:\/\/naturegalapagos.com\/es\/wp-json\/wp\/v2\/product_brand?post=4533"},{"taxonomy":"product_cat","embeddable":true,"href":"https:\/\/naturegalapagos.com\/es\/wp-json\/wp\/v2\/product_cat?post=4533"},{"taxonomy":"product_tag","embeddable":true,"href":"https:\/\/naturegalapagos.com\/es\/wp-json\/wp\/v2\/product_tag?post=4533"}],"curies":[{"name":"wp","href":"https:\/\/api.w.org\/{rel}","templated":true}]}}