{"id":4605,"date":"2024-12-16T09:03:54","date_gmt":"2024-12-16T14:03:54","guid":{"rendered":"https:\/\/naturegalapagos.com\/es\/?post_type=product&#038;p=4605"},"modified":"2025-06-06T10:46:14","modified_gmt":"2025-06-06T14:46:14","slug":"tour-santa-fe-galapagos-isla-plazas-sur-tour-de-un-dia","status":"publish","type":"product","link":"https:\/\/naturegalapagos.com\/es\/tours-en-galapagos\/tour-santa-fe-galapagos-plazas-sur\/","title":{"rendered":"Tour Santa Fe Galapagos + Isla Plazas Sur | Tour de un d\u00eda"},"content":{"rendered":"<div class=\"wpb-content-wrapper\"><h2><span style=\"font-size: 24px; font-family: arial, helvetica, sans-serif;\"><strong>Tour Santa Fe Gal\u00e1pagos + Isla Plazas Sur | Tour de un d\u00eda<\/strong><\/span><\/h2>\n<p><span style=\"font-family: arial, helvetica, sans-serif;\">Nuestro tour a Santa Fe Gal\u00e1pagos + Isla Plazas Sur se enfoca en visitar dos islas deshabitadas en Gal\u00e1pagos bordo de un lujoso yate. Esta excursi\u00f3n de un d\u00eda te llevar\u00e1 a la Isla de Santa Fe y la Isla Plazas Sur. Disfruta de la comodidad con servicios de catering a bordo para bocadillos y almuerzos, espacio para que todos se relajen, extraordinarios gu\u00edas naturalistas y una tripulaci\u00f3n de primera. Visita la Isla de Santa Fe, hogar de la end\u00e9mica iguana de tierra y un lugar incre\u00edble para practicar snorkel. Luego, navega a la Isla Plazas Sur para observar la colorida vegetaci\u00f3n y la vida silvestre. \u00a1Visita dos islas en un d\u00eda!<\/span><\/p>\n<h3><span style=\"font-size: 12pt; font-family: arial, helvetica, sans-serif;\"><strong>Lo m\u00e1s destacado:<\/strong><\/span><\/h3>\n<ul>\n<li><span style=\"font-family: arial, helvetica, sans-serif;\">Dos islas fabulosas donde abunda la vida natural y las experiencias salvajes.<\/span><\/li>\n<li><span style=\"font-family: arial, helvetica, sans-serif;\">Navega a uno de los paisajes m\u00e1s bonitos de Gal\u00e1pagos.<\/span><\/li>\n<li><span style=\"font-family: arial, helvetica, sans-serif;\">Observa las aves ic\u00f3nicas de Gal\u00e1pagos desde el bote.<\/span><\/li>\n<li><span style=\"font-family: arial, helvetica, sans-serif;\">Sum\u00e9rgete en la playa de Santa Fe y haz snorkel junto a los leones marinos y las tortugas marinas<\/span><\/li>\n<\/ul>\n<p><span style=\"font-family: arial, helvetica, sans-serif;\"><strong>NOTA:<\/strong> Consultar por las tarifas con alimentaci\u00f3n completa o solo desayunos.<\/span><\/p>\n<h3><span style=\"font-family: arial, helvetica, sans-serif;\">Datos importantes<\/span><\/h3>\n<table class=\"table table-bordered tours-tabs__table\" style=\"height: 205px; width: 858px;\">\n<tbody>\n<tr style=\"height: 24px;\">\n<td style=\"height: 24px; width: 211px;\"><span style=\"font-family: arial, helvetica, sans-serif;\"><strong>SALIDA COMPARTIDA<\/strong><\/span><\/td>\n<td style=\"height: 24px; width: 631px;\"><span style=\"font-family: arial, helvetica, sans-serif;\">Todos los Jueves<\/span><\/td>\n<\/tr>\n<tr style=\"height: 24px;\">\n<td style=\"height: 24px; width: 211px;\"><span style=\"font-family: arial, helvetica, sans-serif;\"><strong>LUGAR DE SALIDA<\/strong><\/span><\/td>\n<td style=\"height: 24px; width: 631px;\"><span style=\"font-family: arial, helvetica, sans-serif;\">Punto de encuentro.<\/span><\/td>\n<\/tr>\n<tr style=\"height: 24px;\">\n<td style=\"height: 24px; width: 211px;\"><span style=\"font-family: arial, helvetica, sans-serif;\"><b>LUGAR DE REGRESO<\/b><\/span><\/td>\n<td style=\"height: 24px; width: 631px;\"><span style=\"font-family: arial, helvetica, sans-serif;\">Punto de encuentro.<\/span><\/td>\n<\/tr>\n<tr style=\"height: 24px;\">\n<td style=\"height: 24px; width: 211px;\"><span style=\"font-family: arial, helvetica, sans-serif;\"><strong>HORA DE SALIDA<\/strong><\/span><\/td>\n<td style=\"height: 24px; width: 631px;\"><span style=\"font-family: arial, helvetica, sans-serif;\">Aproximadamente a las 07:00\u00a0am<\/span><\/td>\n<\/tr>\n<tr style=\"height: 24px;\">\n<td style=\"height: 24px; width: 211px;\"><span style=\"font-family: arial, helvetica, sans-serif;\"><b>DURACI\u00d3N<\/b><\/span><\/td>\n<td style=\"height: 24px; width: 631px;\"><span style=\"font-family: arial, helvetica, sans-serif;\">10 horas aproximadamente<\/span><\/td>\n<\/tr>\n<tr style=\"height: 24px;\">\n<td style=\"height: 24px; width: 211px;\"><span style=\"font-family: arial, helvetica, sans-serif;\"><strong>QUE LLEVAR<\/strong><\/span><\/td>\n<td style=\"height: 24px; width: 631px;\"><span style=\"font-family: arial, helvetica, sans-serif;\">Mochila peque\u00f1a (impermeable), zapatos c\u00f3modos para caminar, zapatos deportivos, pantalones cortos o pantalones livianos, camisetas de manga larga y corta, abrigo, traje de ba\u00f1o, gorra o sombrero, bloqueador solar, lentes de sol, binoculares y c\u00e1mara.<\/span><\/td>\n<\/tr>\n<tr style=\"height: 23px;\">\n<td style=\"height: 23px; width: 211px;\"><span style=\"font-family: arial, helvetica, sans-serif;\"><strong>INCLUYE<\/strong><\/span><\/td>\n<td style=\"height: 23px; width: 631px; vertical-align: top;\"><span style=\"font-family: arial, helvetica, sans-serif;\"><i class=\"fa fa-check icon-tick icon-tick--on\"><\/i> Gu\u00eda Naturalista Biling\u00fce.<\/span><br \/>\n<span style=\"font-family: arial, helvetica, sans-serif;\"><i class=\"fa fa-check icon-tick icon-tick--on\"><\/i> Snorkeling equipment.<\/span><br \/>\n<span style=\"font-family: arial, helvetica, sans-serif;\"><i class=\"fa fa-check icon-tick icon-tick--on\"><\/i> Hot Lunch on board.<\/span><br \/>\n<span style=\"font-family: arial, helvetica, sans-serif;\"><i class=\"fa fa-check icon-tick icon-tick--on\"><\/i> Snacks.<\/span><br \/>\n<span style=\"font-family: arial, helvetica, sans-serif;\"><i class=\"fa fa-check icon-tick icon-tick--on\"><\/i> Agua, te y caf\u00e9.<\/span><br \/>\n<span style=\"font-family: arial, helvetica, sans-serif;\"><i class=\"fa fa-check icon-tick icon-tick--on\"><\/i> Toallas.<\/span><\/td>\n<\/tr>\n<tr style=\"height: 38px;\">\n<td style=\"height: 38px; width: 211px;\"><span style=\"font-family: arial, helvetica, sans-serif;\"><b>NO INCLUYE<\/b><\/span><\/td>\n<td style=\"height: 38px; width: 631px;\"><span style=\"font-family: arial, helvetica, sans-serif;\"><i class=\"fa fa-times icon-tick icon-tick--off\"><\/i>\u00a0Wetsuit.<\/span>\n<p><span style=\"font-family: arial, helvetica, sans-serif;\"><i class=\"fa fa-times icon-tick icon-tick--off\"><\/i>\u00a0Entrada al Parque Nacional Galapagos USD\u00a0<strong>200,00 por persona<\/strong><\/span><\/p>\n<p><span style=\"font-family: arial, helvetica, sans-serif;\"><i class=\"fa fa-times icon-tick icon-tick--off\"><\/i> Transporte &#8211; Desde \/ hacia el hotel.<\/span><\/p>\n<p><span style=\"font-family: arial, helvetica, sans-serif;\"><i class=\"fa fa-times icon-tick icon-tick--off\"><\/i> Bebidas extras.<\/span><\/p>\n<p><span style=\"font-family: arial, helvetica, sans-serif;\"><i class=\"fa fa-times icon-tick icon-tick--off\"><\/i> Tips &amp; Gratuities (optional)<\/span><\/p><\/td>\n<\/tr>\n<\/tbody>\n<\/table>\n<p>[vc_row][vc_column el_class=&#8221;accocruise&#8221;][vc_column_text]\n<div class=\"panel panel-default accordion__item\">\n\t<div class=\"panel-heading accordion__item__title-wrap\">\n\t\t<h4 class=\"panel-title\">\n\t\t\t<a data-toggle=\"collapse\" data-parent=\"#ataccordion0\" href=\"#ataccordion0_1\" class=\"accordion__item__link collapsed\">INQUIRE MORE HERE<\/a>\n\t\t<\/h4>\n\t<\/div>\n\t<div id=\"ataccordion0_1\" class=\"panel-collapse collapse\">\n\t\t<div class=\"panel-body accordion__item__content\">\n                <div class=\"ml-embedded\" data-form=\"CdjFvs\"><\/div>\n            \n<\/div>\n\t<\/div>\n<\/div>[\/vc_column_text][\/vc_column][\/vc_row]<\/p>\n<div id=\"footable_parent_7479\"\n         class=\" footable_parent ninja_table_wrapper loading_ninja_table wp_table_data_press_parent semantic_ui \">\n                    <h3 class=\"table_title footable_title\">Tarifas de entrada al Parque Nacional Gal\u00e1pagos<\/h3>\n                                <div\n                class=\"table_description footable_description\">Vigentes desde Agosto de 2024<\/div>\n                    <table data-ninja_table_instance=\"ninja_table_instance_0\" data-footable_id=\"7479\" data-filter-delay=\"1000\" aria-label=\"Tarifas de entrada al Parque Nacional Gal\u00e1pagos\"            id=\"footable_7479\"\n           data-unique_identifier=\"ninja_table_unique_id_1422086471_7479\"\n           class=\" foo-table ninja_footable foo_table_7479 ninja_table_unique_id_1422086471_7479 ui table  nt_type_legacy_table vertical_centered  footable-paging-right ninja_table_search_disabled ninja_table_pro\">\n                <colgroup>\n                            <col class=\"ninja_column_0 \"\/>\n                            <col class=\"ninja_column_1 \"\/>\n                    <\/colgroup>\n        <thead>\n<tr class=\"footable-header\">\n                                        <th scope=\"col\"  class=\"ninja_column_0 ninja_clmn_nm_categoria \">Categor\u00eda<\/th><th scope=\"col\"  class=\"ninja_column_1 ninja_clmn_nm_tarifa_usd \">Tarifa (USD)<\/th><\/tr>\n<\/thead>\n<tbody>\n\n        <tr data-row_id=\"2514\" class=\"ninja_table_row_0 nt_row_id_2514\">\n            <td>Turistas extranjeros (mayores de 12 a\u00f1os)<\/td><td>$200<\/td>        <\/tr>\n            <tr data-row_id=\"2515\" class=\"ninja_table_row_1 nt_row_id_2515\">\n            <td>Ni\u00f1os extranjeros (menores de 12 a\u00f1os)<\/td><td>$100<\/td>        <\/tr>\n            <tr data-row_id=\"2516\" class=\"ninja_table_row_2 nt_row_id_2516\">\n            <td>Turistas de pa\u00edses de la Comunidad Andina y MERCOSUR (mayores de 12 a\u00f1os)<\/td><td>$100<\/td>        <\/tr>\n            <tr data-row_id=\"2517\" class=\"ninja_table_row_3 nt_row_id_2517\">\n            <td>Ni\u00f1os de pa\u00edses de la Comunidad Andina y MERCOSUR (menores de 12 a\u00f1os)<\/td><td>$50<\/td>        <\/tr>\n            <tr data-row_id=\"2518\" class=\"ninja_table_row_4 nt_row_id_2518\">\n            <td>Ecuatorianos y residentes en Ecuador (mayores de 12 a\u00f1os)<\/td><td>$30<\/td>        <\/tr>\n            <tr data-row_id=\"2519\" class=\"ninja_table_row_5 nt_row_id_2519\">\n            <td>Ni\u00f1os ecuatorianos y residentes en Ecuador (menores de 12 a\u00f1os)<\/td><td>$15<\/td>        <\/tr>\n            <tr data-row_id=\"2520\" class=\"ninja_table_row_6 nt_row_id_2520\">\n            <td>Adultos mayores (65 a\u00f1os o m\u00e1s, nacionales o residentes)<\/td><td>$15<\/td>        <\/tr>\n            <tr data-row_id=\"2521\" class=\"ninja_table_row_7 nt_row_id_2521\">\n            <td>Personas con discapacidad (certificadas por CONADIS)<\/td><td>$15<\/td>        <\/tr>\n            <tr data-row_id=\"2522\" class=\"ninja_table_row_8 nt_row_id_2522\">\n            <td>Estudiantes extranjeros matriculados en instituciones ecuatorianas<\/td><td>$50<\/td>        <\/tr>\n            <tr data-row_id=\"2523\" class=\"ninja_table_row_9 nt_row_id_2523\">\n            <td>Ni\u00f1os menores de 2 a\u00f1os (nacionales o extranjeros)<\/td><td>Exentos<\/td>        <\/tr>\n    <\/tbody><!--ninja_tobody_rendering_done-->\n    <\/table>\n    \n    \n    \n<\/div>\n\n<p>&nbsp;<\/p>\n<div id=\"footable_parent_7481\"\n         class=\" footable_parent ninja_table_wrapper loading_ninja_table wp_table_data_press_parent semantic_ui \">\n                    <h3 class=\"table_title footable_title\">Informaci\u00f3n Adicional<\/h3>\n                        <table data-ninja_table_instance=\"ninja_table_instance_1\" data-footable_id=\"7481\" data-filter-delay=\"1000\" aria-label=\"Informaci\u00f3n Adicional\"            id=\"footable_7481\"\n           data-unique_identifier=\"ninja_table_unique_id_663471284_7481\"\n           class=\" foo-table ninja_footable foo_table_7481 ninja_table_unique_id_663471284_7481 ui table  nt_type_legacy_table vertical_centered  footable-paging-right ninjatable_hide_header_row ninja_table_search_disabled ninja_table_pro\">\n                <colgroup>\n                            <col class=\"ninja_column_0 \"\/>\n                            <col class=\"ninja_column_1 \"\/>\n                    <\/colgroup>\n        <thead>\n<tr class=\"footable-header\">\n                                        <th scope=\"col\"  class=\"ninja_column_0 ninja_clmn_nm_forma_de_pago \">Columna 1<\/th><th scope=\"col\"  class=\"ninja_column_1 ninja_clmn_nm_tarjeta_de_conrtol_de_transito \">Columna 2<\/th><\/tr>\n<\/thead>\n<tbody>\n\n        <tr data-row_id=\"2524\" class=\"ninja_table_row_0 nt_row_id_2524\">\n            <td>Forma de pago:<\/td><td>La tarifa se abona en efectivo (USD) al llegar a los aeropuertos de Baltra o San Crist\u00f3bal.<\/td>        <\/tr>\n            <tr data-row_id=\"2525\" class=\"ninja_table_row_1 nt_row_id_2525\">\n            <td>Tarjeta de Control de Tr\u00e1nsito (TCT):<\/td><td>Adem\u00e1s, es obligatorio adquirir esta tarjeta por un valor de $20, la cual se obtiene en los aeropuertos de Quito o Guayaquil antes de abordar el vuelo hacia Gal\u00e1pagos.<\/td>        <\/tr>\n            <tr data-row_id=\"2526\" class=\"ninja_table_row_2 nt_row_id_2526\">\n            <td>Documentaci\u00f3n necesaria:<\/td><td>Pasaporte o c\u00e9dula de identidad vigente, y en el caso de estudiantes extranjeros, presentar el comprobante de matr\u00edcula en una instituci\u00f3n educativa ecuatoriana.<\/td>        <\/tr>\n    <\/tbody><!--ninja_tobody_rendering_done-->\n    <\/table>\n    \n    \n    \n<\/div>\n\n<\/div>","protected":false},"excerpt":{"rendered":"<p>Nuestro Tour Santa Fe Galapagos + Isla Plazas Sur sale todos los Jueves y visita dos de las m\u00e1s bellas islas en un solo d\u00eda. Compra en l\u00ednea aqu\u00ed!<\/p>\n","protected":false},"featured_media":4606,"comment_status":"open","ping_status":"closed","template":"","meta":{"_joinchat":[]},"product_brand":[],"product_cat":[3599],"product_tag":[],"class_list":{"0":"post-4605","1":"product","2":"type-product","3":"status-publish","4":"has-post-thumbnail","6":"product_cat-sin-categoria","7":"tour_category-tours-en-galapagos","9":"first","10":"instock","11":"taxable","12":"shipping-taxable","13":"product-type-tour"},"yoast_head":"<!-- This site is optimized with the Yoast SEO Premium plugin v25.6 (Yoast SEO v26.1.1) - https:\/\/yoast.com\/wordpress\/plugins\/seo\/ -->\n<title>Tour Santa Fe Galapagos + Isla Plazas Sur | Tour de un d\u00eda<\/title>\n<meta name=\"description\" content=\"Nuestro Tour Santa Fe Galapagos + Isla Plazas Sur sale todos los Jueves y visita dos de las m\u00e1s bellas islas en un solo d\u00eda. Compra en l\u00ednea aqu\u00ed!\" \/>\n<meta name=\"robots\" content=\"index, follow, max-snippet:-1, max-image-preview:large, max-video-preview:-1\" \/>\n<link rel=\"canonical\" href=\"https:\/\/naturegalapagos.com\/es\/tours-en-galapagos\/tour-santa-fe-galapagos-plazas-sur\/\" \/>\n<meta property=\"og:locale\" content=\"es_ES\" \/>\n<meta property=\"og:type\" content=\"article\" \/>\n<meta property=\"og:title\" content=\"Tour Santa Fe Galapagos + Isla Plazas Sur | Tour de un d\u00eda\" \/>\n<meta property=\"og:description\" content=\"Nuestro Tour Santa Fe Galapagos + Isla Plazas Sur sale todos los Jueves y visita dos de las m\u00e1s bellas islas en un solo d\u00eda. Compra en l\u00ednea aqu\u00ed!\" \/>\n<meta property=\"og:url\" content=\"https:\/\/naturegalapagos.com\/es\/tours-en-galapagos\/tour-santa-fe-galapagos-plazas-sur\/\" \/>\n<meta property=\"og:site_name\" content=\"Espa\u00f1ol - Nature Galapagos &amp; Ecuador\" \/>\n<meta property=\"article:publisher\" content=\"https:\/\/www.facebook.com\/naturegalapagosecuador\/\" \/>\n<meta property=\"article:modified_time\" content=\"2025-06-06T14:46:14+00:00\" \/>\n<meta property=\"og:image\" content=\"https:\/\/naturegalapagos.com\/es\/wp-content\/uploads\/sites\/3\/2018\/12\/Tour-Santa-Fe-Galapagos.jpg\" \/>\n\t<meta property=\"og:image:width\" content=\"1024\" \/>\n\t<meta property=\"og:image:height\" content=\"512\" \/>\n\t<meta property=\"og:image:type\" content=\"image\/jpeg\" \/>\n<meta name=\"twitter:card\" content=\"summary_large_image\" \/>\n<meta name=\"twitter:title\" content=\"Tour Santa Fe Galapagos + Isla Plazas Sur | Tour de un d\u00eda\" \/>\n<meta name=\"twitter:description\" content=\"Nuestro Tour Santa Fe Galapagos + Isla Plazas Sur sale todos los Jueves y visita dos de las m\u00e1s bellas islas en un solo d\u00eda. Compra en l\u00ednea aqu\u00ed!\" \/>\n<meta name=\"twitter:site\" content=\"@naturegalapagos\" \/>\n<meta name=\"twitter:label1\" content=\"Tiempo de lectura\" \/>\n\t<meta name=\"twitter:data1\" content=\"2 minutos\" \/>\n<!-- \/ Yoast SEO Premium plugin. -->","yoast_head_json":{"title":"Tour Santa Fe Galapagos + Isla Plazas Sur | Tour de un d\u00eda","description":"Nuestro Tour Santa Fe Galapagos + Isla Plazas Sur sale todos los Jueves y visita dos de las m\u00e1s bellas islas en un solo d\u00eda. Compra en l\u00ednea aqu\u00ed!","robots":{"index":"index","follow":"follow","max-snippet":"max-snippet:-1","max-image-preview":"max-image-preview:large","max-video-preview":"max-video-preview:-1"},"canonical":"https:\/\/naturegalapagos.com\/es\/tours-en-galapagos\/tour-santa-fe-galapagos-plazas-sur\/","og_locale":"es_ES","og_type":"article","og_title":"Tour Santa Fe Galapagos + Isla Plazas Sur | Tour de un d\u00eda","og_description":"Nuestro Tour Santa Fe Galapagos + Isla Plazas Sur sale todos los Jueves y visita dos de las m\u00e1s bellas islas en un solo d\u00eda. Compra en l\u00ednea aqu\u00ed!","og_url":"https:\/\/naturegalapagos.com\/es\/tours-en-galapagos\/tour-santa-fe-galapagos-plazas-sur\/","og_site_name":"Espa\u00f1ol - Nature Galapagos &amp; Ecuador","article_publisher":"https:\/\/www.facebook.com\/naturegalapagosecuador\/","article_modified_time":"2025-06-06T14:46:14+00:00","og_image":[{"width":1024,"height":512,"url":"https:\/\/naturegalapagos.com\/es\/wp-content\/uploads\/sites\/3\/2018\/12\/Tour-Santa-Fe-Galapagos.jpg","type":"image\/jpeg"}],"twitter_card":"summary_large_image","twitter_title":"Tour Santa Fe Galapagos + Isla Plazas Sur | Tour de un d\u00eda","twitter_description":"Nuestro Tour Santa Fe Galapagos + Isla Plazas Sur sale todos los Jueves y visita dos de las m\u00e1s bellas islas en un solo d\u00eda. Compra en l\u00ednea aqu\u00ed!","twitter_site":"@naturegalapagos","twitter_misc":{"Tiempo de lectura":"2 minutos"},"schema":{"@context":"https:\/\/schema.org","@graph":[{"@type":"WebPage","@id":"https:\/\/naturegalapagos.com\/es\/tours-en-galapagos\/tour-santa-fe-galapagos-plazas-sur\/","url":"https:\/\/naturegalapagos.com\/es\/tours-en-galapagos\/tour-santa-fe-galapagos-plazas-sur\/","name":"Tour Santa Fe Galapagos + Isla Plazas Sur | Tour de un d\u00eda","isPartOf":{"@id":"https:\/\/naturegalapagos.com\/es\/#website"},"primaryImageOfPage":{"@id":"https:\/\/naturegalapagos.com\/es\/tours-en-galapagos\/tour-santa-fe-galapagos-plazas-sur\/#primaryimage"},"image":{"@id":"https:\/\/naturegalapagos.com\/es\/tours-en-galapagos\/tour-santa-fe-galapagos-plazas-sur\/#primaryimage"},"thumbnailUrl":"https:\/\/naturegalapagos.com\/es\/wp-content\/uploads\/sites\/3\/2018\/12\/Tour-Santa-Fe-Galapagos.jpg","datePublished":"2024-12-16T14:03:54+00:00","dateModified":"2025-06-06T14:46:14+00:00","description":"Nuestro Tour Santa Fe Galapagos + Isla Plazas Sur sale todos los Jueves y visita dos de las m\u00e1s bellas islas en un solo d\u00eda. Compra en l\u00ednea aqu\u00ed!","breadcrumb":{"@id":"https:\/\/naturegalapagos.com\/es\/tours-en-galapagos\/tour-santa-fe-galapagos-plazas-sur\/#breadcrumb"},"inLanguage":"es","potentialAction":[{"@type":"ReadAction","target":["https:\/\/naturegalapagos.com\/es\/tours-en-galapagos\/tour-santa-fe-galapagos-plazas-sur\/"]}]},{"@type":"ImageObject","inLanguage":"es","@id":"https:\/\/naturegalapagos.com\/es\/tours-en-galapagos\/tour-santa-fe-galapagos-plazas-sur\/#primaryimage","url":"https:\/\/naturegalapagos.com\/es\/wp-content\/uploads\/sites\/3\/2018\/12\/Tour-Santa-Fe-Galapagos.jpg","contentUrl":"https:\/\/naturegalapagos.com\/es\/wp-content\/uploads\/sites\/3\/2018\/12\/Tour-Santa-Fe-Galapagos.jpg","width":1024,"height":512,"caption":"Tour Santa Fe Galapagos"},{"@type":"BreadcrumbList","@id":"https:\/\/naturegalapagos.com\/es\/tours-en-galapagos\/tour-santa-fe-galapagos-plazas-sur\/#breadcrumb","itemListElement":[{"@type":"ListItem","position":1,"name":"Home","item":"https:\/\/naturegalapagos.com\/es\/"},{"@type":"ListItem","position":2,"name":"Tienda","item":"https:\/\/naturegalapagos.com\/es\/tienda\/"},{"@type":"ListItem","position":3,"name":"Tour Santa Fe Galapagos + Isla Plazas Sur | Tour de un d\u00eda"}]},{"@type":"WebSite","@id":"https:\/\/naturegalapagos.com\/es\/#website","url":"https:\/\/naturegalapagos.com\/es\/","name":"Espa\u00f1ol - Nature Galapagos & Ecuador","description":"","publisher":{"@id":"https:\/\/naturegalapagos.com\/es\/#organization"},"potentialAction":[{"@type":"SearchAction","target":{"@type":"EntryPoint","urlTemplate":"https:\/\/naturegalapagos.com\/es\/?s={search_term_string}"},"query-input":{"@type":"PropertyValueSpecification","valueRequired":true,"valueName":"search_term_string"}}],"inLanguage":"es"},{"@type":"Organization","@id":"https:\/\/naturegalapagos.com\/es\/#organization","name":"Espa\u00f1ol - Nature Galapagos & Ecuador","url":"https:\/\/naturegalapagos.com\/es\/","logo":{"@type":"ImageObject","inLanguage":"es","@id":"https:\/\/naturegalapagos.com\/es\/#\/schema\/logo\/image\/","url":"https:\/\/naturegalapagos.com\/es\/wp-content\/uploads\/sites\/3\/2016\/10\/Nature-Galapagos-Logo-COM-300x300.jpg","contentUrl":"https:\/\/naturegalapagos.com\/es\/wp-content\/uploads\/sites\/3\/2016\/10\/Nature-Galapagos-Logo-COM-300x300.jpg","width":300,"height":300,"caption":"Espa\u00f1ol - Nature Galapagos & Ecuador"},"image":{"@id":"https:\/\/naturegalapagos.com\/es\/#\/schema\/logo\/image\/"},"sameAs":["https:\/\/www.facebook.com\/naturegalapagosecuador\/","https:\/\/x.com\/naturegalapagos","https:\/\/www.instagram.com\/naturegalapagos\/","https:\/\/www.pinterest.com\/Naturegalapagos\/","https:\/\/www.youtube.com\/user\/NatureGalapagosTours"]}]}},"_links":{"self":[{"href":"https:\/\/naturegalapagos.com\/es\/wp-json\/wp\/v2\/product\/4605","targetHints":{"allow":["GET"]}}],"collection":[{"href":"https:\/\/naturegalapagos.com\/es\/wp-json\/wp\/v2\/product"}],"about":[{"href":"https:\/\/naturegalapagos.com\/es\/wp-json\/wp\/v2\/types\/product"}],"replies":[{"embeddable":true,"href":"https:\/\/naturegalapagos.com\/es\/wp-json\/wp\/v2\/comments?post=4605"}],"wp:featuredmedia":[{"embeddable":true,"href":"https:\/\/naturegalapagos.com\/es\/wp-json\/wp\/v2\/media\/4606"}],"wp:attachment":[{"href":"https:\/\/naturegalapagos.com\/es\/wp-json\/wp\/v2\/media?parent=4605"}],"wp:term":[{"taxonomy":"product_brand","embeddable":true,"href":"https:\/\/naturegalapagos.com\/es\/wp-json\/wp\/v2\/product_brand?post=4605"},{"taxonomy":"product_cat","embeddable":true,"href":"https:\/\/naturegalapagos.com\/es\/wp-json\/wp\/v2\/product_cat?post=4605"},{"taxonomy":"product_tag","embeddable":true,"href":"https:\/\/naturegalapagos.com\/es\/wp-json\/wp\/v2\/product_tag?post=4605"}],"curies":[{"name":"wp","href":"https:\/\/api.w.org\/{rel}","templated":true}]}}