{"id":4683,"date":"2024-08-27T12:18:57","date_gmt":"2024-08-27T16:18:57","guid":{"rendered":"https:\/\/naturegalapagos.com\/es\/?post_type=product&#038;p=4683"},"modified":"2024-08-27T13:19:11","modified_gmt":"2024-08-27T17:19:11","slug":"m-y-grand-queen-beatriz-galapagos","status":"publish","type":"product","link":"https:\/\/naturegalapagos.com\/es\/cruceros-galapagos\/grand-queen-beatriz\/","title":{"rendered":"M\/Y Grand Queen Beatriz Galapagos"},"content":{"rendered":"<div class=\"wpb-content-wrapper\"><p>&nbsp;<\/p>\n<div style=\"display: flex; justify-content: end; margin-bottom: 10px;\"><span style=\"font-family: arial, helvetica, sans-serif;\"><a href=\"https:\/\/naturegalapagos.com\/es\/ofertas-de-viajes\/\" target=\"_blank\" rel=\"noopener\"><img decoding=\"async\" src=\"https:\/\/naturegalapagos.com\/es\/wp-content\/uploads\/sites\/3\/2019\/11\/las-minute-deals-gif_Final_espa\u00f1ol.gif\" width=\"227.5\" height=\"77.25\" \/><\/a><\/span><\/div>\n<h2><span style=\"font-family: arial, helvetica, sans-serif;\"><strong>M\/Y Grand Queen Beatriz Galapagos<\/strong><\/span><\/h2>\n<p><span style=\"font-family: arial, helvetica, sans-serif;\">El M\/Y Grand Queen Beatriz, es un yate a motor para 16 pasajeros construido en 2018 con tecnolog\u00eda de punta. Ofrece nueve cabinas con aire acondicionado, todas con vista al mar para disfrutar del maravilloso paisaje del archipi\u00e9lago, cuenta con ba\u00f1os privados para descansar con privacidad y confort. As\u00ed mismo, tiene cuatro amplias cabinas de lujo con balcones privados. Los viajeros pueden disfrutar de jacuzzi, comedor y bar en cualquier momento del viaje.<\/span><\/p>\n<p><span style=\"font-family: arial, helvetica, sans-serif;\"><!--more--><\/span><\/p>\n<h3><span style=\"font-family: arial, helvetica, sans-serif; font-size: 20px;\"><strong>Caracter\u00edsticas<\/strong><\/span><\/h3>\n<ul>\n<li><span style=\"font-family: arial, helvetica, sans-serif;\">El crucero M\/Y Grand Queen Beatriz Gal\u00e1pagos puede hospedar hasta 16 pasajeros.<\/span><\/li>\n<li><span style=\"font-family: arial, helvetica, sans-serif;\">Cuenta con 5 cabinas est\u00e1ndar con ba\u00f1o privado y vista al mar.<\/span><\/li>\n<li><span style=\"font-family: arial, helvetica, sans-serif;\">Tiene 4 amplias suites con balc\u00f3n privado.<\/span><\/li>\n<li><span style=\"font-family: arial, helvetica, sans-serif;\">Disfruta de su relajante jacuzzi ubicado en el sol\u00e1rium.<\/span><\/li>\n<li><span style=\"font-family: arial, helvetica, sans-serif;\">Del\u00e9itate con los mejores platillos en cualquiera de sus 2 comedores (cubierta principal y terraza).<\/span><\/li>\n<\/ul>\n<h3 style=\"text-align: justify;\"><span style=\"font-family: arial, helvetica, sans-serif; font-size: 20px;\"><strong>Alojamiento y Distribuci\u00f3n en el Grand Queen Beatriz<\/strong><\/span><\/h3>\n<p style=\"text-align: justify;\"><span style=\"font-family: arial, helvetica, sans-serif;\">Todas las cabinas est\u00e1ndar est\u00e1n ubicadas en la cubierta principal, las 4 cabinas Junior est\u00e1n ubicadas en la cubierta superior (todas las cabinas tienen ba\u00f1os privados con vista al mar).<\/span><br \/>\n<span style=\"font-family: arial, helvetica, sans-serif;\">Los gu\u00edas informaran al grupo sobre las actividades cada d\u00eda en la sala de estar, all\u00ed tambi\u00e9n puedes encontrar un televisor con reproductor de DVD, libros y juegos de mesa.<\/span><br \/>\n<span style=\"font-family: arial, helvetica, sans-serif;\">Disfruta de lo mejor de la cocina internacional y nacional en cualquiera de sus 2 comedores, y de una selecci\u00f3n de vinos con una fant\u00e1stica vista panor\u00e1mica, mientras pruebas el bar exquisitas bebidas alcoh\u00f3licas a bordo del Grand Queen Beatriz.<\/span><\/p>\n<table style=\"border-collapse: collapse; width: 100%; height: 234px;\">\n<tbody>\n<tr style=\"height: 18px;\">\n<td style=\"width: 100%; height: 18px; text-align: center;\" colspan=\"2\">\n<h4><span style=\"font-family: arial, helvetica, sans-serif;\"><strong>ESPECIFICACIONES T\u00c9CNICAS<\/strong><\/span><\/h4>\n<\/td>\n<\/tr>\n<tr>\n<td style=\"width: 25.5801%;\"><span style=\"font-family: arial, helvetica, sans-serif;\"><b>CAPACIDAD<\/b><\/span><\/td>\n<td style=\"width: 74.4199%;\"><span style=\"font-family: arial, helvetica, sans-serif;\">16 en 9 cabinas dobles.<\/span><\/td>\n<\/tr>\n<tr>\n<td style=\"width: 25.5801%;\"><span style=\"font-family: arial, helvetica, sans-serif;\"><strong>DIMENSI\u00d3N DE LAS CABINAS<\/strong><\/span><\/td>\n<td style=\"width: 74.4199%;\"><span style=\"font-family: arial, helvetica, sans-serif;\">20\/25 metros cuadrados.<\/span><\/td>\n<\/tr>\n<tr>\n<td style=\"width: 25.5801%;\"><span style=\"font-family: arial, helvetica, sans-serif;\"><b>TAMA\u00d1O DE LOS BA\u00d1OS<\/b><\/span><\/td>\n<td style=\"width: 74.4199%;\"><span style=\"font-family: arial, helvetica, sans-serif;\">3.78 metros cuadrados.<\/span><\/td>\n<\/tr>\n<tr>\n<td style=\"width: 25.5801%;\"><span style=\"font-family: arial, helvetica, sans-serif;\"><strong>DIMENSI\u00d3N DE LOS BALCONES<\/strong><\/span><\/td>\n<td style=\"width: 74.4199%;\"><span style=\"font-family: arial, helvetica, sans-serif;\">2.7 x 1.3 metros.<\/span><\/td>\n<\/tr>\n<tr>\n<td style=\"width: 25.5801%;\"><span style=\"font-family: arial, helvetica, sans-serif;\"><strong>TIPO DE CASCO<\/strong><\/span><\/td>\n<td style=\"width: 74.4199%;\"><span style=\"font-family: arial, helvetica, sans-serif;\">Acero Naval.<\/span><\/td>\n<\/tr>\n<tr>\n<td style=\"width: 25.5801%;\"><span style=\"font-family: arial, helvetica, sans-serif;\"><strong>LONGITUD<\/strong><\/span><\/td>\n<td style=\"width: 74.4199%;\"><span style=\"font-family: arial, helvetica, sans-serif;\">41 x 9.5 metros.<\/span><\/td>\n<\/tr>\n<tr>\n<td style=\"width: 25.5801%;\"><span style=\"font-family: arial, helvetica, sans-serif;\"><strong>BOTES SALVAVIDAS<\/strong><\/span><\/td>\n<td style=\"width: 74.4199%;\"><span style=\"font-family: arial, helvetica, sans-serif;\">2 de cada uno puedo llevar 15 pasajeros.<\/span><\/td>\n<\/tr>\n<tr>\n<td style=\"width: 25.5801%;\"><span style=\"font-family: arial, helvetica, sans-serif;\"><b>CHALECOS SALVAVIDAS<\/b><\/span><\/td>\n<td style=\"width: 74.4199%;\"><span style=\"font-family: arial, helvetica, sans-serif;\">20 chalecos salvavidas tipo 1 y 16 para los zodiacs m\u00e1s 4 para ni\u00f1os.<\/span><\/td>\n<\/tr>\n<tr>\n<td style=\"width: 25.5801%;\"><span style=\"font-family: arial, helvetica, sans-serif;\"><strong>VELOCIDAD<\/strong><\/span><\/td>\n<td style=\"width: 74.4199%;\"><span style=\"font-family: arial, helvetica, sans-serif;\">12 nudos.<\/span><\/td>\n<\/tr>\n<tr>\n<td style=\"width: 25.5801%;\"><span style=\"font-family: arial, helvetica, sans-serif;\"><b>CAMAS<\/b><\/span><\/td>\n<td style=\"width: 74.4199%;\"><span style=\"font-family: arial, helvetica, sans-serif;\">Camas bajas.<\/span><\/td>\n<\/tr>\n<tr>\n<td style=\"width: 25.5801%;\"><span style=\"font-family: arial, helvetica, sans-serif;\"><strong>DIMENSI\u00d3N DE LAS CAMAS<\/strong><\/span><\/td>\n<td style=\"width: 74.4199%;\"><span style=\"font-family: arial, helvetica, sans-serif;\">Cama Queen &#8211; Camas Twin<\/span><\/td>\n<\/tr>\n<tr>\n<td style=\"width: 25.5801%;\"><span style=\"font-family: arial, helvetica, sans-serif;\"><strong>COMODIDADES<\/strong><\/span><\/td>\n<td style=\"width: 74.4199%;\"><span style=\"font-family: arial, helvetica, sans-serif;\">A\/C, agua caliente, ba\u00f1o privado.<\/span><\/td>\n<\/tr>\n<tr>\n<td style=\"width: 25.5801%;\"><span style=\"font-family: arial, helvetica, sans-serif;\"><strong>EQUIPO DE SNORKELING<\/strong><\/span><\/td>\n<td style=\"width: 74.4199%;\"><span style=\"font-family: arial, helvetica, sans-serif;\">25 sets de equipos de snorkel incluyendo aletas en diferentes tama\u00f1os.<\/span><\/td>\n<\/tr>\n<tr>\n<td style=\"width: 25.5801%;\"><span style=\"font-family: arial, helvetica, sans-serif;\"><strong>WET SUITS<\/strong><\/span><\/td>\n<td style=\"width: 74.4199%;\"><span style=\"font-family: arial, helvetica, sans-serif;\">25 wet suits para adultos.<\/span><\/td>\n<\/tr>\n<tr>\n<td style=\"width: 25.5801%;\"><span style=\"font-family: arial, helvetica, sans-serif;\"><strong>VOLTAJE Y ENCHUJES<\/strong><\/span><\/td>\n<td style=\"width: 74.4199%;\"><span style=\"font-family: arial, helvetica, sans-serif;\">110V en cabinas con enchufes planos norteamericanos.<\/span><\/td>\n<\/tr>\n<tr>\n<td style=\"width: 25.5801%;\"><span style=\"font-family: arial, helvetica, sans-serif;\"><strong>DISE\u00d1O DEL BARCO<\/strong><\/span><\/td>\n<td style=\"width: 74.4199%;\"><span style=\"font-family: arial, helvetica, sans-serif;\">3 niveles, 1 comedor, 1 sal\u00f3n con reproductor de DVD, 1 bar, 1 sol\u00e1rium con Yacuzzi, bar y 1 comedor abierto.<\/span><\/td>\n<\/tr>\n<tr>\n<td style=\"width: 25.5801%;\"><span style=\"font-family: arial, helvetica, sans-serif;\"><strong>A\u00d1O DE CONSTRUCCI\u00d3N<\/strong><\/span><\/td>\n<td style=\"width: 74.4199%;\"><span style=\"font-family: arial, helvetica, sans-serif;\">2018.<\/span><\/td>\n<\/tr>\n<tr>\n<td style=\"width: 25.5801%;\"><span style=\"font-family: arial, helvetica, sans-serif;\"><strong>SIGUIENTE MANTENIMIENTO<\/strong><\/span><\/td>\n<td style=\"width: 74.4199%;\"><span style=\"font-family: arial, helvetica, sans-serif;\">2020.<\/span><\/td>\n<\/tr>\n<\/tbody>\n<\/table>\n<p>&nbsp;<\/p>\n<h3><span style=\"font-family: arial, helvetica, sans-serif;\">Planos de cubierta<\/span><\/h3>\n<div id=\"gallery_1\" class=\"gallery\">\n<div class=\"row gallery__items\">\n\t\t\t\t\t<div class=\"col-sm-4 gallery__item-wrap\" data-filterid=\"\">\n\t\t\t<a href=\"https:\/\/naturegalapagos.com\/es\/wp-content\/uploads\/sites\/3\/2024\/01\/main.png\" class=\"swipebox gallery__item\" title=\"Plano principal\">\n\t\t\t\t<img decoding=\"async\" width=\"720\" height=\"304\" src=\"https:\/\/naturegalapagos.com\/es\/wp-content\/uploads\/sites\/3\/2024\/01\/main-720x304.png\" class=\"attachment-thumb_gallery size-thumb_gallery\" alt=\"Plano principal del yate Grand Queen Beatriz\" \/>\t\t\t\t<span class=\"gallery__item__info\">\n\t\t\t\t\t<span class=\"gallery__item__info__content\">\n\t\t\t\t\t\t<span class=\"gallery__item__title\">Plano principal<\/span>\n\t\t\t\t\t\t\t\t\t\t<\/span>\n\t\t\t\t\t<span class=\"gallery__item__shadow\"><\/span>\n\t\t\t\t<\/span>\n\t\t\t<\/a>\n\t\t<\/div>\n\t\t\t\t\t<div class=\"col-sm-4 gallery__item-wrap\" data-filterid=\"\">\n\t\t\t<a href=\"https:\/\/naturegalapagos.com\/es\/wp-content\/uploads\/sites\/3\/2024\/01\/upper.png\" class=\"swipebox gallery__item\" title=\"Plano superior\">\n\t\t\t\t<img decoding=\"async\" width=\"720\" height=\"304\" src=\"https:\/\/naturegalapagos.com\/es\/wp-content\/uploads\/sites\/3\/2024\/01\/upper-720x304.png\" class=\"attachment-thumb_gallery size-thumb_gallery\" alt=\"Plano superior del yate Grand Queen Beatriz\" \/>\t\t\t\t<span class=\"gallery__item__info\">\n\t\t\t\t\t<span class=\"gallery__item__info__content\">\n\t\t\t\t\t\t<span class=\"gallery__item__title\">Plano superior<\/span>\n\t\t\t\t\t\t\t\t\t\t<\/span>\n\t\t\t\t\t<span class=\"gallery__item__shadow\"><\/span>\n\t\t\t\t<\/span>\n\t\t\t<\/a>\n\t\t<\/div>\n\t\t\t\t\t<div class=\"col-sm-4 gallery__item-wrap\" data-filterid=\"\">\n\t\t\t<a href=\"https:\/\/naturegalapagos.com\/es\/wp-content\/uploads\/sites\/3\/2024\/01\/sun.png\" class=\"swipebox gallery__item\" title=\"Solarium\">\n\t\t\t\t<img decoding=\"async\" width=\"720\" height=\"304\" src=\"https:\/\/naturegalapagos.com\/es\/wp-content\/uploads\/sites\/3\/2024\/01\/sun-720x304.png\" class=\"attachment-thumb_gallery size-thumb_gallery\" alt=\"Solarium del yate Grand Queen Beatriz\" \/>\t\t\t\t<span class=\"gallery__item__info\">\n\t\t\t\t\t<span class=\"gallery__item__info__content\">\n\t\t\t\t\t\t<span class=\"gallery__item__title\">Solarium<\/span>\n\t\t\t\t\t\t\t\t\t\t<\/span>\n\t\t\t\t\t<span class=\"gallery__item__shadow\"><\/span>\n\t\t\t\t<\/span>\n\t\t\t<\/a>\n\t\t<\/div>\n\t<\/div>\n<\/div>\n<p>[vc_row][vc_column][vc_column_text]\n<div class=\"panel panel-default accordion__item\">\n\t<div class=\"panel-heading accordion__item__title-wrap\">\n\t\t<h4 class=\"panel-title\">\n\t\t\t<a data-toggle=\"collapse\" data-parent=\"#ataccordion0\" href=\"#ataccordion0_1\" class=\"accordion__item__link collapsed\">Solicite m\u00e1s informaci\u00f3n<\/a>\n\t\t<\/h4>\n\t<\/div>\n\t<div id=\"ataccordion0_1\" class=\"panel-collapse collapse\">\n\t\t<div class=\"panel-body accordion__item__content\">\n                <div class=\"ml-embedded\" data-form=\"7O3i2j\"><\/div>\n            \n<\/div>\n\t<\/div>\n<\/div>[\/vc_column_text][\/vc_column][\/vc_row]<\/p>\n<\/div>","protected":false},"excerpt":{"rendered":"<p>&nbsp; M\/Y Grand Queen Beatriz Galapagos El M\/Y Grand Queen Beatriz, es un yate a motor para 16 pasajeros construido en 2018 con tecnolog\u00eda de punta. Ofrece nueve cabinas con aire acondicionado, todas con vista al mar para disfrutar del maravilloso paisaje del archipi\u00e9lago, cuenta con ba\u00f1os privados para descansar con privacidad y confort. As\u00ed<\/p>\n<div class=\"padding-top text-center\"><a href=\"https:\/\/naturegalapagos.com\/es\/cruceros-galapagos\/grand-queen-beatriz\/\" class=\"atbtn atbtn--medium atbtn--rounded atbtn--transparent\">Leer m\u00e1s<i class=\"atbtn__icon atbtn__icon--right fa fa-long-arrow-right\"><\/i><\/a><\/div>\n","protected":false},"featured_media":4693,"comment_status":"open","ping_status":"closed","template":"","meta":{"_joinchat":[]},"product_brand":[],"product_cat":[3599],"product_tag":[],"class_list":{"0":"post-4683","1":"product","2":"type-product","3":"status-publish","4":"has-post-thumbnail","6":"product_cat-sin-categoria","7":"tour_category-crucero-de-lujo","9":"first","10":"instock","11":"taxable","12":"shipping-taxable","13":"product-type-tour"},"yoast_head":"<!-- This site is optimized with the Yoast SEO Premium plugin v25.6 (Yoast SEO v26.1.1) - https:\/\/yoast.com\/wordpress\/plugins\/seo\/ -->\n<title>M\/Y Grand Queen Beatriz Galapagos | Primera clase<\/title>\n<meta name=\"description\" content=\"El Crucero Grand Queen Beatriz puede hospedar hasta 16 pasajeros, cuenta con una tripulaci\u00f3n que se encargar\u00e1 de hacerte vivir una experiencia inolvidable!\" \/>\n<meta name=\"robots\" content=\"index, follow, max-snippet:-1, max-image-preview:large, max-video-preview:-1\" \/>\n<link rel=\"canonical\" href=\"https:\/\/naturegalapagos.com\/es\/cruceros-galapagos\/grand-queen-beatriz\/\" \/>\n<meta property=\"og:locale\" content=\"es_ES\" \/>\n<meta property=\"og:type\" content=\"article\" \/>\n<meta property=\"og:title\" content=\"M\/Y Grand Queen Beatriz Galapagos | Yate de Lujo\" \/>\n<meta property=\"og:description\" content=\"El Crucero Grand Queen Beatriz puede hospedar hasta 16 pasajeros, cuenta con una tripulaci\u00f3n que se encargar\u00e1 de hacerte vivir una experiencia inolvidable!\" \/>\n<meta property=\"og:url\" content=\"https:\/\/naturegalapagos.com\/es\/cruceros-galapagos\/grand-queen-beatriz\/\" \/>\n<meta property=\"og:site_name\" content=\"Espa\u00f1ol - Nature Galapagos &amp; Ecuador\" \/>\n<meta property=\"article:publisher\" content=\"https:\/\/www.facebook.com\/naturegalapagosecuador\/\" \/>\n<meta property=\"article:modified_time\" content=\"2024-08-27T17:19:11+00:00\" \/>\n<meta property=\"og:image\" content=\"https:\/\/naturegalapagos.com\/es\/wp-content\/uploads\/sites\/3\/2019\/02\/Grand-Queen-Beatriz.jpg\" \/>\n\t<meta property=\"og:image:width\" content=\"1024\" \/>\n\t<meta property=\"og:image:height\" content=\"512\" \/>\n\t<meta property=\"og:image:type\" content=\"image\/jpeg\" \/>\n<meta name=\"twitter:card\" content=\"summary_large_image\" \/>\n<meta name=\"twitter:title\" content=\"M\/Y Grand Queen Beatriz Galapagos | Yate de Lujo\" \/>\n<meta name=\"twitter:description\" content=\"El Crucero Grand Queen Beatriz puede hospedar hasta 16 pasajeros, cuenta con una tripulaci\u00f3n que se encargar\u00e1 de hacerte vivir una experiencia inolvidable!\" \/>\n<meta name=\"twitter:site\" content=\"@naturegalapagos\" \/>\n<meta name=\"twitter:label1\" content=\"Tiempo de lectura\" \/>\n\t<meta name=\"twitter:data1\" content=\"3 minutos\" \/>\n<!-- \/ Yoast SEO Premium plugin. -->","yoast_head_json":{"title":"M\/Y Grand Queen Beatriz Galapagos | Primera clase","description":"El Crucero Grand Queen Beatriz puede hospedar hasta 16 pasajeros, cuenta con una tripulaci\u00f3n que se encargar\u00e1 de hacerte vivir una experiencia inolvidable!","robots":{"index":"index","follow":"follow","max-snippet":"max-snippet:-1","max-image-preview":"max-image-preview:large","max-video-preview":"max-video-preview:-1"},"canonical":"https:\/\/naturegalapagos.com\/es\/cruceros-galapagos\/grand-queen-beatriz\/","og_locale":"es_ES","og_type":"article","og_title":"M\/Y Grand Queen Beatriz Galapagos | Yate de Lujo","og_description":"El Crucero Grand Queen Beatriz puede hospedar hasta 16 pasajeros, cuenta con una tripulaci\u00f3n que se encargar\u00e1 de hacerte vivir una experiencia inolvidable!","og_url":"https:\/\/naturegalapagos.com\/es\/cruceros-galapagos\/grand-queen-beatriz\/","og_site_name":"Espa\u00f1ol - Nature Galapagos &amp; Ecuador","article_publisher":"https:\/\/www.facebook.com\/naturegalapagosecuador\/","article_modified_time":"2024-08-27T17:19:11+00:00","og_image":[{"width":1024,"height":512,"url":"https:\/\/naturegalapagos.com\/es\/wp-content\/uploads\/sites\/3\/2019\/02\/Grand-Queen-Beatriz.jpg","type":"image\/jpeg"}],"twitter_card":"summary_large_image","twitter_title":"M\/Y Grand Queen Beatriz Galapagos | Yate de Lujo","twitter_description":"El Crucero Grand Queen Beatriz puede hospedar hasta 16 pasajeros, cuenta con una tripulaci\u00f3n que se encargar\u00e1 de hacerte vivir una experiencia inolvidable!","twitter_site":"@naturegalapagos","twitter_misc":{"Tiempo de lectura":"3 minutos"},"schema":{"@context":"https:\/\/schema.org","@graph":[{"@type":"WebPage","@id":"https:\/\/naturegalapagos.com\/es\/cruceros-galapagos\/grand-queen-beatriz\/","url":"https:\/\/naturegalapagos.com\/es\/cruceros-galapagos\/grand-queen-beatriz\/","name":"M\/Y Grand Queen Beatriz Galapagos | Primera clase","isPartOf":{"@id":"https:\/\/naturegalapagos.com\/es\/#website"},"primaryImageOfPage":{"@id":"https:\/\/naturegalapagos.com\/es\/cruceros-galapagos\/grand-queen-beatriz\/#primaryimage"},"image":{"@id":"https:\/\/naturegalapagos.com\/es\/cruceros-galapagos\/grand-queen-beatriz\/#primaryimage"},"thumbnailUrl":"https:\/\/naturegalapagos.com\/es\/wp-content\/uploads\/sites\/3\/2019\/02\/Grand-Queen-Beatriz.jpg","datePublished":"2024-08-27T16:18:57+00:00","dateModified":"2024-08-27T17:19:11+00:00","description":"El Crucero Grand Queen Beatriz puede hospedar hasta 16 pasajeros, cuenta con una tripulaci\u00f3n que se encargar\u00e1 de hacerte vivir una experiencia inolvidable!","breadcrumb":{"@id":"https:\/\/naturegalapagos.com\/es\/cruceros-galapagos\/grand-queen-beatriz\/#breadcrumb"},"inLanguage":"es","potentialAction":[{"@type":"ReadAction","target":["https:\/\/naturegalapagos.com\/es\/cruceros-galapagos\/grand-queen-beatriz\/"]}]},{"@type":"ImageObject","inLanguage":"es","@id":"https:\/\/naturegalapagos.com\/es\/cruceros-galapagos\/grand-queen-beatriz\/#primaryimage","url":"https:\/\/naturegalapagos.com\/es\/wp-content\/uploads\/sites\/3\/2019\/02\/Grand-Queen-Beatriz.jpg","contentUrl":"https:\/\/naturegalapagos.com\/es\/wp-content\/uploads\/sites\/3\/2019\/02\/Grand-Queen-Beatriz.jpg","width":1024,"height":512,"caption":"Grand Queen Beatriz"},{"@type":"BreadcrumbList","@id":"https:\/\/naturegalapagos.com\/es\/cruceros-galapagos\/grand-queen-beatriz\/#breadcrumb","itemListElement":[{"@type":"ListItem","position":1,"name":"Home","item":"https:\/\/naturegalapagos.com\/es\/"},{"@type":"ListItem","position":2,"name":"Tienda","item":"https:\/\/naturegalapagos.com\/es\/tienda\/"},{"@type":"ListItem","position":3,"name":"M\/Y Grand Queen Beatriz Galapagos"}]},{"@type":"WebSite","@id":"https:\/\/naturegalapagos.com\/es\/#website","url":"https:\/\/naturegalapagos.com\/es\/","name":"Espa\u00f1ol - Nature Galapagos & Ecuador","description":"","publisher":{"@id":"https:\/\/naturegalapagos.com\/es\/#organization"},"potentialAction":[{"@type":"SearchAction","target":{"@type":"EntryPoint","urlTemplate":"https:\/\/naturegalapagos.com\/es\/?s={search_term_string}"},"query-input":{"@type":"PropertyValueSpecification","valueRequired":true,"valueName":"search_term_string"}}],"inLanguage":"es"},{"@type":"Organization","@id":"https:\/\/naturegalapagos.com\/es\/#organization","name":"Espa\u00f1ol - Nature Galapagos & Ecuador","url":"https:\/\/naturegalapagos.com\/es\/","logo":{"@type":"ImageObject","inLanguage":"es","@id":"https:\/\/naturegalapagos.com\/es\/#\/schema\/logo\/image\/","url":"https:\/\/naturegalapagos.com\/es\/wp-content\/uploads\/sites\/3\/2016\/10\/Nature-Galapagos-Logo-COM-300x300.jpg","contentUrl":"https:\/\/naturegalapagos.com\/es\/wp-content\/uploads\/sites\/3\/2016\/10\/Nature-Galapagos-Logo-COM-300x300.jpg","width":300,"height":300,"caption":"Espa\u00f1ol - Nature Galapagos & Ecuador"},"image":{"@id":"https:\/\/naturegalapagos.com\/es\/#\/schema\/logo\/image\/"},"sameAs":["https:\/\/www.facebook.com\/naturegalapagosecuador\/","https:\/\/x.com\/naturegalapagos","https:\/\/www.instagram.com\/naturegalapagos\/","https:\/\/www.pinterest.com\/Naturegalapagos\/","https:\/\/www.youtube.com\/user\/NatureGalapagosTours"]}]}},"_links":{"self":[{"href":"https:\/\/naturegalapagos.com\/es\/wp-json\/wp\/v2\/product\/4683","targetHints":{"allow":["GET"]}}],"collection":[{"href":"https:\/\/naturegalapagos.com\/es\/wp-json\/wp\/v2\/product"}],"about":[{"href":"https:\/\/naturegalapagos.com\/es\/wp-json\/wp\/v2\/types\/product"}],"replies":[{"embeddable":true,"href":"https:\/\/naturegalapagos.com\/es\/wp-json\/wp\/v2\/comments?post=4683"}],"wp:featuredmedia":[{"embeddable":true,"href":"https:\/\/naturegalapagos.com\/es\/wp-json\/wp\/v2\/media\/4693"}],"wp:attachment":[{"href":"https:\/\/naturegalapagos.com\/es\/wp-json\/wp\/v2\/media?parent=4683"}],"wp:term":[{"taxonomy":"product_brand","embeddable":true,"href":"https:\/\/naturegalapagos.com\/es\/wp-json\/wp\/v2\/product_brand?post=4683"},{"taxonomy":"product_cat","embeddable":true,"href":"https:\/\/naturegalapagos.com\/es\/wp-json\/wp\/v2\/product_cat?post=4683"},{"taxonomy":"product_tag","embeddable":true,"href":"https:\/\/naturegalapagos.com\/es\/wp-json\/wp\/v2\/product_tag?post=4683"}],"curies":[{"name":"wp","href":"https:\/\/api.w.org\/{rel}","templated":true}]}}