{"id":4702,"date":"2019-02-19T12:32:10","date_gmt":"2019-02-19T17:32:10","guid":{"rendered":"https:\/\/naturegalapagos.com\/es\/?post_type=product&#038;p=4702"},"modified":"2025-05-29T11:15:55","modified_gmt":"2025-05-29T15:15:55","slug":"tour-galapagos-quito-de-7-dias","status":"publish","type":"product","link":"https:\/\/naturegalapagos.com\/es\/tours-ecuador\/tour-galapagos-quito-7-dias\/","title":{"rendered":"Tour Galapagos Quito de 7 d\u00edas"},"content":{"rendered":"<div class=\"wpb-content-wrapper\"><p>[vc_row][vc_column][vc_column_text]<\/p>\n<h2><span style=\"font-size: 24px; font-family: arial, helvetica, sans-serif;\">Tour Galapagos Quito de 7 d\u00edas | Incluye Hotel y Traslados<\/span><\/h2>\n<p><span style=\"font-family: arial, helvetica, sans-serif;\">Sigue los pasos de Charles Darwin durante este <strong>Tour Quito Gal\u00e1pagos<\/strong> con una duraci\u00f3n de 7 d\u00edas. Pasa un d\u00eda completo en Quito, la capital de Ecuador para explorar su centro hist\u00f3rico y visitar el monumento de la Mitad del Mundo. El tercer d\u00eda vuela directo a las Islas Encantadas, Gal\u00e1pagos, donde nuestro gu\u00eda te estar\u00e1 esperando para acompa\u00f1arte en tu gran aventura de 4 d\u00edas en el archipi\u00e9lago. Aprende sobre la flora y fauna nativas de las islas, tambi\u00e9n sobre las famosas tortugas gigantes y regresa a Quito para tu vuelo de retorno a casa.<\/span><\/p>\n<p><span style=\"font-family: arial, helvetica, sans-serif;\"><!--more--><\/span><\/p>\n<h3><span style=\"font-family: arial, helvetica, sans-serif;\">Datos importantes<\/span><\/h3>\n<table class=\"table table-bordered tours-tabs__table\" style=\"height: 181px; width: 860px;\">\n<tbody>\n<tr style=\"height: 24px;\">\n<td style=\"height: 24px; width: 211px;\"><span style=\"font-family: arial, helvetica, sans-serif;\"><strong>SALIDAS<\/strong><\/span><\/td>\n<td style=\"height: 24px; width: 633px;\"><span style=\"font-family: arial, helvetica, sans-serif;\">Todos los d\u00edas<\/span><\/td>\n<\/tr>\n<tr style=\"height: 24px;\">\n<td style=\"height: 24px; width: 211px;\"><span style=\"font-family: arial, helvetica, sans-serif;\"><strong>DONDE INICIA<\/strong><\/span><\/td>\n<td style=\"height: 24px; width: 633px;\"><span style=\"font-family: arial, helvetica, sans-serif;\">El aeropuerto de Quito o el hotel de hospedaje para iniciar nuestro Tour Galapagos Quito.<\/span><\/td>\n<\/tr>\n<tr style=\"height: 24px;\">\n<td style=\"height: 24px; width: 211px;\"><span style=\"font-family: arial, helvetica, sans-serif;\"><strong>DONDE ACABA<\/strong><\/span><\/td>\n<td style=\"height: 24px; width: 633px;\"><span style=\"font-family: arial, helvetica, sans-serif;\">El aeropuerto de Quito.<\/span><\/td>\n<\/tr>\n<tr style=\"height: 24px;\">\n<td style=\"height: 24px; width: 211px;\"><span style=\"font-family: arial, helvetica, sans-serif;\"><strong>DURACI\u00d3N\u00a0<\/strong><\/span><\/td>\n<td style=\"height: 24px; width: 633px;\"><span style=\"font-family: arial, helvetica, sans-serif;\">Este es un Tour Galapagos Quito con duraci\u00f3n de 7 d\u00edas.<\/span><\/td>\n<\/tr>\n<tr style=\"height: 24px;\">\n<td style=\"height: 24px; width: 211px;\"><span style=\"font-family: arial, helvetica, sans-serif;\"><strong>QUE LLEVAR<\/strong><\/span><\/td>\n<td style=\"height: 24px; width: 633px;\"><span style=\"font-family: arial, helvetica, sans-serif;\">Ropa c\u00f3moda, zapatos de caminata, gorra, chaqueta y bloqueador solar.<\/span><\/td>\n<\/tr>\n<tr style=\"height: 23px;\">\n<td style=\"height: 23px; width: 211px;\"><span style=\"font-family: arial, helvetica, sans-serif;\"><strong>INCLUYE<\/strong><\/span><\/td>\n<td style=\"height: 23px; width: 633px;\"><span style=\"font-family: arial, helvetica, sans-serif;\"><i class=\"fa fa-check icon-tick icon-tick--on\"><\/i> 3 noches de alojamiento en habitaciones dobles en Quito.<\/span><br \/>\n<span style=\"font-family: arial, helvetica, sans-serif;\"> <i class=\"fa fa-check icon-tick icon-tick--on\"><\/i> 3 noches de alojamiento en hoteles de la clase seleccionada en Gal\u00e1pagos.<\/span><br \/>\n<span style=\"font-family: arial, helvetica, sans-serif;\"> <i class=\"fa fa-check icon-tick icon-tick--on\"><\/i> 3 Desayunos, 3 almuerzos, 3 cenas en Gal\u00e1pagos.<\/span><br \/>\n<span style=\"font-family: arial, helvetica, sans-serif;\"> <i class=\"fa fa-check icon-tick icon-tick--on\"><\/i> 2 Desayunos en quito.<\/span><br \/>\n<span style=\"font-family: arial, helvetica, sans-serif;\"> <i class=\"fa fa-check icon-tick icon-tick--on\"><\/i> Traslados desde el Aeropuerto &#8211; Hotel &#8211; Aeropuerto (D\u00edas 1, 3, 6 y 7).<\/span><br \/>\n<span style=\"font-family: arial, helvetica, sans-serif;\"> <i class=\"fa fa-check icon-tick icon-tick--on\"><\/i> Transporte terrestre y mar\u00edtimo dentro de las Gal\u00e1pagos durante el programa.<\/span><br \/>\n<span style=\"font-family: arial, helvetica, sans-serif;\"> <i class=\"fa fa-check icon-tick icon-tick--on\"><\/i> Gu\u00edas naturalistas biling\u00fces en Gal\u00e1pagos.<\/span><br \/>\n<span style=\"font-family: arial, helvetica, sans-serif;\"> <i class=\"fa fa-check icon-tick icon-tick--on\"><\/i> Excursiones y visitas durante el programa como se muestra en el itinerario.<\/span><\/td>\n<\/tr>\n<tr style=\"height: 38px;\">\n<td style=\"height: 38px; width: 211px;\"><span style=\"font-family: arial, helvetica, sans-serif;\"><b>NO INCLUYE<\/b><\/span><\/td>\n<td style=\"height: 38px; width: 633px;\"><span style=\"font-family: arial, helvetica, sans-serif;\"><i class=\"fa fa-times icon-tick icon-tick--off\"><\/i> Boletos A\u00e9reos a \/ desde Ecuador y Gal\u00e1pagos.<\/span><br \/>\n<span style=\"font-family: arial, helvetica, sans-serif;\"><i class=\"fa fa-times icon-tick icon-tick--off\"><\/i> Almuerzos y Cenas en Quito.<\/span><br \/>\n<span style=\"font-family: arial, helvetica, sans-serif;\"><i class=\"fa fa-times icon-tick icon-tick--off\"><\/i> Entrada al Museo Inti \u00d1an y al Monumento a la Mitad del Mundo en Quito.<\/span><br \/>\n<span style=\"font-family: arial, helvetica, sans-serif;\"><i class=\"fa fa-times icon-tick icon-tick--off\"><\/i> Entrada al Parque Nacional Gal\u00e1pagos &#8211; USD $ 100.<\/span><br \/>\n<span style=\"font-family: arial, helvetica, sans-serif;\"><i class=\"fa fa-times icon-tick icon-tick--off\"><\/i> Muelle de Isabela \u2013 USD $ 5.<\/span><br \/>\n<span style=\"font-family: arial, helvetica, sans-serif;\"><i class=\"fa fa-times icon-tick icon-tick--off\"><\/i> Tarjeta de Control Migratorio para Gal\u00e1pagos &#8211; USD $ 20.<\/span><br \/>\n<span style=\"font-family: arial, helvetica, sans-serif;\"><i class=\"fa fa-times icon-tick icon-tick--off\"><\/i> Taxi acu\u00e1tico desde el muelle &#8211; lancha r\u00e1pida &#8211; USD $ 1 por persona \/ por viaje.<\/span><\/td>\n<\/tr>\n<\/tbody>\n<\/table>\n<div id=\"footable_parent_7479\"\n         class=\" footable_parent ninja_table_wrapper loading_ninja_table wp_table_data_press_parent semantic_ui \">\n                    <h3 class=\"table_title footable_title\">Tarifas de entrada al Parque Nacional Gal\u00e1pagos<\/h3>\n                                <div\n                class=\"table_description footable_description\">Vigentes desde Agosto de 2024<\/div>\n                    <table data-ninja_table_instance=\"ninja_table_instance_0\" data-footable_id=\"7479\" data-filter-delay=\"1000\" aria-label=\"Tarifas de entrada al Parque Nacional Gal\u00e1pagos\"            id=\"footable_7479\"\n           data-unique_identifier=\"ninja_table_unique_id_1135338894_7479\"\n           class=\" foo-table ninja_footable foo_table_7479 ninja_table_unique_id_1135338894_7479 ui table  nt_type_legacy_table vertical_centered  footable-paging-right ninja_table_search_disabled ninja_table_pro\">\n                <colgroup>\n                            <col class=\"ninja_column_0 \"\/>\n                            <col class=\"ninja_column_1 \"\/>\n                    <\/colgroup>\n        <thead>\n<tr class=\"footable-header\">\n                                        <th scope=\"col\"  class=\"ninja_column_0 ninja_clmn_nm_categoria \">Categor\u00eda<\/th><th scope=\"col\"  class=\"ninja_column_1 ninja_clmn_nm_tarifa_usd \">Tarifa (USD)<\/th><\/tr>\n<\/thead>\n<tbody>\n\n        <tr data-row_id=\"2514\" class=\"ninja_table_row_0 nt_row_id_2514\">\n            <td>Turistas extranjeros (mayores de 12 a\u00f1os)<\/td><td>$200<\/td>        <\/tr>\n            <tr data-row_id=\"2515\" class=\"ninja_table_row_1 nt_row_id_2515\">\n            <td>Ni\u00f1os extranjeros (menores de 12 a\u00f1os)<\/td><td>$100<\/td>        <\/tr>\n            <tr data-row_id=\"2516\" class=\"ninja_table_row_2 nt_row_id_2516\">\n            <td>Turistas de pa\u00edses de la Comunidad Andina y MERCOSUR (mayores de 12 a\u00f1os)<\/td><td>$100<\/td>        <\/tr>\n            <tr data-row_id=\"2517\" class=\"ninja_table_row_3 nt_row_id_2517\">\n            <td>Ni\u00f1os de pa\u00edses de la Comunidad Andina y MERCOSUR (menores de 12 a\u00f1os)<\/td><td>$50<\/td>        <\/tr>\n            <tr data-row_id=\"2518\" class=\"ninja_table_row_4 nt_row_id_2518\">\n            <td>Ecuatorianos y residentes en Ecuador (mayores de 12 a\u00f1os)<\/td><td>$30<\/td>        <\/tr>\n            <tr data-row_id=\"2519\" class=\"ninja_table_row_5 nt_row_id_2519\">\n            <td>Ni\u00f1os ecuatorianos y residentes en Ecuador (menores de 12 a\u00f1os)<\/td><td>$15<\/td>        <\/tr>\n            <tr data-row_id=\"2520\" class=\"ninja_table_row_6 nt_row_id_2520\">\n            <td>Adultos mayores (65 a\u00f1os o m\u00e1s, nacionales o residentes)<\/td><td>$15<\/td>        <\/tr>\n            <tr data-row_id=\"2521\" class=\"ninja_table_row_7 nt_row_id_2521\">\n            <td>Personas con discapacidad (certificadas por CONADIS)<\/td><td>$15<\/td>        <\/tr>\n            <tr data-row_id=\"2522\" class=\"ninja_table_row_8 nt_row_id_2522\">\n            <td>Estudiantes extranjeros matriculados en instituciones ecuatorianas<\/td><td>$50<\/td>        <\/tr>\n            <tr data-row_id=\"2523\" class=\"ninja_table_row_9 nt_row_id_2523\">\n            <td>Ni\u00f1os menores de 2 a\u00f1os (nacionales o extranjeros)<\/td><td>Exentos<\/td>        <\/tr>\n    <\/tbody><!--ninja_tobody_rendering_done-->\n    <\/table>\n    \n    \n    \n<\/div>\n\n<p>[\/vc_column_text][\/vc_column][\/vc_row][vc_row][vc_column el_class=&#8221;accocruise&#8221;][vc_column_text]\n<div class=\"panel panel-default accordion__item\">\n\t<div class=\"panel-heading accordion__item__title-wrap\">\n\t\t<h4 class=\"panel-title\">\n\t\t\t<a data-toggle=\"collapse\" data-parent=\"#ataccordion0\" href=\"#ataccordion0_1\" class=\"accordion__item__link collapsed\">M\u00e1s informaci\u00f3n aqu\u00ed<\/a>\n\t\t<\/h4>\n\t<\/div>\n\t<div id=\"ataccordion0_1\" class=\"panel-collapse collapse\">\n\t\t<div class=\"panel-body accordion__item__content\">\n                <div class=\"ml-embedded\" data-form=\"jsEUmi\"><\/div>\n            \n<\/div>\n\t<\/div>\n<\/div>[\/vc_column_text][\/vc_column][\/vc_row][vc_row][vc_column][\/vc_column][\/vc_row]<\/p>\n<\/div>","protected":false},"excerpt":{"rendered":"<p>[vc_row][vc_column][vc_column_text] Tour Galapagos Quito de 7 d\u00edas | Incluye Hotel y Traslados Sigue los pasos de Charles Darwin durante este Tour Quito Gal\u00e1pagos con una duraci\u00f3n de 7 d\u00edas. Pasa un d\u00eda completo en Quito, la capital de Ecuador para explorar su centro hist\u00f3rico y visitar el monumento de la Mitad del Mundo. El tercer<\/p>\n<div class=\"padding-top text-center\"><a href=\"https:\/\/naturegalapagos.com\/es\/tours-ecuador\/tour-galapagos-quito-7-dias\/\" class=\"atbtn atbtn--medium atbtn--rounded atbtn--transparent\">Leer m\u00e1s<i class=\"atbtn__icon atbtn__icon--right fa fa-long-arrow-right\"><\/i><\/a><\/div>\n","protected":false},"featured_media":4711,"comment_status":"open","ping_status":"closed","template":"","meta":{"_joinchat":[]},"product_brand":[],"product_cat":[3599],"product_tag":[],"class_list":{"0":"post-4702","1":"product","2":"type-product","3":"status-publish","4":"has-post-thumbnail","6":"product_cat-sin-categoria","7":"tour_category-4-day-tours","8":"tour_category-quito-turismo","9":"tour_category-vacaciones-ecuador","11":"first","12":"instock","13":"taxable","14":"shipping-taxable","15":"product-type-tour"},"yoast_head":"<!-- This site is optimized with the Yoast SEO Premium plugin v25.6 (Yoast SEO v26.1.1) - https:\/\/yoast.com\/wordpress\/plugins\/seo\/ -->\n<title>Tour Galapagos Quito de 7 d\u00edas | Incluye Hotel y Traslados<\/title>\n<meta name=\"description\" content=\"Emb\u00e1rcate en nuestro Tour Gal\u00e1pagos Quito. \u00a1Haz un viaje de 7 d\u00edas, conoce la mitad del mundo y tambi\u00e9n Gal\u00e1pagos, el lugar m\u00e1s biodiverso del planeta!\" \/>\n<meta name=\"robots\" content=\"index, follow, max-snippet:-1, max-image-preview:large, max-video-preview:-1\" \/>\n<link rel=\"canonical\" href=\"https:\/\/naturegalapagos.com\/es\/tours-ecuador\/tour-galapagos-quito-7-dias\/\" \/>\n<meta property=\"og:locale\" content=\"es_ES\" \/>\n<meta property=\"og:type\" content=\"article\" \/>\n<meta property=\"og:title\" content=\"Tour Galapagos Quito de 7 d\u00edas | Incluye Hotel y Traslados\" \/>\n<meta property=\"og:description\" content=\"Emb\u00e1rcate en nuestro Tour Gal\u00e1pagos Quito. \u00a1Haz un viaje de 7 d\u00edas, conoce la mitad del mundo y tambi\u00e9n Gal\u00e1pagos, el lugar m\u00e1s biodiverso del planeta!\" \/>\n<meta property=\"og:url\" content=\"https:\/\/naturegalapagos.com\/es\/tours-ecuador\/tour-galapagos-quito-7-dias\/\" \/>\n<meta property=\"og:site_name\" content=\"Espa\u00f1ol - Nature Galapagos &amp; Ecuador\" \/>\n<meta property=\"article:publisher\" content=\"https:\/\/www.facebook.com\/naturegalapagosecuador\/\" \/>\n<meta property=\"article:modified_time\" content=\"2025-05-29T15:15:55+00:00\" \/>\n<meta property=\"og:image\" content=\"https:\/\/naturegalapagos.com\/es\/wp-content\/uploads\/sites\/3\/2014\/01\/galapagos-vacaciones.jpg\" \/>\n\t<meta property=\"og:image:width\" content=\"1024\" \/>\n\t<meta property=\"og:image:height\" content=\"512\" \/>\n\t<meta property=\"og:image:type\" content=\"image\/jpeg\" \/>\n<meta name=\"twitter:card\" content=\"summary_large_image\" \/>\n<meta name=\"twitter:title\" content=\"Tour Galapagos Quito de 7 d\u00edas | Incluye Hotel y Traslados\" \/>\n<meta name=\"twitter:description\" content=\"Emb\u00e1rcate en nuestro Tour Gal\u00e1pagos Quito. \u00a1Haz un viaje de 7 d\u00edas, conoce la mitad del mundo y tambi\u00e9n Gal\u00e1pagos, el lugar m\u00e1s biodiverso del planeta!\" \/>\n<meta name=\"twitter:site\" content=\"@naturegalapagos\" \/>\n<meta name=\"twitter:label1\" content=\"Tiempo de lectura\" \/>\n\t<meta name=\"twitter:data1\" content=\"2 minutos\" \/>\n<!-- \/ Yoast SEO Premium plugin. -->","yoast_head_json":{"title":"Tour Galapagos Quito de 7 d\u00edas | Incluye Hotel y Traslados","description":"Emb\u00e1rcate en nuestro Tour Gal\u00e1pagos Quito. \u00a1Haz un viaje de 7 d\u00edas, conoce la mitad del mundo y tambi\u00e9n Gal\u00e1pagos, el lugar m\u00e1s biodiverso del planeta!","robots":{"index":"index","follow":"follow","max-snippet":"max-snippet:-1","max-image-preview":"max-image-preview:large","max-video-preview":"max-video-preview:-1"},"canonical":"https:\/\/naturegalapagos.com\/es\/tours-ecuador\/tour-galapagos-quito-7-dias\/","og_locale":"es_ES","og_type":"article","og_title":"Tour Galapagos Quito de 7 d\u00edas | Incluye Hotel y Traslados","og_description":"Emb\u00e1rcate en nuestro Tour Gal\u00e1pagos Quito. \u00a1Haz un viaje de 7 d\u00edas, conoce la mitad del mundo y tambi\u00e9n Gal\u00e1pagos, el lugar m\u00e1s biodiverso del planeta!","og_url":"https:\/\/naturegalapagos.com\/es\/tours-ecuador\/tour-galapagos-quito-7-dias\/","og_site_name":"Espa\u00f1ol - Nature Galapagos &amp; Ecuador","article_publisher":"https:\/\/www.facebook.com\/naturegalapagosecuador\/","article_modified_time":"2025-05-29T15:15:55+00:00","og_image":[{"width":1024,"height":512,"url":"https:\/\/naturegalapagos.com\/es\/wp-content\/uploads\/sites\/3\/2014\/01\/galapagos-vacaciones.jpg","type":"image\/jpeg"}],"twitter_card":"summary_large_image","twitter_title":"Tour Galapagos Quito de 7 d\u00edas | Incluye Hotel y Traslados","twitter_description":"Emb\u00e1rcate en nuestro Tour Gal\u00e1pagos Quito. \u00a1Haz un viaje de 7 d\u00edas, conoce la mitad del mundo y tambi\u00e9n Gal\u00e1pagos, el lugar m\u00e1s biodiverso del planeta!","twitter_site":"@naturegalapagos","twitter_misc":{"Tiempo de lectura":"2 minutos"},"schema":{"@context":"https:\/\/schema.org","@graph":[{"@type":"WebPage","@id":"https:\/\/naturegalapagos.com\/es\/tours-ecuador\/tour-galapagos-quito-7-dias\/","url":"https:\/\/naturegalapagos.com\/es\/tours-ecuador\/tour-galapagos-quito-7-dias\/","name":"Tour Galapagos Quito de 7 d\u00edas | Incluye Hotel y Traslados","isPartOf":{"@id":"https:\/\/naturegalapagos.com\/es\/#website"},"primaryImageOfPage":{"@id":"https:\/\/naturegalapagos.com\/es\/tours-ecuador\/tour-galapagos-quito-7-dias\/#primaryimage"},"image":{"@id":"https:\/\/naturegalapagos.com\/es\/tours-ecuador\/tour-galapagos-quito-7-dias\/#primaryimage"},"thumbnailUrl":"https:\/\/naturegalapagos.com\/es\/wp-content\/uploads\/sites\/3\/2019\/02\/Tour-Galapagos-Quito.jpg","datePublished":"2019-02-19T17:32:10+00:00","dateModified":"2025-05-29T15:15:55+00:00","description":"Emb\u00e1rcate en nuestro Tour Gal\u00e1pagos Quito. \u00a1Haz un viaje de 7 d\u00edas, conoce la mitad del mundo y tambi\u00e9n Gal\u00e1pagos, el lugar m\u00e1s biodiverso del planeta!","breadcrumb":{"@id":"https:\/\/naturegalapagos.com\/es\/tours-ecuador\/tour-galapagos-quito-7-dias\/#breadcrumb"},"inLanguage":"es","potentialAction":[{"@type":"ReadAction","target":["https:\/\/naturegalapagos.com\/es\/tours-ecuador\/tour-galapagos-quito-7-dias\/"]}]},{"@type":"ImageObject","inLanguage":"es","@id":"https:\/\/naturegalapagos.com\/es\/tours-ecuador\/tour-galapagos-quito-7-dias\/#primaryimage","url":"https:\/\/naturegalapagos.com\/es\/wp-content\/uploads\/sites\/3\/2019\/02\/Tour-Galapagos-Quito.jpg","contentUrl":"https:\/\/naturegalapagos.com\/es\/wp-content\/uploads\/sites\/3\/2019\/02\/Tour-Galapagos-Quito.jpg","width":1024,"height":512,"caption":"Tour Galapagos Quito"},{"@type":"BreadcrumbList","@id":"https:\/\/naturegalapagos.com\/es\/tours-ecuador\/tour-galapagos-quito-7-dias\/#breadcrumb","itemListElement":[{"@type":"ListItem","position":1,"name":"Home","item":"https:\/\/naturegalapagos.com\/es\/"},{"@type":"ListItem","position":2,"name":"Tienda","item":"https:\/\/naturegalapagos.com\/es\/tienda\/"},{"@type":"ListItem","position":3,"name":"Tour Galapagos Quito de 7 d\u00edas"}]},{"@type":"WebSite","@id":"https:\/\/naturegalapagos.com\/es\/#website","url":"https:\/\/naturegalapagos.com\/es\/","name":"Espa\u00f1ol - Nature Galapagos & Ecuador","description":"","publisher":{"@id":"https:\/\/naturegalapagos.com\/es\/#organization"},"potentialAction":[{"@type":"SearchAction","target":{"@type":"EntryPoint","urlTemplate":"https:\/\/naturegalapagos.com\/es\/?s={search_term_string}"},"query-input":{"@type":"PropertyValueSpecification","valueRequired":true,"valueName":"search_term_string"}}],"inLanguage":"es"},{"@type":"Organization","@id":"https:\/\/naturegalapagos.com\/es\/#organization","name":"Espa\u00f1ol - Nature Galapagos & Ecuador","url":"https:\/\/naturegalapagos.com\/es\/","logo":{"@type":"ImageObject","inLanguage":"es","@id":"https:\/\/naturegalapagos.com\/es\/#\/schema\/logo\/image\/","url":"https:\/\/naturegalapagos.com\/es\/wp-content\/uploads\/sites\/3\/2016\/10\/Nature-Galapagos-Logo-COM-300x300.jpg","contentUrl":"https:\/\/naturegalapagos.com\/es\/wp-content\/uploads\/sites\/3\/2016\/10\/Nature-Galapagos-Logo-COM-300x300.jpg","width":300,"height":300,"caption":"Espa\u00f1ol - Nature Galapagos & Ecuador"},"image":{"@id":"https:\/\/naturegalapagos.com\/es\/#\/schema\/logo\/image\/"},"sameAs":["https:\/\/www.facebook.com\/naturegalapagosecuador\/","https:\/\/x.com\/naturegalapagos","https:\/\/www.instagram.com\/naturegalapagos\/","https:\/\/www.pinterest.com\/Naturegalapagos\/","https:\/\/www.youtube.com\/user\/NatureGalapagosTours"]}]}},"_links":{"self":[{"href":"https:\/\/naturegalapagos.com\/es\/wp-json\/wp\/v2\/product\/4702","targetHints":{"allow":["GET"]}}],"collection":[{"href":"https:\/\/naturegalapagos.com\/es\/wp-json\/wp\/v2\/product"}],"about":[{"href":"https:\/\/naturegalapagos.com\/es\/wp-json\/wp\/v2\/types\/product"}],"replies":[{"embeddable":true,"href":"https:\/\/naturegalapagos.com\/es\/wp-json\/wp\/v2\/comments?post=4702"}],"wp:featuredmedia":[{"embeddable":true,"href":"https:\/\/naturegalapagos.com\/es\/wp-json\/wp\/v2\/media\/4711"}],"wp:attachment":[{"href":"https:\/\/naturegalapagos.com\/es\/wp-json\/wp\/v2\/media?parent=4702"}],"wp:term":[{"taxonomy":"product_brand","embeddable":true,"href":"https:\/\/naturegalapagos.com\/es\/wp-json\/wp\/v2\/product_brand?post=4702"},{"taxonomy":"product_cat","embeddable":true,"href":"https:\/\/naturegalapagos.com\/es\/wp-json\/wp\/v2\/product_cat?post=4702"},{"taxonomy":"product_tag","embeddable":true,"href":"https:\/\/naturegalapagos.com\/es\/wp-json\/wp\/v2\/product_tag?post=4702"}],"curies":[{"name":"wp","href":"https:\/\/api.w.org\/{rel}","templated":true}]}}