{"id":4724,"date":"2024-12-06T15:17:48","date_gmt":"2024-12-06T20:17:48","guid":{"rendered":"https:\/\/naturegalapagos.com\/es\/?post_type=product&#038;p=4724"},"modified":"2024-12-06T15:18:01","modified_gmt":"2024-12-06T20:18:01","slug":"m-y-grand-majestic-galapagos","status":"publish","type":"product","link":"https:\/\/naturegalapagos.com\/es\/cruceros-galapagos\/grand-majestic-galapagos\/","title":{"rendered":"M\/Y Grand Majestic Gal\u00e1pagos"},"content":{"rendered":"<div class=\"wpb-content-wrapper\"><p>[vc_row][vc_column][vc_column_text]<\/p>\n<div style=\"display: flex; justify-content: end; margin-bottom: 10px;\"><span style=\"font-family: arial, helvetica, sans-serif;\"><a href=\"https:\/\/naturegalapagos.com\/es\/ofertas-de-viajes\/\" target=\"_blank\" rel=\"noopener\"><img decoding=\"async\" src=\"https:\/\/naturegalapagos.com\/es\/wp-content\/uploads\/sites\/3\/2019\/11\/las-minute-deals-gif_Final_espa\u00f1ol.gif\" width=\"227.5\" height=\"77.25\" \/><\/a><\/span><\/div>\n<h2><span style=\"font-family: arial, helvetica, sans-serif;\"><strong>D<\/strong><strong>escripci\u00f3n del M\/Y Grand Majestic Gal\u00e1pagos<\/strong><strong>:<\/strong><\/span><\/h2>\n<p><span style=\"font-family: arial, helvetica, sans-serif;\">El <strong>crucero M\/Y Grand Majestic Galapagos<\/strong> ofrece excelentes itinerarios de cuatro, cinco y ocho d\u00edas, liderados por un gu\u00eda naturalista biling\u00fce certificado por el Parque Nacional Galapagos y una tripulaci\u00f3n excelente. Fue dise\u00f1ado para charters exclusivos privados de gama alta. Finalmente, el gu\u00eda, el capit\u00e1n y la tripulaci\u00f3n est\u00e1n dedicados a brindar un servicio de la m\u00e1s alta calidad.<\/span><\/p>\n<h3><span style=\"font-family: arial, helvetica, sans-serif; font-size: 20px;\"><strong>Principales caracter\u00edsticas del yate <span style=\"font-family: arial, helvetica, sans-serif;\">Grand Majestic Galapagos<\/span><\/strong><\/span><\/h3>\n<ul>\n<li style=\"text-align: justify;\"><span style=\"font-family: arial, helvetica, sans-serif;\">Es uno de los yates m\u00e1s r\u00e1pidos de las Islas Encantadas.<\/span><\/li>\n<li style=\"text-align: justify;\"><span style=\"font-family: arial, helvetica, sans-serif;\">Posee una gran suite principal disponible para el hospedaje.<\/span><\/li>\n<li><span style=\"font-family: arial, helvetica, sans-serif;\">El crucero M\/Y Grand Majestic Galapagos ofrece un servicio de alta calidad y lujosas \u00e1reas sociales.<\/span><\/li>\n<li style=\"text-align: justify;\"><span style=\"font-family: arial, helvetica, sans-serif;\">Cuatro itinerarios diferentes para navegar por las islas.<\/span><\/li>\n<\/ul>\n<p><!--more--><\/p>\n<h2>Comodidades del yate<\/h2>\n<p style=\"text-align: justify;\"><span style=\"font-family: arial, helvetica, sans-serif;\">El Grand Majestic, un <strong>crucero de buceo reci\u00e9n construido<\/strong> en 2018, destaca como uno de los yates m\u00e1s veloces para cruceros lujosos en las Islas Gal\u00e1pagos. Ofrece modernas y elegantes comodidades, como una terraza con jacuzzi y comedor al aire libre, adem\u00e1s de \u00e1reas de descanso, comedor y bar con ventanas panor\u00e1micas en la cubierta principal. Con seis amplias cabinas en la cubierta inferior, equipadas con camas dobles o sencillas y ventanas tipo ojo de buey, as\u00ed como una Suite Master con ba\u00f1o privado en la cubierta principal, el crucero garantiza <strong>confort con aire acondicionado en todas las cabinas<\/strong>. <\/span><\/p>\n<p style=\"text-align: justify;\"><span style=\"font-family: arial, helvetica, sans-serif;\">Dirigido por un gu\u00eda naturalista biling\u00fce, ofrece itinerarios de cuatro, cinco y ocho noches, permitiendo encuentros cercanos con la rica vida silvestre de las Gal\u00e1pagos, como cachorros de le\u00f3n marino durante el esn\u00f3rquel y caminatas hacia impresionantes paisajes. Una experiencia inolvidable aguarda por aquellos que se unan a la tripulaci\u00f3n profesional para explorar las maravillas de las Islas Gal\u00e1pagos. As\u00ed mismo, la <strong>reserva en l\u00ednea est\u00e1 disponible<\/strong> para asegurar su lugar en este exclusivo crucero.<\/span><\/p>\n<h3 style=\"text-align: justify;\"><span style=\"font-family: arial, helvetica, sans-serif; font-size: 20px;\"><strong>Cabinas del yate:<\/strong><\/span><\/h3>\n<p style=\"text-align: justify;\"><span style=\"font-family: arial, helvetica, sans-serif;\">El yate ofrece 9 cabinas dobles dispuestas de la siguiente manera: &#8211; Cabinas de la cubierta principal 4 (2 camas dobles + 2 camas individuales). &#8211; Cubierta Baja 4 cabinas todas las camas individuales 1 cabina individual. * Todas las cabinas pueden ser matrimoniales.<\/span><\/p>\n<table style=\"border-collapse: collapse; width: 100%;\">\n<thead>\n<tr>\n<td style=\"width: 100%; text-align: center;\" colspan=\"2\">\n<h4><strong><span style=\"font-family: arial, helvetica, sans-serif;\">Especificaciones T\u00e9cnicas<\/span><\/strong><\/h4>\n<\/td>\n<\/tr>\n<\/thead>\n<tbody>\n<tr style=\"height: 24px;\">\n<td style=\"height: 24px; width: 50%;\"><span style=\"font-family: arial, helvetica, sans-serif;\"><strong>A\u00f1o Construcci\u00f3n<\/strong><\/span><\/td>\n<td style=\"text-align: justify; height: 24px; width: 50%;\"><span style=\"font-family: arial, helvetica, sans-serif;\">2018<\/span><\/td>\n<\/tr>\n<tr style=\"height: 24px;\">\n<td style=\"height: 24px; width: 50%;\"><span style=\"font-family: arial, helvetica, sans-serif;\"><strong><\/strong><strong>Tipo<\/strong><br \/>\n<\/span><\/td>\n<td style=\"text-align: justify; height: 24px; width: 50%;\"><span style=\"font-family: arial, helvetica, sans-serif;\">Yate de Motor<\/span><\/td>\n<\/tr>\n<tr style=\"height: 24px;\">\n<td style=\"height: 24px; width: 50%;\"><span style=\"font-family: arial, helvetica, sans-serif;\"><strong><\/strong><strong>Longitud<\/strong><br \/>\n<\/span><\/td>\n<td style=\"text-align: justify; height: 24px; width: 50%;\"><span style=\"font-family: arial, helvetica, sans-serif;\"> 127\u2032 (39 m)<\/span><\/td>\n<\/tr>\n<tr style=\"height: 24px;\">\n<td style=\"height: 24px; width: 50%;\"><span style=\"font-family: arial, helvetica, sans-serif;\"><strong>Haz<\/strong><\/span><\/td>\n<td style=\"text-align: justify; height: 24px; width: 50%;\"><span style=\"font-family: arial, helvetica, sans-serif;\">24\u2032 (7.30 m)<\/span><\/td>\n<\/tr>\n<tr style=\"height: 24px;\">\n<td style=\"height: 24px; width: 50%;\"><span style=\"font-family: arial, helvetica, sans-serif;\"><strong><\/strong><strong>Casco<\/strong><br \/>\n<\/span><\/td>\n<td style=\"text-align: justify; height: 24px; width: 50%;\"><span style=\"font-family: arial, helvetica, sans-serif;\">5\u2032 11\u2033 (1.80 m)<\/span><\/td>\n<\/tr>\n<tr style=\"height: 24px;\">\n<td style=\"height: 24px; width: 50%;\"><span style=\"font-family: arial, helvetica, sans-serif;\"><strong><\/strong><strong>Capacidad<\/strong><br \/>\n<\/span><\/td>\n<td style=\"text-align: justify; height: 24px; width: 50%;\"><span style=\"font-family: arial, helvetica, sans-serif;\">16 pasajeros<\/span><\/td>\n<\/tr>\n<tr style=\"height: 96px;\">\n<td style=\"height: 96px; width: 50%;\"><span style=\"font-family: arial, helvetica, sans-serif;\"><strong>Distribuci\u00f3n<\/strong><\/span><\/td>\n<td style=\"text-align: justify; height: 96px; width: 50%;\">\n<ul>\n<li><span style=\"font-family: arial, helvetica, sans-serif;\"><strong>Cabina Inferior:<\/strong> 6 Camarotes<\/span><\/li>\n<li><span style=\"font-family: arial, helvetica, sans-serif;\"><strong>Cabina 1 y 2:<\/strong>\u00a0170 ft\u00b2 \/ 15.75 m\u00b2<\/span><\/li>\n<li><span style=\"font-family: arial, helvetica, sans-serif;\"><strong>Cabina 3:<\/strong>\u00a0181 ft\u00b2 \/ 16.85 m\u00b2<\/span><\/li>\n<li><span style=\"font-family: arial, helvetica, sans-serif;\"><strong>Cabina 4:<\/strong>\u00a0176 ft\u00b2 \/ 16.30 m\u00b2<\/span><\/li>\n<li><span style=\"font-family: arial, helvetica, sans-serif;\"><strong>Cabina 5:<\/strong>\u00a0148 ft\u00b2 \/ 13.75 m\u00b2<\/span><\/li>\n<li><span style=\"font-family: arial, helvetica, sans-serif;\"><strong>Cabina 6:<\/strong>\u00a0145 ft\u00b2 \/ 13.50 m\u00b2<\/span><\/li>\n<li><span style=\"font-family: arial, helvetica, sans-serif;\"><strong>Cabina Principal:<\/strong> 1 Camarote,1 Master Suite.<\/span><\/li>\n<li><span style=\"font-family: arial, helvetica, sans-serif;\"><strong>Cabina 7:<\/strong> 132 ft\u00b2 \/ 12.25 m\u00b2<\/span><\/li>\n<li><span style=\"font-family: arial, helvetica, sans-serif;\"><strong>Master Suite:<\/strong>\u00a0420 ft\u00b2 \/ 39 m\u00b2<\/span><\/li>\n<li><span style=\"font-family: arial, helvetica, sans-serif;\"><strong>Sol\u00e1rium:<\/strong>\u00a0Jacuzzi<\/span><\/li>\n<\/ul>\n<p><span style=\"font-family: arial, helvetica, sans-serif;\">*Todas las cabinas con ba\u00f1o privado, agua caliente y aire acondicionado.<\/span><\/p><\/td>\n<\/tr>\n<tr style=\"height: 24px;\">\n<td style=\"height: 24px; width: 50%;\"><span style=\"font-family: arial, helvetica, sans-serif;\"><strong><\/strong><strong>Motores<\/strong><br \/>\n<\/span><\/td>\n<td style=\"text-align: justify; height: 24px; width: 50%;\"><span style=\"font-family: arial, helvetica, sans-serif;\"> MTU Series 2000 \u2013 2400HP<\/span><\/td>\n<\/tr>\n<tr style=\"height: 24px;\">\n<td style=\"height: 24px; width: 50%;\"><span style=\"font-family: arial, helvetica, sans-serif;\"><strong><\/strong><strong>Velocidad<\/strong><br \/>\n<\/span><\/td>\n<td style=\"text-align: justify; height: 24px; width: 50%;\"><span style=\"font-family: arial, helvetica, sans-serif;\">25 nudos<\/span><\/td>\n<\/tr>\n<tr style=\"height: 24px;\">\n<td style=\"height: 24px; width: 50%;\"><span style=\"font-family: arial, helvetica, sans-serif;\"><strong><\/strong><strong>Fabricador de Agua<\/strong><br \/>\n<\/span><\/td>\n<td style=\"text-align: justify; height: 24px; width: 50%;\"><span style=\"font-family: arial, helvetica, sans-serif;\"> 2 X 1200 Galones \/ d\u00eda<\/span><\/td>\n<\/tr>\n<tr style=\"height: 24px;\">\n<td style=\"height: 24px; width: 50%;\"><span style=\"font-family: arial, helvetica, sans-serif;\"><strong><\/strong><strong>Tripulaci\u00f3n<\/strong><br \/>\n<\/span><\/td>\n<td style=\"text-align: justify; height: 24px; width: 50%;\"><span style=\"font-family: arial, helvetica, sans-serif;\">9 tripulantes + 1 gu\u00eda biling\u00fce<\/span><\/td>\n<\/tr>\n<\/tbody>\n<\/table>\n<p>&nbsp;<\/p>\n<h3><span style=\"font-family: arial, helvetica, sans-serif;\">Planos de cubierta<\/span><\/h3>\n<div id=\"gallery_1\" class=\"gallery\">\n<div class=\"row gallery__items\">\n\t\t\t\t\t<div class=\"col-sm-4 gallery__item-wrap\" data-filterid=\"\">\n\t\t\t<a href=\"https:\/\/naturegalapagos.com\/es\/wp-content\/uploads\/sites\/3\/2024\/01\/cubierta-principal-grand-majestic.png\" class=\"swipebox gallery__item\" title=\"Cubierta principal\">\n\t\t\t\t<img decoding=\"async\" width=\"720\" height=\"225\" src=\"https:\/\/naturegalapagos.com\/es\/wp-content\/uploads\/sites\/3\/2024\/01\/cubierta-principal-grand-majestic-720x225.png\" class=\"attachment-thumb_gallery size-thumb_gallery\" alt=\"Cubierta principal en el crucero Grand Majestic\" \/>\t\t\t\t<span class=\"gallery__item__info\">\n\t\t\t\t\t<span class=\"gallery__item__info__content\">\n\t\t\t\t\t\t<span class=\"gallery__item__title\">Cubierta principal<\/span>\n\t\t\t\t\t\t\t\t\t\t<\/span>\n\t\t\t\t\t<span class=\"gallery__item__shadow\"><\/span>\n\t\t\t\t<\/span>\n\t\t\t<\/a>\n\t\t<\/div>\n\t\t\t\t\t<div class=\"col-sm-4 gallery__item-wrap\" data-filterid=\"\">\n\t\t\t<a href=\"https:\/\/naturegalapagos.com\/es\/wp-content\/uploads\/sites\/3\/2024\/01\/cubierta-inferior-grand-majestic.png\" class=\"swipebox gallery__item\" title=\"Cubierta inferior\">\n\t\t\t\t<img decoding=\"async\" width=\"720\" height=\"225\" src=\"https:\/\/naturegalapagos.com\/es\/wp-content\/uploads\/sites\/3\/2024\/01\/cubierta-inferior-grand-majestic-720x225.png\" class=\"attachment-thumb_gallery size-thumb_gallery\" alt=\"Cubierta inferior en el crucero Grand Majestic\" \/>\t\t\t\t<span class=\"gallery__item__info\">\n\t\t\t\t\t<span class=\"gallery__item__info__content\">\n\t\t\t\t\t\t<span class=\"gallery__item__title\">Cubierta inferior<\/span>\n\t\t\t\t\t\t\t\t\t\t<\/span>\n\t\t\t\t\t<span class=\"gallery__item__shadow\"><\/span>\n\t\t\t\t<\/span>\n\t\t\t<\/a>\n\t\t<\/div>\n\t\t\t\t\t<div class=\"col-sm-4 gallery__item-wrap\" data-filterid=\"\">\n\t\t\t<a href=\"https:\/\/naturegalapagos.com\/es\/wp-content\/uploads\/sites\/3\/2024\/01\/cubierta-de-sol-grand-majestic.png\" class=\"swipebox gallery__item\" title=\"Plano de cubierta de sol\">\n\t\t\t\t<img decoding=\"async\" width=\"720\" height=\"225\" src=\"https:\/\/naturegalapagos.com\/es\/wp-content\/uploads\/sites\/3\/2024\/01\/cubierta-de-sol-grand-majestic-720x225.png\" class=\"attachment-thumb_gallery size-thumb_gallery\" alt=\"Plano de cubierta de sol en el Grand Majestic\" \/>\t\t\t\t<span class=\"gallery__item__info\">\n\t\t\t\t\t<span class=\"gallery__item__info__content\">\n\t\t\t\t\t\t<span class=\"gallery__item__title\">Plano de cubierta de sol<\/span>\n\t\t\t\t\t\t\t\t\t\t<\/span>\n\t\t\t\t\t<span class=\"gallery__item__shadow\"><\/span>\n\t\t\t\t<\/span>\n\t\t\t<\/a>\n\t\t<\/div>\n\t<\/div>\n<\/div>\n<p>[\/vc_column_text][\/vc_column][\/vc_row][vc_row][vc_column el_class=&#8221;accocruise&#8221;][vc_column_text]\n<div class=\"panel panel-default accordion__item\">\n\t<div class=\"panel-heading accordion__item__title-wrap\">\n\t\t<h4 class=\"panel-title\">\n\t\t\t<a data-toggle=\"collapse\" data-parent=\"#ataccordion0\" href=\"#ataccordion0_1\" class=\"accordion__item__link collapsed\">Solicite m\u00e1s informaci\u00f3n<\/a>\n\t\t<\/h4>\n\t<\/div>\n\t<div id=\"ataccordion0_1\" class=\"panel-collapse collapse\">\n\t\t<div class=\"panel-body accordion__item__content\">\n                <div class=\"ml-embedded\" data-form=\"iC060A\"><\/div>\n            \n<\/div>\n\t<\/div>\n<\/div>[\/vc_column_text][\/vc_column][\/vc_row][vc_row][vc_column][\/vc_column][\/vc_row]<\/p>\n<\/div>","protected":false},"excerpt":{"rendered":"<p>[vc_row][vc_column][vc_column_text] Descripci\u00f3n del M\/Y Grand Majestic Gal\u00e1pagos: El crucero M\/Y Grand Majestic Galapagos ofrece excelentes itinerarios de cuatro, cinco y ocho d\u00edas, liderados por un gu\u00eda naturalista biling\u00fce certificado por el Parque Nacional Galapagos y una tripulaci\u00f3n excelente. Fue dise\u00f1ado para charters exclusivos privados de gama alta. Finalmente, el gu\u00eda, el capit\u00e1n y la tripulaci\u00f3n<\/p>\n<div class=\"padding-top text-center\"><a href=\"https:\/\/naturegalapagos.com\/es\/cruceros-galapagos\/grand-majestic-galapagos\/\" class=\"atbtn atbtn--medium atbtn--rounded atbtn--transparent\">Leer m\u00e1s<i class=\"atbtn__icon atbtn__icon--right fa fa-long-arrow-right\"><\/i><\/a><\/div>\n","protected":false},"featured_media":4726,"comment_status":"open","ping_status":"closed","template":"","meta":{"_joinchat":[]},"product_brand":[],"product_cat":[3599],"product_tag":[],"class_list":{"0":"post-4724","1":"product","2":"type-product","3":"status-publish","4":"has-post-thumbnail","6":"product_cat-sin-categoria","7":"tour_category-crucero-de-lujo","9":"first","10":"instock","11":"taxable","12":"shipping-taxable","13":"product-type-tour"},"yoast_head":"<!-- This site is optimized with the Yoast SEO Premium plugin v25.6 (Yoast SEO v26.1.1) - https:\/\/yoast.com\/wordpress\/plugins\/seo\/ -->\n<title>M\/Y Grand Majestic Gal\u00e1pagos | Yate de Lujo<\/title>\n<meta name=\"description\" content=\"El M\/Y Grand Majestic Gal\u00e1pagos es un yate de Lujo, uno de los m\u00e1s r\u00e1pidos en las Islas Encantadas. Cuenta con 4 itinerarios diferentes de 8, 5 y 4 d\u00edas!\" \/>\n<meta name=\"robots\" content=\"index, follow, max-snippet:-1, max-image-preview:large, max-video-preview:-1\" \/>\n<link rel=\"canonical\" href=\"https:\/\/naturegalapagos.com\/es\/cruceros-galapagos\/grand-majestic-galapagos\/\" \/>\n<meta property=\"og:locale\" content=\"es_ES\" \/>\n<meta property=\"og:type\" content=\"article\" \/>\n<meta property=\"og:title\" content=\"M\/Y Grand Majestic Gal\u00e1pagos | Yate de Lujo\" \/>\n<meta property=\"og:description\" content=\"El M\/Y Grand Majestic Gal\u00e1pagos es un yate de Lujo, uno de los m\u00e1s r\u00e1pidos en las Islas Encantadas. Cuenta con 4 itinerarios diferentes de 8, 5 y 4 d\u00edas!\" \/>\n<meta property=\"og:url\" content=\"https:\/\/naturegalapagos.com\/es\/cruceros-galapagos\/grand-majestic-galapagos\/\" \/>\n<meta property=\"og:site_name\" content=\"Espa\u00f1ol - Nature Galapagos &amp; Ecuador\" \/>\n<meta property=\"article:publisher\" content=\"https:\/\/www.facebook.com\/naturegalapagosecuador\/\" \/>\n<meta property=\"article:modified_time\" content=\"2024-12-06T20:18:01+00:00\" \/>\n<meta property=\"og:image\" content=\"https:\/\/naturegalapagos.com\/es\/wp-content\/uploads\/sites\/3\/2019\/03\/Grand-Majestic-Gal\u00e1pagos.jpg\" \/>\n\t<meta property=\"og:image:width\" content=\"1024\" \/>\n\t<meta property=\"og:image:height\" content=\"512\" \/>\n\t<meta property=\"og:image:type\" content=\"image\/jpeg\" \/>\n<meta name=\"twitter:card\" content=\"summary_large_image\" \/>\n<meta name=\"twitter:title\" content=\"M\/Y Grand Majestic Gal\u00e1pagos | Yate de Lujo\" \/>\n<meta name=\"twitter:description\" content=\"El M\/Y Grand Majestic Gal\u00e1pagos es un yate de Lujo, uno de los m\u00e1s r\u00e1pidos en las Islas Encantadas. Cuenta con 4 itinerarios diferentes de 8, 5 y 4 d\u00edas!\" \/>\n<meta name=\"twitter:site\" content=\"@naturegalapagos\" \/>\n<meta name=\"twitter:label1\" content=\"Tiempo de lectura\" \/>\n\t<meta name=\"twitter:data1\" content=\"3 minutos\" \/>\n<!-- \/ Yoast SEO Premium plugin. -->","yoast_head_json":{"title":"M\/Y Grand Majestic Gal\u00e1pagos | Yate de Lujo","description":"El M\/Y Grand Majestic Gal\u00e1pagos es un yate de Lujo, uno de los m\u00e1s r\u00e1pidos en las Islas Encantadas. Cuenta con 4 itinerarios diferentes de 8, 5 y 4 d\u00edas!","robots":{"index":"index","follow":"follow","max-snippet":"max-snippet:-1","max-image-preview":"max-image-preview:large","max-video-preview":"max-video-preview:-1"},"canonical":"https:\/\/naturegalapagos.com\/es\/cruceros-galapagos\/grand-majestic-galapagos\/","og_locale":"es_ES","og_type":"article","og_title":"M\/Y Grand Majestic Gal\u00e1pagos | Yate de Lujo","og_description":"El M\/Y Grand Majestic Gal\u00e1pagos es un yate de Lujo, uno de los m\u00e1s r\u00e1pidos en las Islas Encantadas. Cuenta con 4 itinerarios diferentes de 8, 5 y 4 d\u00edas!","og_url":"https:\/\/naturegalapagos.com\/es\/cruceros-galapagos\/grand-majestic-galapagos\/","og_site_name":"Espa\u00f1ol - Nature Galapagos &amp; Ecuador","article_publisher":"https:\/\/www.facebook.com\/naturegalapagosecuador\/","article_modified_time":"2024-12-06T20:18:01+00:00","og_image":[{"width":1024,"height":512,"url":"https:\/\/naturegalapagos.com\/es\/wp-content\/uploads\/sites\/3\/2019\/03\/Grand-Majestic-Gal\u00e1pagos.jpg","type":"image\/jpeg"}],"twitter_card":"summary_large_image","twitter_title":"M\/Y Grand Majestic Gal\u00e1pagos | Yate de Lujo","twitter_description":"El M\/Y Grand Majestic Gal\u00e1pagos es un yate de Lujo, uno de los m\u00e1s r\u00e1pidos en las Islas Encantadas. Cuenta con 4 itinerarios diferentes de 8, 5 y 4 d\u00edas!","twitter_site":"@naturegalapagos","twitter_misc":{"Tiempo de lectura":"3 minutos"},"schema":{"@context":"https:\/\/schema.org","@graph":[{"@type":"WebPage","@id":"https:\/\/naturegalapagos.com\/es\/cruceros-galapagos\/grand-majestic-galapagos\/","url":"https:\/\/naturegalapagos.com\/es\/cruceros-galapagos\/grand-majestic-galapagos\/","name":"M\/Y Grand Majestic Gal\u00e1pagos | Yate de Lujo","isPartOf":{"@id":"https:\/\/naturegalapagos.com\/es\/#website"},"primaryImageOfPage":{"@id":"https:\/\/naturegalapagos.com\/es\/cruceros-galapagos\/grand-majestic-galapagos\/#primaryimage"},"image":{"@id":"https:\/\/naturegalapagos.com\/es\/cruceros-galapagos\/grand-majestic-galapagos\/#primaryimage"},"thumbnailUrl":"https:\/\/naturegalapagos.com\/es\/wp-content\/uploads\/sites\/3\/2019\/03\/Grand-Majestic-Gal\u00e1pagos.jpg","datePublished":"2024-12-06T20:17:48+00:00","dateModified":"2024-12-06T20:18:01+00:00","description":"El M\/Y Grand Majestic Gal\u00e1pagos es un yate de Lujo, uno de los m\u00e1s r\u00e1pidos en las Islas Encantadas. Cuenta con 4 itinerarios diferentes de 8, 5 y 4 d\u00edas!","breadcrumb":{"@id":"https:\/\/naturegalapagos.com\/es\/cruceros-galapagos\/grand-majestic-galapagos\/#breadcrumb"},"inLanguage":"es","potentialAction":[{"@type":"ReadAction","target":["https:\/\/naturegalapagos.com\/es\/cruceros-galapagos\/grand-majestic-galapagos\/"]}]},{"@type":"ImageObject","inLanguage":"es","@id":"https:\/\/naturegalapagos.com\/es\/cruceros-galapagos\/grand-majestic-galapagos\/#primaryimage","url":"https:\/\/naturegalapagos.com\/es\/wp-content\/uploads\/sites\/3\/2019\/03\/Grand-Majestic-Gal\u00e1pagos.jpg","contentUrl":"https:\/\/naturegalapagos.com\/es\/wp-content\/uploads\/sites\/3\/2019\/03\/Grand-Majestic-Gal\u00e1pagos.jpg","width":1024,"height":512,"caption":"Grand Majestic Gal\u00e1pagos"},{"@type":"BreadcrumbList","@id":"https:\/\/naturegalapagos.com\/es\/cruceros-galapagos\/grand-majestic-galapagos\/#breadcrumb","itemListElement":[{"@type":"ListItem","position":1,"name":"Home","item":"https:\/\/naturegalapagos.com\/es\/"},{"@type":"ListItem","position":2,"name":"Tienda","item":"https:\/\/naturegalapagos.com\/es\/tienda\/"},{"@type":"ListItem","position":3,"name":"M\/Y Grand Majestic Gal\u00e1pagos"}]},{"@type":"WebSite","@id":"https:\/\/naturegalapagos.com\/es\/#website","url":"https:\/\/naturegalapagos.com\/es\/","name":"Espa\u00f1ol - Nature Galapagos & Ecuador","description":"","publisher":{"@id":"https:\/\/naturegalapagos.com\/es\/#organization"},"potentialAction":[{"@type":"SearchAction","target":{"@type":"EntryPoint","urlTemplate":"https:\/\/naturegalapagos.com\/es\/?s={search_term_string}"},"query-input":{"@type":"PropertyValueSpecification","valueRequired":true,"valueName":"search_term_string"}}],"inLanguage":"es"},{"@type":"Organization","@id":"https:\/\/naturegalapagos.com\/es\/#organization","name":"Espa\u00f1ol - Nature Galapagos & Ecuador","url":"https:\/\/naturegalapagos.com\/es\/","logo":{"@type":"ImageObject","inLanguage":"es","@id":"https:\/\/naturegalapagos.com\/es\/#\/schema\/logo\/image\/","url":"https:\/\/naturegalapagos.com\/es\/wp-content\/uploads\/sites\/3\/2016\/10\/Nature-Galapagos-Logo-COM-300x300.jpg","contentUrl":"https:\/\/naturegalapagos.com\/es\/wp-content\/uploads\/sites\/3\/2016\/10\/Nature-Galapagos-Logo-COM-300x300.jpg","width":300,"height":300,"caption":"Espa\u00f1ol - Nature Galapagos & Ecuador"},"image":{"@id":"https:\/\/naturegalapagos.com\/es\/#\/schema\/logo\/image\/"},"sameAs":["https:\/\/www.facebook.com\/naturegalapagosecuador\/","https:\/\/x.com\/naturegalapagos","https:\/\/www.instagram.com\/naturegalapagos\/","https:\/\/www.pinterest.com\/Naturegalapagos\/","https:\/\/www.youtube.com\/user\/NatureGalapagosTours"]}]}},"_links":{"self":[{"href":"https:\/\/naturegalapagos.com\/es\/wp-json\/wp\/v2\/product\/4724","targetHints":{"allow":["GET"]}}],"collection":[{"href":"https:\/\/naturegalapagos.com\/es\/wp-json\/wp\/v2\/product"}],"about":[{"href":"https:\/\/naturegalapagos.com\/es\/wp-json\/wp\/v2\/types\/product"}],"replies":[{"embeddable":true,"href":"https:\/\/naturegalapagos.com\/es\/wp-json\/wp\/v2\/comments?post=4724"}],"wp:featuredmedia":[{"embeddable":true,"href":"https:\/\/naturegalapagos.com\/es\/wp-json\/wp\/v2\/media\/4726"}],"wp:attachment":[{"href":"https:\/\/naturegalapagos.com\/es\/wp-json\/wp\/v2\/media?parent=4724"}],"wp:term":[{"taxonomy":"product_brand","embeddable":true,"href":"https:\/\/naturegalapagos.com\/es\/wp-json\/wp\/v2\/product_brand?post=4724"},{"taxonomy":"product_cat","embeddable":true,"href":"https:\/\/naturegalapagos.com\/es\/wp-json\/wp\/v2\/product_cat?post=4724"},{"taxonomy":"product_tag","embeddable":true,"href":"https:\/\/naturegalapagos.com\/es\/wp-json\/wp\/v2\/product_tag?post=4724"}],"curies":[{"name":"wp","href":"https:\/\/api.w.org\/{rel}","templated":true}]}}