{"id":4741,"date":"2019-03-21T17:57:29","date_gmt":"2019-03-21T21:57:29","guid":{"rendered":"https:\/\/naturegalapagos.com\/es\/?post_type=product&#038;p=4741"},"modified":"2024-12-06T16:51:20","modified_gmt":"2024-12-06T21:51:20","slug":"paseo-quito-galapagos-de-8-dias","status":"publish","type":"product","link":"https:\/\/naturegalapagos.com\/es\/tours-ecuador\/paseo-quito-galapagos-8-dias\/","title":{"rendered":"Paseo Quito Galapagos de 8 d\u00edas"},"content":{"rendered":"<div class=\"wpb-content-wrapper\"><p>[vc_row][vc_column][vc_column_text]<\/p>\n<h2><span style=\"font-size: 24px; font-family: arial, helvetica, sans-serif;\">Paseo Quito Galapagos de 8 d\u00edas | Incluyendo hotel y traslados<\/span><\/h2>\n<p><span style=\"font-family: arial, helvetica, sans-serif;\">Viaja y <strong>conoce lo mejor de Quito y Galapagos<\/strong>, incluyendo visitas a las Islas Gal\u00e1pagos y un par de sitios claves en la ciudad de Quito. Comienza tu viaje con una visita al Quito antiguo, ad\u00e9ntrate en las hermosas iglesias coloniales y sum\u00e9rjete en su historia y arte cl\u00e1sico barroco. Disfruta de una incre\u00edble vista de 360 grados de la &#8220;Carita de Dios&#8221; en el Panecillo. Prep\u00e1rate para una excursi\u00f3n por tierra de 5 d\u00edas visitando las Islas Encantadas (Santa Cruz e Isabela). Conoce a las tortugas gigantes, los leones marinos y disfruta de la vida salvaje y los paisajes m\u00e1s emblem\u00e1ticos de Gal\u00e1pagos.<\/span><\/p>\n<p><span style=\"font-family: arial, helvetica, sans-serif;\"><!--more--><\/span><\/p>\n<h3><span style=\"font-family: arial, helvetica, sans-serif;\">Datos importantes<\/span><\/h3>\n<table class=\"table table-bordered tours-tabs__table\" style=\"height: 181px; width: 860px;\">\n<tbody>\n<tr style=\"height: 24px;\">\n<td style=\"height: 24px; width: 211px;\"><span style=\"font-family: arial, helvetica, sans-serif;\"><strong>SALIDAS<\/strong><\/span><\/td>\n<td style=\"height: 24px; width: 633px;\"><span style=\"font-family: arial, helvetica, sans-serif;\">Todos los d\u00edas.<\/span><\/td>\n<\/tr>\n<tr style=\"height: 24px;\">\n<td style=\"height: 24px; width: 211px;\"><span style=\"font-family: arial, helvetica, sans-serif;\"><b>SALE DESDE<\/b><\/span><\/td>\n<td style=\"height: 24px; width: 633px;\"><span style=\"font-family: arial, helvetica, sans-serif;\">El aeropuerto de Quito o el hotel de alojamiento para iniciar nuestro Paseo Quito Galapagos de 8 d\u00edas<\/span><\/td>\n<\/tr>\n<tr style=\"height: 24px;\">\n<td style=\"height: 24px; width: 211px;\"><span style=\"font-family: arial, helvetica, sans-serif;\"><strong>TERMINA EN<\/strong><\/span><\/td>\n<td style=\"height: 24px; width: 633px;\"><span style=\"font-family: arial, helvetica, sans-serif;\">El aeropuerto de Quito.<\/span><\/td>\n<\/tr>\n<tr style=\"height: 24px;\">\n<td style=\"height: 24px; width: 211px;\"><span style=\"font-family: arial, helvetica, sans-serif;\"><strong>DURACI\u00d3N\u00a0<\/strong><\/span><\/td>\n<td style=\"height: 24px; width: 633px;\"><span style=\"font-family: arial, helvetica, sans-serif;\">Es un Paseo Quito Galapagos de 8 d\u00edas<\/span><\/td>\n<\/tr>\n<tr style=\"height: 24px;\">\n<td style=\"height: 24px; width: 211px;\"><span style=\"font-family: arial, helvetica, sans-serif;\"><strong>QUE USAR<\/strong><\/span><\/td>\n<td style=\"height: 24px; width: 633px;\"><span style=\"font-family: arial, helvetica, sans-serif;\">Ropa c\u00f3moda, zapatos de caminata, gorra, chaqueta y bloqueador solar.<\/span><\/td>\n<\/tr>\n<tr style=\"height: 23px;\">\n<td style=\"height: 23px; width: 211px;\"><span style=\"font-family: arial, helvetica, sans-serif;\"><strong>INCLUYE<\/strong><\/span><\/td>\n<td style=\"height: 23px; width: 633px;\"><span style=\"font-family: arial, helvetica, sans-serif;\"><i class=\"fa fa-check icon-tick icon-tick--on\"><\/i> 3 noches de alojamiento en habitaciones dobles en hotel en Quito.<\/span><br \/>\n<span style=\"font-family: arial, helvetica, sans-serif;\"> <i class=\"fa fa-check icon-tick icon-tick--on\"><\/i> 4 noches de alojamiento en hoteles de clase seleccionada en Gal\u00e1pagos.<\/span><br \/>\n<span style=\"font-family: arial, helvetica, sans-serif;\"> <i class=\"fa fa-check icon-tick icon-tick--on\"><\/i> 4 desayunos, 4 almuerzos, 4 cenas en Gal\u00e1pagos.<\/span><br \/>\n<span style=\"font-family: arial, helvetica, sans-serif;\"> <i class=\"fa fa-check icon-tick icon-tick--on\"><\/i> 2 desayunos en quito.<\/span><br \/>\n<span style=\"font-family: arial, helvetica, sans-serif;\"> <i class=\"fa fa-check icon-tick icon-tick--on\"><\/i> Traslados desde el Aeropuerto de Quito &#8211; Hotel &#8211; Aeropuerto de Quito (D\u00edas 1, 3, 7 y 8).<\/span><br \/>\n<span style=\"font-family: arial, helvetica, sans-serif;\"> <i class=\"fa fa-check icon-tick icon-tick--on\"><\/i> Todo el transporte terrestre y mar\u00edtimo dentro de las Islas Gal\u00e1pagos durante el programa.<\/span><br \/>\n<span style=\"font-family: arial, helvetica, sans-serif;\"> <i class=\"fa fa-check icon-tick icon-tick--on\"><\/i> Gu\u00edas naturalistas biling\u00fces en Gal\u00e1pagos.<\/span><br \/>\n<span style=\"font-family: arial, helvetica, sans-serif;\"> <i class=\"fa fa-check icon-tick icon-tick--on\"><\/i> Excursiones y visitas durante el programa como se muestra en el itinerario.<br \/>\n<i class=\"fa fa-check icon-tick icon-tick--on\"><\/i> Equipo de snorkel en Gal\u00e1pagos seg\u00fan lo especificado en el itinerario.<br \/>\n<i class=\"fa fa-check icon-tick icon-tick--on\"><\/i> Traslados de ida y vuelta desde el aeropuerto de Baltra (en camioneta o en autob\u00fas, seg\u00fan el tama\u00f1o del grupo).<br \/>\n<i class=\"fa fa-check icon-tick icon-tick--on\"><\/i> Traslado Puerto Ayora &#8211; Isabela &#8211; Puerto Ayora en lancha p\u00fablica.<\/span><\/td>\n<\/tr>\n<tr style=\"height: 38px;\">\n<td style=\"height: 38px; width: 211px;\"><span style=\"font-family: arial, helvetica, sans-serif;\"><b>NO INCLUYE<\/b><\/span><\/td>\n<td style=\"height: 38px; width: 633px;\"><span style=\"font-family: arial, helvetica, sans-serif;\"><i class=\"fa fa-times icon-tick icon-tick--off\"><\/i> Boletos A\u00e9reos desde \/ hacia Ecuador y Gal\u00e1pagos.<\/span><br \/>\n<span style=\"font-family: arial, helvetica, sans-serif;\"><i class=\"fa fa-times icon-tick icon-tick--off\"><\/i> Almuerzo y Cena en Quito.<\/span><br \/>\n<span style=\"font-family: arial, helvetica, sans-serif;\"><i class=\"fa fa-times icon-tick icon-tick--off\"><\/i> Entrada al Museo Inti \u00d1an y al Monumento a la Mitad del Mundo en Quito.<\/span><br \/>\n<span style=\"font-family: arial, helvetica, sans-serif;\"><i class=\"fa fa-times icon-tick icon-tick--off\"><\/i> Entrada al Parque Nacional Gal\u00e1pagos &#8211; USD $ 100.<\/span><br \/>\n<span style=\"font-family: arial, helvetica, sans-serif;\"><i class=\"fa fa-times icon-tick icon-tick--off\"><\/i> Muelle de Isabela \u2013 USD$5.<\/span><br \/>\n<span style=\"font-family: arial, helvetica, sans-serif;\"><i class=\"fa fa-times icon-tick icon-tick--off\"><\/i> Tarjeta de Control Migratorio \u2013 USD$20.<\/span><br \/>\n<span style=\"font-family: arial, helvetica, sans-serif;\"><i class=\"fa fa-times icon-tick icon-tick--off\"><\/i> Taxi acu\u00e1tico desde el muelle &#8211; lancha r\u00e1pida &#8211; USD $ 1 por persona \/ por viaje<\/span><br \/>\n<span style=\"font-family: arial, helvetica, sans-serif;\"><i class=\"fa fa-times icon-tick icon-tick--off\"><\/i> Refrescos y bebidas alcoh\u00f3licas.<\/span><br \/>\n<span style=\"font-family: arial, helvetica, sans-serif;\"><i class=\"fa fa-times icon-tick icon-tick--off\"><\/i> Consejos y propinas (opcional).<\/span><\/td>\n<\/tr>\n<\/tbody>\n<\/table>\n<p>[\/vc_column_text][\/vc_column][\/vc_row][vc_row][vc_column el_class=&#8221;accocruise&#8221;][vc_column_text]\n<div class=\"panel panel-default accordion__item\">\n\t<div class=\"panel-heading accordion__item__title-wrap\">\n\t\t<h4 class=\"panel-title\">\n\t\t\t<a data-toggle=\"collapse\" data-parent=\"#ataccordion0\" href=\"#ataccordion0_1\" class=\"accordion__item__link collapsed\">CONSULTAR M\u00c1S AQU\u00cd<\/a>\n\t\t<\/h4>\n\t<\/div>\n\t<div id=\"ataccordion0_1\" class=\"panel-collapse collapse\">\n\t\t<div class=\"panel-body accordion__item__content\">\n                <div class=\"ml-embedded\" data-form=\"yvNaxQ\"><\/div>\n            \n<\/div>\n\t<\/div>\n<\/div>[\/vc_column_text][\/vc_column][\/vc_row][vc_row][vc_column][\/vc_column][\/vc_row]<\/p>\n<\/div>","protected":false},"excerpt":{"rendered":"<p>[vc_row][vc_column][vc_column_text] Paseo Quito Galapagos de 8 d\u00edas | Incluyendo hotel y traslados Viaja y conoce lo mejor de Quito y Galapagos, incluyendo visitas a las Islas Gal\u00e1pagos y un par de sitios claves en la ciudad de Quito. Comienza tu viaje con una visita al Quito antiguo, ad\u00e9ntrate en las hermosas iglesias coloniales y sum\u00e9rjete<\/p>\n<div class=\"padding-top text-center\"><a href=\"https:\/\/naturegalapagos.com\/es\/tours-ecuador\/paseo-quito-galapagos-8-dias\/\" class=\"atbtn atbtn--medium atbtn--rounded atbtn--transparent\">Leer m\u00e1s<i class=\"atbtn__icon atbtn__icon--right fa fa-long-arrow-right\"><\/i><\/a><\/div>\n","protected":false},"featured_media":4747,"comment_status":"open","ping_status":"closed","template":"","meta":{"_joinchat":[]},"product_brand":[],"product_cat":[3599],"product_tag":[],"class_list":{"0":"post-4741","1":"product","2":"type-product","3":"status-publish","4":"has-post-thumbnail","6":"product_cat-sin-categoria","7":"tour_category-8-day-tours","8":"tour_category-vacaciones-ecuador","10":"first","11":"instock","12":"taxable","13":"shipping-taxable","14":"product-type-tour"},"yoast_head":"<!-- This site is optimized with the Yoast SEO Premium plugin v25.6 (Yoast SEO v26.1.1) - https:\/\/yoast.com\/wordpress\/plugins\/seo\/ -->\n<title>Paseo Quito Galapagos de 8 d\u00edas | Incluye Hotel y Traslados<\/title>\n<meta name=\"description\" content=\"Emb\u00e1rcate en Paseo Quito Galapagos de 8 d\u00edas. \u00a1Haz un viaje de 8 d\u00edas, conoce la mitad del mundo y tambi\u00e9n Gal\u00e1pagos, el lugar m\u00e1s biodiverso del planeta!\" \/>\n<meta name=\"robots\" content=\"index, follow, max-snippet:-1, max-image-preview:large, max-video-preview:-1\" \/>\n<link rel=\"canonical\" href=\"https:\/\/naturegalapagos.com\/es\/tours-ecuador\/paseo-quito-galapagos-8-dias\/\" \/>\n<meta property=\"og:locale\" content=\"es_ES\" \/>\n<meta property=\"og:type\" content=\"article\" \/>\n<meta property=\"og:title\" content=\"Paseo Quito Galapagos de 8 d\u00edas | Incluye Hotel y Traslados\" \/>\n<meta property=\"og:description\" content=\"Emb\u00e1rcate en Paseo Quito Galapagos de 8 d\u00edas. \u00a1Haz un viaje de 8 d\u00edas, conoce la mitad del mundo y tambi\u00e9n Gal\u00e1pagos, el lugar m\u00e1s biodiverso del planeta!\" \/>\n<meta property=\"og:url\" content=\"https:\/\/naturegalapagos.com\/es\/tours-ecuador\/paseo-quito-galapagos-8-dias\/\" \/>\n<meta property=\"og:site_name\" content=\"Espa\u00f1ol - Nature Galapagos &amp; Ecuador\" \/>\n<meta property=\"article:publisher\" content=\"https:\/\/www.facebook.com\/naturegalapagosecuador\/\" \/>\n<meta property=\"article:modified_time\" content=\"2024-12-06T21:51:20+00:00\" \/>\n<meta property=\"og:image\" content=\"https:\/\/naturegalapagos.com\/es\/wp-content\/uploads\/sites\/3\/2019\/03\/Paseo-Quito-Galapagos.jpg\" \/>\n\t<meta property=\"og:image:width\" content=\"1024\" \/>\n\t<meta property=\"og:image:height\" content=\"512\" \/>\n\t<meta property=\"og:image:type\" content=\"image\/jpeg\" \/>\n<meta name=\"twitter:card\" content=\"summary_large_image\" \/>\n<meta name=\"twitter:title\" content=\"Paseo Quito Galapagos de 8 d\u00edas | Incluye Hotel y Traslados\" \/>\n<meta name=\"twitter:description\" content=\"Emb\u00e1rcate en Paseo Quito Galapagos de 8 d\u00edas. \u00a1Haz un viaje de 8 d\u00edas, conoce la mitad del mundo y tambi\u00e9n Gal\u00e1pagos, el lugar m\u00e1s biodiverso del planeta!\" \/>\n<meta name=\"twitter:site\" content=\"@naturegalapagos\" \/>\n<meta name=\"twitter:label1\" content=\"Tiempo de lectura\" \/>\n\t<meta name=\"twitter:data1\" content=\"3 minutos\" \/>\n<!-- \/ Yoast SEO Premium plugin. -->","yoast_head_json":{"title":"Paseo Quito Galapagos de 8 d\u00edas | Incluye Hotel y Traslados","description":"Emb\u00e1rcate en Paseo Quito Galapagos de 8 d\u00edas. \u00a1Haz un viaje de 8 d\u00edas, conoce la mitad del mundo y tambi\u00e9n Gal\u00e1pagos, el lugar m\u00e1s biodiverso del planeta!","robots":{"index":"index","follow":"follow","max-snippet":"max-snippet:-1","max-image-preview":"max-image-preview:large","max-video-preview":"max-video-preview:-1"},"canonical":"https:\/\/naturegalapagos.com\/es\/tours-ecuador\/paseo-quito-galapagos-8-dias\/","og_locale":"es_ES","og_type":"article","og_title":"Paseo Quito Galapagos de 8 d\u00edas | Incluye Hotel y Traslados","og_description":"Emb\u00e1rcate en Paseo Quito Galapagos de 8 d\u00edas. \u00a1Haz un viaje de 8 d\u00edas, conoce la mitad del mundo y tambi\u00e9n Gal\u00e1pagos, el lugar m\u00e1s biodiverso del planeta!","og_url":"https:\/\/naturegalapagos.com\/es\/tours-ecuador\/paseo-quito-galapagos-8-dias\/","og_site_name":"Espa\u00f1ol - Nature Galapagos &amp; Ecuador","article_publisher":"https:\/\/www.facebook.com\/naturegalapagosecuador\/","article_modified_time":"2024-12-06T21:51:20+00:00","og_image":[{"width":1024,"height":512,"url":"https:\/\/naturegalapagos.com\/es\/wp-content\/uploads\/sites\/3\/2019\/03\/Paseo-Quito-Galapagos.jpg","type":"image\/jpeg"}],"twitter_card":"summary_large_image","twitter_title":"Paseo Quito Galapagos de 8 d\u00edas | Incluye Hotel y Traslados","twitter_description":"Emb\u00e1rcate en Paseo Quito Galapagos de 8 d\u00edas. \u00a1Haz un viaje de 8 d\u00edas, conoce la mitad del mundo y tambi\u00e9n Gal\u00e1pagos, el lugar m\u00e1s biodiverso del planeta!","twitter_site":"@naturegalapagos","twitter_misc":{"Tiempo de lectura":"3 minutos"},"schema":{"@context":"https:\/\/schema.org","@graph":[{"@type":"WebPage","@id":"https:\/\/naturegalapagos.com\/es\/tours-ecuador\/paseo-quito-galapagos-8-dias\/","url":"https:\/\/naturegalapagos.com\/es\/tours-ecuador\/paseo-quito-galapagos-8-dias\/","name":"Paseo Quito Galapagos de 8 d\u00edas | Incluye Hotel y Traslados","isPartOf":{"@id":"https:\/\/naturegalapagos.com\/es\/#website"},"primaryImageOfPage":{"@id":"https:\/\/naturegalapagos.com\/es\/tours-ecuador\/paseo-quito-galapagos-8-dias\/#primaryimage"},"image":{"@id":"https:\/\/naturegalapagos.com\/es\/tours-ecuador\/paseo-quito-galapagos-8-dias\/#primaryimage"},"thumbnailUrl":"https:\/\/naturegalapagos.com\/es\/wp-content\/uploads\/sites\/3\/2019\/03\/Paseo-Quito-Galapagos.jpg","datePublished":"2019-03-21T21:57:29+00:00","dateModified":"2024-12-06T21:51:20+00:00","description":"Emb\u00e1rcate en Paseo Quito Galapagos de 8 d\u00edas. \u00a1Haz un viaje de 8 d\u00edas, conoce la mitad del mundo y tambi\u00e9n Gal\u00e1pagos, el lugar m\u00e1s biodiverso del planeta!","breadcrumb":{"@id":"https:\/\/naturegalapagos.com\/es\/tours-ecuador\/paseo-quito-galapagos-8-dias\/#breadcrumb"},"inLanguage":"es","potentialAction":[{"@type":"ReadAction","target":["https:\/\/naturegalapagos.com\/es\/tours-ecuador\/paseo-quito-galapagos-8-dias\/"]}]},{"@type":"ImageObject","inLanguage":"es","@id":"https:\/\/naturegalapagos.com\/es\/tours-ecuador\/paseo-quito-galapagos-8-dias\/#primaryimage","url":"https:\/\/naturegalapagos.com\/es\/wp-content\/uploads\/sites\/3\/2019\/03\/Paseo-Quito-Galapagos.jpg","contentUrl":"https:\/\/naturegalapagos.com\/es\/wp-content\/uploads\/sites\/3\/2019\/03\/Paseo-Quito-Galapagos.jpg","width":1024,"height":512,"caption":"Paseo Quito Galapagos"},{"@type":"BreadcrumbList","@id":"https:\/\/naturegalapagos.com\/es\/tours-ecuador\/paseo-quito-galapagos-8-dias\/#breadcrumb","itemListElement":[{"@type":"ListItem","position":1,"name":"Home","item":"https:\/\/naturegalapagos.com\/es\/"},{"@type":"ListItem","position":2,"name":"Tienda","item":"https:\/\/naturegalapagos.com\/es\/tienda\/"},{"@type":"ListItem","position":3,"name":"Paseo Quito Galapagos de 8 d\u00edas"}]},{"@type":"WebSite","@id":"https:\/\/naturegalapagos.com\/es\/#website","url":"https:\/\/naturegalapagos.com\/es\/","name":"Espa\u00f1ol - Nature Galapagos & Ecuador","description":"","publisher":{"@id":"https:\/\/naturegalapagos.com\/es\/#organization"},"potentialAction":[{"@type":"SearchAction","target":{"@type":"EntryPoint","urlTemplate":"https:\/\/naturegalapagos.com\/es\/?s={search_term_string}"},"query-input":{"@type":"PropertyValueSpecification","valueRequired":true,"valueName":"search_term_string"}}],"inLanguage":"es"},{"@type":"Organization","@id":"https:\/\/naturegalapagos.com\/es\/#organization","name":"Espa\u00f1ol - Nature Galapagos & Ecuador","url":"https:\/\/naturegalapagos.com\/es\/","logo":{"@type":"ImageObject","inLanguage":"es","@id":"https:\/\/naturegalapagos.com\/es\/#\/schema\/logo\/image\/","url":"https:\/\/naturegalapagos.com\/es\/wp-content\/uploads\/sites\/3\/2016\/10\/Nature-Galapagos-Logo-COM-300x300.jpg","contentUrl":"https:\/\/naturegalapagos.com\/es\/wp-content\/uploads\/sites\/3\/2016\/10\/Nature-Galapagos-Logo-COM-300x300.jpg","width":300,"height":300,"caption":"Espa\u00f1ol - Nature Galapagos & Ecuador"},"image":{"@id":"https:\/\/naturegalapagos.com\/es\/#\/schema\/logo\/image\/"},"sameAs":["https:\/\/www.facebook.com\/naturegalapagosecuador\/","https:\/\/x.com\/naturegalapagos","https:\/\/www.instagram.com\/naturegalapagos\/","https:\/\/www.pinterest.com\/Naturegalapagos\/","https:\/\/www.youtube.com\/user\/NatureGalapagosTours"]}]}},"_links":{"self":[{"href":"https:\/\/naturegalapagos.com\/es\/wp-json\/wp\/v2\/product\/4741","targetHints":{"allow":["GET"]}}],"collection":[{"href":"https:\/\/naturegalapagos.com\/es\/wp-json\/wp\/v2\/product"}],"about":[{"href":"https:\/\/naturegalapagos.com\/es\/wp-json\/wp\/v2\/types\/product"}],"replies":[{"embeddable":true,"href":"https:\/\/naturegalapagos.com\/es\/wp-json\/wp\/v2\/comments?post=4741"}],"wp:featuredmedia":[{"embeddable":true,"href":"https:\/\/naturegalapagos.com\/es\/wp-json\/wp\/v2\/media\/4747"}],"wp:attachment":[{"href":"https:\/\/naturegalapagos.com\/es\/wp-json\/wp\/v2\/media?parent=4741"}],"wp:term":[{"taxonomy":"product_brand","embeddable":true,"href":"https:\/\/naturegalapagos.com\/es\/wp-json\/wp\/v2\/product_brand?post=4741"},{"taxonomy":"product_cat","embeddable":true,"href":"https:\/\/naturegalapagos.com\/es\/wp-json\/wp\/v2\/product_cat?post=4741"},{"taxonomy":"product_tag","embeddable":true,"href":"https:\/\/naturegalapagos.com\/es\/wp-json\/wp\/v2\/product_tag?post=4741"}],"curies":[{"name":"wp","href":"https:\/\/api.w.org\/{rel}","templated":true}]}}