{"id":4950,"date":"2024-08-30T16:46:32","date_gmt":"2024-08-30T20:46:32","guid":{"rendered":"https:\/\/naturegalapagos.com\/es\/?post_type=product&#038;p=4950"},"modified":"2024-08-30T17:46:07","modified_gmt":"2024-08-30T21:46:07","slug":"m-y-bonita","status":"publish","type":"product","link":"https:\/\/naturegalapagos.com\/es\/cruceros-galapagos\/m-y-bonita\/","title":{"rendered":"M\/Y Bonita"},"content":{"rendered":"<div class=\"wpb-content-wrapper\"><div style=\"display: flex; justify-content: end; margin-bottom: 10px;\"><a href=\"https:\/\/naturegalapagos.com\/es\/ofertas-de-viajes\/\" target=\"_blank\" rel=\"noopener\"><img decoding=\"async\" src=\"https:\/\/naturegalapagos.com\/es\/wp-content\/uploads\/sites\/3\/2019\/11\/las-minute-deals-gif_Final_espa\u00f1ol.gif\" alt=\"crucero de \u00faltimo minuto en Gal\u00e1pagos\" width=\"227.5\" height=\"77.25\" \/><\/a><\/div>\n<h2><span style=\"font-family: arial, helvetica, sans-serif; font-size: 18pt;\"><strong>ACERCA DE YATE BONITA\u00a0<\/strong><\/span><\/h2>\n<p><span style=\"font-family: arial, helvetica, sans-serif;\">Nuestro yate <strong>M\/Y Bonita<\/strong> ha estado navegando en esta cadena de islas creando una verdadera experiencia de viaje, para aquellos que les gustan las aventuras sin problemas, a un precio atractivo. Al mismo tiempo, navegando por las Islas Gal\u00e1pagos, con una huella ecol\u00f3gica casi imperceptible.<\/span><\/p>\n<p><span style=\"font-family: arial, helvetica, sans-serif;\"> <!--more--><\/span><\/p>\n<p>&nbsp;<\/p>\n<h3><span style=\"font-family: arial, helvetica, sans-serif;\"><strong>CUBIERTA PRINCIPAL \/ CUBIERTA INFERIOR<\/strong><\/span><\/h3>\n<div id=\"gallery_1\" class=\"gallery\">\n<div class=\"row gallery__items\">\n\t\t\t\t\t<div class=\"col-sm-12 gallery__item-wrap\" data-filterid=\"\">\n\t\t\t<a href=\"https:\/\/naturegalapagos.com\/es\/wp-content\/uploads\/sites\/3\/2023\/12\/main-lower-bonita-yacht-es.jpg\" class=\"swipebox gallery__item\" title=\"main-lower-bonita-yacht-es\">\n\t\t\t\t<img decoding=\"async\" width=\"720\" height=\"480\" src=\"https:\/\/naturegalapagos.com\/es\/wp-content\/uploads\/sites\/3\/2023\/12\/main-lower-bonita-yacht-es-720x480.jpg\" class=\"attachment-thumb_gallery size-thumb_gallery\" alt=\"Cubierta principal \/ Cubierta inferior - Yate Bonita\" srcset=\"https:\/\/naturegalapagos.com\/es\/wp-content\/uploads\/sites\/3\/2023\/12\/main-lower-bonita-yacht-es-720x480.jpg 720w, https:\/\/naturegalapagos.com\/es\/wp-content\/uploads\/sites\/3\/2023\/12\/main-lower-bonita-yacht-es-531x354.jpg 531w, https:\/\/naturegalapagos.com\/es\/wp-content\/uploads\/sites\/3\/2023\/12\/main-lower-bonita-yacht-es-180x120.jpg 180w\" sizes=\"(max-width: 720px) 100vw, 720px\" \/>\t\t\t\t<span class=\"gallery__item__info\">\n\t\t\t\t\t<span class=\"gallery__item__info__content\">\n\t\t\t\t\t\t<span class=\"gallery__item__title\">main-lower-bonita-yacht-es<\/span>\n\t\t\t\t\t\t\t\t\t\t<\/span>\n\t\t\t\t\t<span class=\"gallery__item__shadow\"><\/span>\n\t\t\t\t<\/span>\n\t\t\t<\/a>\n\t\t<\/div>\n\t<\/div>\n<\/div>\n<p><span style=\"font-family: arial, helvetica, sans-serif;\">En la cubierta principal, junto a las dos cabinas, se encuentra el Comedor equipado con una estaci\u00f3n de caf\u00e9, adem\u00e1s de la Sala de estar, el bar y la cocina. En la cubierta inferior, se distribuyen tres cabinas, la cabina de gu\u00edas y las cabinas destinadas a la tripulaci\u00f3n, junto con su correspondiente comedor.<\/span><\/p>\n<h3><span style=\"font-family: arial, helvetica, sans-serif;\"><strong>SOLARIUM \/ CUBIERTA SUPERIOR<\/strong><\/span><\/h3>\n<div id=\"gallery_2\" class=\"gallery\">\n<div class=\"row gallery__items\">\n\t\t\t\t\t<div class=\"col-sm-12 gallery__item-wrap\" data-filterid=\"\">\n\t\t\t<a href=\"https:\/\/naturegalapagos.com\/es\/wp-content\/uploads\/sites\/3\/2023\/12\/sundeck-upper-bonita-yacht-es.jpg\" class=\"swipebox gallery__item\" title=\"sundeck-upper-bonita-yacht-es\">\n\t\t\t\t<img decoding=\"async\" width=\"720\" height=\"480\" src=\"https:\/\/naturegalapagos.com\/es\/wp-content\/uploads\/sites\/3\/2023\/12\/sundeck-upper-bonita-yacht-es-720x480.jpg\" class=\"attachment-thumb_gallery size-thumb_gallery\" alt=\"Solarium \/ Cubierta Superior - Yate Bonita\" srcset=\"https:\/\/naturegalapagos.com\/es\/wp-content\/uploads\/sites\/3\/2023\/12\/sundeck-upper-bonita-yacht-es-720x480.jpg 720w, https:\/\/naturegalapagos.com\/es\/wp-content\/uploads\/sites\/3\/2023\/12\/sundeck-upper-bonita-yacht-es-531x354.jpg 531w, https:\/\/naturegalapagos.com\/es\/wp-content\/uploads\/sites\/3\/2023\/12\/sundeck-upper-bonita-yacht-es-180x120.jpg 180w\" sizes=\"(max-width: 720px) 100vw, 720px\" \/>\t\t\t\t<span class=\"gallery__item__info\">\n\t\t\t\t\t<span class=\"gallery__item__info__content\">\n\t\t\t\t\t\t<span class=\"gallery__item__title\">sundeck-upper-bonita-yacht-es<\/span>\n\t\t\t\t\t\t\t\t\t\t<\/span>\n\t\t\t\t\t<span class=\"gallery__item__shadow\"><\/span>\n\t\t\t\t<\/span>\n\t\t\t<\/a>\n\t\t<\/div>\n\t<\/div>\n<\/div>\n<p><span style=\"font-family: arial, helvetica, sans-serif;\">El extenso sol\u00e1rium, que proporciona una impresionante panor\u00e1mica del oc\u00e9ano, cuenta con tumbonas confortables. En la cubierta superior, se encuentran cuatro cabinas dobles o gemelas, la cabina del capit\u00e1n y el puente.<\/span><\/p>\n<table style=\"border-collapse: collapse; width: 100%;\">\n<thead>\n<tr style=\"background-color: #009e5d; color: white;\">\n<td style=\"width: 129.668%; text-align: center;\" colspan=\"2\">\n<h4><span style=\"font-family: arial, helvetica, sans-serif; font-size: 20px;\"><strong>Especificaciones T\u00e9cnicas de M\/Y Bonita<\/strong><\/span><\/h4>\n<\/td>\n<\/tr>\n<\/thead>\n<tbody>\n<tr>\n<td style=\"width: 50%;\"><span style=\"font-family: arial, helvetica, sans-serif;\"><strong>Tipo:<\/strong><\/span><\/td>\n<td style=\"width: 79.6683%;\"><span style=\"font-family: arial, helvetica, sans-serif;\">Motor Yacht<\/span><\/td>\n<\/tr>\n<tr>\n<td style=\"width: 50%;\"><span style=\"font-family: arial, helvetica, sans-serif;\"><strong>Dimensiones:<\/strong><\/span><\/td>\n<td style=\"width: 79.6683%;\"><span style=\"font-family: arial, helvetica, sans-serif;\">Length: 31.50 mts \/ 101.70 ft<\/span><br \/>\n<span style=\"font-family: arial, helvetica, sans-serif;\">Beam: 10.50 mts \/ 34.44 ft<\/span><\/td>\n<\/tr>\n<tr>\n<td style=\"width: 50%;\"><span style=\"font-family: arial, helvetica, sans-serif;\"><strong>Capacidad:<\/strong><\/span><\/td>\n<td style=\"width: 79.6683%;\"><span style=\"font-family: arial, helvetica, sans-serif;\">16 passengers<\/span><br \/>\n<span style=\"font-family: arial, helvetica, sans-serif;\">8 crew members + 1 bilingual guide<\/span><\/td>\n<\/tr>\n<tr>\n<td style=\"width: 50%;\"><span style=\"font-family: arial, helvetica, sans-serif;\"><strong>Rendimiento:<\/strong><\/span><\/td>\n<td style=\"width: 79.6683%;\"><span style=\"font-family: arial, helvetica, sans-serif;\">Cruising speed: 9 knots<\/span><br \/>\n<span style=\"font-family: arial, helvetica, sans-serif;\">Water capacity: 2500 gallons<\/span><\/td>\n<\/tr>\n<tr>\n<td style=\"width: 50%;\"><span style=\"font-family: arial, helvetica, sans-serif;\"><strong>Operaci\u00f3n y consumo:<\/strong><\/span><\/td>\n<td style=\"width: 79.6683%;\"><span style=\"font-family: arial, helvetica, sans-serif;\">Motor: 2 Caterpillar 8 cylinder motors<\/span><\/td>\n<\/tr>\n<\/tbody>\n<\/table>\n<h3 class=\"pt-5\"><span style=\"font-family: arial, helvetica, sans-serif;\"><strong>EQUIPO DE SEGURIDAD<\/strong><\/span><\/h3>\n<ul>\n<li><span style=\"font-family: arial, helvetica, sans-serif;\">6 salvavidas<\/span><\/li>\n<li><span style=\"font-family: arial, helvetica, sans-serif;\">2 balsas de supervivencia, 15 pasajeros cada una<\/span><\/li>\n<li><span style=\"font-family: arial, helvetica, sans-serif;\">30 chalecos salvavidas para pasajeros<\/span><\/li>\n<li><span style=\"font-family: arial, helvetica, sans-serif;\">20 chalecos salvavidas para la tripulaci\u00f3n<\/span><\/li>\n<li><span style=\"font-family: arial, helvetica, sans-serif;\">Ca\u00f1\u00f3n de bengalas, se\u00f1ales de humo, se\u00f1ales de linternas SOS<\/span><\/li>\n<li><span style=\"font-family: arial, helvetica, sans-serif;\">Extintores de CO2<\/span><\/li>\n<li><span style=\"font-family: arial, helvetica, sans-serif;\">Detectores de incendios y sistema completo de protecci\u00f3n contra incendios<\/span><\/li>\n<li><span style=\"font-family: arial, helvetica, sans-serif;\">Extintores<\/span><\/li>\n<li><span style=\"font-family: arial, helvetica, sans-serif;\">Desfibrilador externo automatizado<\/span><\/li>\n<li><span style=\"font-family: arial, helvetica, sans-serif;\">Trajes de bomberos<\/span><\/li>\n<\/ul>\n<p>[\/vc_column_text][\/vc_column][\/vc_row][vc_row][vc_column el_class=&#8221;accocruise&#8221;][vc_column_text]\n<div class=\"panel panel-default accordion__item\">\n\t<div class=\"panel-heading accordion__item__title-wrap\">\n\t\t<h4 class=\"panel-title\">\n\t\t\t<a data-toggle=\"collapse\" data-parent=\"#ataccordion0\" href=\"#ataccordion0_1\" class=\"accordion__item__link collapsed\">Solicite m\u00e1s informaci\u00f3n<\/a>\n\t\t<\/h4>\n\t<\/div>\n\t<div id=\"ataccordion0_1\" class=\"panel-collapse collapse\">\n\t\t<div class=\"panel-body accordion__item__content\">\n                <div class=\"ml-embedded\" data-form=\"3MwQ3c\"><\/div>\n            \n<\/div>\n\t<\/div>\n<\/div>[\/vc_column_text][\/vc_column][\/vc_row][vc_row][vc_column][\/vc_column][\/vc_row]<\/p>\n<\/div>","protected":false},"excerpt":{"rendered":"<p>Nuestro yate ha estado navegando en esta cadena de islas creando una verdadera experiencia de viaje, para aquellos que les gustan las aventuras sin problemas, a un precio atractivo. Al mismo tiempo, navegando por las Islas Gal\u00e1pagos, con una huella ecol\u00f3gica casi imperceptible.<\/p>\n","protected":false},"featured_media":5672,"comment_status":"open","ping_status":"closed","template":"","meta":{"_joinchat":[]},"product_brand":[],"product_cat":[3599],"product_tag":[],"class_list":{"0":"post-4950","1":"product","2":"type-product","3":"status-publish","4":"has-post-thumbnail","6":"product_cat-sin-categoria","7":"tour_category-cruceros-turista-superior","9":"first","10":"instock","11":"taxable","12":"shipping-taxable","13":"product-type-tour"},"yoast_head":"<!-- This site is optimized with the Yoast SEO Premium plugin v25.6 (Yoast SEO v26.1.1) - https:\/\/yoast.com\/wordpress\/plugins\/seo\/ -->\n<title>M\/Y Bonita | Yate de Lujo<\/title>\n<meta name=\"description\" content=\"El M\/Y Bonita es un yate de Lujo, uno de los m\u00e1s r\u00e1pidos en las Islas Encantadas. Cuenta con 4 itinerarios diferentes de 7, 5 y 4 d\u00edas!\" \/>\n<meta name=\"robots\" content=\"index, follow, max-snippet:-1, max-image-preview:large, max-video-preview:-1\" \/>\n<link rel=\"canonical\" href=\"https:\/\/naturegalapagos.com\/es\/cruceros-galapagos\/m-y-bonita\/\" \/>\n<meta property=\"og:locale\" content=\"es_ES\" \/>\n<meta property=\"og:type\" content=\"article\" \/>\n<meta property=\"og:title\" content=\"M\/Y Blue Spirit Gal\u00e1pagos | Yate de Lujo\" \/>\n<meta property=\"og:description\" content=\"El M\/Y Blue Spirit Gal\u00e1pagos es un yate de Lujo, uno de los m\u00e1s r\u00e1pidos en las Islas Encantadas. Cuenta con 4 itinerarios diferentes de 8, 5 y 4 d\u00edas!\" \/>\n<meta property=\"og:url\" content=\"https:\/\/naturegalapagos.com\/es\/cruceros-galapagos\/m-y-bonita\/\" \/>\n<meta property=\"og:site_name\" content=\"Espa\u00f1ol - Nature Galapagos &amp; Ecuador\" \/>\n<meta property=\"article:publisher\" content=\"https:\/\/www.facebook.com\/naturegalapagosecuador\/\" \/>\n<meta property=\"article:modified_time\" content=\"2024-08-30T21:46:07+00:00\" \/>\n<meta property=\"og:image\" content=\"https:\/\/naturegalapagos.com\/es\/wp-content\/uploads\/sites\/3\/2019\/09\/bonita-big.jpg\" \/>\n\t<meta property=\"og:image:width\" content=\"1920\" \/>\n\t<meta property=\"og:image:height\" content=\"1000\" \/>\n\t<meta property=\"og:image:type\" content=\"image\/jpeg\" \/>\n<meta name=\"twitter:card\" content=\"summary_large_image\" \/>\n<meta name=\"twitter:title\" content=\"M\/Y Blue Spirit Gal\u00e1pagos | Yate de Lujo\" \/>\n<meta name=\"twitter:description\" content=\"El M\/Y Blue Spirit Gal\u00e1pagos es un yate de Lujo, uno de los m\u00e1s r\u00e1pidos en las Islas Encantadas. Cuenta con 4 itinerarios diferentes de 8, 5 y 4 d\u00edas!\" \/>\n<meta name=\"twitter:site\" content=\"@naturegalapagos\" \/>\n<meta name=\"twitter:label1\" content=\"Tiempo de lectura\" \/>\n\t<meta name=\"twitter:data1\" content=\"2 minutos\" \/>\n<!-- \/ Yoast SEO Premium plugin. -->","yoast_head_json":{"title":"M\/Y Bonita | Yate de Lujo","description":"El M\/Y Bonita es un yate de Lujo, uno de los m\u00e1s r\u00e1pidos en las Islas Encantadas. Cuenta con 4 itinerarios diferentes de 7, 5 y 4 d\u00edas!","robots":{"index":"index","follow":"follow","max-snippet":"max-snippet:-1","max-image-preview":"max-image-preview:large","max-video-preview":"max-video-preview:-1"},"canonical":"https:\/\/naturegalapagos.com\/es\/cruceros-galapagos\/m-y-bonita\/","og_locale":"es_ES","og_type":"article","og_title":"M\/Y Blue Spirit Gal\u00e1pagos | Yate de Lujo","og_description":"El M\/Y Blue Spirit Gal\u00e1pagos es un yate de Lujo, uno de los m\u00e1s r\u00e1pidos en las Islas Encantadas. Cuenta con 4 itinerarios diferentes de 8, 5 y 4 d\u00edas!","og_url":"https:\/\/naturegalapagos.com\/es\/cruceros-galapagos\/m-y-bonita\/","og_site_name":"Espa\u00f1ol - Nature Galapagos &amp; Ecuador","article_publisher":"https:\/\/www.facebook.com\/naturegalapagosecuador\/","article_modified_time":"2024-08-30T21:46:07+00:00","og_image":[{"width":1920,"height":1000,"url":"https:\/\/naturegalapagos.com\/es\/wp-content\/uploads\/sites\/3\/2019\/09\/bonita-big.jpg","type":"image\/jpeg"}],"twitter_card":"summary_large_image","twitter_title":"M\/Y Blue Spirit Gal\u00e1pagos | Yate de Lujo","twitter_description":"El M\/Y Blue Spirit Gal\u00e1pagos es un yate de Lujo, uno de los m\u00e1s r\u00e1pidos en las Islas Encantadas. Cuenta con 4 itinerarios diferentes de 8, 5 y 4 d\u00edas!","twitter_site":"@naturegalapagos","twitter_misc":{"Tiempo de lectura":"2 minutos"},"schema":{"@context":"https:\/\/schema.org","@graph":[{"@type":"WebPage","@id":"https:\/\/naturegalapagos.com\/es\/cruceros-galapagos\/m-y-bonita\/","url":"https:\/\/naturegalapagos.com\/es\/cruceros-galapagos\/m-y-bonita\/","name":"M\/Y Bonita | Yate de Lujo","isPartOf":{"@id":"https:\/\/naturegalapagos.com\/es\/#website"},"primaryImageOfPage":{"@id":"https:\/\/naturegalapagos.com\/es\/cruceros-galapagos\/m-y-bonita\/#primaryimage"},"image":{"@id":"https:\/\/naturegalapagos.com\/es\/cruceros-galapagos\/m-y-bonita\/#primaryimage"},"thumbnailUrl":"https:\/\/naturegalapagos.com\/es\/wp-content\/uploads\/sites\/3\/2023\/12\/exterior-2-bonita-yacht.jpg","datePublished":"2024-08-30T20:46:32+00:00","dateModified":"2024-08-30T21:46:07+00:00","description":"El M\/Y Bonita es un yate de Lujo, uno de los m\u00e1s r\u00e1pidos en las Islas Encantadas. Cuenta con 4 itinerarios diferentes de 7, 5 y 4 d\u00edas!","breadcrumb":{"@id":"https:\/\/naturegalapagos.com\/es\/cruceros-galapagos\/m-y-bonita\/#breadcrumb"},"inLanguage":"es","potentialAction":[{"@type":"ReadAction","target":["https:\/\/naturegalapagos.com\/es\/cruceros-galapagos\/m-y-bonita\/"]}]},{"@type":"ImageObject","inLanguage":"es","@id":"https:\/\/naturegalapagos.com\/es\/cruceros-galapagos\/m-y-bonita\/#primaryimage","url":"https:\/\/naturegalapagos.com\/es\/wp-content\/uploads\/sites\/3\/2023\/12\/exterior-2-bonita-yacht.jpg","contentUrl":"https:\/\/naturegalapagos.com\/es\/wp-content\/uploads\/sites\/3\/2023\/12\/exterior-2-bonita-yacht.jpg","width":1920,"height":1080,"caption":"Yate Bonita"},{"@type":"BreadcrumbList","@id":"https:\/\/naturegalapagos.com\/es\/cruceros-galapagos\/m-y-bonita\/#breadcrumb","itemListElement":[{"@type":"ListItem","position":1,"name":"Home","item":"https:\/\/naturegalapagos.com\/es\/"},{"@type":"ListItem","position":2,"name":"Tienda","item":"https:\/\/naturegalapagos.com\/es\/tienda\/"},{"@type":"ListItem","position":3,"name":"M\/Y Bonita"}]},{"@type":"WebSite","@id":"https:\/\/naturegalapagos.com\/es\/#website","url":"https:\/\/naturegalapagos.com\/es\/","name":"Espa\u00f1ol - Nature Galapagos & Ecuador","description":"","publisher":{"@id":"https:\/\/naturegalapagos.com\/es\/#organization"},"potentialAction":[{"@type":"SearchAction","target":{"@type":"EntryPoint","urlTemplate":"https:\/\/naturegalapagos.com\/es\/?s={search_term_string}"},"query-input":{"@type":"PropertyValueSpecification","valueRequired":true,"valueName":"search_term_string"}}],"inLanguage":"es"},{"@type":"Organization","@id":"https:\/\/naturegalapagos.com\/es\/#organization","name":"Espa\u00f1ol - Nature Galapagos & Ecuador","url":"https:\/\/naturegalapagos.com\/es\/","logo":{"@type":"ImageObject","inLanguage":"es","@id":"https:\/\/naturegalapagos.com\/es\/#\/schema\/logo\/image\/","url":"https:\/\/naturegalapagos.com\/es\/wp-content\/uploads\/sites\/3\/2016\/10\/Nature-Galapagos-Logo-COM-300x300.jpg","contentUrl":"https:\/\/naturegalapagos.com\/es\/wp-content\/uploads\/sites\/3\/2016\/10\/Nature-Galapagos-Logo-COM-300x300.jpg","width":300,"height":300,"caption":"Espa\u00f1ol - Nature Galapagos & Ecuador"},"image":{"@id":"https:\/\/naturegalapagos.com\/es\/#\/schema\/logo\/image\/"},"sameAs":["https:\/\/www.facebook.com\/naturegalapagosecuador\/","https:\/\/x.com\/naturegalapagos","https:\/\/www.instagram.com\/naturegalapagos\/","https:\/\/www.pinterest.com\/Naturegalapagos\/","https:\/\/www.youtube.com\/user\/NatureGalapagosTours"]}]}},"_links":{"self":[{"href":"https:\/\/naturegalapagos.com\/es\/wp-json\/wp\/v2\/product\/4950","targetHints":{"allow":["GET"]}}],"collection":[{"href":"https:\/\/naturegalapagos.com\/es\/wp-json\/wp\/v2\/product"}],"about":[{"href":"https:\/\/naturegalapagos.com\/es\/wp-json\/wp\/v2\/types\/product"}],"replies":[{"embeddable":true,"href":"https:\/\/naturegalapagos.com\/es\/wp-json\/wp\/v2\/comments?post=4950"}],"wp:featuredmedia":[{"embeddable":true,"href":"https:\/\/naturegalapagos.com\/es\/wp-json\/wp\/v2\/media\/5672"}],"wp:attachment":[{"href":"https:\/\/naturegalapagos.com\/es\/wp-json\/wp\/v2\/media?parent=4950"}],"wp:term":[{"taxonomy":"product_brand","embeddable":true,"href":"https:\/\/naturegalapagos.com\/es\/wp-json\/wp\/v2\/product_brand?post=4950"},{"taxonomy":"product_cat","embeddable":true,"href":"https:\/\/naturegalapagos.com\/es\/wp-json\/wp\/v2\/product_cat?post=4950"},{"taxonomy":"product_tag","embeddable":true,"href":"https:\/\/naturegalapagos.com\/es\/wp-json\/wp\/v2\/product_tag?post=4950"}],"curies":[{"name":"wp","href":"https:\/\/api.w.org\/{rel}","templated":true}]}}