{"id":4960,"date":"2024-08-30T16:50:40","date_gmt":"2024-08-30T20:50:40","guid":{"rendered":"https:\/\/naturegalapagos.com\/es\/?post_type=product&#038;p=4960"},"modified":"2024-08-30T17:51:01","modified_gmt":"2024-08-30T21:51:01","slug":"m-y-blue-spirit-galapagos","status":"publish","type":"product","link":"https:\/\/naturegalapagos.com\/es\/cruceros-galapagos\/m-y-blue-spirit\/","title":{"rendered":"M\/Y Blue Spirit"},"content":{"rendered":"<div class=\"wpb-content-wrapper\"><div style=\"display: flex; justify-content: end; margin-bottom: 10px;\"><span style=\"font-family: arial, helvetica, sans-serif;\"><a href=\"https:\/\/naturegalapagos.com\/es\/ofertas-de-viajes\/\" target=\"_blank\" rel=\"noopener\"><img decoding=\"async\" src=\"https:\/\/naturegalapagos.com\/es\/wp-content\/uploads\/sites\/3\/2019\/11\/las-minute-deals-gif_Final_espa\u00f1ol.gif\" width=\"227.5\" height=\"77.25\" \/><\/a><\/span><\/div>\n<h2><span style=\"font-family: arial, helvetica, sans-serif; font-size: 18pt;\"><strong>ACERCA DE BLUE SPIRIT<\/strong><\/span><\/h2>\n<p><span style=\"font-family: arial, helvetica, sans-serif;\">En el yate M\/Y <strong>Blue Spirit Galapagos,<\/strong> nos centramos en la calidad de nuestros servicios:<\/span><\/p>\n<ul>\n<li><span style=\"font-family: arial, helvetica, sans-serif;\">Seguridad en nuestro crucero<\/span><\/li>\n<li><span style=\"font-family: arial, helvetica, sans-serif;\">grandes itinerarios<\/span><\/li>\n<li><span style=\"font-family: arial, helvetica, sans-serif;\">atenci\u00f3n personalizada<\/span><\/li>\n<li><span style=\"font-family: arial, helvetica, sans-serif;\">servicios y comidas<\/span><\/li>\n<li><span style=\"font-family: arial, helvetica, sans-serif;\">gu\u00edas expertos<\/span><\/li>\n<li><span style=\"font-family: arial, helvetica, sans-serif;\">equipos de buceo nuevos<\/span><\/li>\n<li><span style=\"font-family: arial, helvetica, sans-serif;\">sofisticados y confiables<\/span><\/li>\n<li><span style=\"font-family: arial, helvetica, sans-serif;\">Los miembros de nuestro equipo son profesionales experimentados que est\u00e1n listos para ayudarle con todos sus deseos, preguntas o requisitos.<\/span><\/li>\n<\/ul>\n<p><!--more--><\/p>\n<h3><span style=\"font-family: arial, helvetica, sans-serif;\">Comodidad en el yate <strong>BLUE SPIRIT<\/strong><\/span><\/h3>\n<p><span style=\"font-family: arial, helvetica, sans-serif;\">Nuestro barco cuenta con una amplia plataforma de buceo para la comodidad de nuestros pasajeros y con todo el equipo que necesita para las actividades previstas. Despu\u00e9s de sus inmersiones, se le recibe con toallas calientes en la amplia cubierta de buceo donde se encuentra una secci\u00f3n cerrada para obtener un ambiente c\u00e1lido. Duchas calientes Al-Fresco; \u00e1reas para limpiar el equipo personal, mesas donde limpiar sus c\u00e1maras submarinas, estaci\u00f3n de recarga; contenedores de engranajes individuales; son servicios adicionales.<\/span><\/p>\n<p><span style=\"font-family: arial, helvetica, sans-serif;\">Las caba\u00f1as son muy acogedoras y c\u00f3modas, equipadas con aire acondicionado y ba\u00f1o privado con agua fr\u00eda y caliente. Nuestro personal se encarga de su comodidad varias veces al d\u00eda.<\/span><\/p>\n<p><span style=\"font-family: arial, helvetica, sans-serif;\">El hermoso sal\u00f3n y las zonas de comedor son el escenario perfecto para un delicioso desayuno, almuerzo o cena; se incluyen sesiones informativas y presentaciones fotogr\u00e1ficas.<\/span><\/p>\n<p><span style=\"font-family: arial, helvetica, sans-serif;\"> <!--more--><\/span><\/p>\n<h3><span style=\"font-family: arial, helvetica, sans-serif; font-size: 20px;\">Especificaciones t\u00e9cnicas<\/span><\/h3>\n<table style=\"border-collapse: collapse; width: 100%;\">\n<thead>\n<tr style=\"background-color: #009e5d; color: white;\">\n<td style=\"width: 117.977%;\" colspan=\"2\">\n<h4 style=\"text-align: center;\"><span style=\"font-family: arial, helvetica, sans-serif;\"><strong>Especificaciones T\u00e9cnicas del M\/Y Blue Spirit Galapagos<\/strong><\/span><\/h4>\n<\/td>\n<\/tr>\n<\/thead>\n<tbody>\n<tr>\n<td style=\"width: 49.9631%;\"><span style=\"font-family: arial, helvetica, sans-serif;\"><strong>A\u00f1o:<\/strong><\/span><\/td>\n<td style=\"width: 68.0141%;\"><span style=\"font-family: arial, helvetica, sans-serif;\">Motor Yacht<\/span><\/td>\n<\/tr>\n<tr>\n<td style=\"width: 49.9631%;\"><span style=\"font-family: arial, helvetica, sans-serif;\"><strong>Pr\u00f3xima remodelaci\u00f3n:<\/strong><\/span><\/td>\n<td style=\"width: 68.0141%;\"><span style=\"font-family: arial, helvetica, sans-serif;\">2001<\/span><\/td>\n<\/tr>\n<tr>\n<td style=\"width: 49.9631%;\"><span style=\"font-family: arial, helvetica, sans-serif;\"><strong>longitud:<\/strong><\/span><\/td>\n<td style=\"width: 68.0141%;\"><span style=\"font-family: arial, helvetica, sans-serif;\">Spring 2019<\/span><\/td>\n<\/tr>\n<tr>\n<td style=\"width: 49.9631%;\"><span style=\"font-family: arial, helvetica, sans-serif;\"><strong>Rayo:<\/strong><\/span><\/td>\n<td style=\"width: 68.0141%;\"><span style=\"font-family: arial, helvetica, sans-serif;\">104 feet<\/span><\/td>\n<\/tr>\n<tr>\n<td style=\"width: 49.9631%;\"><span style=\"font-family: arial, helvetica, sans-serif;\"><strong>Corriente de aire:<\/strong><\/span><\/td>\n<td style=\"width: 68.0141%;\"><span style=\"font-family: arial, helvetica, sans-serif;\">22 feet<\/span><\/td>\n<\/tr>\n<tr>\n<td style=\"width: 49.9631%;\"><span style=\"font-family: arial, helvetica, sans-serif;\"><strong>Velocidad de crucero<\/strong>:<\/span><\/td>\n<td style=\"width: 68.0141%;\"><span style=\"font-family: arial, helvetica, sans-serif;\">5 feet<\/span><\/td>\n<\/tr>\n<tr>\n<td style=\"width: 49.9631%;\"><span style=\"font-family: arial, helvetica, sans-serif;\"><strong>Equipo:<\/strong><\/span><\/td>\n<td style=\"width: 68.0141%;\"><span style=\"font-family: arial, helvetica, sans-serif;\">12 Knots<\/span><\/td>\n<\/tr>\n<tr>\n<td style=\"width: 49.9631%;\"><span style=\"font-family: arial, helvetica, sans-serif;\"><strong>Gu\u00edas de Buceadores:<\/strong><\/span><\/td>\n<td style=\"width: 68.0141%;\"><span style=\"font-family: arial, helvetica, sans-serif;\">10 guias con lenguaje nativo<\/span><\/td>\n<\/tr>\n<tr>\n<td style=\"width: 49.9631%;\"><span style=\"font-family: arial, helvetica, sans-serif;\"><strong>N\u00famero de Pasajeros:<\/strong><\/span><\/td>\n<td style=\"width: 68.0141%;\"><span style=\"font-family: arial, helvetica, sans-serif;\">1 cada 8 pasajeros<\/span><\/td>\n<\/tr>\n<tr>\n<td style=\"width: 49.9631%;\"><span style=\"font-family: arial, helvetica, sans-serif;\"><strong>Cubierta superior:<\/strong><\/span><\/td>\n<td style=\"width: 68.0141%;\"><span style=\"font-family: arial, helvetica, sans-serif;\">16, alojados en 10 cabinas<\/span><\/td>\n<\/tr>\n<tr>\n<td style=\"width: 49.9631%;\"><\/td>\n<td style=\"width: 68.0141%;\"><span style=\"font-family: arial, helvetica, sans-serif;\">2 cabinas con una litera doble inferior (cabinas: 7 &amp; 8)<\/span><\/td>\n<\/tr>\n<\/tbody>\n<\/table>\n<p><span style=\"font-family: arial, helvetica, sans-serif;\">2 cabinas con dos literas inferiores individuales (cabinas: 9 y 10) <strong>Bajo cubierta:<\/strong> 2 cabinas con una litera doble inferior y una litera superior individual (cabinas: 1 y 2)<\/span><\/p>\n<p><span style=\"font-family: arial, helvetica, sans-serif;\">4 cabinas con dos literas individuales inferiores (cabinas: 3 a 6) <strong>Instalaciones de cabina:<\/strong> Ba\u00f1o privado (aseo, ducha, lavabo y tocador), Locker un caj\u00f3n, Caja fuerte, Aire acondicionado<\/span><br \/>\n<span style=\"font-family: arial, helvetica, sans-serif;\"><strong>Zonas sociales:<\/strong> Bar, Comedor, Sal\u00f3n. Terraza<\/span><br \/>\n<span style=\"font-family: arial, helvetica, sans-serif;\"><strong>Equipo de buceo:<\/strong> Compresores, Nitrox Membrane System Air, Equipo de Buceo, incluyendo Computadoras de Buceo.<\/span><\/p>\n<p>[vc_row][vc_column el_class=&#8221;accocruise&#8221;][vc_column_text]\n<div class=\"panel panel-default accordion__item\">\n\t<div class=\"panel-heading accordion__item__title-wrap\">\n\t\t<h4 class=\"panel-title\">\n\t\t\t<a data-toggle=\"collapse\" data-parent=\"#ataccordion0\" href=\"#ataccordion0_1\" class=\"accordion__item__link collapsed\">Solicite m\u00e1s informaci\u00f3n<\/a>\n\t\t<\/h4>\n\t<\/div>\n\t<div id=\"ataccordion0_1\" class=\"panel-collapse collapse\">\n\t\t<div class=\"panel-body accordion__item__content\">\n<p style=\"align-content: center;\">                <div class=\"ml-embedded\" data-form=\"61teNA\"><\/div><\/div>\n\t<\/div>\n<\/div>[\/vc_column_text][\/vc_column][\/vc_row][vc_row][vc_column][\/vc_column][\/vc_row]<\/p>\n<\/div>","protected":false},"excerpt":{"rendered":"<p>ACERCA DE BLUE SPIRIT En el yate M\/Y Blue Spirit Galapagos, nos centramos en la calidad de nuestros servicios: Seguridad en nuestro crucero grandes itinerarios atenci\u00f3n personalizada servicios y comidas gu\u00edas expertos equipos de buceo nuevos sofisticados y confiables Los miembros de nuestro equipo son profesionales experimentados que est\u00e1n listos para ayudarle con todos sus<\/p>\n<div class=\"padding-top text-center\"><a href=\"https:\/\/naturegalapagos.com\/es\/cruceros-galapagos\/m-y-blue-spirit\/\" class=\"atbtn atbtn--medium atbtn--rounded atbtn--transparent\">Leer m\u00e1s<i class=\"atbtn__icon atbtn__icon--right fa fa-long-arrow-right\"><\/i><\/a><\/div>\n","protected":false},"featured_media":4963,"comment_status":"open","ping_status":"closed","template":"","meta":{"_joinchat":[]},"product_brand":[],"product_cat":[3599],"product_tag":[],"class_list":{"0":"post-4960","1":"product","2":"type-product","3":"status-publish","4":"has-post-thumbnail","6":"product_cat-sin-categoria","7":"tour_category-cruceros-turista-superior","9":"first","10":"instock","11":"taxable","12":"shipping-taxable","13":"product-type-tour"},"yoast_head":"<!-- This site is optimized with the Yoast SEO Premium plugin v25.6 (Yoast SEO v26.1.1) - https:\/\/yoast.com\/wordpress\/plugins\/seo\/ -->\n<title>M\/Y Blue Spirit Galapagos | Yate de Lujo<\/title>\n<meta name=\"description\" content=\"El M\/Y Blue Spirit Galapagos es un yate de Lujo, uno de los m\u00e1s r\u00e1pidos en las Islas Encantadas. Cuenta con 4 itinerarios diferentes de 8, 5 y 4 d\u00edas!\" \/>\n<meta name=\"robots\" content=\"index, follow, max-snippet:-1, max-image-preview:large, max-video-preview:-1\" \/>\n<link rel=\"canonical\" href=\"https:\/\/naturegalapagos.com\/es\/cruceros-galapagos\/m-y-blue-spirit\/\" \/>\n<meta property=\"og:locale\" content=\"es_ES\" \/>\n<meta property=\"og:type\" content=\"article\" \/>\n<meta property=\"og:title\" content=\"M\/Y Blue Spirit Gal\u00e1pagos | Yate de Lujo\" \/>\n<meta property=\"og:description\" content=\"M\/Y Blue Spirit Gal\u00e1pagos es un yate de Lujo, uno de los m\u00e1s r\u00e1pidos en las Islas Encantadas. Cuenta con 4 itinerarios diferentes de 8, 5 y 4 d\u00edas!\" \/>\n<meta property=\"og:url\" content=\"https:\/\/naturegalapagos.com\/es\/cruceros-galapagos\/m-y-blue-spirit\/\" \/>\n<meta property=\"og:site_name\" content=\"Espa\u00f1ol - Nature Galapagos &amp; Ecuador\" \/>\n<meta property=\"article:publisher\" content=\"https:\/\/www.facebook.com\/naturegalapagosecuador\/\" \/>\n<meta property=\"article:modified_time\" content=\"2024-08-30T21:51:01+00:00\" \/>\n<meta property=\"og:image\" content=\"https:\/\/naturegalapagos.com\/es\/wp-content\/uploads\/sites\/3\/2019\/09\/portada-blue-spirit.jpg\" \/>\n\t<meta property=\"og:image:width\" content=\"1920\" \/>\n\t<meta property=\"og:image:height\" content=\"1000\" \/>\n\t<meta property=\"og:image:type\" content=\"image\/jpeg\" \/>\n<meta name=\"twitter:card\" content=\"summary_large_image\" \/>\n<meta name=\"twitter:title\" content=\"M\/Y Blue Spirit Gal\u00e1pagos | Yate de Lujo\" \/>\n<meta name=\"twitter:description\" content=\"El M\/Y Blue Spirit Gal\u00e1pagos es un yate de Lujo, uno de los m\u00e1s r\u00e1pidos en las Islas Encantadas. Cuenta con 4 itinerarios diferentes de 8, 5 y 4 d\u00edas!\" \/>\n<meta name=\"twitter:site\" content=\"@naturegalapagos\" \/>\n<meta name=\"twitter:label1\" content=\"Tiempo de lectura\" \/>\n\t<meta name=\"twitter:data1\" content=\"3 minutos\" \/>\n<!-- \/ Yoast SEO Premium plugin. -->","yoast_head_json":{"title":"M\/Y Blue Spirit Galapagos | Yate de Lujo","description":"El M\/Y Blue Spirit Galapagos es un yate de Lujo, uno de los m\u00e1s r\u00e1pidos en las Islas Encantadas. Cuenta con 4 itinerarios diferentes de 8, 5 y 4 d\u00edas!","robots":{"index":"index","follow":"follow","max-snippet":"max-snippet:-1","max-image-preview":"max-image-preview:large","max-video-preview":"max-video-preview:-1"},"canonical":"https:\/\/naturegalapagos.com\/es\/cruceros-galapagos\/m-y-blue-spirit\/","og_locale":"es_ES","og_type":"article","og_title":"M\/Y Blue Spirit Gal\u00e1pagos | Yate de Lujo","og_description":"M\/Y Blue Spirit Gal\u00e1pagos es un yate de Lujo, uno de los m\u00e1s r\u00e1pidos en las Islas Encantadas. Cuenta con 4 itinerarios diferentes de 8, 5 y 4 d\u00edas!","og_url":"https:\/\/naturegalapagos.com\/es\/cruceros-galapagos\/m-y-blue-spirit\/","og_site_name":"Espa\u00f1ol - Nature Galapagos &amp; Ecuador","article_publisher":"https:\/\/www.facebook.com\/naturegalapagosecuador\/","article_modified_time":"2024-08-30T21:51:01+00:00","og_image":[{"width":1920,"height":1000,"url":"https:\/\/naturegalapagos.com\/es\/wp-content\/uploads\/sites\/3\/2019\/09\/portada-blue-spirit.jpg","type":"image\/jpeg"}],"twitter_card":"summary_large_image","twitter_title":"M\/Y Blue Spirit Gal\u00e1pagos | Yate de Lujo","twitter_description":"El M\/Y Blue Spirit Gal\u00e1pagos es un yate de Lujo, uno de los m\u00e1s r\u00e1pidos en las Islas Encantadas. Cuenta con 4 itinerarios diferentes de 8, 5 y 4 d\u00edas!","twitter_site":"@naturegalapagos","twitter_misc":{"Tiempo de lectura":"3 minutos"},"schema":{"@context":"https:\/\/schema.org","@graph":[{"@type":"WebPage","@id":"https:\/\/naturegalapagos.com\/es\/cruceros-galapagos\/m-y-blue-spirit\/","url":"https:\/\/naturegalapagos.com\/es\/cruceros-galapagos\/m-y-blue-spirit\/","name":"M\/Y Blue Spirit Galapagos | Yate de Lujo","isPartOf":{"@id":"https:\/\/naturegalapagos.com\/es\/#website"},"primaryImageOfPage":{"@id":"https:\/\/naturegalapagos.com\/es\/cruceros-galapagos\/m-y-blue-spirit\/#primaryimage"},"image":{"@id":"https:\/\/naturegalapagos.com\/es\/cruceros-galapagos\/m-y-blue-spirit\/#primaryimage"},"thumbnailUrl":"https:\/\/naturegalapagos.com\/es\/wp-content\/uploads\/sites\/3\/2019\/09\/portada-blue-spirit.jpg","datePublished":"2024-08-30T20:50:40+00:00","dateModified":"2024-08-30T21:51:01+00:00","description":"El M\/Y Blue Spirit Galapagos es un yate de Lujo, uno de los m\u00e1s r\u00e1pidos en las Islas Encantadas. Cuenta con 4 itinerarios diferentes de 8, 5 y 4 d\u00edas!","breadcrumb":{"@id":"https:\/\/naturegalapagos.com\/es\/cruceros-galapagos\/m-y-blue-spirit\/#breadcrumb"},"inLanguage":"es","potentialAction":[{"@type":"ReadAction","target":["https:\/\/naturegalapagos.com\/es\/cruceros-galapagos\/m-y-blue-spirit\/"]}]},{"@type":"ImageObject","inLanguage":"es","@id":"https:\/\/naturegalapagos.com\/es\/cruceros-galapagos\/m-y-blue-spirit\/#primaryimage","url":"https:\/\/naturegalapagos.com\/es\/wp-content\/uploads\/sites\/3\/2019\/09\/portada-blue-spirit.jpg","contentUrl":"https:\/\/naturegalapagos.com\/es\/wp-content\/uploads\/sites\/3\/2019\/09\/portada-blue-spirit.jpg","width":1920,"height":1000,"caption":"portada del yate blue spirit"},{"@type":"BreadcrumbList","@id":"https:\/\/naturegalapagos.com\/es\/cruceros-galapagos\/m-y-blue-spirit\/#breadcrumb","itemListElement":[{"@type":"ListItem","position":1,"name":"Home","item":"https:\/\/naturegalapagos.com\/es\/"},{"@type":"ListItem","position":2,"name":"Tienda","item":"https:\/\/naturegalapagos.com\/es\/tienda\/"},{"@type":"ListItem","position":3,"name":"M\/Y Blue Spirit"}]},{"@type":"WebSite","@id":"https:\/\/naturegalapagos.com\/es\/#website","url":"https:\/\/naturegalapagos.com\/es\/","name":"Espa\u00f1ol - Nature Galapagos & Ecuador","description":"","publisher":{"@id":"https:\/\/naturegalapagos.com\/es\/#organization"},"potentialAction":[{"@type":"SearchAction","target":{"@type":"EntryPoint","urlTemplate":"https:\/\/naturegalapagos.com\/es\/?s={search_term_string}"},"query-input":{"@type":"PropertyValueSpecification","valueRequired":true,"valueName":"search_term_string"}}],"inLanguage":"es"},{"@type":"Organization","@id":"https:\/\/naturegalapagos.com\/es\/#organization","name":"Espa\u00f1ol - Nature Galapagos & Ecuador","url":"https:\/\/naturegalapagos.com\/es\/","logo":{"@type":"ImageObject","inLanguage":"es","@id":"https:\/\/naturegalapagos.com\/es\/#\/schema\/logo\/image\/","url":"https:\/\/naturegalapagos.com\/es\/wp-content\/uploads\/sites\/3\/2016\/10\/Nature-Galapagos-Logo-COM-300x300.jpg","contentUrl":"https:\/\/naturegalapagos.com\/es\/wp-content\/uploads\/sites\/3\/2016\/10\/Nature-Galapagos-Logo-COM-300x300.jpg","width":300,"height":300,"caption":"Espa\u00f1ol - Nature Galapagos & Ecuador"},"image":{"@id":"https:\/\/naturegalapagos.com\/es\/#\/schema\/logo\/image\/"},"sameAs":["https:\/\/www.facebook.com\/naturegalapagosecuador\/","https:\/\/x.com\/naturegalapagos","https:\/\/www.instagram.com\/naturegalapagos\/","https:\/\/www.pinterest.com\/Naturegalapagos\/","https:\/\/www.youtube.com\/user\/NatureGalapagosTours"]}]}},"_links":{"self":[{"href":"https:\/\/naturegalapagos.com\/es\/wp-json\/wp\/v2\/product\/4960","targetHints":{"allow":["GET"]}}],"collection":[{"href":"https:\/\/naturegalapagos.com\/es\/wp-json\/wp\/v2\/product"}],"about":[{"href":"https:\/\/naturegalapagos.com\/es\/wp-json\/wp\/v2\/types\/product"}],"replies":[{"embeddable":true,"href":"https:\/\/naturegalapagos.com\/es\/wp-json\/wp\/v2\/comments?post=4960"}],"wp:featuredmedia":[{"embeddable":true,"href":"https:\/\/naturegalapagos.com\/es\/wp-json\/wp\/v2\/media\/4963"}],"wp:attachment":[{"href":"https:\/\/naturegalapagos.com\/es\/wp-json\/wp\/v2\/media?parent=4960"}],"wp:term":[{"taxonomy":"product_brand","embeddable":true,"href":"https:\/\/naturegalapagos.com\/es\/wp-json\/wp\/v2\/product_brand?post=4960"},{"taxonomy":"product_cat","embeddable":true,"href":"https:\/\/naturegalapagos.com\/es\/wp-json\/wp\/v2\/product_cat?post=4960"},{"taxonomy":"product_tag","embeddable":true,"href":"https:\/\/naturegalapagos.com\/es\/wp-json\/wp\/v2\/product_tag?post=4960"}],"curies":[{"name":"wp","href":"https:\/\/api.w.org\/{rel}","templated":true}]}}