{"id":4988,"date":"2019-10-17T13:45:01","date_gmt":"2019-10-17T17:45:01","guid":{"rendered":"https:\/\/naturegalapagos.com\/es\/?post_type=product&#038;p=4988"},"modified":"2024-08-09T17:52:17","modified_gmt":"2024-08-09T21:52:17","slug":"m-y-calipso-galapagos-crucero-buceo","status":"publish","type":"product","link":"https:\/\/naturegalapagos.com\/es\/cruceros-galapagos\/calipso-galapagos-buceo","title":{"rendered":"M\/Y Calipso Gal\u00e1pagos Crucero Buceo"},"content":{"rendered":"<div class=\"wpb-content-wrapper\"><div style=\"display: flex; justify-content: end; margin-bottom: 10px;\"><a href=\"https:\/\/naturegalapagos.com\/es\/ofertas-de-viajes\/\" target=\"_blank\" rel=\"noopener\"><img decoding=\"async\" src=\"https:\/\/naturegalapagos.com\/es\/wp-content\/uploads\/sites\/3\/2019\/11\/las-minute-deals-gif_Final_espa\u00f1ol.gif\" alt=\"\u00daltimas ofertas de cruceros\" width=\"227.5\" height=\"77.25\" \/><\/a><\/div>\n<h2><span style=\"font-family: arial, helvetica, sans-serif; font-size: 24px;\"><strong>Descripci\u00f3n del crucero de buceo Calipso Gal\u00e1pagos: <\/strong><\/span><\/h2>\n<p><span style=\"font-family: arial, helvetica, sans-serif;\">El moderno M\/Y <strong>Calipso Galapagos<\/strong>, completamente reconstruido, todos los sistemas y cada pulgada de los espacios interiores y exteriores son a estrenar. Desde satisfacer las solicitudes diet\u00e9ticas hasta la profesionalidad de los miembros de la tripulaci\u00f3n, no nos detendremos ante nada en la b\u00fasqueda de hacer que su tiempo a bordo sea sin problemas y libre de estr\u00e9s.<\/span><\/p>\n<p><!--more--><\/p>\n<p><span style=\"font-family: arial, helvetica, sans-serif;\">Calipso tiene 6 cabinas de cubierta superior y 2 cabinas de cubierta principal, todas dobles con la flexibilidad de 1 o 2 camas. Tenemos 2 cabinas individuales en la cubierta inferior. Nuestras caba\u00f1as son frescas y modernas con ba\u00f1o privado. Cada cabina tiene climatizaci\u00f3n individual, TV, secador de pelo, 2 enchufes USB y \u00e1rea de almacenamiento.<\/span><\/p>\n<h3><span style=\"font-size: 12pt; font-family: arial, helvetica, sans-serif;\"><strong>CARACTER\u00cdSTICAS<\/strong><\/span><\/h3>\n<p><span style=\"font-family: arial, helvetica, sans-serif; font-size: 16px;\">El recientemente reformado M\/Y Calipso le permite explorar las Islas Gal\u00e1pagos. Calipso cuenta con un amplio sal\u00f3n, comedor, fant\u00e1stica nueva terraza de buceo, terraza con jacuzzi y 10 c\u00f3modas cabinas para acomodar hasta 16 pasajeros.<\/span><\/p>\n<ul>\n<li><span style=\"font-size: 16px; font-family: arial, helvetica, sans-serif;\">Caba\u00f1as a estrenar y hermosas<\/span><\/li>\n<li><span style=\"font-size: 16px; font-family: arial, helvetica, sans-serif;\">Recientemente reformado<\/span><\/li>\n<li><span style=\"font-size: 16px; font-family: arial, helvetica, sans-serif;\">Cruceros de buceo y naturalista<\/span><\/li>\n<\/ul>\n<p>&nbsp;<\/p>\n<table class=\"specTable\" style=\"width: 97.4948%; height: 810px;\">\n<tbody>\n<tr style=\"height: 10px;\">\n<td class=\"title\" style=\"height: 10px;\" colspan=\"2\">\n<h4 style=\"text-align: center;\"><span style=\"font-size: 14pt;\">Especificaciones T\u00e9cnicas<\/span><\/h4>\n<\/td>\n<\/tr>\n<tr style=\"height: 48px;\">\n<th style=\"height: 48px;\">A\u00f1o de fabricaci\u00f3n:<\/th>\n<td style=\"height: 48px;\">1991, reformado 2019<\/td>\n<\/tr>\n<tr style=\"height: 24px;\">\n<th style=\"height: 24px;\">Tipo:<\/th>\n<td style=\"height: 24px;\">Motor Yacht<\/td>\n<\/tr>\n<tr style=\"height: 24px;\">\n<th style=\"height: 24px;\">Longitud:<\/th>\n<td style=\"height: 24px;\">115 ft \/ 35 m<\/td>\n<\/tr>\n<tr style=\"height: 24px;\">\n<th style=\"height: 24px;\">Viga:<\/th>\n<td style=\"height: 24px;\">24 ft \/ 7.3 m<\/td>\n<\/tr>\n<tr style=\"height: 24px;\">\n<th style=\"height: 24px;\">Electricidad:<\/th>\n<td style=\"height: 24px;\">110 &amp; 220 V<\/td>\n<\/tr>\n<tr style=\"height: 24px;\">\n<th style=\"height: 24px;\">Capacidad:<\/th>\n<td style=\"height: 24px;\">16 pasajeros<\/td>\n<\/tr>\n<tr style=\"height: 192px;\">\n<th style=\"height: 192px;\">Comodidad:<\/th>\n<td style=\"height: 192px;\"><strong>Cubierta principal: <\/strong>2 Cabinas (Camas individuales) 140 ft\u00b2\/13.5 m\u00b2, comedor, bar, \u00e1rea social<br \/>\n<strong style=\"font-family: inherit; font-size: inherit;\">Cubierta superior:<\/strong> 2 Cabinas (Camas individuales) 120 ft\u00b2\/11.2 m\u00b2, 4 Cabinas (Camas individuales) 130 ft\u00b2\/12.2 m\u00b2<br \/>\n<strong style=\"font-family: inherit; font-size: inherit;\">Terraza: <\/strong><span style=\"font-family: inherit; font-size: inherit;\">Jacuzzi, restaurante al aire libre y \u00e1rea social<br \/>\n<\/span><strong style=\"font-family: inherit; font-size: inherit;\">Cubierta inferior: <\/strong><span style=\"font-family: inherit; font-size: inherit;\">2 Cabinas 120 ft\u00b2\/11.3 m\u00b2 <\/span>\n<ul>\n<li style=\"list-style-type: none;\">\n<ul>*Todas las caba\u00f1as con ba\u00f1o privado, agua caliente y aire acondicionado \/ Todas las caba\u00f1as se pueden convertir en matrimoniales, excepto en las ubicadas en la cubierta inferior<\/ul>\n<\/li>\n<\/ul>\n<\/td>\n<\/tr>\n<tr style=\"height: 24px;\">\n<th style=\"height: 24px;\">Motores principales:<\/th>\n<td style=\"height: 24px;\">Cummins NTA855-M @400hp (x2)<\/td>\n<\/tr>\n<tr style=\"height: 24px;\">\n<th style=\"height: 24px;\">Generadores:<\/th>\n<td style=\"height: 24px;\">Cummins 6B-CP 99 kW (x2)<\/td>\n<\/tr>\n<tr style=\"height: 24px;\">\n<th style=\"height: 24px;\">Velocidad de crucero:<\/th>\n<td style=\"height: 24px;\">12 nudos<\/td>\n<\/tr>\n<tr style=\"height: 24px;\">\n<th style=\"height: 24px;\">Exterior:<\/th>\n<td style=\"height: 24px;\">Acero naval y fibra de vidrio<\/td>\n<\/tr>\n<tr style=\"height: 24px;\">\n<th style=\"height: 24px;\">Capacidad de agua:<\/th>\n<td style=\"height: 24px;\">5,000 gls.<\/td>\n<\/tr>\n<tr style=\"height: 24px;\">\n<th style=\"height: 24px;\">Equipo:<\/th>\n<td style=\"height: 24px;\">10 miembros de la tripulaci\u00f3n + 1 Gu\u00eda<\/td>\n<\/tr>\n<tr style=\"height: 296px;\">\n<th style=\"height: 296px;\">Seguridad y Navegaci\u00f3n:<\/th>\n<td style=\"height: 296px;\">\n<ul>\n<li>Primeros Auxilios, Ox\u00edgeno y DEA<\/li>\n<li>Life Jackets y balsas salvavidas<\/li>\n<li>Nautilus Lifelines, alertas de buceo<\/li>\n<li>Radar and sonnar<\/li>\n<li>VHF Radio<\/li>\n<li>Antena GPS<\/li>\n<li>Searchlight y Horn<\/li>\n<li>Alarma de bomba de achique<\/li>\n<li>Sistema de Alarma contra Incendios y Extintores<\/li>\n<li>Detectores de humo y temperatura<\/li>\n<li>Reserva de CO2 (150 Kg)<\/li>\n<\/ul>\n<\/td>\n<\/tr>\n<\/tbody>\n<\/table>\n<p>&nbsp;<\/p>\n<h3>Planos de cubierta<\/h3>\n<div id=\"gallery_1\" class=\"gallery\">\n<div class=\"row gallery__items\">\n\t\t\t\t\t<div class=\"col-sm-12 gallery__item-wrap\" data-filterid=\"\">\n\t\t\t<a href=\"https:\/\/naturegalapagos.com\/es\/wp-content\/uploads\/sites\/3\/2019\/10\/deck-plans-calipso.png\" class=\"swipebox gallery__item\" title=\"Deck Plans M\/Y Calipso Galapagos\">\n\t\t\t\t<img decoding=\"async\" width=\"720\" height=\"480\" src=\"https:\/\/naturegalapagos.com\/es\/wp-content\/uploads\/sites\/3\/2019\/10\/deck-plans-calipso-720x480.png\" class=\"attachment-thumb_gallery size-thumb_gallery\" alt=\"Planos de cubierta del M\/Y Calipso Galapagos\" srcset=\"https:\/\/naturegalapagos.com\/es\/wp-content\/uploads\/sites\/3\/2019\/10\/deck-plans-calipso-720x480.png 720w, https:\/\/naturegalapagos.com\/es\/wp-content\/uploads\/sites\/3\/2019\/10\/deck-plans-calipso-531x354.png 531w, https:\/\/naturegalapagos.com\/es\/wp-content\/uploads\/sites\/3\/2019\/10\/deck-plans-calipso-180x120.png 180w\" sizes=\"(max-width: 720px) 100vw, 720px\" \/>\t\t\t\t<span class=\"gallery__item__info\">\n\t\t\t\t\t<span class=\"gallery__item__info__content\">\n\t\t\t\t\t\t<span class=\"gallery__item__title\">Deck Plans M\/Y Calipso Galapagos<\/span>\n\t\t\t\t\t\t\t\t\t\t<\/span>\n\t\t\t\t\t<span class=\"gallery__item__shadow\"><\/span>\n\t\t\t\t<\/span>\n\t\t\t<\/a>\n\t\t<\/div>\n\t<\/div>\n<\/div>\n<p>[\/vc_column_text][\/vc_column][\/vc_row][vc_row][vc_column el_class=&#8221;accocruise&#8221;][vc_column_text]\n<div class=\"panel panel-default accordion__item\">\n\t<div class=\"panel-heading accordion__item__title-wrap\">\n\t\t<h4 class=\"panel-title\">\n\t\t\t<a data-toggle=\"collapse\" data-parent=\"#ataccordion0\" href=\"#ataccordion0_1\" class=\"accordion__item__link collapsed\">Solicite m\u00e1s informaci\u00f3n<\/a>\n\t\t<\/h4>\n\t<\/div>\n\t<div id=\"ataccordion0_1\" class=\"panel-collapse collapse\">\n\t\t<div class=\"panel-body accordion__item__content\">\n                <div class=\"ml-embedded\" data-form=\"9RCjNQ\"><\/div>\n            \n<\/div>\n\t<\/div>\n<\/div>[\/vc_column_text][\/vc_column][\/vc_row][vc_row][vc_column][\/vc_column][\/vc_row]<\/p>\n<\/div>","protected":false},"excerpt":{"rendered":"<p>Descripci\u00f3n del crucero de buceo Calipso Gal\u00e1pagos: El moderno M\/Y Calipso Galapagos, completamente reconstruido, todos los sistemas y cada pulgada de los espacios interiores y exteriores son a estrenar. Desde satisfacer las solicitudes diet\u00e9ticas hasta la profesionalidad de los miembros de la tripulaci\u00f3n, no nos detendremos ante nada en la b\u00fasqueda de hacer que su<\/p>\n<div class=\"padding-top text-center\"><a href=\"https:\/\/naturegalapagos.com\/es\/cruceros-galapagos\/calipso-galapagos-buceo\" class=\"atbtn atbtn--medium atbtn--rounded atbtn--transparent\">Leer m\u00e1s<i class=\"atbtn__icon atbtn__icon--right fa fa-long-arrow-right\"><\/i><\/a><\/div>\n","protected":false},"featured_media":4984,"comment_status":"open","ping_status":"closed","template":"","meta":{"_joinchat":[]},"product_brand":[],"product_cat":[3599],"product_tag":[],"class_list":{"0":"post-4988","1":"product","2":"type-product","3":"status-publish","4":"has-post-thumbnail","6":"product_cat-sin-categoria","7":"tour_category-crucero-buceo-galapagos","9":"first","10":"instock","11":"taxable","12":"shipping-taxable","13":"product-type-tour"},"yoast_head":"<!-- This site is optimized with the Yoast SEO Premium plugin v25.6 (Yoast SEO v26.1.1) - https:\/\/yoast.com\/wordpress\/plugins\/seo\/ -->\n<title>M\/Y Calipso Galapagos Crucero de Buceo | Yate de Lujo<\/title>\n<meta name=\"description\" content=\"El M\/Y Crucero de Buceo Calipso Galapagos tiene capacidad para 1 hu\u00e9sped en c\u00f3modas caba\u00f1as, cada una con ba\u00f1o privado. \u00a1Haga clic aqu\u00ed para m\u00e1s detalles!\" \/>\n<meta name=\"robots\" content=\"index, follow, max-snippet:-1, max-image-preview:large, max-video-preview:-1\" \/>\n<link rel=\"canonical\" href=\"https:\/\/naturegalapagos.com\/es\/cruceros-galapagos\/calipso-galapagos-buceo\/\" \/>\n<meta property=\"og:locale\" content=\"es_ES\" \/>\n<meta property=\"og:type\" content=\"article\" \/>\n<meta property=\"og:title\" content=\"M\/Y Calipso Gal\u00e1pagos Crucero Buceo\" \/>\n<meta property=\"og:description\" content=\"El M\/Y Calipso Gal\u00e1pagos Crucero Buceo es un yate de primera clase, uno de los m\u00e1s r\u00e1pidos en las Islas Encantadas. Cuenta con 4 itinerarios diferentes de 8, 5 y 4 d\u00edas!\" \/>\n<meta property=\"og:url\" content=\"https:\/\/naturegalapagos.com\/es\/cruceros-galapagos\/calipso-galapagos-buceo\/\" \/>\n<meta property=\"og:site_name\" content=\"Espa\u00f1ol - Nature Galapagos &amp; Ecuador\" \/>\n<meta property=\"article:publisher\" content=\"https:\/\/www.facebook.com\/naturegalapagosecuador\/\" \/>\n<meta property=\"article:modified_time\" content=\"2024-08-09T21:52:17+00:00\" \/>\n<meta property=\"og:image\" content=\"https:\/\/naturegalapagos.com\/es\/wp-content\/uploads\/sites\/3\/2019\/10\/Calipso-Galapagos-Diving-Cruise.jpg\" \/>\n\t<meta property=\"og:image:width\" content=\"1920\" \/>\n\t<meta property=\"og:image:height\" content=\"900\" \/>\n\t<meta property=\"og:image:type\" content=\"image\/jpeg\" \/>\n<meta name=\"twitter:card\" content=\"summary_large_image\" \/>\n<meta name=\"twitter:title\" content=\"M\/Y Calipso Gal\u00e1pagos Crucero Buceo\" \/>\n<meta name=\"twitter:description\" content=\"El M\/Y Calipso Gal\u00e1pagos Crucero Buceo es un yate de Primera Clase, uno de los m\u00e1s r\u00e1pidos en las Islas Encantadas. Cuenta con 4 itinerarios diferentes de 8, 5 y 4 d\u00edas!\" \/>\n<meta name=\"twitter:site\" content=\"@naturegalapagos\" \/>\n<meta name=\"twitter:label1\" content=\"Tiempo de lectura\" \/>\n\t<meta name=\"twitter:data1\" content=\"3 minutos\" \/>\n<!-- \/ Yoast SEO Premium plugin. -->","yoast_head_json":{"title":"M\/Y Calipso Galapagos Crucero de Buceo | Yate de Lujo","description":"El M\/Y Crucero de Buceo Calipso Galapagos tiene capacidad para 1 hu\u00e9sped en c\u00f3modas caba\u00f1as, cada una con ba\u00f1o privado. \u00a1Haga clic aqu\u00ed para m\u00e1s detalles!","robots":{"index":"index","follow":"follow","max-snippet":"max-snippet:-1","max-image-preview":"max-image-preview:large","max-video-preview":"max-video-preview:-1"},"canonical":"https:\/\/naturegalapagos.com\/es\/cruceros-galapagos\/calipso-galapagos-buceo\/","og_locale":"es_ES","og_type":"article","og_title":"M\/Y Calipso Gal\u00e1pagos Crucero Buceo","og_description":"El M\/Y Calipso Gal\u00e1pagos Crucero Buceo es un yate de primera clase, uno de los m\u00e1s r\u00e1pidos en las Islas Encantadas. Cuenta con 4 itinerarios diferentes de 8, 5 y 4 d\u00edas!","og_url":"https:\/\/naturegalapagos.com\/es\/cruceros-galapagos\/calipso-galapagos-buceo\/","og_site_name":"Espa\u00f1ol - Nature Galapagos &amp; Ecuador","article_publisher":"https:\/\/www.facebook.com\/naturegalapagosecuador\/","article_modified_time":"2024-08-09T21:52:17+00:00","og_image":[{"width":1920,"height":900,"url":"https:\/\/naturegalapagos.com\/es\/wp-content\/uploads\/sites\/3\/2019\/10\/Calipso-Galapagos-Diving-Cruise.jpg","type":"image\/jpeg"}],"twitter_card":"summary_large_image","twitter_title":"M\/Y Calipso Gal\u00e1pagos Crucero Buceo","twitter_description":"El M\/Y Calipso Gal\u00e1pagos Crucero Buceo es un yate de Primera Clase, uno de los m\u00e1s r\u00e1pidos en las Islas Encantadas. Cuenta con 4 itinerarios diferentes de 8, 5 y 4 d\u00edas!","twitter_site":"@naturegalapagos","twitter_misc":{"Tiempo de lectura":"3 minutos"},"schema":{"@context":"https:\/\/schema.org","@graph":[{"@type":"WebPage","@id":"https:\/\/naturegalapagos.com\/es\/cruceros-galapagos\/calipso-galapagos-buceo\/","url":"https:\/\/naturegalapagos.com\/es\/cruceros-galapagos\/calipso-galapagos-buceo\/","name":"M\/Y Calipso Galapagos Crucero de Buceo | Yate de Lujo","isPartOf":{"@id":"https:\/\/naturegalapagos.com\/es\/#website"},"primaryImageOfPage":{"@id":"https:\/\/naturegalapagos.com\/es\/cruceros-galapagos\/calipso-galapagos-buceo\/#primaryimage"},"image":{"@id":"https:\/\/naturegalapagos.com\/es\/cruceros-galapagos\/calipso-galapagos-buceo\/#primaryimage"},"thumbnailUrl":"https:\/\/naturegalapagos.com\/es\/wp-content\/uploads\/sites\/3\/2019\/10\/Calipso-Galapagos-Diving-Cruise.jpg","datePublished":"2019-10-17T17:45:01+00:00","dateModified":"2024-08-09T21:52:17+00:00","description":"El M\/Y Crucero de Buceo Calipso Galapagos tiene capacidad para 1 hu\u00e9sped en c\u00f3modas caba\u00f1as, cada una con ba\u00f1o privado. \u00a1Haga clic aqu\u00ed para m\u00e1s detalles!","breadcrumb":{"@id":"https:\/\/naturegalapagos.com\/es\/cruceros-galapagos\/calipso-galapagos-buceo\/#breadcrumb"},"inLanguage":"es","potentialAction":[{"@type":"ReadAction","target":["https:\/\/naturegalapagos.com\/es\/cruceros-galapagos\/calipso-galapagos-buceo\/"]}]},{"@type":"ImageObject","inLanguage":"es","@id":"https:\/\/naturegalapagos.com\/es\/cruceros-galapagos\/calipso-galapagos-buceo\/#primaryimage","url":"https:\/\/naturegalapagos.com\/es\/wp-content\/uploads\/sites\/3\/2019\/10\/Calipso-Galapagos-Diving-Cruise.jpg","contentUrl":"https:\/\/naturegalapagos.com\/es\/wp-content\/uploads\/sites\/3\/2019\/10\/Calipso-Galapagos-Diving-Cruise.jpg","width":1920,"height":900,"caption":"Calipso Galapagos Diving Cruise"},{"@type":"BreadcrumbList","@id":"https:\/\/naturegalapagos.com\/es\/cruceros-galapagos\/calipso-galapagos-buceo\/#breadcrumb","itemListElement":[{"@type":"ListItem","position":1,"name":"Home","item":"https:\/\/naturegalapagos.com\/es\/"},{"@type":"ListItem","position":2,"name":"Tienda","item":"https:\/\/naturegalapagos.com\/es\/tienda\/"},{"@type":"ListItem","position":3,"name":"M\/Y Calipso Gal\u00e1pagos Crucero Buceo"}]},{"@type":"WebSite","@id":"https:\/\/naturegalapagos.com\/es\/#website","url":"https:\/\/naturegalapagos.com\/es\/","name":"Espa\u00f1ol - Nature Galapagos & Ecuador","description":"","publisher":{"@id":"https:\/\/naturegalapagos.com\/es\/#organization"},"potentialAction":[{"@type":"SearchAction","target":{"@type":"EntryPoint","urlTemplate":"https:\/\/naturegalapagos.com\/es\/?s={search_term_string}"},"query-input":{"@type":"PropertyValueSpecification","valueRequired":true,"valueName":"search_term_string"}}],"inLanguage":"es"},{"@type":"Organization","@id":"https:\/\/naturegalapagos.com\/es\/#organization","name":"Espa\u00f1ol - Nature Galapagos & Ecuador","url":"https:\/\/naturegalapagos.com\/es\/","logo":{"@type":"ImageObject","inLanguage":"es","@id":"https:\/\/naturegalapagos.com\/es\/#\/schema\/logo\/image\/","url":"https:\/\/naturegalapagos.com\/es\/wp-content\/uploads\/sites\/3\/2016\/10\/Nature-Galapagos-Logo-COM-300x300.jpg","contentUrl":"https:\/\/naturegalapagos.com\/es\/wp-content\/uploads\/sites\/3\/2016\/10\/Nature-Galapagos-Logo-COM-300x300.jpg","width":300,"height":300,"caption":"Espa\u00f1ol - Nature Galapagos & Ecuador"},"image":{"@id":"https:\/\/naturegalapagos.com\/es\/#\/schema\/logo\/image\/"},"sameAs":["https:\/\/www.facebook.com\/naturegalapagosecuador\/","https:\/\/x.com\/naturegalapagos","https:\/\/www.instagram.com\/naturegalapagos\/","https:\/\/www.pinterest.com\/Naturegalapagos\/","https:\/\/www.youtube.com\/user\/NatureGalapagosTours"]}]}},"_links":{"self":[{"href":"https:\/\/naturegalapagos.com\/es\/wp-json\/wp\/v2\/product\/4988","targetHints":{"allow":["GET"]}}],"collection":[{"href":"https:\/\/naturegalapagos.com\/es\/wp-json\/wp\/v2\/product"}],"about":[{"href":"https:\/\/naturegalapagos.com\/es\/wp-json\/wp\/v2\/types\/product"}],"replies":[{"embeddable":true,"href":"https:\/\/naturegalapagos.com\/es\/wp-json\/wp\/v2\/comments?post=4988"}],"wp:featuredmedia":[{"embeddable":true,"href":"https:\/\/naturegalapagos.com\/es\/wp-json\/wp\/v2\/media\/4984"}],"wp:attachment":[{"href":"https:\/\/naturegalapagos.com\/es\/wp-json\/wp\/v2\/media?parent=4988"}],"wp:term":[{"taxonomy":"product_brand","embeddable":true,"href":"https:\/\/naturegalapagos.com\/es\/wp-json\/wp\/v2\/product_brand?post=4988"},{"taxonomy":"product_cat","embeddable":true,"href":"https:\/\/naturegalapagos.com\/es\/wp-json\/wp\/v2\/product_cat?post=4988"},{"taxonomy":"product_tag","embeddable":true,"href":"https:\/\/naturegalapagos.com\/es\/wp-json\/wp\/v2\/product_tag?post=4988"}],"curies":[{"name":"wp","href":"https:\/\/api.w.org\/{rel}","templated":true}]}}