{"id":5302,"date":"2024-08-30T17:01:10","date_gmt":"2024-08-30T21:01:10","guid":{"rendered":"https:\/\/naturegalapagos.com\/es\/?post_type=product&#038;p=5302"},"modified":"2024-08-30T18:01:40","modified_gmt":"2024-08-30T22:01:40","slug":"m-v-humbolt-explorer","status":"publish","type":"product","link":"https:\/\/naturegalapagos.com\/es\/cruceros-galapagos\/m-v-humbolt-explorer\/","title":{"rendered":"M\/V Humbolt Explorer"},"content":{"rendered":"<div class=\"wpb-content-wrapper\"><div style=\"display: flex; justify-content: end; margin-bottom: 10px;\"><span style=\"font-family: arial, helvetica, sans-serif;\"><a href=\"https:\/\/naturegalapagos.com\/es\/ofertas-de-viajes\/\" target=\"_blank\" rel=\"noopener\"><img decoding=\"async\" src=\"https:\/\/naturegalapagos.com\/es\/wp-content\/uploads\/sites\/3\/2019\/11\/las-minute-deals-gif_Final_espa\u00f1ol.gif\" alt=\"Crucero en Gal\u00e1pagos a \u00faltima hora\" width=\"227.5\" height=\"77.25\" \/><\/a><\/span><\/div>\n<h2>Sobre el Yate M\/V Humboldt Explorer<\/h2>\n<p>El <strong>M\/V Humboldt Explorer<\/strong>\u00a0es un yate dise\u00f1ado para ofrecer comodidad y lujo a sus 16 pasajeros. Cuenta con 8 habitaciones, todas equipadas con aire acondicionado. Cada habitaci\u00f3n dispone de un ba\u00f1o privado con ducha, as\u00ed como un televisor de pantalla plana. Las habitaciones est\u00e1n situadas en las cubiertas principal e inferior, y la mayor\u00eda de ellas pueden ser adaptadas para tener dos camas individuales o una cama grande, seg\u00fan las preferencias de los hu\u00e9spedes. Las ventanas en cada caba\u00f1a proporcionan impresionantes vistas del Oc\u00e9ano Pac\u00edfico y del archipi\u00e9lago de Gal\u00e1pagos, lo que permite disfrutar del entorno en todo momento.<\/p>\n<h3>Salones y \u00c1reas Comunes<\/h3>\n<p>El yate ofrece varias \u00e1reas comunes para el disfrute de los pasajeros. En la terraza principal, los hu\u00e9spedes encontrar\u00e1n un sal\u00f3n con aire acondicionado, mesas de comedor, TV, CD\/DVD, y una videoteca, adem\u00e1s de una zona de sal\u00f3n c\u00f3moda para relajarse.<\/p>\n<p>En el nivel superior, hay una terraza parcialmente cubierta que cuenta con un jacuzzi y amplias zonas de estar, ideales para relajarse despu\u00e9s de un d\u00eda de exploraci\u00f3n. Adem\u00e1s, el yate dispone de un sal\u00f3n adicional que incluye una sala de estar y una amplia terraza de buceo con una gran mesa de c\u00e1mara, dise\u00f1ada para facilitar la preparaci\u00f3n y el almacenamiento del equipo de buceo.<\/p>\n<h3>Cubierta de Buceo<\/h3>\n<p>La cubierta de buceo del Humboldt Explorer est\u00e1 equipada con todo lo necesario para una experiencia de buceo c\u00f3moda y segura. Incluye contenedores de engranajes individuales, una mesa de c\u00e1mara grande, una estaci\u00f3n de recarga, estaciones de llenado de aire y nitrox, y estantes para tanques. Tambi\u00e9n cuenta con un tanque de enjuague de agua dulce separado para equipos de c\u00e1mara submarina. Las operaciones de buceo se realizan a partir de dos grandes pangas (tenders), las cuales se pueden abordar f\u00e1cilmente<\/p>\n<p>[vc_row][vc_column el_class=&#8221;accocruise&#8221;][vc_column_text]\n<div class=\"panel panel-default accordion__item\">\n\t<div class=\"panel-heading accordion__item__title-wrap\">\n\t\t<h4 class=\"panel-title\">\n\t\t\t<a data-toggle=\"collapse\" data-parent=\"#ataccordion0\" href=\"#ataccordion0_1\" class=\"accordion__item__link collapsed\">SOLICITE M\u00c1S INFORMACI\u00d3N<\/a>\n\t\t<\/h4>\n\t<\/div>\n\t<div id=\"ataccordion0_1\" class=\"panel-collapse collapse\">\n\t\t<div class=\"panel-body accordion__item__content\">\n                <div class=\"ml-embedded\" data-form=\"s2IKZb\"><\/div>\n            \n<\/div>\n\t<\/div>\n<\/div>[\/vc_column_text][\/vc_column][\/vc_row][vc_row][vc_column][\/vc_column][\/vc_row][vc_row][vc_column][vc_column_text]<\/p>\n<p>[\/vc_column_text][\/vc_column][\/vc_row]<\/p>\n<\/div>","protected":false},"excerpt":{"rendered":"<p>Sobre el Yate M\/V Humboldt Explorer El M\/V Humboldt Explorer\u00a0es un yate dise\u00f1ado para ofrecer comodidad y lujo a sus 16 pasajeros. Cuenta con 8 habitaciones, todas equipadas con aire acondicionado. Cada habitaci\u00f3n dispone de un ba\u00f1o privado con ducha, as\u00ed como un televisor de pantalla plana. Las habitaciones est\u00e1n situadas en las cubiertas principal<\/p>\n<div class=\"padding-top text-center\"><a href=\"https:\/\/naturegalapagos.com\/es\/cruceros-galapagos\/m-v-humbolt-explorer\/\" class=\"atbtn atbtn--medium atbtn--rounded atbtn--transparent\">Leer m\u00e1s<i class=\"atbtn__icon atbtn__icon--right fa fa-long-arrow-right\"><\/i><\/a><\/div>\n","protected":false},"featured_media":5303,"comment_status":"open","ping_status":"closed","template":"","meta":{"_joinchat":[]},"product_brand":[],"product_cat":[3599],"product_tag":[],"class_list":{"0":"post-5302","1":"product","2":"type-product","3":"status-publish","4":"has-post-thumbnail","6":"product_cat-sin-categoria","8":"first","9":"instock","10":"taxable","11":"shipping-taxable","12":"product-type-tour"},"yoast_head":"<!-- This site is optimized with the Yoast SEO Premium plugin v25.6 (Yoast SEO v26.1.1) - https:\/\/yoast.com\/wordpress\/plugins\/seo\/ -->\n<title>M\/V Humboldt Explorer | Yate de Lujo en Galapagos<\/title>\n<meta name=\"description\" content=\"El M\/V Humboldt Explorer es un crucero de lujo que navega por las Islas Encantadas, \u00a16 itinerarios diferentes que se adaptan a cada viajero. Clic aqu\u00ed!\" \/>\n<meta name=\"robots\" content=\"index, follow, max-snippet:-1, max-image-preview:large, max-video-preview:-1\" \/>\n<link rel=\"canonical\" href=\"https:\/\/naturegalapagos.com\/es\/cruceros-galapagos\/m-v-humbolt-explorer\/\" \/>\n<meta property=\"og:locale\" content=\"es_ES\" \/>\n<meta property=\"og:type\" content=\"article\" \/>\n<meta property=\"og:title\" content=\"Crucero Windrose Galapagos | Trimaran de Lujo en Galapagos\" \/>\n<meta property=\"og:description\" content=\"El Crucero Windrose Galapagos es un crucero de lujo que navega por las Islas Encantadas, \u00a16 itinerarios diferentes que se adaptan a cada viajero. Clic aqu\u00ed!\" \/>\n<meta property=\"og:url\" content=\"https:\/\/naturegalapagos.com\/es\/cruceros-galapagos\/m-v-humbolt-explorer\/\" \/>\n<meta property=\"og:site_name\" content=\"Espa\u00f1ol - Nature Galapagos &amp; Ecuador\" \/>\n<meta property=\"article:publisher\" content=\"https:\/\/www.facebook.com\/naturegalapagosecuador\/\" \/>\n<meta property=\"article:modified_time\" content=\"2024-08-30T22:01:40+00:00\" \/>\n<meta property=\"og:image\" content=\"https:\/\/naturegalapagos.com\/es\/wp-content\/uploads\/sites\/3\/2019\/12\/windrose-1.jpg\" \/>\n\t<meta property=\"og:image:width\" content=\"1100\" \/>\n\t<meta property=\"og:image:height\" content=\"729\" \/>\n\t<meta property=\"og:image:type\" content=\"image\/jpeg\" \/>\n<meta name=\"twitter:card\" content=\"summary_large_image\" \/>\n<meta name=\"twitter:title\" content=\"Crucero Windrose Galapagos | Trimaran de Lujo en Galapagos\" \/>\n<meta name=\"twitter:description\" content=\"El Crucero Windrose Galapagos es un crucero de lujo que navega por las Islas Encantadas, \u00a16 itinerarios diferentes que se adaptan a cada viajero. Clic aqu\u00ed!\" \/>\n<meta name=\"twitter:site\" content=\"@naturegalapagos\" \/>\n<meta name=\"twitter:label1\" content=\"Tiempo de lectura\" \/>\n\t<meta name=\"twitter:data1\" content=\"2 minutos\" \/>\n<!-- \/ Yoast SEO Premium plugin. -->","yoast_head_json":{"title":"M\/V Humboldt Explorer | Yate de Lujo en Galapagos","description":"El M\/V Humboldt Explorer es un crucero de lujo que navega por las Islas Encantadas, \u00a16 itinerarios diferentes que se adaptan a cada viajero. Clic aqu\u00ed!","robots":{"index":"index","follow":"follow","max-snippet":"max-snippet:-1","max-image-preview":"max-image-preview:large","max-video-preview":"max-video-preview:-1"},"canonical":"https:\/\/naturegalapagos.com\/es\/cruceros-galapagos\/m-v-humbolt-explorer\/","og_locale":"es_ES","og_type":"article","og_title":"Crucero Windrose Galapagos | Trimaran de Lujo en Galapagos","og_description":"El Crucero Windrose Galapagos es un crucero de lujo que navega por las Islas Encantadas, \u00a16 itinerarios diferentes que se adaptan a cada viajero. Clic aqu\u00ed!","og_url":"https:\/\/naturegalapagos.com\/es\/cruceros-galapagos\/m-v-humbolt-explorer\/","og_site_name":"Espa\u00f1ol - Nature Galapagos &amp; Ecuador","article_publisher":"https:\/\/www.facebook.com\/naturegalapagosecuador\/","article_modified_time":"2024-08-30T22:01:40+00:00","og_image":[{"width":1100,"height":729,"url":"https:\/\/naturegalapagos.com\/es\/wp-content\/uploads\/sites\/3\/2019\/12\/windrose-1.jpg","type":"image\/jpeg"}],"twitter_card":"summary_large_image","twitter_title":"Crucero Windrose Galapagos | Trimaran de Lujo en Galapagos","twitter_description":"El Crucero Windrose Galapagos es un crucero de lujo que navega por las Islas Encantadas, \u00a16 itinerarios diferentes que se adaptan a cada viajero. Clic aqu\u00ed!","twitter_site":"@naturegalapagos","twitter_misc":{"Tiempo de lectura":"2 minutos"},"schema":{"@context":"https:\/\/schema.org","@graph":[{"@type":"WebPage","@id":"https:\/\/naturegalapagos.com\/es\/cruceros-galapagos\/m-v-humbolt-explorer\/","url":"https:\/\/naturegalapagos.com\/es\/cruceros-galapagos\/m-v-humbolt-explorer\/","name":"M\/V Humboldt Explorer | Yate de Lujo en Galapagos","isPartOf":{"@id":"https:\/\/naturegalapagos.com\/es\/#website"},"primaryImageOfPage":{"@id":"https:\/\/naturegalapagos.com\/es\/cruceros-galapagos\/m-v-humbolt-explorer\/#primaryimage"},"image":{"@id":"https:\/\/naturegalapagos.com\/es\/cruceros-galapagos\/m-v-humbolt-explorer\/#primaryimage"},"thumbnailUrl":"https:\/\/naturegalapagos.com\/es\/wp-content\/uploads\/sites\/3\/2020\/06\/humboldt-explorer-of-galapagos-1.jpg","datePublished":"2024-08-30T21:01:10+00:00","dateModified":"2024-08-30T22:01:40+00:00","description":"El M\/V Humboldt Explorer es un crucero de lujo que navega por las Islas Encantadas, \u00a16 itinerarios diferentes que se adaptan a cada viajero. Clic aqu\u00ed!","breadcrumb":{"@id":"https:\/\/naturegalapagos.com\/es\/cruceros-galapagos\/m-v-humbolt-explorer\/#breadcrumb"},"inLanguage":"es","potentialAction":[{"@type":"ReadAction","target":["https:\/\/naturegalapagos.com\/es\/cruceros-galapagos\/m-v-humbolt-explorer\/"]}]},{"@type":"ImageObject","inLanguage":"es","@id":"https:\/\/naturegalapagos.com\/es\/cruceros-galapagos\/m-v-humbolt-explorer\/#primaryimage","url":"https:\/\/naturegalapagos.com\/es\/wp-content\/uploads\/sites\/3\/2020\/06\/humboldt-explorer-of-galapagos-1.jpg","contentUrl":"https:\/\/naturegalapagos.com\/es\/wp-content\/uploads\/sites\/3\/2020\/06\/humboldt-explorer-of-galapagos-1.jpg","width":1920,"height":1080},{"@type":"BreadcrumbList","@id":"https:\/\/naturegalapagos.com\/es\/cruceros-galapagos\/m-v-humbolt-explorer\/#breadcrumb","itemListElement":[{"@type":"ListItem","position":1,"name":"Home","item":"https:\/\/naturegalapagos.com\/es\/"},{"@type":"ListItem","position":2,"name":"Tienda","item":"https:\/\/naturegalapagos.com\/es\/tienda\/"},{"@type":"ListItem","position":3,"name":"M\/V Humbolt Explorer"}]},{"@type":"WebSite","@id":"https:\/\/naturegalapagos.com\/es\/#website","url":"https:\/\/naturegalapagos.com\/es\/","name":"Espa\u00f1ol - Nature Galapagos & Ecuador","description":"","publisher":{"@id":"https:\/\/naturegalapagos.com\/es\/#organization"},"potentialAction":[{"@type":"SearchAction","target":{"@type":"EntryPoint","urlTemplate":"https:\/\/naturegalapagos.com\/es\/?s={search_term_string}"},"query-input":{"@type":"PropertyValueSpecification","valueRequired":true,"valueName":"search_term_string"}}],"inLanguage":"es"},{"@type":"Organization","@id":"https:\/\/naturegalapagos.com\/es\/#organization","name":"Espa\u00f1ol - Nature Galapagos & Ecuador","url":"https:\/\/naturegalapagos.com\/es\/","logo":{"@type":"ImageObject","inLanguage":"es","@id":"https:\/\/naturegalapagos.com\/es\/#\/schema\/logo\/image\/","url":"https:\/\/naturegalapagos.com\/es\/wp-content\/uploads\/sites\/3\/2016\/10\/Nature-Galapagos-Logo-COM-300x300.jpg","contentUrl":"https:\/\/naturegalapagos.com\/es\/wp-content\/uploads\/sites\/3\/2016\/10\/Nature-Galapagos-Logo-COM-300x300.jpg","width":300,"height":300,"caption":"Espa\u00f1ol - Nature Galapagos & Ecuador"},"image":{"@id":"https:\/\/naturegalapagos.com\/es\/#\/schema\/logo\/image\/"},"sameAs":["https:\/\/www.facebook.com\/naturegalapagosecuador\/","https:\/\/x.com\/naturegalapagos","https:\/\/www.instagram.com\/naturegalapagos\/","https:\/\/www.pinterest.com\/Naturegalapagos\/","https:\/\/www.youtube.com\/user\/NatureGalapagosTours"]}]}},"_links":{"self":[{"href":"https:\/\/naturegalapagos.com\/es\/wp-json\/wp\/v2\/product\/5302","targetHints":{"allow":["GET"]}}],"collection":[{"href":"https:\/\/naturegalapagos.com\/es\/wp-json\/wp\/v2\/product"}],"about":[{"href":"https:\/\/naturegalapagos.com\/es\/wp-json\/wp\/v2\/types\/product"}],"replies":[{"embeddable":true,"href":"https:\/\/naturegalapagos.com\/es\/wp-json\/wp\/v2\/comments?post=5302"}],"wp:featuredmedia":[{"embeddable":true,"href":"https:\/\/naturegalapagos.com\/es\/wp-json\/wp\/v2\/media\/5303"}],"wp:attachment":[{"href":"https:\/\/naturegalapagos.com\/es\/wp-json\/wp\/v2\/media?parent=5302"}],"wp:term":[{"taxonomy":"product_brand","embeddable":true,"href":"https:\/\/naturegalapagos.com\/es\/wp-json\/wp\/v2\/product_brand?post=5302"},{"taxonomy":"product_cat","embeddable":true,"href":"https:\/\/naturegalapagos.com\/es\/wp-json\/wp\/v2\/product_cat?post=5302"},{"taxonomy":"product_tag","embeddable":true,"href":"https:\/\/naturegalapagos.com\/es\/wp-json\/wp\/v2\/product_tag?post=5302"}],"curies":[{"name":"wp","href":"https:\/\/api.w.org\/{rel}","templated":true}]}}