{"id":5324,"date":"2024-12-04T16:12:31","date_gmt":"2024-12-04T21:12:31","guid":{"rendered":"https:\/\/naturegalapagos.com\/es\/?post_type=product&#038;p=5324"},"modified":"2025-06-06T10:53:33","modified_gmt":"2025-06-06T14:53:33","slug":"pinzon-tour-diario","status":"publish","type":"product","link":"https:\/\/naturegalapagos.com\/es\/tours-en-galapagos\/tour-isla-pinzon-galapagos\/","title":{"rendered":"Pinzon Tour Diario"},"content":{"rendered":"<div class=\"wpb-content-wrapper\"><h2>Pinzon Tour Diario<\/h2>\n<p>Emb\u00e1rcate en un tour diario a Pinz\u00f3n y sum\u00e9rgete en una aventura inolvidable. Explora los impresionantes paisajes y la vida marina de la isla Pinz\u00f3n, un refugio para leones marinos, ping\u00fcinos de Gal\u00e1pagos, delfines, tiburones de arrecife, tortugas marinas verdes y m\u00e1s. Con atracciones como avistamientos de tiburones de punta blanca, mantarrayas \u00e1guila y el vibrante mundo submarino, este tour es imprescindible tanto para los amantes de la naturaleza como para los buscadores de aventuras.<\/p>\n<p><!--more--><\/p>\n<h3>DESTACADOS:<\/h3>\n<ul>\n<li>Leones marinos, ping\u00fcinos de Gal\u00e1pagos, delfines, tiburones de arrecife, tortugas verdes, tiburones de punta blanca, mantarrayas \u00e1guila, mantarrayas diamante Gran variedad de peces.<\/li>\n<\/ul>\n<table class=\"table table-bordered tours-tabs__table\" style=\"height: 233px; width: 858px;\">\n<tbody>\n<tr style=\"height: 23px;\">\n<td style=\"height: 23px; width: 212px;\"><strong>INCLUYE<\/strong><\/td>\n<td style=\"height: 23px; width: 634px;\"><i class=\"fa fa-check icon-tick icon-tick--on\"><\/i> Transporte<br \/>\n<i class=\"fa fa-check icon-tick icon-tick--on\"><\/i> Gu\u00eda de habla inglesa<br \/>\n<i class=\"fa fa-check icon-tick icon-tick--on\"><\/i> Almuerzo a bordo<br \/>\n<i class=\"fa fa-check icon-tick icon-tick--on\"><\/i> Equipo de snorkel<br \/>\n<i class=\"fa fa-check icon-tick icon-tick--on\"><\/i> Snaks Despu\u00e9s de excursiones<br \/>\n<i class=\"fa fa-check icon-tick icon-tick--on\"><\/i> Bebiendo<\/td>\n<\/tr>\n<tr style=\"height: 38px;\">\n<td style=\"height: 38px; width: 212px;\"><b>NO INCLUYE<\/b><\/td>\n<td style=\"height: 38px; width: 634px;\"><i class=\"fa fa-times icon-tick icon-tick--off\"><\/i>\u00a0Entrada al Parque Nacional Galapagos USD\u00a0<strong>200,00 por persona<\/strong><\/td>\n<\/tr>\n<\/tbody>\n<\/table>\n<h3><strong><span style=\"font-size: 12pt; color: #000000;\"><br \/>\n<\/span><\/strong><strong>Sobre La isla Pinzon.<\/strong><\/h3>\n<p><i class=\"fa fa-check icon-tick icon-tick--on\"><\/i> Isla Pinz\u00f3n, a veces llamada Isla Duncan (despu\u00e9s de Adam Duncan, 1er vizconde Ducan), los leones marinos de Gal\u00e1pagos es una isla en las Islas Gal\u00e1pagos, Ecuador.<\/p>\n<p><i class=\"fa fa-check icon-tick icon-tick--on\"><\/i> Pinz\u00f3n es el hogar de totoises gigantes de Gal\u00e1pagos de la subespecie end\u00e9mica (Chelonoidis nigra duncanensis) y otras especies end\u00e9micas.<\/p>\n<p><i class=\"fa fa-check icon-tick icon-tick--on\"><\/i> Tiene una superficie de 18 km2 y una altitud m\u00e1xima de 458 metros.<\/p>\n<p><i class=\"fa fa-check icon-tick icon-tick--on\"><\/i> Pinz\u00f3n marca el centro geogr\u00e1fico de las Islas Gal\u00e1pagos, pero ninguna de las dos principales especies arb\u00f3reas de Gal\u00e1pagos est\u00e1n presentes. En la zona h\u00fameda se encuentra una especie \u00fanica de \u00e1rbol de margarita.<\/p>\n<h3><span style=\"font-size: 14pt;\"><strong><span style=\"color: #000000;\">Qu\u00e9 llevar &amp; Para usar &#8211; Pinzon Tour Diario<\/span><\/strong><\/span><\/h3>\n<p>Mochila peque\u00f1a (impermeable), Zapatos c\u00f3modos para caminar, zapatillas deportivas o suelas de goma, pantalones cortos, camisetas, camisas de manga larga y corta Cortavientos, traje de ba\u00f1o, traje de ba\u00f1o (para bucear entre junio y noviembre), sombrero o gorra, kit de aseo, bloque solar, gafas de sol, binoculares, c\u00e1mara y videoc\u00e1mara.<\/p>\n<p><strong>NOTA:<\/strong> Consultar por las tarifas con alimentaci\u00f3n completa o solo desayunos.<\/p>\n<p>[vc_row][vc_column el_class=&#8221;accocruise&#8221;][vc_column_text]\n<div class=\"panel panel-default accordion__item\">\n\t<div class=\"panel-heading accordion__item__title-wrap\">\n\t\t<h4 class=\"panel-title\">\n\t\t\t<a data-toggle=\"collapse\" data-parent=\"#ataccordion0\" href=\"#ataccordion0_1\" class=\"accordion__item__link collapsed\">INQUIRE MORE HERE<\/a>\n\t\t<\/h4>\n\t<\/div>\n\t<div id=\"ataccordion0_1\" class=\"panel-collapse collapse\">\n\t\t<div class=\"panel-body accordion__item__content\">\n                <div class=\"ml-embedded\" data-form=\"WC0Fcz\"><\/div>\n            \n<\/div>\n\t<\/div>\n<\/div>[\/vc_column_text][\/vc_column][\/vc_row]<\/p>\n<div id=\"footable_parent_7479\"\n         class=\" footable_parent ninja_table_wrapper loading_ninja_table wp_table_data_press_parent semantic_ui \">\n                    <h3 class=\"table_title footable_title\">Tarifas de entrada al Parque Nacional Gal\u00e1pagos<\/h3>\n                                <div\n                class=\"table_description footable_description\">Vigentes desde Agosto de 2024<\/div>\n                    <table data-ninja_table_instance=\"ninja_table_instance_0\" data-footable_id=\"7479\" data-filter-delay=\"1000\" aria-label=\"Tarifas de entrada al Parque Nacional Gal\u00e1pagos\"            id=\"footable_7479\"\n           data-unique_identifier=\"ninja_table_unique_id_517572485_7479\"\n           class=\" foo-table ninja_footable foo_table_7479 ninja_table_unique_id_517572485_7479 ui table  nt_type_legacy_table vertical_centered  footable-paging-right ninja_table_search_disabled ninja_table_pro\">\n                <colgroup>\n                            <col class=\"ninja_column_0 \"\/>\n                            <col class=\"ninja_column_1 \"\/>\n                    <\/colgroup>\n        <thead>\n<tr class=\"footable-header\">\n                                        <th scope=\"col\"  class=\"ninja_column_0 ninja_clmn_nm_categoria \">Categor\u00eda<\/th><th scope=\"col\"  class=\"ninja_column_1 ninja_clmn_nm_tarifa_usd \">Tarifa (USD)<\/th><\/tr>\n<\/thead>\n<tbody>\n\n        <tr data-row_id=\"2514\" class=\"ninja_table_row_0 nt_row_id_2514\">\n            <td>Turistas extranjeros (mayores de 12 a\u00f1os)<\/td><td>$200<\/td>        <\/tr>\n            <tr data-row_id=\"2515\" class=\"ninja_table_row_1 nt_row_id_2515\">\n            <td>Ni\u00f1os extranjeros (menores de 12 a\u00f1os)<\/td><td>$100<\/td>        <\/tr>\n            <tr data-row_id=\"2516\" class=\"ninja_table_row_2 nt_row_id_2516\">\n            <td>Turistas de pa\u00edses de la Comunidad Andina y MERCOSUR (mayores de 12 a\u00f1os)<\/td><td>$100<\/td>        <\/tr>\n            <tr data-row_id=\"2517\" class=\"ninja_table_row_3 nt_row_id_2517\">\n            <td>Ni\u00f1os de pa\u00edses de la Comunidad Andina y MERCOSUR (menores de 12 a\u00f1os)<\/td><td>$50<\/td>        <\/tr>\n            <tr data-row_id=\"2518\" class=\"ninja_table_row_4 nt_row_id_2518\">\n            <td>Ecuatorianos y residentes en Ecuador (mayores de 12 a\u00f1os)<\/td><td>$30<\/td>        <\/tr>\n            <tr data-row_id=\"2519\" class=\"ninja_table_row_5 nt_row_id_2519\">\n            <td>Ni\u00f1os ecuatorianos y residentes en Ecuador (menores de 12 a\u00f1os)<\/td><td>$15<\/td>        <\/tr>\n            <tr data-row_id=\"2520\" class=\"ninja_table_row_6 nt_row_id_2520\">\n            <td>Adultos mayores (65 a\u00f1os o m\u00e1s, nacionales o residentes)<\/td><td>$15<\/td>        <\/tr>\n            <tr data-row_id=\"2521\" class=\"ninja_table_row_7 nt_row_id_2521\">\n            <td>Personas con discapacidad (certificadas por CONADIS)<\/td><td>$15<\/td>        <\/tr>\n            <tr data-row_id=\"2522\" class=\"ninja_table_row_8 nt_row_id_2522\">\n            <td>Estudiantes extranjeros matriculados en instituciones ecuatorianas<\/td><td>$50<\/td>        <\/tr>\n            <tr data-row_id=\"2523\" class=\"ninja_table_row_9 nt_row_id_2523\">\n            <td>Ni\u00f1os menores de 2 a\u00f1os (nacionales o extranjeros)<\/td><td>Exentos<\/td>        <\/tr>\n    <\/tbody><!--ninja_tobody_rendering_done-->\n    <\/table>\n    \n    \n    \n<\/div>\n\n<p>&nbsp;<\/p>\n<div id=\"footable_parent_7481\"\n         class=\" footable_parent ninja_table_wrapper loading_ninja_table wp_table_data_press_parent semantic_ui \">\n                    <h3 class=\"table_title footable_title\">Informaci\u00f3n Adicional<\/h3>\n                        <table data-ninja_table_instance=\"ninja_table_instance_1\" data-footable_id=\"7481\" data-filter-delay=\"1000\" aria-label=\"Informaci\u00f3n Adicional\"            id=\"footable_7481\"\n           data-unique_identifier=\"ninja_table_unique_id_738708280_7481\"\n           class=\" foo-table ninja_footable foo_table_7481 ninja_table_unique_id_738708280_7481 ui table  nt_type_legacy_table vertical_centered  footable-paging-right ninjatable_hide_header_row ninja_table_search_disabled ninja_table_pro\">\n                <colgroup>\n                            <col class=\"ninja_column_0 \"\/>\n                            <col class=\"ninja_column_1 \"\/>\n                    <\/colgroup>\n        <thead>\n<tr class=\"footable-header\">\n                                        <th scope=\"col\"  class=\"ninja_column_0 ninja_clmn_nm_forma_de_pago \">Columna 1<\/th><th scope=\"col\"  class=\"ninja_column_1 ninja_clmn_nm_tarjeta_de_conrtol_de_transito \">Columna 2<\/th><\/tr>\n<\/thead>\n<tbody>\n\n        <tr data-row_id=\"2524\" class=\"ninja_table_row_0 nt_row_id_2524\">\n            <td>Forma de pago:<\/td><td>La tarifa se abona en efectivo (USD) al llegar a los aeropuertos de Baltra o San Crist\u00f3bal.<\/td>        <\/tr>\n            <tr data-row_id=\"2525\" class=\"ninja_table_row_1 nt_row_id_2525\">\n            <td>Tarjeta de Control de Tr\u00e1nsito (TCT):<\/td><td>Adem\u00e1s, es obligatorio adquirir esta tarjeta por un valor de $20, la cual se obtiene en los aeropuertos de Quito o Guayaquil antes de abordar el vuelo hacia Gal\u00e1pagos.<\/td>        <\/tr>\n            <tr data-row_id=\"2526\" class=\"ninja_table_row_2 nt_row_id_2526\">\n            <td>Documentaci\u00f3n necesaria:<\/td><td>Pasaporte o c\u00e9dula de identidad vigente, y en el caso de estudiantes extranjeros, presentar el comprobante de matr\u00edcula en una instituci\u00f3n educativa ecuatoriana.<\/td>        <\/tr>\n    <\/tbody><!--ninja_tobody_rendering_done-->\n    <\/table>\n    \n    \n    \n<\/div>\n\n<\/div>","protected":false},"excerpt":{"rendered":"<p>El Tour Isla Espa\u00f1ola Galapagos es una excursi\u00f3n de un d\u00eda a la Isla Espanola desde San Crist\u00f3bal. Terreno volc\u00e1nico , Piqueros de Nazca, Albatros y snorkel<\/p>\n","protected":false},"featured_media":5932,"comment_status":"closed","ping_status":"closed","template":"","meta":{"_joinchat":[]},"product_brand":[],"product_cat":[3599],"product_tag":[],"class_list":{"0":"post-5324","1":"product","2":"type-product","3":"status-publish","4":"has-post-thumbnail","6":"product_cat-sin-categoria","8":"first","9":"instock","10":"taxable","11":"shipping-taxable","12":"product-type-tour"},"yoast_head":"<!-- This site is optimized with the Yoast SEO Premium plugin v25.6 (Yoast SEO v26.1.1) - https:\/\/yoast.com\/wordpress\/plugins\/seo\/ -->\n<title>Pinzon Tour Diario | Desde San Cristobal<\/title>\n<meta name=\"description\" content=\"El Pinzon Tour Diario Galapagos es una excursi\u00f3n de un d\u00eda a la Isla Espanola desde San Crist\u00f3bal. Terreno volc\u00e1nico , Piqueros de Nazca, Albatros y snorkel\" \/>\n<meta name=\"robots\" content=\"index, follow, max-snippet:-1, max-image-preview:large, max-video-preview:-1\" \/>\n<link rel=\"canonical\" href=\"https:\/\/naturegalapagos.com\/es\/tours-en-galapagos\/tour-isla-pinzon-galapagos\/\" \/>\n<meta property=\"og:locale\" content=\"es_ES\" \/>\n<meta property=\"og:type\" content=\"article\" \/>\n<meta property=\"og:title\" content=\"Tour Isla Espa\u00f1ola Galapagos | Desde San Cristobal\" \/>\n<meta property=\"og:description\" content=\"El Tour Isla Espa\u00f1ola Galapagos es una excursi\u00f3n de un d\u00eda a la Isla Espanola desde San Crist\u00f3bal. Terreno volc\u00e1nico , Piqueros de Nazca, Albatros y snorkel\" \/>\n<meta property=\"og:url\" content=\"https:\/\/naturegalapagos.com\/es\/tours-en-galapagos\/tour-isla-pinzon-galapagos\/\" \/>\n<meta property=\"og:site_name\" content=\"Espa\u00f1ol - Nature Galapagos &amp; Ecuador\" \/>\n<meta property=\"article:publisher\" content=\"https:\/\/www.facebook.com\/naturegalapagosecuador\/\" \/>\n<meta property=\"article:modified_time\" content=\"2025-06-06T14:53:33+00:00\" \/>\n<meta property=\"og:image\" content=\"https:\/\/naturegalapagos.com\/es\/wp-content\/uploads\/sites\/3\/2017\/08\/Tour-Isla-Espa\u00f1ola-Galapagos.jpg\" \/>\n\t<meta property=\"og:image:width\" content=\"1024\" \/>\n\t<meta property=\"og:image:height\" content=\"512\" \/>\n\t<meta property=\"og:image:type\" content=\"image\/jpeg\" \/>\n<meta name=\"twitter:card\" content=\"summary_large_image\" \/>\n<meta name=\"twitter:title\" content=\"Tour Isla Espa\u00f1ola Galapagos | Desde San Cristobal\" \/>\n<meta name=\"twitter:description\" content=\"El Tour Isla Espa\u00f1ola Galapagos es una excursi\u00f3n de un d\u00eda a la Isla Espanola desde San Crist\u00f3bal. Terreno volc\u00e1nico , Piqueros de Nazca, Albatros y snorkel.\" \/>\n<meta name=\"twitter:site\" content=\"@naturegalapagos\" \/>\n<meta name=\"twitter:label1\" content=\"Tiempo de lectura\" \/>\n\t<meta name=\"twitter:data1\" content=\"2 minutos\" \/>\n<!-- \/ Yoast SEO Premium plugin. -->","yoast_head_json":{"title":"Pinzon Tour Diario | Desde San Cristobal","description":"El Pinzon Tour Diario Galapagos es una excursi\u00f3n de un d\u00eda a la Isla Espanola desde San Crist\u00f3bal. Terreno volc\u00e1nico , Piqueros de Nazca, Albatros y snorkel","robots":{"index":"index","follow":"follow","max-snippet":"max-snippet:-1","max-image-preview":"max-image-preview:large","max-video-preview":"max-video-preview:-1"},"canonical":"https:\/\/naturegalapagos.com\/es\/tours-en-galapagos\/tour-isla-pinzon-galapagos\/","og_locale":"es_ES","og_type":"article","og_title":"Tour Isla Espa\u00f1ola Galapagos | Desde San Cristobal","og_description":"El Tour Isla Espa\u00f1ola Galapagos es una excursi\u00f3n de un d\u00eda a la Isla Espanola desde San Crist\u00f3bal. Terreno volc\u00e1nico , Piqueros de Nazca, Albatros y snorkel","og_url":"https:\/\/naturegalapagos.com\/es\/tours-en-galapagos\/tour-isla-pinzon-galapagos\/","og_site_name":"Espa\u00f1ol - Nature Galapagos &amp; Ecuador","article_publisher":"https:\/\/www.facebook.com\/naturegalapagosecuador\/","article_modified_time":"2025-06-06T14:53:33+00:00","og_image":[{"width":1024,"height":512,"url":"https:\/\/naturegalapagos.com\/es\/wp-content\/uploads\/sites\/3\/2017\/08\/Tour-Isla-Espa\u00f1ola-Galapagos.jpg","type":"image\/jpeg"}],"twitter_card":"summary_large_image","twitter_title":"Tour Isla Espa\u00f1ola Galapagos | Desde San Cristobal","twitter_description":"El Tour Isla Espa\u00f1ola Galapagos es una excursi\u00f3n de un d\u00eda a la Isla Espanola desde San Crist\u00f3bal. Terreno volc\u00e1nico , Piqueros de Nazca, Albatros y snorkel.","twitter_site":"@naturegalapagos","twitter_misc":{"Tiempo de lectura":"2 minutos"},"schema":{"@context":"https:\/\/schema.org","@graph":[{"@type":"WebPage","@id":"https:\/\/naturegalapagos.com\/es\/tours-en-galapagos\/tour-isla-pinzon-galapagos\/","url":"https:\/\/naturegalapagos.com\/es\/tours-en-galapagos\/tour-isla-pinzon-galapagos\/","name":"Pinzon Tour Diario | Desde San Cristobal","isPartOf":{"@id":"https:\/\/naturegalapagos.com\/es\/#website"},"primaryImageOfPage":{"@id":"https:\/\/naturegalapagos.com\/es\/tours-en-galapagos\/tour-isla-pinzon-galapagos\/#primaryimage"},"image":{"@id":"https:\/\/naturegalapagos.com\/es\/tours-en-galapagos\/tour-isla-pinzon-galapagos\/#primaryimage"},"thumbnailUrl":"https:\/\/naturegalapagos.com\/es\/wp-content\/uploads\/sites\/3\/2024\/01\/buceo-bajo-el-mar.jpg","datePublished":"2024-12-04T21:12:31+00:00","dateModified":"2025-06-06T14:53:33+00:00","description":"El Pinzon Tour Diario Galapagos es una excursi\u00f3n de un d\u00eda a la Isla Espanola desde San Crist\u00f3bal. Terreno volc\u00e1nico , Piqueros de Nazca, Albatros y snorkel","breadcrumb":{"@id":"https:\/\/naturegalapagos.com\/es\/tours-en-galapagos\/tour-isla-pinzon-galapagos\/#breadcrumb"},"inLanguage":"es","potentialAction":[{"@type":"ReadAction","target":["https:\/\/naturegalapagos.com\/es\/tours-en-galapagos\/tour-isla-pinzon-galapagos\/"]}]},{"@type":"ImageObject","inLanguage":"es","@id":"https:\/\/naturegalapagos.com\/es\/tours-en-galapagos\/tour-isla-pinzon-galapagos\/#primaryimage","url":"https:\/\/naturegalapagos.com\/es\/wp-content\/uploads\/sites\/3\/2024\/01\/buceo-bajo-el-mar.jpg","contentUrl":"https:\/\/naturegalapagos.com\/es\/wp-content\/uploads\/sites\/3\/2024\/01\/buceo-bajo-el-mar.jpg","width":857,"height":570,"caption":"Pinzon Tour Diario"},{"@type":"BreadcrumbList","@id":"https:\/\/naturegalapagos.com\/es\/tours-en-galapagos\/tour-isla-pinzon-galapagos\/#breadcrumb","itemListElement":[{"@type":"ListItem","position":1,"name":"Home","item":"https:\/\/naturegalapagos.com\/es\/"},{"@type":"ListItem","position":2,"name":"Tienda","item":"https:\/\/naturegalapagos.com\/es\/tienda\/"},{"@type":"ListItem","position":3,"name":"Pinzon Tour Diario"}]},{"@type":"WebSite","@id":"https:\/\/naturegalapagos.com\/es\/#website","url":"https:\/\/naturegalapagos.com\/es\/","name":"Espa\u00f1ol - Nature Galapagos & Ecuador","description":"","publisher":{"@id":"https:\/\/naturegalapagos.com\/es\/#organization"},"potentialAction":[{"@type":"SearchAction","target":{"@type":"EntryPoint","urlTemplate":"https:\/\/naturegalapagos.com\/es\/?s={search_term_string}"},"query-input":{"@type":"PropertyValueSpecification","valueRequired":true,"valueName":"search_term_string"}}],"inLanguage":"es"},{"@type":"Organization","@id":"https:\/\/naturegalapagos.com\/es\/#organization","name":"Espa\u00f1ol - Nature Galapagos & Ecuador","url":"https:\/\/naturegalapagos.com\/es\/","logo":{"@type":"ImageObject","inLanguage":"es","@id":"https:\/\/naturegalapagos.com\/es\/#\/schema\/logo\/image\/","url":"https:\/\/naturegalapagos.com\/es\/wp-content\/uploads\/sites\/3\/2016\/10\/Nature-Galapagos-Logo-COM-300x300.jpg","contentUrl":"https:\/\/naturegalapagos.com\/es\/wp-content\/uploads\/sites\/3\/2016\/10\/Nature-Galapagos-Logo-COM-300x300.jpg","width":300,"height":300,"caption":"Espa\u00f1ol - Nature Galapagos & Ecuador"},"image":{"@id":"https:\/\/naturegalapagos.com\/es\/#\/schema\/logo\/image\/"},"sameAs":["https:\/\/www.facebook.com\/naturegalapagosecuador\/","https:\/\/x.com\/naturegalapagos","https:\/\/www.instagram.com\/naturegalapagos\/","https:\/\/www.pinterest.com\/Naturegalapagos\/","https:\/\/www.youtube.com\/user\/NatureGalapagosTours"]}]}},"_links":{"self":[{"href":"https:\/\/naturegalapagos.com\/es\/wp-json\/wp\/v2\/product\/5324","targetHints":{"allow":["GET"]}}],"collection":[{"href":"https:\/\/naturegalapagos.com\/es\/wp-json\/wp\/v2\/product"}],"about":[{"href":"https:\/\/naturegalapagos.com\/es\/wp-json\/wp\/v2\/types\/product"}],"replies":[{"embeddable":true,"href":"https:\/\/naturegalapagos.com\/es\/wp-json\/wp\/v2\/comments?post=5324"}],"wp:featuredmedia":[{"embeddable":true,"href":"https:\/\/naturegalapagos.com\/es\/wp-json\/wp\/v2\/media\/5932"}],"wp:attachment":[{"href":"https:\/\/naturegalapagos.com\/es\/wp-json\/wp\/v2\/media?parent=5324"}],"wp:term":[{"taxonomy":"product_brand","embeddable":true,"href":"https:\/\/naturegalapagos.com\/es\/wp-json\/wp\/v2\/product_brand?post=5324"},{"taxonomy":"product_cat","embeddable":true,"href":"https:\/\/naturegalapagos.com\/es\/wp-json\/wp\/v2\/product_cat?post=5324"},{"taxonomy":"product_tag","embeddable":true,"href":"https:\/\/naturegalapagos.com\/es\/wp-json\/wp\/v2\/product_tag?post=5324"}],"curies":[{"name":"wp","href":"https:\/\/api.w.org\/{rel}","templated":true}]}}