{"id":5455,"date":"2024-12-01T16:28:56","date_gmt":"2024-12-01T21:28:56","guid":{"rendered":"https:\/\/naturegalapagos.com\/es\/?post_type=product&#038;p=5455"},"modified":"2024-12-06T15:59:27","modified_gmt":"2024-12-06T20:59:27","slug":"m-y-solaris-crucero-galapagos","status":"publish","type":"product","link":"https:\/\/naturegalapagos.com\/es\/cruceros-galapagos\/solaris-galapagos\/","title":{"rendered":"M\/Y Solaris Crucero Gal\u00e1pagos"},"content":{"rendered":"<div class=\"wpb-content-wrapper\"><div style=\"display: flex; justify-content: end; margin-bottom: 10px;\"><span style=\"font-family: arial, helvetica, sans-serif;\"><a href=\"https:\/\/naturegalapagos.com\/es\/ofertas-de-viajes\/\" target=\"_blank\" rel=\"noopener\"><img decoding=\"async\" src=\"https:\/\/naturegalapagos.com\/es\/wp-content\/uploads\/sites\/3\/2019\/11\/las-minute-deals-gif_Final_espa\u00f1ol.gif\" width=\"227.5\" height=\"77.25\" \/><\/a><\/span><\/div>\n<h2><span style=\"font-size: 20px; font-family: arial, helvetica, sans-serif;\"><strong>Descripci\u00f3n del crucero M\/Y Solaris:\u00a0<\/strong><\/span><\/h2>\n<p><span style=\"font-family: arial, helvetica, sans-serif;\">El <strong>crucero M\/Y Solaris<\/strong> es un encantador y moderno yate combina comodidad y relajaci\u00f3n en uno, por lo que su estad\u00eda ser\u00e1 una experiencia inolvidable. As\u00ed mismo, destaca por un componente excepcional e interesante que no se puede subestimar: los cruceros por Gal\u00e1pagos son ideales para viajeros solitarios, quienes pueden olvidarse de los dolores de cabeza por los suplementos individuales al unirse a nosotros en una de las cinco cabinas disponibles en la cubierta principal.<\/span><br \/>\n<span style=\"font-family: arial, helvetica, sans-serif;\"><!--more--><\/span><\/p>\n<h3><span style=\"font-size: 12pt; font-family: arial, helvetica, sans-serif;\"><strong>Principales caracter\u00edsticas del crucero M\/Y Solaris:<\/strong><\/span><\/h3>\n<ul>\n<li><span style=\"font-family: arial, helvetica, sans-serif;\"><strong>Para empezar<\/strong>, disfruta de un incre\u00edble espacio en la cabina, <strong>el cual, adem\u00e1s<\/strong>, incluye opciones triples en las cinco cubiertas superiores.<\/span><\/li>\n<li><span style=\"font-family: arial, helvetica, sans-serif;\"><strong>Asimismo<\/strong>, rel\u00e1jate en la amplia terraza equipada con un bar exterior, <strong>ideal para momentos de descanso<\/strong>.<\/span><\/li>\n<li><span style=\"font-family: arial, helvetica, sans-serif;\"><strong>Adem\u00e1s<\/strong>, recibe asistencia de nuestra tripulaci\u00f3n y director de crucero, <strong>quienes est\u00e1n altamente capacitados para garantizar una experiencia inolvidable<\/strong>.<\/span><\/li>\n<li><span style=\"font-family: arial, helvetica, sans-serif;\"><strong>Por otro lado<\/strong>, los viajeros solitarios son bienvenidos <strong>sin ning\u00fan suplemento adicional<\/strong> en los camarotes est\u00e1ndar de la cubierta principal, <strong>haciendo de este crucero una opci\u00f3n accesible para todos<\/strong>.<\/span><\/li>\n<\/ul>\n<h3 style=\"text-align: justify;\"><span style=\"font-size: 12pt; font-family: arial, helvetica, sans-serif;\"><strong>Alojamiento y Distribuci\u00f3n:<\/strong><\/span><\/h3>\n<ul>\n<li><span style=\"font-family: arial, helvetica, sans-serif;\"><strong>En la<\/strong> cubierta principal, encontrar\u00e1s un plano que incluye <strong>cinco camarotes<\/strong> de 12 m\u00b2, cada uno con cama individual, y <strong>una cabina adicional<\/strong> de 23 m\u00b2 equipada con una cama queen y una cama individual para mayor comodidad.<\/span><\/li>\n<li><span style=\"font-family: arial, helvetica, sans-serif;\"><strong>Mientras tanto<\/strong>, en la cubierta superior, se ubican <strong>cinco suites espaciosas<\/strong>, cada una de 23 m\u00b2. <strong>Tres de ellas<\/strong> cuentan con una cama queen y una cama individual, y <strong>las otras dos<\/strong> disponen de una cama queen junto con un sof\u00e1 cama, <strong>ofreciendo as\u00ed<\/strong> una experiencia de alojamiento flexible y lujosa.<\/span><\/li>\n<li><span style=\"font-family: arial, helvetica, sans-serif;\"><strong>Para quienes buscan relajarse<\/strong>, la terraza para tomar el sol es <strong>el lugar perfecto<\/strong> para disfrutar del entorno mientras descansas c\u00f3modamente.<\/span><\/li>\n<\/ul>\n<div id=\"gallery_1\" class=\"gallery\">\n<div class=\"row gallery__items\">\n\t\t\t\t\t<div class=\"col-sm-4 gallery__item-wrap\" data-filterid=\"\">\n\t\t\t<a href=\"https:\/\/naturegalapagos.com\/es\/wp-content\/uploads\/sites\/3\/2023\/12\/sun-deck-solaris.png\" class=\"swipebox gallery__item\" title=\"sun-deck-solaris\">\n\t\t\t\t<img decoding=\"async\" width=\"720\" height=\"257\" src=\"https:\/\/naturegalapagos.com\/es\/wp-content\/uploads\/sites\/3\/2023\/12\/sun-deck-solaris-720x257.png\" class=\"attachment-thumb_gallery size-thumb_gallery\" alt=\"Terraza para tomar sol\" \/>\t\t\t\t<span class=\"gallery__item__info\">\n\t\t\t\t\t<span class=\"gallery__item__info__content\">\n\t\t\t\t\t\t<span class=\"gallery__item__title\">sun-deck-solaris<\/span>\n\t\t\t\t\t\t\t\t\t\t<\/span>\n\t\t\t\t\t<span class=\"gallery__item__shadow\"><\/span>\n\t\t\t\t<\/span>\n\t\t\t<\/a>\n\t\t<\/div>\n\t\t\t\t\t<div class=\"col-sm-4 gallery__item-wrap\" data-filterid=\"\">\n\t\t\t<a href=\"https:\/\/naturegalapagos.com\/es\/wp-content\/uploads\/sites\/3\/2023\/12\/upper-deck-solaris.jpg\" class=\"swipebox gallery__item\" title=\"upper-deck-solaris\">\n\t\t\t\t<img decoding=\"async\" width=\"720\" height=\"258\" src=\"https:\/\/naturegalapagos.com\/es\/wp-content\/uploads\/sites\/3\/2023\/12\/upper-deck-solaris-720x258.jpg\" class=\"attachment-thumb_gallery size-thumb_gallery\" alt=\"Cubierta alta\" \/>\t\t\t\t<span class=\"gallery__item__info\">\n\t\t\t\t\t<span class=\"gallery__item__info__content\">\n\t\t\t\t\t\t<span class=\"gallery__item__title\">upper-deck-solaris<\/span>\n\t\t\t\t\t\t\t\t\t\t<\/span>\n\t\t\t\t\t<span class=\"gallery__item__shadow\"><\/span>\n\t\t\t\t<\/span>\n\t\t\t<\/a>\n\t\t<\/div>\n\t\t\t\t\t<div class=\"col-sm-4 gallery__item-wrap\" data-filterid=\"\">\n\t\t\t<a href=\"https:\/\/naturegalapagos.com\/es\/wp-content\/uploads\/sites\/3\/2023\/12\/main-deck-solaris.png\" class=\"swipebox gallery__item\" title=\"main-deck-solaris\">\n\t\t\t\t<img decoding=\"async\" width=\"720\" height=\"268\" src=\"https:\/\/naturegalapagos.com\/es\/wp-content\/uploads\/sites\/3\/2023\/12\/main-deck-solaris-720x268.png\" class=\"attachment-thumb_gallery size-thumb_gallery\" alt=\"Plano de cubierta principal\" \/>\t\t\t\t<span class=\"gallery__item__info\">\n\t\t\t\t\t<span class=\"gallery__item__info__content\">\n\t\t\t\t\t\t<span class=\"gallery__item__title\">main-deck-solaris<\/span>\n\t\t\t\t\t\t\t\t\t\t<\/span>\n\t\t\t\t\t<span class=\"gallery__item__shadow\"><\/span>\n\t\t\t\t<\/span>\n\t\t\t<\/a>\n\t\t<\/div>\n\t<\/div>\n<\/div>\n<h4 class=\"rt_heading style-1\"><\/h4>\n<p>&nbsp;<\/p>\n<table style=\"width: 71.6595%; height: 300px;\" border=\"0\" cellspacing=\"0\" cellpadding=\"0\" align=\"center\">\n<thead>\n<tr style=\"height: 25px;\">\n<th style=\"background-color: #e6e6e6; width: 244px; height: 25px;\" colspan=\"2\" align=\"center\">\n<h4><span style=\"font-size: 16px; font-family: arial, helvetica, sans-serif;\"><strong>Especificaciones t\u00e9cnicas <\/strong><\/span><\/h4>\n<\/th>\n<\/tr>\n<\/thead>\n<tbody>\n<tr style=\"height: 25px;\">\n<td style=\"width: 125px; height: 25px;\"><span style=\"font-size: 10pt; font-family: arial, helvetica, sans-serif;\"><strong>Tipo<\/strong><\/span><\/td>\n<td style=\"width: 117px; height: 25px;\">\n<ul>\n<li><span style=\"font-size: 14px; font-family: arial, helvetica, sans-serif;\">Yate monocasco<\/span><\/li>\n<\/ul>\n<\/td>\n<\/tr>\n<tr style=\"height: 25px;\">\n<td style=\"width: 125px; height: 25px;\"><span style=\"font-size: 13.3333px; font-family: arial, helvetica, sans-serif;\"><b>Categoria<\/b><\/span><\/td>\n<td style=\"width: 117px; height: 25px;\">\n<ul>\n<li><span style=\"font-size: 10pt; font-family: arial, helvetica, sans-serif;\">Primera clase<\/span><\/li>\n<\/ul>\n<\/td>\n<\/tr>\n<tr style=\"height: 25px;\">\n<td style=\"width: 125px; height: 25px;\"><span style=\"font-size: 10pt; font-family: arial, helvetica, sans-serif;\"><strong>A\u00f1o de contrucci\u00f3n<\/strong><\/span><\/td>\n<td style=\"width: 117px; height: 25px;\">\n<ul>\n<li><span style=\"font-size: 10pt; font-family: arial, helvetica, sans-serif;\">2019 (Remodelado en 2021)<\/span><\/li>\n<\/ul>\n<\/td>\n<\/tr>\n<tr style=\"height: 25px;\">\n<td style=\"width: 125px; height: 25px;\"><span style=\"font-size: 10pt; font-family: arial, helvetica, sans-serif;\"><strong>Capacidad<\/strong><\/span><\/td>\n<td style=\"width: 117px; height: 25px;\">\n<ul>\n<li><span style=\"font-size: 10pt; font-family: arial, helvetica, sans-serif;\">16 pasajeros + 1\u00a0 Guide<\/span><\/li>\n<\/ul>\n<\/td>\n<\/tr>\n<tr style=\"height: 25px;\">\n<td style=\"width: 125px; height: 25px;\"><span style=\"font-size: 10pt; font-family: arial, helvetica, sans-serif;\"><strong>Longitud<\/strong><\/span><\/td>\n<td style=\"width: 117px; height: 25px;\">\n<ul>\n<li><span style=\"font-size: 10pt; font-family: arial, helvetica, sans-serif;\">\u00a0114 ft \/ 35m<\/span><\/li>\n<\/ul>\n<\/td>\n<\/tr>\n<tr style=\"height: 25px;\">\n<td style=\"width: 125px; height: 25px;\"><span style=\"font-size: 10pt; font-family: arial, helvetica, sans-serif;\"><strong>Secci\u00f3n m\u00e1s ancha<\/strong><\/span><\/td>\n<td style=\"width: 117px; height: 25px;\">\n<ul>\n<li><span style=\"font-size: 10pt; font-family: arial, helvetica, sans-serif;\">\u00a029 ft \/9 m<\/span><\/li>\n<\/ul>\n<\/td>\n<\/tr>\n<tr style=\"height: 25px;\">\n<td style=\"width: 125px; height: 25px;\"><span style=\"font-size: 10pt; font-family: arial, helvetica, sans-serif;\"><strong>Velocidad<\/strong><\/span><\/td>\n<td style=\"width: 117px; height: 25px;\">\n<ul>\n<li><span style=\"font-size: 10pt; font-family: arial, helvetica, sans-serif;\"> 10 nudos (ca. 18,5 km\/h)<\/span><\/li>\n<\/ul>\n<\/td>\n<\/tr>\n<tr style=\"height: 25px;\">\n<td style=\"width: 125px; height: 25px;\"><span style=\"font-size: 10pt; font-family: arial, helvetica, sans-serif;\"><strong>Caracteristicas de seguridad<\/strong><\/span><\/td>\n<td style=\"width: 117px; height: 25px;\">\n<ul>\n<li class=\"p1\"><span style=\"font-family: arial, helvetica, sans-serif;\"><span style=\"font-size: 10pt;\">24 millas Furuno Radar GPS<\/span><\/span><\/li>\n<li class=\"p1\"><span style=\"font-size: 10pt; font-family: arial, helvetica, sans-serif;\">Navegador por satelite<\/span><\/li>\n<li class=\"p1\"><span style=\"font-size: 10pt; font-family: arial, helvetica, sans-serif;\">Buscador de profundidad<\/span><\/li>\n<li class=\"p1\"><span style=\"font-size: 10pt; font-family: arial, helvetica, sans-serif;\">HF-VHF<\/span><\/li>\n<li class=\"p1\"><span style=\"font-size: 10pt; font-family: arial, helvetica, sans-serif;\">Radio por sat\u00e9lite<\/span><\/li>\n<li class=\"p1\"><span style=\"font-size: 10pt; font-family: arial, helvetica, sans-serif;\">Sonda de profundidad<\/span><\/li>\n<li class=\"p1\"><span style=\"font-size: 10pt; font-family: arial, helvetica, sans-serif;\">Tel\u00e9fono m\u00f3vil<\/span><\/li>\n<li class=\"p1\"><span style=\"font-size: 10pt; font-family: arial, helvetica, sans-serif;\">Detectores de humo y fuego.<\/span><\/li>\n<li class=\"p1\"><span style=\"font-size: 10pt; font-family: arial, helvetica, sans-serif;\">Sistema de control de incendios ABC<\/span><\/li>\n<li class=\"p1\"><span style=\"font-size: 10pt; font-family: arial, helvetica, sans-serif;\">Zod\u00edacos y chalecos salvavidas<\/span><\/li>\n<\/ul>\n<\/td>\n<\/tr>\n<tr style=\"height: 25px;\">\n<td style=\"width: 125px; height: 25px;\"><span style=\"font-size: 10pt; font-family: arial, helvetica, sans-serif;\"><strong>Zod\u00edacos<\/strong><\/span><\/td>\n<td style=\"width: 117px; height: 25px;\">\n<ul>\n<li><span style=\"font-size: 10pt; font-family: arial, helvetica, sans-serif;\">\u00a02 zod\u00edacos<\/span><\/li>\n<\/ul>\n<\/td>\n<\/tr>\n<tr style=\"height: 25px;\">\n<td style=\"width: 125px; height: 25px;\"><span style=\"font-size: 10pt; font-family: arial, helvetica, sans-serif;\"><strong>Energ\u00eda el\u00e9ctrica<\/strong><\/span><\/td>\n<td style=\"width: 117px; height: 25px;\">\n<ul>\n<li><span style=\"font-size: 10pt; font-family: arial, helvetica, sans-serif;\">110V \/ 220V<\/span><\/li>\n<\/ul>\n<\/td>\n<\/tr>\n<tr style=\"height: 25px;\">\n<td style=\"width: 125px; height: 25px;\"><span style=\"font-size: 13.3333px; font-family: arial, helvetica, sans-serif;\"><b>\u00c1reas sociales<\/b><\/span><\/td>\n<td style=\"width: 117px; height: 25px;\">\n<h6 class=\"p1\"><span style=\"font-size: 10pt; font-family: arial, helvetica, sans-serif;\">Terraza para tomar sol:<\/span><\/h6>\n<ul>\n<li class=\"p1\"><span style=\"font-size: 12px; font-family: arial, helvetica, sans-serif;\">Zona de sol\u00e1rium, zona de relax con sombra.<\/span><\/li>\n<\/ul>\n<h6 class=\"p1\"><span style=\"font-size: 10pt; font-family: arial, helvetica, sans-serif;\">Cubierta principal:<\/span><\/h6>\n<ul>\n<li class=\"p1\"><span style=\"font-size: 12px; font-family: arial, helvetica, sans-serif;\">Comedor, bar y zona de conferencias con televisi\u00f3n, reproductor de DVD, juegos de cartas, biblioteca de libros y DVD.<\/span><\/li>\n<\/ul>\n<\/td>\n<\/tr>\n<\/tbody>\n<\/table>\n<p>[vc_row][vc_column el_class=&#8221;accocruise&#8221;][vc_column_text]\n<div class=\"panel panel-default accordion__item\">\n\t<div class=\"panel-heading accordion__item__title-wrap\">\n\t\t<h4 class=\"panel-title\">\n\t\t\t<a data-toggle=\"collapse\" data-parent=\"#ataccordion0\" href=\"#ataccordion0_1\" class=\"accordion__item__link collapsed\">CONSULTA M\u00c1S AQU\u00cd<\/a>\n\t\t<\/h4>\n\t<\/div>\n\t<div id=\"ataccordion0_1\" class=\"panel-collapse collapse\">\n\t\t<div class=\"panel-body accordion__item__content\">\n                <div class=\"ml-embedded\" data-form=\"dRrI37\"><\/div>\n            \n<\/div>\n\t<\/div>\n<\/div>[\/vc_column_text][\/vc_column][\/vc_row]<\/p>\n<\/div>","protected":false},"excerpt":{"rendered":"<p>Descripci\u00f3n del crucero M\/Y Solaris:\u00a0 El crucero M\/Y Solaris es un encantador y moderno yate combina comodidad y relajaci\u00f3n en uno, por lo que su estad\u00eda ser\u00e1 una experiencia inolvidable. As\u00ed mismo, destaca por un componente excepcional e interesante que no se puede subestimar: los cruceros por Gal\u00e1pagos son ideales para viajeros solitarios, quienes pueden<\/p>\n<div class=\"padding-top text-center\"><a href=\"https:\/\/naturegalapagos.com\/es\/cruceros-galapagos\/solaris-galapagos\/\" class=\"atbtn atbtn--medium atbtn--rounded atbtn--transparent\">Leer m\u00e1s<i class=\"atbtn__icon atbtn__icon--right fa fa-long-arrow-right\"><\/i><\/a><\/div>\n","protected":false},"featured_media":5474,"comment_status":"open","ping_status":"closed","template":"","meta":{"_joinchat":[]},"product_brand":[],"product_cat":[3599],"product_tag":[],"class_list":{"0":"post-5455","1":"product","2":"type-product","3":"status-publish","4":"has-post-thumbnail","6":"product_cat-sin-categoria","8":"first","9":"instock","10":"taxable","11":"shipping-taxable","12":"product-type-tour"},"yoast_head":"<!-- This site is optimized with the Yoast SEO Premium plugin v25.6 (Yoast SEO v26.1.1) - https:\/\/yoast.com\/wordpress\/plugins\/seo\/ -->\n<title>M\/Y Solaris Crucero Gal\u00e1pagos | Crucero Primera Clase<\/title>\n<meta name=\"description\" content=\"El crucero M\/Y Solaris es un yate de primera clase, descubre la belleza natural de Gal\u00e1pagos. Para obtener m\u00e1s informaci\u00f3n, haga clic aqu\u00ed.\" \/>\n<meta name=\"robots\" content=\"index, follow, max-snippet:-1, max-image-preview:large, max-video-preview:-1\" \/>\n<link rel=\"canonical\" href=\"https:\/\/naturegalapagos.com\/es\/cruceros-galapagos\/solaris-galapagos\/\" \/>\n<meta property=\"og:locale\" content=\"es_ES\" \/>\n<meta property=\"og:type\" content=\"article\" \/>\n<meta property=\"og:title\" content=\"Crucero Solaris Gal\u00e1pagos | Crucero de primera clase\" \/>\n<meta property=\"og:description\" content=\"El Crucero Solaris Gal\u00e1pagos es un yate de primera clase, descubre la belleza natural de Gal\u00e1pagos. Para obtener m\u00e1s informaci\u00f3n, haga clic aqu\u00ed.\" \/>\n<meta property=\"og:url\" content=\"https:\/\/naturegalapagos.com\/es\/cruceros-galapagos\/solaris-galapagos\/\" \/>\n<meta property=\"og:site_name\" content=\"Espa\u00f1ol - Nature Galapagos &amp; Ecuador\" \/>\n<meta property=\"article:publisher\" content=\"https:\/\/www.facebook.com\/naturegalapagosecuador\/\" \/>\n<meta property=\"article:modified_time\" content=\"2024-12-06T20:59:27+00:00\" \/>\n<meta property=\"og:image\" content=\"https:\/\/naturegalapagos.com\/es\/wp-content\/uploads\/sites\/3\/2023\/12\/solaris-yacht-exterior2.jpg\" \/>\n\t<meta property=\"og:image:width\" content=\"900\" \/>\n\t<meta property=\"og:image:height\" content=\"600\" \/>\n\t<meta property=\"og:image:type\" content=\"image\/jpeg\" \/>\n<meta name=\"twitter:card\" content=\"summary_large_image\" \/>\n<meta name=\"twitter:title\" content=\"Crucero Solaris Gal\u00e1pagos | Crucero de primera clase\" \/>\n<meta name=\"twitter:description\" content=\"El Crucero Solaris Gal\u00e1pagos es un yate de primera clase, descubre la belleza natural de Gal\u00e1pagos. Para obtener m\u00e1s informaci\u00f3n, haga clic aqu\u00ed.\" \/>\n<meta name=\"twitter:site\" content=\"@naturegalapagos\" \/>\n<meta name=\"twitter:label1\" content=\"Tiempo de lectura\" \/>\n\t<meta name=\"twitter:data1\" content=\"3 minutos\" \/>\n<!-- \/ Yoast SEO Premium plugin. -->","yoast_head_json":{"title":"M\/Y Solaris Crucero Gal\u00e1pagos | Crucero Primera Clase","description":"El crucero M\/Y Solaris es un yate de primera clase, descubre la belleza natural de Gal\u00e1pagos. Para obtener m\u00e1s informaci\u00f3n, haga clic aqu\u00ed.","robots":{"index":"index","follow":"follow","max-snippet":"max-snippet:-1","max-image-preview":"max-image-preview:large","max-video-preview":"max-video-preview:-1"},"canonical":"https:\/\/naturegalapagos.com\/es\/cruceros-galapagos\/solaris-galapagos\/","og_locale":"es_ES","og_type":"article","og_title":"Crucero Solaris Gal\u00e1pagos | Crucero de primera clase","og_description":"El Crucero Solaris Gal\u00e1pagos es un yate de primera clase, descubre la belleza natural de Gal\u00e1pagos. Para obtener m\u00e1s informaci\u00f3n, haga clic aqu\u00ed.","og_url":"https:\/\/naturegalapagos.com\/es\/cruceros-galapagos\/solaris-galapagos\/","og_site_name":"Espa\u00f1ol - Nature Galapagos &amp; Ecuador","article_publisher":"https:\/\/www.facebook.com\/naturegalapagosecuador\/","article_modified_time":"2024-12-06T20:59:27+00:00","og_image":[{"width":900,"height":600,"url":"https:\/\/naturegalapagos.com\/es\/wp-content\/uploads\/sites\/3\/2023\/12\/solaris-yacht-exterior2.jpg","type":"image\/jpeg"}],"twitter_card":"summary_large_image","twitter_title":"Crucero Solaris Gal\u00e1pagos | Crucero de primera clase","twitter_description":"El Crucero Solaris Gal\u00e1pagos es un yate de primera clase, descubre la belleza natural de Gal\u00e1pagos. Para obtener m\u00e1s informaci\u00f3n, haga clic aqu\u00ed.","twitter_site":"@naturegalapagos","twitter_misc":{"Tiempo de lectura":"3 minutos"},"schema":{"@context":"https:\/\/schema.org","@graph":[{"@type":"WebPage","@id":"https:\/\/naturegalapagos.com\/es\/cruceros-galapagos\/solaris-galapagos\/","url":"https:\/\/naturegalapagos.com\/es\/cruceros-galapagos\/solaris-galapagos\/","name":"M\/Y Solaris Crucero Gal\u00e1pagos | Crucero Primera Clase","isPartOf":{"@id":"https:\/\/naturegalapagos.com\/es\/#website"},"primaryImageOfPage":{"@id":"https:\/\/naturegalapagos.com\/es\/cruceros-galapagos\/solaris-galapagos\/#primaryimage"},"image":{"@id":"https:\/\/naturegalapagos.com\/es\/cruceros-galapagos\/solaris-galapagos\/#primaryimage"},"thumbnailUrl":"https:\/\/naturegalapagos.com\/es\/wp-content\/uploads\/sites\/3\/2023\/12\/solaris-yacht-exterior2.jpg","datePublished":"2024-12-01T21:28:56+00:00","dateModified":"2024-12-06T20:59:27+00:00","description":"El crucero M\/Y Solaris es un yate de primera clase, descubre la belleza natural de Gal\u00e1pagos. Para obtener m\u00e1s informaci\u00f3n, haga clic aqu\u00ed.","breadcrumb":{"@id":"https:\/\/naturegalapagos.com\/es\/cruceros-galapagos\/solaris-galapagos\/#breadcrumb"},"inLanguage":"es","potentialAction":[{"@type":"ReadAction","target":["https:\/\/naturegalapagos.com\/es\/cruceros-galapagos\/solaris-galapagos\/"]}]},{"@type":"ImageObject","inLanguage":"es","@id":"https:\/\/naturegalapagos.com\/es\/cruceros-galapagos\/solaris-galapagos\/#primaryimage","url":"https:\/\/naturegalapagos.com\/es\/wp-content\/uploads\/sites\/3\/2023\/12\/solaris-yacht-exterior2.jpg","contentUrl":"https:\/\/naturegalapagos.com\/es\/wp-content\/uploads\/sites\/3\/2023\/12\/solaris-yacht-exterior2.jpg","width":900,"height":600,"caption":"Yate Solaris exterior 2"},{"@type":"BreadcrumbList","@id":"https:\/\/naturegalapagos.com\/es\/cruceros-galapagos\/solaris-galapagos\/#breadcrumb","itemListElement":[{"@type":"ListItem","position":1,"name":"Home","item":"https:\/\/naturegalapagos.com\/es\/"},{"@type":"ListItem","position":2,"name":"Tienda","item":"https:\/\/naturegalapagos.com\/es\/tienda\/"},{"@type":"ListItem","position":3,"name":"M\/Y Solaris Crucero Gal\u00e1pagos"}]},{"@type":"WebSite","@id":"https:\/\/naturegalapagos.com\/es\/#website","url":"https:\/\/naturegalapagos.com\/es\/","name":"Espa\u00f1ol - Nature Galapagos & Ecuador","description":"","publisher":{"@id":"https:\/\/naturegalapagos.com\/es\/#organization"},"potentialAction":[{"@type":"SearchAction","target":{"@type":"EntryPoint","urlTemplate":"https:\/\/naturegalapagos.com\/es\/?s={search_term_string}"},"query-input":{"@type":"PropertyValueSpecification","valueRequired":true,"valueName":"search_term_string"}}],"inLanguage":"es"},{"@type":"Organization","@id":"https:\/\/naturegalapagos.com\/es\/#organization","name":"Espa\u00f1ol - Nature Galapagos & Ecuador","url":"https:\/\/naturegalapagos.com\/es\/","logo":{"@type":"ImageObject","inLanguage":"es","@id":"https:\/\/naturegalapagos.com\/es\/#\/schema\/logo\/image\/","url":"https:\/\/naturegalapagos.com\/es\/wp-content\/uploads\/sites\/3\/2016\/10\/Nature-Galapagos-Logo-COM-300x300.jpg","contentUrl":"https:\/\/naturegalapagos.com\/es\/wp-content\/uploads\/sites\/3\/2016\/10\/Nature-Galapagos-Logo-COM-300x300.jpg","width":300,"height":300,"caption":"Espa\u00f1ol - Nature Galapagos & Ecuador"},"image":{"@id":"https:\/\/naturegalapagos.com\/es\/#\/schema\/logo\/image\/"},"sameAs":["https:\/\/www.facebook.com\/naturegalapagosecuador\/","https:\/\/x.com\/naturegalapagos","https:\/\/www.instagram.com\/naturegalapagos\/","https:\/\/www.pinterest.com\/Naturegalapagos\/","https:\/\/www.youtube.com\/user\/NatureGalapagosTours"]}]}},"_links":{"self":[{"href":"https:\/\/naturegalapagos.com\/es\/wp-json\/wp\/v2\/product\/5455","targetHints":{"allow":["GET"]}}],"collection":[{"href":"https:\/\/naturegalapagos.com\/es\/wp-json\/wp\/v2\/product"}],"about":[{"href":"https:\/\/naturegalapagos.com\/es\/wp-json\/wp\/v2\/types\/product"}],"replies":[{"embeddable":true,"href":"https:\/\/naturegalapagos.com\/es\/wp-json\/wp\/v2\/comments?post=5455"}],"wp:featuredmedia":[{"embeddable":true,"href":"https:\/\/naturegalapagos.com\/es\/wp-json\/wp\/v2\/media\/5474"}],"wp:attachment":[{"href":"https:\/\/naturegalapagos.com\/es\/wp-json\/wp\/v2\/media?parent=5455"}],"wp:term":[{"taxonomy":"product_brand","embeddable":true,"href":"https:\/\/naturegalapagos.com\/es\/wp-json\/wp\/v2\/product_brand?post=5455"},{"taxonomy":"product_cat","embeddable":true,"href":"https:\/\/naturegalapagos.com\/es\/wp-json\/wp\/v2\/product_cat?post=5455"},{"taxonomy":"product_tag","embeddable":true,"href":"https:\/\/naturegalapagos.com\/es\/wp-json\/wp\/v2\/product_tag?post=5455"}],"curies":[{"name":"wp","href":"https:\/\/api.w.org\/{rel}","templated":true}]}}