{"id":6247,"date":"2024-01-25T16:29:53","date_gmt":"2024-01-25T21:29:53","guid":{"rendered":"https:\/\/naturegalapagos.com\/es\/?post_type=product&#038;p=6247"},"modified":"2024-09-17T10:50:39","modified_gmt":"2024-09-17T14:50:39","slug":"trimaran-galapagos-horizon","status":"publish","type":"product","link":"https:\/\/naturegalapagos.com\/es\/cruceros-galapagos\/crucero-trimaran-horizon-galapagos\/","title":{"rendered":"Trimar\u00e1n Galapagos Horizon"},"content":{"rendered":"<div class=\"wpb-content-wrapper\"><p>&nbsp;<\/p>\n<div style=\"display: flex; justify-content: end; margin-bottom: 10px;\"><span style=\"font-family: arial, helvetica, sans-serif;\"><a href=\"https:\/\/naturegalapagos.com\/es\/ofertas-de-viajes\/\" target=\"_blank\" rel=\"noopener\"><img decoding=\"async\" src=\"https:\/\/naturegalapagos.com\/es\/wp-content\/uploads\/sites\/3\/2019\/11\/las-minute-deals-gif_Final_espa\u00f1ol.gif\" width=\"227.5\" height=\"77.25\" \/><\/a><\/span><\/div>\n<h2><span style=\"font-family: arial, helvetica, sans-serif; font-size: 18pt;\"><strong>Descripci\u00f3n del Trimar\u00e1n Galapagos Horizon:<\/strong><\/span><\/h2>\n<p><span style=\"font-family: arial, helvetica, sans-serif;\"><strong>Horizon<\/strong> es un trimar\u00e1n de lujo que, <strong>adem\u00e1s<\/strong>, brinda una experiencia \u00edntima a bordo con un toque de elegancia y confort. <strong>En cuanto a su equipamiento<\/strong>, Horizon est\u00e1 dotado de 8 elegantes y amplias caba\u00f1as, cada una con su propio balc\u00f3n privado. <strong>Asimismo<\/strong>, sus comodidades incluyen un moderno sal\u00f3n, bar, comedor al aire libre y un amplio sol\u00e1rium con jacuzzi, <strong>todo<\/strong> dise\u00f1ado para captar las mejores vistas que las islas pueden ofrecer, rodeado de un encanto infinito.<\/span><\/p>\n<p><span style=\"font-family: arial, helvetica, sans-serif;\">El Horizon Trimaran, co-propiedad de la dise\u00f1adora de yates Jessica Meza y el socio local Camilo Chauca, ofrece lujosos cruceros de vida a bordo en las Islas Gal\u00e1pagos. El Horizon, dirigido a viajeros de alto nivel, es <strong>famoso por su elegancia<\/strong>, navegaci\u00f3n mar\u00edtima tranquila y gu\u00edas apasionados a bordo. Con amplios camarotes, balcones privados, un c\u00f3modo sal\u00f3n, amplio solarium y jacuzzi, se destaca como uno de los astilleros m\u00e1s opulentos de Gal\u00e1pagos. Los <strong>cruceros estilo expedici\u00f3n<\/strong>, que duran de 3 a 7 noches, brindan una experiencia superior sobre la vida silvestre con \u00e9nfasis en la educaci\u00f3n y obtienen excelentes cr\u00edticas de los clientes por sus informes semanales de cruceros.<\/span><\/p>\n<p><span style=\"font-family: arial, helvetica, sans-serif;\"> <!--more--><\/span><\/p>\n<h3><span style=\"font-family: arial, helvetica, sans-serif;\"><strong>Caracter\u00edsticas principales<\/strong><\/span><\/h3>\n<ul>\n<li id=\"tw-target-text\" class=\"tw-data-text tw-text-large tw-ta\" dir=\"ltr\" data-placeholder=\"Traducci\u00f3n\" data-ved=\"2ahUKEwiL4uiEwPmDAxWWmYQIHczsBgwQ3ewLegQICRAQ\"><span style=\"font-family: arial, helvetica, sans-serif;\">El \u00fanico trimar\u00e1n en Gal\u00e1pagos<\/span><\/li>\n<li class=\"tw-data-text tw-text-large tw-ta\" dir=\"ltr\" data-placeholder=\"Traducci\u00f3n\" data-ved=\"2ahUKEwiL4uiEwPmDAxWWmYQIHczsBgwQ3ewLegQICRAQ\"><span style=\"font-family: arial, helvetica, sans-serif;\">Triple casco para una navegaci\u00f3n suave<\/span><\/li>\n<li class=\"tw-data-text tw-text-large tw-ta\" dir=\"ltr\" data-placeholder=\"Traducci\u00f3n\" data-ved=\"2ahUKEwiL4uiEwPmDAxWWmYQIHczsBgwQ3ewLegQICRAQ\"><span style=\"font-family: arial, helvetica, sans-serif;\">C\u00f3modas caba\u00f1as con balcones privados.<\/span><\/li>\n<li class=\"tw-data-text tw-text-large tw-ta\" dir=\"ltr\" data-placeholder=\"Traducci\u00f3n\" data-ved=\"2ahUKEwiL4uiEwPmDAxWWmYQIHczsBgwQ3ewLegQICRAQ\"><span style=\"font-family: arial, helvetica, sans-serif;\">Excelente para grupos y familias.<\/span><\/li>\n<li class=\"tw-data-text tw-text-large tw-ta\" dir=\"ltr\" data-placeholder=\"Traducci\u00f3n\" data-ved=\"2ahUKEwiL4uiEwPmDAxWWmYQIHczsBgwQ3ewLegQICRAQ\"><span style=\"font-family: arial, helvetica, sans-serif;\">Itinerarios destacados<\/span><\/li>\n<\/ul>\n<p><span style=\"font-family: arial, helvetica, sans-serif;\"><strong>D\u00eda de Salida:<\/strong> Este crucero tiene capacidad para 16 viajeros que pueden elegir itinerarios de 4, 5 u 8 d\u00edas, visitando los puntos m\u00e1s destacados de las islas, guiados por un gu\u00eda naturalista biling\u00fce certificado y disfrutando del excelente servicio brindado por los miembros de la tripulaci\u00f3n y un director del crucero.<\/span><\/p>\n<table style=\"width: 100%; height: 432px;\" border=\"0\" cellspacing=\"0\" cellpadding=\"0\" align=\"center\">\n<thead>\n<tr style=\"height: 24px; background-color: #009e5d; color: white;\">\n<th style=\"height: 24px; width: 99.8316%;\" colspan=\"2\" align=\"center\">\n<h4><span style=\"font-size: 16px; font-family: arial, helvetica, sans-serif;\"><strong>Especificaciones t\u00e9cnicas<\/strong><\/span><\/h4>\n<\/th>\n<\/tr>\n<\/thead>\n<tbody>\n<tr style=\"height: 24px;\">\n<td style=\"height: 24px; width: 21.945%; text-align: center;\"><span style=\"font-family: arial, helvetica, sans-serif;\"><strong>A\u00f1o de construcci\u00f3n<\/strong><\/span><\/td>\n<td style=\"height: 24px; width: 77.8866%;\"><span style=\"font-size: 12pt; font-family: arial, helvetica, sans-serif;\">2018<\/span><\/td>\n<\/tr>\n<tr style=\"height: 24px;\">\n<td style=\"height: 24px; width: 21.945%; text-align: center;\"><span style=\"font-family: arial, helvetica, sans-serif;\"><strong>Eslora<\/strong><\/span><\/td>\n<td style=\"height: 24px; width: 77.8866%;\"><span style=\"font-size: 12pt; font-family: arial, helvetica, sans-serif;\">125 ft (38 m)<\/span><\/td>\n<\/tr>\n<tr style=\"height: 24px;\">\n<td style=\"height: 24px; width: 21.945%; text-align: center;\"><span style=\"font-family: arial, helvetica, sans-serif;\"><strong>Manga<\/strong><\/span><\/td>\n<td style=\"height: 24px; width: 77.8866%;\"><span style=\"font-size: 12pt; font-family: arial, helvetica, sans-serif;\"> 43 ft (13m)<\/span><\/td>\n<\/tr>\n<tr style=\"height: 24px;\">\n<td style=\"height: 24px; width: 21.945%; text-align: center;\"><span style=\"font-family: arial, helvetica, sans-serif;\"><strong>Calado<\/strong><\/span><\/td>\n<td style=\"height: 24px; width: 77.8866%;\"><span style=\"font-size: 12pt; font-family: arial, helvetica, sans-serif;\">6.2 ft (1.9 m)<\/span><\/td>\n<\/tr>\n<tr style=\"height: 24px;\">\n<td style=\"height: 24px; width: 21.945%; text-align: center;\"><span style=\"font-family: arial, helvetica, sans-serif;\"><strong>Max Velocidad<\/strong><\/span><\/td>\n<td style=\"height: 24px; width: 77.8866%;\"><span style=\"font-size: 12pt; font-family: arial, helvetica, sans-serif;\"> 11 nudos<\/span><\/td>\n<\/tr>\n<tr style=\"height: 24px;\">\n<td style=\"height: 24px; width: 21.945%; text-align: center;\"><span style=\"font-family: arial, helvetica, sans-serif;\"><strong>Capacidad<\/strong><\/span><\/td>\n<td style=\"height: 24px; width: 77.8866%;\"><span style=\"font-size: 12pt; font-family: arial, helvetica, sans-serif;\">16 pasajeros<\/span>\n<p><span style=\"font-family: arial, helvetica, sans-serif;\"><span class=\"specTable\">9 miembros de la tripulaci\u00f3n + 1 Gu\u00eda Naturalista<\/span>\u00a0+ Director de Crucero<\/span><\/p><\/td>\n<\/tr>\n<tr>\n<th class=\"text-primary\" style=\"width: 21.945%; text-align: center;\"><span style=\"font-family: arial, helvetica, sans-serif;\"><strong>Motores<\/strong><\/span><\/th>\n<td style=\"height: 24px; width: 77.8866%;\"><span style=\"font-family: arial, helvetica, sans-serif;\">2xSCANIA Diesel Engines DI13 070 550HP<\/span><\/td>\n<\/tr>\n<tr style=\"height: 24px;\">\n<td style=\"height: 24px; width: 21.945%; text-align: center;\"><span style=\"font-family: arial, helvetica, sans-serif;\"><strong>Alojamiento<\/strong><\/span><\/td>\n<td style=\"height: 24px; width: 77.8866%;\">\n<ul>\n<li><span style=\"font-family: arial, helvetica, sans-serif;\">Cubierta Superior: 4 cabinas dobles<\/span><\/li>\n<li><span style=\"font-family: arial, helvetica, sans-serif;\">Cubierta Principal: \u00c1rea de comedor, sal\u00f3n, 4 cabinas dobles<\/span><\/li>\n<\/ul>\n<p><span class=\"specTable\" style=\"font-family: arial, helvetica, sans-serif;\">*Todas las cabinas cuentan con balc\u00f3n privado, ba\u00f1o privado, agua caliente y aire acondicionado<\/span><\/p><\/td>\n<\/tr>\n<tr style=\"height: 24px;\">\n<td style=\"height: 24px; width: 21.945%; text-align: center;\"><span style=\"font-family: arial, helvetica, sans-serif;\"><strong>Seguridad y navegaci\u00f3n<\/strong><\/span><\/td>\n<td style=\"height: 24px; width: 77.8866%;\"><span style=\"font-family: arial, helvetica, sans-serif;\">Todo el equipamiento cumple o supera el est\u00e1ndar internacional SOLAS: 2 balsas salvavidas de 25 plazas, Navtex 300TX FURUNO, 2 GPS, sonda, 2 radares navales, sistemas de detecci\u00f3n y prevenci\u00f3n de incendios, etc.<\/span><\/td>\n<\/tr>\n<\/tbody>\n<\/table>\n<p>&nbsp;<\/p>\n<h3><span style=\"font-family: arial, helvetica, sans-serif; font-size: 20px;\">Planos de cubierta<\/span><\/h3>\n<div id=\"gallery_1\" class=\"gallery\">\n<div class=\"row gallery__items\">\n\t\t\t\t\t<div class=\"col-sm-4 gallery__item-wrap\" data-filterid=\"\">\n\t\t\t<a href=\"https:\/\/naturegalapagos.com\/es\/wp-content\/uploads\/sites\/3\/2024\/01\/cubierta-superior-horizon-crusero.png\" class=\"swipebox gallery__item\" title=\"Cubierta Superior\">\n\t\t\t\t<img decoding=\"async\" width=\"720\" height=\"350\" src=\"https:\/\/naturegalapagos.com\/es\/wp-content\/uploads\/sites\/3\/2024\/01\/cubierta-superior-horizon-crusero-720x350.png\" class=\"attachment-thumb_gallery size-thumb_gallery\" alt=\"Cubierta Superior en el Trimar\u00e1n Horizon\" \/>\t\t\t\t<span class=\"gallery__item__info\">\n\t\t\t\t\t<span class=\"gallery__item__info__content\">\n\t\t\t\t\t\t<span class=\"gallery__item__title\">Cubierta Superior<\/span>\n\t\t\t\t\t\t\t\t\t\t<\/span>\n\t\t\t\t\t<span class=\"gallery__item__shadow\"><\/span>\n\t\t\t\t<\/span>\n\t\t\t<\/a>\n\t\t<\/div>\n\t\t\t\t\t<div class=\"col-sm-4 gallery__item-wrap\" data-filterid=\"\">\n\t\t\t<a href=\"https:\/\/naturegalapagos.com\/es\/wp-content\/uploads\/sites\/3\/2024\/01\/cubierta-principal-horizon-crusero.png\" class=\"swipebox gallery__item\" title=\"Cubierta Principal\">\n\t\t\t\t<img decoding=\"async\" width=\"720\" height=\"350\" src=\"https:\/\/naturegalapagos.com\/es\/wp-content\/uploads\/sites\/3\/2024\/01\/cubierta-principal-horizon-crusero-720x350.png\" class=\"attachment-thumb_gallery size-thumb_gallery\" alt=\"Cubierta Principal en el Trimar\u00e1n Horizon\" \/>\t\t\t\t<span class=\"gallery__item__info\">\n\t\t\t\t\t<span class=\"gallery__item__info__content\">\n\t\t\t\t\t\t<span class=\"gallery__item__title\">Cubierta Principal<\/span>\n\t\t\t\t\t\t\t\t\t\t<\/span>\n\t\t\t\t\t<span class=\"gallery__item__shadow\"><\/span>\n\t\t\t\t<\/span>\n\t\t\t<\/a>\n\t\t<\/div>\n\t\t\t\t\t<div class=\"col-sm-4 gallery__item-wrap\" data-filterid=\"\">\n\t\t\t<a href=\"https:\/\/naturegalapagos.com\/es\/wp-content\/uploads\/sites\/3\/2024\/01\/cubierta-inferior-horizon-crusero.png\" class=\"swipebox gallery__item\" title=\"Cubierta de Sol\">\n\t\t\t\t<img decoding=\"async\" width=\"720\" height=\"350\" src=\"https:\/\/naturegalapagos.com\/es\/wp-content\/uploads\/sites\/3\/2024\/01\/cubierta-inferior-horizon-crusero-720x350.png\" class=\"attachment-thumb_gallery size-thumb_gallery\" alt=\"Cubierta de Sol en el Trimar\u00e1n Horizon\" \/>\t\t\t\t<span class=\"gallery__item__info\">\n\t\t\t\t\t<span class=\"gallery__item__info__content\">\n\t\t\t\t\t\t<span class=\"gallery__item__title\">Cubierta de Sol<\/span>\n\t\t\t\t\t\t\t\t\t\t<\/span>\n\t\t\t\t\t<span class=\"gallery__item__shadow\"><\/span>\n\t\t\t\t<\/span>\n\t\t\t<\/a>\n\t\t<\/div>\n\t<\/div>\n<\/div>\n<p>[vc_row][vc_column el_class=&#8221;accocruise&#8221;][vc_column_text]\n<div class=\"panel panel-default accordion__item\">\n\t<div class=\"panel-heading accordion__item__title-wrap\">\n\t\t<h4 class=\"panel-title\">\n\t\t\t<a data-toggle=\"collapse\" data-parent=\"#ataccordion0\" href=\"#ataccordion0_1\" class=\"accordion__item__link collapsed\">SOLICITE M\u00c1S INFORMACI\u00d3N<\/a>\n\t\t<\/h4>\n\t<\/div>\n\t<div id=\"ataccordion0_1\" class=\"panel-collapse collapse\">\n\t\t<div class=\"panel-body accordion__item__content\">\n                <div class=\"ml-embedded\" data-form=\"IgWqgg\"><\/div>\n            \n<\/div>\n\t<\/div>\n<\/div>[\/vc_column_text][\/vc_column][\/vc_row][vc_row][vc_column][\/vc_column][\/vc_row][vc_row][vc_column][vc_column_text]<\/p>\n<p>[\/vc_column_text][\/vc_column][\/vc_row]<\/p>\n<\/div>","protected":false},"excerpt":{"rendered":"<p>&nbsp; Descripci\u00f3n del Trimar\u00e1n Galapagos Horizon: Horizon es un trimar\u00e1n de lujo que, adem\u00e1s, brinda una experiencia \u00edntima a bordo con un toque de elegancia y confort. En cuanto a su equipamiento, Horizon est\u00e1 dotado de 8 elegantes y amplias caba\u00f1as, cada una con su propio balc\u00f3n privado. Asimismo, sus comodidades incluyen un moderno sal\u00f3n,<\/p>\n<div class=\"padding-top text-center\"><a href=\"https:\/\/naturegalapagos.com\/es\/cruceros-galapagos\/crucero-trimaran-horizon-galapagos\/\" class=\"atbtn atbtn--medium atbtn--rounded atbtn--transparent\">Leer m\u00e1s<i class=\"atbtn__icon atbtn__icon--right fa fa-long-arrow-right\"><\/i><\/a><\/div>\n","protected":false},"featured_media":6271,"comment_status":"open","ping_status":"closed","template":"","meta":{"_joinchat":[]},"product_brand":[],"product_cat":[3599],"product_tag":[],"class_list":{"0":"post-6247","1":"product","2":"type-product","3":"status-publish","4":"has-post-thumbnail","6":"product_cat-sin-categoria","8":"first","9":"instock","10":"taxable","11":"shipping-taxable","12":"product-type-tour"},"yoast_head":"<!-- This site is optimized with the Yoast SEO Premium plugin v25.6 (Yoast SEO v26.1.1) - https:\/\/yoast.com\/wordpress\/plugins\/seo\/ -->\n<title>Trimar\u00e1n Horizon Galapagos | Trimar\u00e1n de Lujo en Galapagos<\/title>\n<meta name=\"description\" content=\"Trimar\u00e1n horizon Galapagos es un trimar\u00e1n exclusivo que ofrece una experiencia a bordo \u00fanica, fusionando intimidad con un toque de sofisticaci\u00f3n y confort.\" \/>\n<meta name=\"robots\" content=\"index, follow, max-snippet:-1, max-image-preview:large, max-video-preview:-1\" \/>\n<link rel=\"canonical\" href=\"https:\/\/naturegalapagos.com\/es\/cruceros-galapagos\/crucero-trimaran-horizon-galapagos\/\" \/>\n<meta property=\"og:locale\" content=\"es_ES\" \/>\n<meta property=\"og:type\" content=\"article\" \/>\n<meta property=\"og:title\" content=\"Trimar\u00e1n Galapagos Horizon | Espa\u00f1ol - Nature Galapagos &amp; Ecuador\" \/>\n<meta property=\"og:description\" content=\"Horizon es un trimar\u00e1n exclusivo que ofrece una experiencia a bordo \u00fanica, fusionando intimidad con un toque de sofisticaci\u00f3n y confort.\" \/>\n<meta property=\"og:url\" content=\"https:\/\/naturegalapagos.com\/es\/cruceros-galapagos\/crucero-trimaran-horizon-galapagos\/\" \/>\n<meta property=\"og:site_name\" content=\"Espa\u00f1ol - Nature Galapagos &amp; Ecuador\" \/>\n<meta property=\"article:publisher\" content=\"https:\/\/www.facebook.com\/naturegalapagosecuador\/\" \/>\n<meta property=\"article:modified_time\" content=\"2024-09-17T14:50:39+00:00\" \/>\n<meta property=\"og:image\" content=\"https:\/\/naturegalapagos.com\/es\/wp-content\/uploads\/sites\/3\/2016\/06\/crucero-sea-star-journey-galapagos.jpg\" \/>\n\t<meta property=\"og:image:width\" content=\"1024\" \/>\n\t<meta property=\"og:image:height\" content=\"512\" \/>\n\t<meta property=\"og:image:type\" content=\"image\/jpeg\" \/>\n<meta name=\"twitter:card\" content=\"summary_large_image\" \/>\n<meta name=\"twitter:title\" content=\"Trimar\u00e1n Galapagos Horizon | Espa\u00f1ol - Nature Galapagos &amp; Ecuador\" \/>\n<meta name=\"twitter:description\" content=\"Horizon es un trimar\u00e1n exclusivo que ofrece una experiencia a bordo \u00fanica, fusionando intimidad con un toque de sofisticaci\u00f3n y confort.\" \/>\n<meta name=\"twitter:site\" content=\"@naturegalapagos\" \/>\n<meta name=\"twitter:label1\" content=\"Tiempo de lectura\" \/>\n\t<meta name=\"twitter:data1\" content=\"3 minutos\" \/>\n<!-- \/ Yoast SEO Premium plugin. -->","yoast_head_json":{"title":"Trimar\u00e1n Horizon Galapagos | Trimar\u00e1n de Lujo en Galapagos","description":"Trimar\u00e1n horizon Galapagos es un trimar\u00e1n exclusivo que ofrece una experiencia a bordo \u00fanica, fusionando intimidad con un toque de sofisticaci\u00f3n y confort.","robots":{"index":"index","follow":"follow","max-snippet":"max-snippet:-1","max-image-preview":"max-image-preview:large","max-video-preview":"max-video-preview:-1"},"canonical":"https:\/\/naturegalapagos.com\/es\/cruceros-galapagos\/crucero-trimaran-horizon-galapagos\/","og_locale":"es_ES","og_type":"article","og_title":"Trimar\u00e1n Galapagos Horizon | Espa\u00f1ol - Nature Galapagos &amp; Ecuador","og_description":"Horizon es un trimar\u00e1n exclusivo que ofrece una experiencia a bordo \u00fanica, fusionando intimidad con un toque de sofisticaci\u00f3n y confort.","og_url":"https:\/\/naturegalapagos.com\/es\/cruceros-galapagos\/crucero-trimaran-horizon-galapagos\/","og_site_name":"Espa\u00f1ol - Nature Galapagos &amp; Ecuador","article_publisher":"https:\/\/www.facebook.com\/naturegalapagosecuador\/","article_modified_time":"2024-09-17T14:50:39+00:00","og_image":[{"width":1024,"height":512,"url":"https:\/\/naturegalapagos.com\/es\/wp-content\/uploads\/sites\/3\/2016\/06\/crucero-sea-star-journey-galapagos.jpg","type":"image\/jpeg"}],"twitter_card":"summary_large_image","twitter_title":"Trimar\u00e1n Galapagos Horizon | Espa\u00f1ol - Nature Galapagos &amp; Ecuador","twitter_description":"Horizon es un trimar\u00e1n exclusivo que ofrece una experiencia a bordo \u00fanica, fusionando intimidad con un toque de sofisticaci\u00f3n y confort.","twitter_site":"@naturegalapagos","twitter_misc":{"Tiempo de lectura":"3 minutos"},"schema":{"@context":"https:\/\/schema.org","@graph":[{"@type":"WebPage","@id":"https:\/\/naturegalapagos.com\/es\/cruceros-galapagos\/crucero-trimaran-horizon-galapagos\/","url":"https:\/\/naturegalapagos.com\/es\/cruceros-galapagos\/crucero-trimaran-horizon-galapagos\/","name":"Trimar\u00e1n Horizon Galapagos | Trimar\u00e1n de Lujo en Galapagos","isPartOf":{"@id":"https:\/\/naturegalapagos.com\/es\/#website"},"primaryImageOfPage":{"@id":"https:\/\/naturegalapagos.com\/es\/cruceros-galapagos\/crucero-trimaran-horizon-galapagos\/#primaryimage"},"image":{"@id":"https:\/\/naturegalapagos.com\/es\/cruceros-galapagos\/crucero-trimaran-horizon-galapagos\/#primaryimage"},"thumbnailUrl":"https:\/\/naturegalapagos.com\/es\/wp-content\/uploads\/sites\/3\/2024\/01\/trimaran-horizon-cruise-1.webp","datePublished":"2024-01-25T21:29:53+00:00","dateModified":"2024-09-17T14:50:39+00:00","description":"Trimar\u00e1n horizon Galapagos es un trimar\u00e1n exclusivo que ofrece una experiencia a bordo \u00fanica, fusionando intimidad con un toque de sofisticaci\u00f3n y confort.","breadcrumb":{"@id":"https:\/\/naturegalapagos.com\/es\/cruceros-galapagos\/crucero-trimaran-horizon-galapagos\/#breadcrumb"},"inLanguage":"es","potentialAction":[{"@type":"ReadAction","target":["https:\/\/naturegalapagos.com\/es\/cruceros-galapagos\/crucero-trimaran-horizon-galapagos\/"]}]},{"@type":"ImageObject","inLanguage":"es","@id":"https:\/\/naturegalapagos.com\/es\/cruceros-galapagos\/crucero-trimaran-horizon-galapagos\/#primaryimage","url":"https:\/\/naturegalapagos.com\/es\/wp-content\/uploads\/sites\/3\/2024\/01\/trimaran-horizon-cruise-1.webp","contentUrl":"https:\/\/naturegalapagos.com\/es\/wp-content\/uploads\/sites\/3\/2024\/01\/trimaran-horizon-cruise-1.webp","width":1300,"height":867,"caption":"Exterior Trimaran horizon cruise"},{"@type":"BreadcrumbList","@id":"https:\/\/naturegalapagos.com\/es\/cruceros-galapagos\/crucero-trimaran-horizon-galapagos\/#breadcrumb","itemListElement":[{"@type":"ListItem","position":1,"name":"Home","item":"https:\/\/naturegalapagos.com\/es\/"},{"@type":"ListItem","position":2,"name":"Tienda","item":"https:\/\/naturegalapagos.com\/es\/tienda\/"},{"@type":"ListItem","position":3,"name":"Trimar\u00e1n Galapagos Horizon"}]},{"@type":"WebSite","@id":"https:\/\/naturegalapagos.com\/es\/#website","url":"https:\/\/naturegalapagos.com\/es\/","name":"Espa\u00f1ol - Nature Galapagos & Ecuador","description":"","publisher":{"@id":"https:\/\/naturegalapagos.com\/es\/#organization"},"potentialAction":[{"@type":"SearchAction","target":{"@type":"EntryPoint","urlTemplate":"https:\/\/naturegalapagos.com\/es\/?s={search_term_string}"},"query-input":{"@type":"PropertyValueSpecification","valueRequired":true,"valueName":"search_term_string"}}],"inLanguage":"es"},{"@type":"Organization","@id":"https:\/\/naturegalapagos.com\/es\/#organization","name":"Espa\u00f1ol - Nature Galapagos & Ecuador","url":"https:\/\/naturegalapagos.com\/es\/","logo":{"@type":"ImageObject","inLanguage":"es","@id":"https:\/\/naturegalapagos.com\/es\/#\/schema\/logo\/image\/","url":"https:\/\/naturegalapagos.com\/es\/wp-content\/uploads\/sites\/3\/2016\/10\/Nature-Galapagos-Logo-COM-300x300.jpg","contentUrl":"https:\/\/naturegalapagos.com\/es\/wp-content\/uploads\/sites\/3\/2016\/10\/Nature-Galapagos-Logo-COM-300x300.jpg","width":300,"height":300,"caption":"Espa\u00f1ol - Nature Galapagos & Ecuador"},"image":{"@id":"https:\/\/naturegalapagos.com\/es\/#\/schema\/logo\/image\/"},"sameAs":["https:\/\/www.facebook.com\/naturegalapagosecuador\/","https:\/\/x.com\/naturegalapagos","https:\/\/www.instagram.com\/naturegalapagos\/","https:\/\/www.pinterest.com\/Naturegalapagos\/","https:\/\/www.youtube.com\/user\/NatureGalapagosTours"]}]}},"_links":{"self":[{"href":"https:\/\/naturegalapagos.com\/es\/wp-json\/wp\/v2\/product\/6247","targetHints":{"allow":["GET"]}}],"collection":[{"href":"https:\/\/naturegalapagos.com\/es\/wp-json\/wp\/v2\/product"}],"about":[{"href":"https:\/\/naturegalapagos.com\/es\/wp-json\/wp\/v2\/types\/product"}],"replies":[{"embeddable":true,"href":"https:\/\/naturegalapagos.com\/es\/wp-json\/wp\/v2\/comments?post=6247"}],"wp:featuredmedia":[{"embeddable":true,"href":"https:\/\/naturegalapagos.com\/es\/wp-json\/wp\/v2\/media\/6271"}],"wp:attachment":[{"href":"https:\/\/naturegalapagos.com\/es\/wp-json\/wp\/v2\/media?parent=6247"}],"wp:term":[{"taxonomy":"product_brand","embeddable":true,"href":"https:\/\/naturegalapagos.com\/es\/wp-json\/wp\/v2\/product_brand?post=6247"},{"taxonomy":"product_cat","embeddable":true,"href":"https:\/\/naturegalapagos.com\/es\/wp-json\/wp\/v2\/product_cat?post=6247"},{"taxonomy":"product_tag","embeddable":true,"href":"https:\/\/naturegalapagos.com\/es\/wp-json\/wp\/v2\/product_tag?post=6247"}],"curies":[{"name":"wp","href":"https:\/\/api.w.org\/{rel}","templated":true}]}}