{"id":6273,"date":"2024-01-26T15:11:05","date_gmt":"2024-01-26T20:11:05","guid":{"rendered":"https:\/\/naturegalapagos.com\/es\/?post_type=product&#038;p=6273"},"modified":"2024-02-16T10:43:18","modified_gmt":"2024-02-16T15:43:18","slug":"crucero-de-lujo","status":"publish","type":"product","link":"https:\/\/naturegalapagos.com\/es\/cruceros-galapagos\/crucero-catamaran-galapagos-elite\/","title":{"rendered":"Catamar\u00e1n Gal\u00e1pagos Elite"},"content":{"rendered":"<div class=\"wpb-content-wrapper\"><p>[vc_row][vc_column][vc_column_text]<\/p>\n<div style=\"display: flex; justify-content: end; margin-bottom: 10px;\"><a href=\"https:\/\/naturegalapagos.com\/es\/ofertas-de-viajes\/\" target=\"_blank\" rel=\"noopener\"><img decoding=\"async\" src=\"https:\/\/naturegalapagos.com\/es\/wp-content\/uploads\/sites\/3\/2019\/11\/las-minute-deals-gif_Final_espa\u00f1ol.gif\" width=\"227.5\" height=\"77.25\" \/><\/a><\/div>\n<h2><span style=\"font-family: arial, helvetica, sans-serif;\">Sobre el Catamar\u00e1n Gal\u00e1pagos \u00c9lite<\/span><\/h2>\n<p><span style=\"font-family: arial, helvetica, sans-serif;\">Descubre las Islas Gal\u00e1pagos con <strong>Galapagos Elite Catamaran<\/strong>, un catamar\u00e1n de lujo que redefine la experiencia en las islas encantadas. Su dise\u00f1o de doble casco garantiza una traves\u00eda estable, mientras que las Golden Suites ofrecen vistas panor\u00e1micas y duchas estilo selva tropical. Adem\u00e1s, con cocineros especializados, disfrutar\u00e1s de tres deliciosas comidas al d\u00eda en un entorno \u00fanico al aire libre. <strong>Experimente el lujo y el confort<\/strong> en cada rinc\u00f3n de este yate, donde la elegancia se fusiona con la belleza natural de Gal\u00e1pagos.<\/span><\/p>\n<p><span style=\"font-family: arial, helvetica, sans-serif;\"><!--more--><\/span><\/p>\n<h3><span style=\"font-family: arial, helvetica, sans-serif;\">Principales caracter\u00edsticas<\/span><\/h3>\n<ul>\n<li><span style=\"font-family: arial, helvetica, sans-serif;\">Dise\u00f1ado con un catamar\u00e1n de doble casco, el <strong>Gal\u00e1pagos Elite<\/strong> garantiza una traves\u00eda estable y sin rocas.<\/span><\/li>\n<li><span style=\"font-family: arial, helvetica, sans-serif;\">Disfrute de las lujosas Golden Suites con <strong>vistas panor\u00e1micas<\/strong>, balcones privados y duchas estilo selva tropical.<\/span><\/li>\n<li><span style=\"font-family: arial, helvetica, sans-serif;\">Con un dise\u00f1o espacioso, Gal\u00e1pagos Elite cuenta con una terraza semicubierta, un comedor al aire libre y un acogedor lounge bar.<\/span><\/li>\n<li><span style=\"font-family: arial, helvetica, sans-serif;\">Las Golden Suites destacan por sus ventanales panor\u00e1micos, ofreciendo impresionantes <strong>vistas al entorno marino<\/strong>.<\/span><\/li>\n<li><span style=\"font-family: arial, helvetica, sans-serif;\">Experimente la excelencia culinaria con chefs especializados que preparan tres deliciosas comidas al d\u00eda, que incluyen <strong>buffet y cenas elegantes<\/strong>.<\/span><\/li>\n<\/ul>\n<table style=\"border-collapse: collapse; width: 100%;\">\n<thead>\n<tr>\n<td style=\"width: 100%; text-align: center;\" colspan=\"2\"><strong>Especificaciones t\u00e9cnicas<\/strong><\/td>\n<\/tr>\n<\/thead>\n<tbody>\n<tr>\n<td style=\"width: 23.2044%; text-align: center;\"><strong>Inicio de operaciones<\/strong><\/td>\n<td style=\"width: 76.7956%;\">Junio 2019<\/td>\n<\/tr>\n<tr>\n<td style=\"width: 23.2044%; text-align: center;\"><strong>Tipo<\/strong><\/td>\n<td style=\"width: 76.7956%;\">Motor Catamar\u00e1n<\/td>\n<\/tr>\n<tr>\n<td style=\"width: 23.2044%; text-align: center;\"><strong>Categoria<\/strong><\/td>\n<td style=\"width: 76.7956%;\">De lujo<\/td>\n<\/tr>\n<tr>\n<td style=\"width: 23.2044%; text-align: center;\"><strong>Longitud<\/strong><\/td>\n<td style=\"width: 76.7956%;\">37.5 mt \/ 123.03 ft<\/td>\n<\/tr>\n<tr>\n<td style=\"width: 23.2044%; text-align: center;\"><strong>Ancho<\/strong><\/td>\n<td style=\"width: 76.7956%;\">13.5 mt \/ 44.29 ft<\/td>\n<\/tr>\n<tr>\n<td style=\"width: 23.2044%; text-align: center;\"><strong>Draft to Baseline<\/strong><\/td>\n<td style=\"width: 76.7956%;\">1.90 mt \/ 6.23 ft<\/td>\n<\/tr>\n<tr>\n<td style=\"width: 23.2044%; text-align: center;\"><strong>Tripulaci\u00f3n<\/strong><\/td>\n<td style=\"width: 76.7956%;\">10 miembros de la tripulaci\u00f3n + Oficial de servicio de cruceros + Guia<\/td>\n<\/tr>\n<tr>\n<td style=\"width: 23.2044%; text-align: center;\"><strong>Capacidad<\/strong><\/td>\n<td style=\"width: 76.7956%;\">16 pasajeros<\/td>\n<\/tr>\n<tr>\n<td style=\"width: 23.2044%; text-align: center;\"><strong>Velocidad<\/strong><\/td>\n<td style=\"width: 76.7956%;\">12 Nodos<\/td>\n<\/tr>\n<tr>\n<td style=\"width: 23.2044%; text-align: center;\"><strong>Propulsi\u00f3n<\/strong><\/td>\n<td style=\"width: 76.7956%;\">2 x Motores de accionamiento de generador marino de 500 HP cada uno<\/td>\n<\/tr>\n<\/tbody>\n<\/table>\n<p>&nbsp;<\/p>\n<table style=\"border-collapse: collapse; width: 100%;\">\n<thead>\n<tr>\n<td style=\"width: 33.3333%; text-align: center;\" colspan=\"3\"><strong>Alojamiento<\/strong><\/td>\n<\/tr>\n<\/thead>\n<tbody>\n<tr>\n<td style=\"width: 33.3333%; text-align: center;\"><strong>Suites Golden<\/strong><\/td>\n<td style=\"width: 33.3333%; text-align: center;\">Cubierta principal<\/td>\n<td style=\"width: 33.3333%; text-align: center;\">\n<ul>\n<li>4 Suites<\/li>\n<li>Interconexi\u00f3n con suite<\/li>\n<\/ul>\n<\/td>\n<\/tr>\n<tr>\n<td style=\"width: 33.3333%; text-align: center;\"><strong>Suites Golden<\/strong><\/td>\n<td style=\"width: 33.3333%; text-align: center;\" rowspan=\"2\">Cubierta alta<\/td>\n<td style=\"width: 33.3333%; text-align: center;\">\n<ul>\n<li>4 Suites<\/li>\n<li>Interconexi\u00f3n con suite<\/li>\n<\/ul>\n<\/td>\n<\/tr>\n<tr>\n<td style=\"width: 33.3333%; text-align: center;\"><b>Cabina individual<\/b><\/td>\n<td style=\"width: 33.3333%; text-align: center;\">\n<ul>\n<li>1 Cabina individual<\/li>\n<\/ul>\n<\/td>\n<\/tr>\n<tr>\n<td style=\"width: 33.3333%; text-align: center;\"><strong>Suites Golden<\/strong><\/td>\n<td style=\"width: 33.3333%;\" colspan=\"2\">\n<ul>\n<li>35 mt2 \/ 377 ft2 &#8211; 37 mt2 \/ 398 ft2<\/li>\n<\/ul>\n<\/td>\n<\/tr>\n<\/tbody>\n<\/table>\n<p>&nbsp;<\/p>\n<h3>Planos de cubierta<\/h3>\n<div id=\"gallery_1\" class=\"gallery\">\n<div class=\"row gallery__items\">\n\t\t\t\t\t<div class=\"col-sm-4 gallery__item-wrap\" data-filterid=\"\">\n\t\t\t<a href=\"https:\/\/naturegalapagos.com\/es\/wp-content\/uploads\/sites\/3\/2024\/02\/cubierta-vista-al-cielo-catamaran-galapagos-elite.jpg\" class=\"swipebox gallery__item\" title=\"Cubierta vista al cielo\">\n\t\t\t\t<img decoding=\"async\" width=\"400\" height=\"250\" src=\"https:\/\/naturegalapagos.com\/es\/wp-content\/uploads\/sites\/3\/2024\/02\/cubierta-vista-al-cielo-catamaran-galapagos-elite.jpg\" class=\"attachment-thumb_gallery size-thumb_gallery\" alt=\"Cubierta vista al cielo en el Catamar\u00e1n Gal\u00e1pagos Elite\" srcset=\"https:\/\/naturegalapagos.com\/es\/wp-content\/uploads\/sites\/3\/2024\/02\/cubierta-vista-al-cielo-catamaran-galapagos-elite.jpg 400w, https:\/\/naturegalapagos.com\/es\/wp-content\/uploads\/sites\/3\/2024\/02\/cubierta-vista-al-cielo-catamaran-galapagos-elite-300x188.jpg 300w\" sizes=\"(max-width: 400px) 100vw, 400px\" \/>\t\t\t\t<span class=\"gallery__item__info\">\n\t\t\t\t\t<span class=\"gallery__item__info__content\">\n\t\t\t\t\t\t<span class=\"gallery__item__title\">Cubierta vista al cielo<\/span>\n\t\t\t\t\t\t\t\t\t\t<\/span>\n\t\t\t\t\t<span class=\"gallery__item__shadow\"><\/span>\n\t\t\t\t<\/span>\n\t\t\t<\/a>\n\t\t<\/div>\n\t\t\t\t\t<div class=\"col-sm-4 gallery__item-wrap\" data-filterid=\"\">\n\t\t\t<a href=\"https:\/\/naturegalapagos.com\/es\/wp-content\/uploads\/sites\/3\/2024\/02\/cubierta-principal-catamaran-galapagos-elite.jpg\" class=\"swipebox gallery__item\" title=\"Cubierta principal\">\n\t\t\t\t<img decoding=\"async\" width=\"400\" height=\"250\" src=\"https:\/\/naturegalapagos.com\/es\/wp-content\/uploads\/sites\/3\/2024\/02\/cubierta-principal-catamaran-galapagos-elite.jpg\" class=\"attachment-thumb_gallery size-thumb_gallery\" alt=\"Cubierta principal en el Catamar\u00e1n Gal\u00e1pagos Elite\" srcset=\"https:\/\/naturegalapagos.com\/es\/wp-content\/uploads\/sites\/3\/2024\/02\/cubierta-principal-catamaran-galapagos-elite.jpg 400w, https:\/\/naturegalapagos.com\/es\/wp-content\/uploads\/sites\/3\/2024\/02\/cubierta-principal-catamaran-galapagos-elite-300x188.jpg 300w\" sizes=\"(max-width: 400px) 100vw, 400px\" \/>\t\t\t\t<span class=\"gallery__item__info\">\n\t\t\t\t\t<span class=\"gallery__item__info__content\">\n\t\t\t\t\t\t<span class=\"gallery__item__title\">Cubierta principal<\/span>\n\t\t\t\t\t\t\t\t\t\t<\/span>\n\t\t\t\t\t<span class=\"gallery__item__shadow\"><\/span>\n\t\t\t\t<\/span>\n\t\t\t<\/a>\n\t\t<\/div>\n\t\t\t\t\t<div class=\"col-sm-4 gallery__item-wrap\" data-filterid=\"\">\n\t\t\t<a href=\"https:\/\/naturegalapagos.com\/es\/wp-content\/uploads\/sites\/3\/2024\/02\/cubierta-alta-catamaran-galapagos-elite.jpg\" class=\"swipebox gallery__item\" title=\"Cubierta alta\">\n\t\t\t\t<img decoding=\"async\" width=\"400\" height=\"250\" src=\"https:\/\/naturegalapagos.com\/es\/wp-content\/uploads\/sites\/3\/2024\/02\/cubierta-alta-catamaran-galapagos-elite.jpg\" class=\"attachment-thumb_gallery size-thumb_gallery\" alt=\"Cubierta alta en el Catamar\u00e1n Gal\u00e1pagos Elite\" srcset=\"https:\/\/naturegalapagos.com\/es\/wp-content\/uploads\/sites\/3\/2024\/02\/cubierta-alta-catamaran-galapagos-elite.jpg 400w, https:\/\/naturegalapagos.com\/es\/wp-content\/uploads\/sites\/3\/2024\/02\/cubierta-alta-catamaran-galapagos-elite-300x188.jpg 300w\" sizes=\"(max-width: 400px) 100vw, 400px\" \/>\t\t\t\t<span class=\"gallery__item__info\">\n\t\t\t\t\t<span class=\"gallery__item__info__content\">\n\t\t\t\t\t\t<span class=\"gallery__item__title\">Cubierta alta<\/span>\n\t\t\t\t\t\t\t\t\t\t<\/span>\n\t\t\t\t\t<span class=\"gallery__item__shadow\"><\/span>\n\t\t\t\t<\/span>\n\t\t\t<\/a>\n\t\t<\/div>\n\t<\/div>\n<\/div>\n<p>[\/vc_column_text][\/vc_column][\/vc_row][vc_row][vc_column][vc_column_text]\n<div class=\"panel panel-default accordion__item\">\n\t<div class=\"panel-heading accordion__item__title-wrap\">\n\t\t<h4 class=\"panel-title\">\n\t\t\t<a data-toggle=\"collapse\" data-parent=\"#ataccordion0\" href=\"#ataccordion0_1\" class=\"accordion__item__link collapsed\">Solicite m\u00e1s informaci\u00f3n<\/a>\n\t\t<\/h4>\n\t<\/div>\n\t<div id=\"ataccordion0_1\" class=\"panel-collapse collapse\">\n\t\t<div class=\"panel-body accordion__item__content\">\n                <div class=\"ml-embedded\" data-form=\"jfKqq7\"><\/div>\n            \n<\/div>\n\t<\/div>\n<\/div>[\/vc_column_text][\/vc_column][\/vc_row]<\/p>\n<\/div>","protected":false},"excerpt":{"rendered":"<p>[vc_row][vc_column][vc_column_text] Sobre el Catamar\u00e1n Gal\u00e1pagos \u00c9lite Descubre las Islas Gal\u00e1pagos con Galapagos Elite Catamaran, un catamar\u00e1n de lujo que redefine la experiencia en las islas encantadas. Su dise\u00f1o de doble casco garantiza una traves\u00eda estable, mientras que las Golden Suites ofrecen vistas panor\u00e1micas y duchas estilo selva tropical. Adem\u00e1s, con cocineros especializados, disfrutar\u00e1s de tres<\/p>\n<div class=\"padding-top text-center\"><a href=\"https:\/\/naturegalapagos.com\/es\/cruceros-galapagos\/crucero-catamaran-galapagos-elite\/\" class=\"atbtn atbtn--medium atbtn--rounded atbtn--transparent\">Leer m\u00e1s<i class=\"atbtn__icon atbtn__icon--right fa fa-long-arrow-right\"><\/i><\/a><\/div>\n","protected":false},"featured_media":6293,"comment_status":"open","ping_status":"closed","template":"","meta":{"_joinchat":[]},"product_brand":[],"product_cat":[3599],"product_tag":[],"class_list":{"0":"post-6273","1":"product","2":"type-product","3":"status-publish","4":"has-post-thumbnail","6":"product_cat-sin-categoria","7":"tour_category-crucero-de-lujo","9":"first","10":"instock","11":"taxable","12":"shipping-taxable","13":"product-type-tour"},"yoast_head":"<!-- This site is optimized with the Yoast SEO Premium plugin v25.6 (Yoast SEO v26.1.1) - https:\/\/yoast.com\/wordpress\/plugins\/seo\/ -->\n<title>Catamar\u00e1n Gal\u00e1pagos Elite | Crucero de Lujo<\/title>\n<meta name=\"description\" content=\"Descubre las Islas Gal\u00e1pagos con el crucero Elite: catamar\u00e1n de lujo, suites doradas y vistas panor\u00e1micas, experiencias \u00fanicas en las Islas Encantadas.\" \/>\n<meta name=\"robots\" content=\"index, follow, max-snippet:-1, max-image-preview:large, max-video-preview:-1\" \/>\n<link rel=\"canonical\" href=\"https:\/\/naturegalapagos.com\/es\/cruceros-galapagos\/crucero-catamaran-galapagos-elite\/\" \/>\n<meta property=\"og:locale\" content=\"es_ES\" \/>\n<meta property=\"og:type\" content=\"article\" \/>\n<meta property=\"og:title\" content=\"Crucero Flora Galapagos | Crucero de Lujo\" \/>\n<meta property=\"og:description\" content=\"Crucero Flora Galapagos construido exclusivamente para ser un crucero de lujo y dar las mejores comodidades y servicios en las Islas Encantadas!\" \/>\n<meta property=\"og:url\" content=\"https:\/\/naturegalapagos.com\/es\/cruceros-galapagos\/crucero-catamaran-galapagos-elite\/\" \/>\n<meta property=\"og:site_name\" content=\"Espa\u00f1ol - Nature Galapagos &amp; Ecuador\" \/>\n<meta property=\"article:publisher\" content=\"https:\/\/www.facebook.com\/naturegalapagosecuador\/\" \/>\n<meta property=\"article:modified_time\" content=\"2024-02-16T15:43:18+00:00\" \/>\n<meta property=\"og:image\" content=\"https:\/\/naturegalapagos.com\/es\/wp-content\/uploads\/sites\/3\/2017\/02\/crucero-passion-galapagos.jpg\" \/>\n\t<meta property=\"og:image:width\" content=\"1024\" \/>\n\t<meta property=\"og:image:height\" content=\"512\" \/>\n\t<meta property=\"og:image:type\" content=\"image\/jpeg\" \/>\n<meta name=\"twitter:card\" content=\"summary_large_image\" \/>\n<meta name=\"twitter:title\" content=\"Crucero Flora Galapagos | Crucero de Lujo\" \/>\n<meta name=\"twitter:description\" content=\"Crucero Flora Galapagos construido exclusivamente para ser un crucero de lujo y dar las mejores comodidades y servicios en las Islas Encantadas!\" \/>\n<meta name=\"twitter:site\" content=\"@naturegalapagos\" \/>\n<meta name=\"twitter:label1\" content=\"Tiempo de lectura\" \/>\n\t<meta name=\"twitter:data1\" content=\"2 minutos\" \/>\n<!-- \/ Yoast SEO Premium plugin. -->","yoast_head_json":{"title":"Catamar\u00e1n Gal\u00e1pagos Elite | Crucero de Lujo","description":"Descubre las Islas Gal\u00e1pagos con el crucero Elite: catamar\u00e1n de lujo, suites doradas y vistas panor\u00e1micas, experiencias \u00fanicas en las Islas Encantadas.","robots":{"index":"index","follow":"follow","max-snippet":"max-snippet:-1","max-image-preview":"max-image-preview:large","max-video-preview":"max-video-preview:-1"},"canonical":"https:\/\/naturegalapagos.com\/es\/cruceros-galapagos\/crucero-catamaran-galapagos-elite\/","og_locale":"es_ES","og_type":"article","og_title":"Crucero Flora Galapagos | Crucero de Lujo","og_description":"Crucero Flora Galapagos construido exclusivamente para ser un crucero de lujo y dar las mejores comodidades y servicios en las Islas Encantadas!","og_url":"https:\/\/naturegalapagos.com\/es\/cruceros-galapagos\/crucero-catamaran-galapagos-elite\/","og_site_name":"Espa\u00f1ol - Nature Galapagos &amp; Ecuador","article_publisher":"https:\/\/www.facebook.com\/naturegalapagosecuador\/","article_modified_time":"2024-02-16T15:43:18+00:00","og_image":[{"width":1024,"height":512,"url":"https:\/\/naturegalapagos.com\/es\/wp-content\/uploads\/sites\/3\/2017\/02\/crucero-passion-galapagos.jpg","type":"image\/jpeg"}],"twitter_card":"summary_large_image","twitter_title":"Crucero Flora Galapagos | Crucero de Lujo","twitter_description":"Crucero Flora Galapagos construido exclusivamente para ser un crucero de lujo y dar las mejores comodidades y servicios en las Islas Encantadas!","twitter_site":"@naturegalapagos","twitter_misc":{"Tiempo de lectura":"2 minutos"},"schema":{"@context":"https:\/\/schema.org","@graph":[{"@type":"WebPage","@id":"https:\/\/naturegalapagos.com\/es\/cruceros-galapagos\/crucero-catamaran-galapagos-elite\/","url":"https:\/\/naturegalapagos.com\/es\/cruceros-galapagos\/crucero-catamaran-galapagos-elite\/","name":"Catamar\u00e1n Gal\u00e1pagos Elite | Crucero de Lujo","isPartOf":{"@id":"https:\/\/naturegalapagos.com\/es\/#website"},"primaryImageOfPage":{"@id":"https:\/\/naturegalapagos.com\/es\/cruceros-galapagos\/crucero-catamaran-galapagos-elite\/#primaryimage"},"image":{"@id":"https:\/\/naturegalapagos.com\/es\/cruceros-galapagos\/crucero-catamaran-galapagos-elite\/#primaryimage"},"thumbnailUrl":"https:\/\/naturegalapagos.com\/es\/wp-content\/uploads\/sites\/3\/2024\/02\/catamaran-galapagos-elite.jpg","datePublished":"2024-01-26T20:11:05+00:00","dateModified":"2024-02-16T15:43:18+00:00","description":"Descubre las Islas Gal\u00e1pagos con el crucero Elite: catamar\u00e1n de lujo, suites doradas y vistas panor\u00e1micas, experiencias \u00fanicas en las Islas Encantadas.","breadcrumb":{"@id":"https:\/\/naturegalapagos.com\/es\/cruceros-galapagos\/crucero-catamaran-galapagos-elite\/#breadcrumb"},"inLanguage":"es","potentialAction":[{"@type":"ReadAction","target":["https:\/\/naturegalapagos.com\/es\/cruceros-galapagos\/crucero-catamaran-galapagos-elite\/"]}]},{"@type":"ImageObject","inLanguage":"es","@id":"https:\/\/naturegalapagos.com\/es\/cruceros-galapagos\/crucero-catamaran-galapagos-elite\/#primaryimage","url":"https:\/\/naturegalapagos.com\/es\/wp-content\/uploads\/sites\/3\/2024\/02\/catamaran-galapagos-elite.jpg","contentUrl":"https:\/\/naturegalapagos.com\/es\/wp-content\/uploads\/sites\/3\/2024\/02\/catamaran-galapagos-elite.jpg","width":500,"height":375,"caption":"Catamar\u00e1n Gal\u00e1pagos Elite en las islas encantadas"},{"@type":"BreadcrumbList","@id":"https:\/\/naturegalapagos.com\/es\/cruceros-galapagos\/crucero-catamaran-galapagos-elite\/#breadcrumb","itemListElement":[{"@type":"ListItem","position":1,"name":"Home","item":"https:\/\/naturegalapagos.com\/es\/"},{"@type":"ListItem","position":2,"name":"Tienda","item":"https:\/\/naturegalapagos.com\/es\/tienda\/"},{"@type":"ListItem","position":3,"name":"Catamar\u00e1n Gal\u00e1pagos Elite"}]},{"@type":"WebSite","@id":"https:\/\/naturegalapagos.com\/es\/#website","url":"https:\/\/naturegalapagos.com\/es\/","name":"Espa\u00f1ol - Nature Galapagos & Ecuador","description":"","publisher":{"@id":"https:\/\/naturegalapagos.com\/es\/#organization"},"potentialAction":[{"@type":"SearchAction","target":{"@type":"EntryPoint","urlTemplate":"https:\/\/naturegalapagos.com\/es\/?s={search_term_string}"},"query-input":{"@type":"PropertyValueSpecification","valueRequired":true,"valueName":"search_term_string"}}],"inLanguage":"es"},{"@type":"Organization","@id":"https:\/\/naturegalapagos.com\/es\/#organization","name":"Espa\u00f1ol - Nature Galapagos & Ecuador","url":"https:\/\/naturegalapagos.com\/es\/","logo":{"@type":"ImageObject","inLanguage":"es","@id":"https:\/\/naturegalapagos.com\/es\/#\/schema\/logo\/image\/","url":"https:\/\/naturegalapagos.com\/es\/wp-content\/uploads\/sites\/3\/2016\/10\/Nature-Galapagos-Logo-COM-300x300.jpg","contentUrl":"https:\/\/naturegalapagos.com\/es\/wp-content\/uploads\/sites\/3\/2016\/10\/Nature-Galapagos-Logo-COM-300x300.jpg","width":300,"height":300,"caption":"Espa\u00f1ol - Nature Galapagos & Ecuador"},"image":{"@id":"https:\/\/naturegalapagos.com\/es\/#\/schema\/logo\/image\/"},"sameAs":["https:\/\/www.facebook.com\/naturegalapagosecuador\/","https:\/\/x.com\/naturegalapagos","https:\/\/www.instagram.com\/naturegalapagos\/","https:\/\/www.pinterest.com\/Naturegalapagos\/","https:\/\/www.youtube.com\/user\/NatureGalapagosTours"]}]}},"_links":{"self":[{"href":"https:\/\/naturegalapagos.com\/es\/wp-json\/wp\/v2\/product\/6273","targetHints":{"allow":["GET"]}}],"collection":[{"href":"https:\/\/naturegalapagos.com\/es\/wp-json\/wp\/v2\/product"}],"about":[{"href":"https:\/\/naturegalapagos.com\/es\/wp-json\/wp\/v2\/types\/product"}],"replies":[{"embeddable":true,"href":"https:\/\/naturegalapagos.com\/es\/wp-json\/wp\/v2\/comments?post=6273"}],"wp:featuredmedia":[{"embeddable":true,"href":"https:\/\/naturegalapagos.com\/es\/wp-json\/wp\/v2\/media\/6293"}],"wp:attachment":[{"href":"https:\/\/naturegalapagos.com\/es\/wp-json\/wp\/v2\/media?parent=6273"}],"wp:term":[{"taxonomy":"product_brand","embeddable":true,"href":"https:\/\/naturegalapagos.com\/es\/wp-json\/wp\/v2\/product_brand?post=6273"},{"taxonomy":"product_cat","embeddable":true,"href":"https:\/\/naturegalapagos.com\/es\/wp-json\/wp\/v2\/product_cat?post=6273"},{"taxonomy":"product_tag","embeddable":true,"href":"https:\/\/naturegalapagos.com\/es\/wp-json\/wp\/v2\/product_tag?post=6273"}],"curies":[{"name":"wp","href":"https:\/\/api.w.org\/{rel}","templated":true}]}}