{"id":6520,"date":"2024-12-05T16:59:28","date_gmt":"2024-12-05T21:59:28","guid":{"rendered":"https:\/\/naturegalapagos.com\/es\/?post_type=product&#038;p=6520"},"modified":"2024-12-05T16:59:09","modified_gmt":"2024-12-05T21:59:09","slug":"crucero-galaxy-sirius","status":"publish","type":"product","link":"https:\/\/naturegalapagos.com\/es\/cruceros-galapagos\/galaxy-sirius\/","title":{"rendered":"Crucero Galaxy Sirius"},"content":{"rendered":"<div class=\"wpb-content-wrapper\"><div style=\"display: flex; justify-content: end; margin-bottom: 10px;\"><span style=\"font-family: arial, helvetica, sans-serif;\"><a href=\"https:\/\/naturegalapagos.com\/es\/ofertas-de-viajes\/\" target=\"_blank\" rel=\"noopener\"><img decoding=\"async\" src=\"https:\/\/naturegalapagos.com\/es\/wp-content\/uploads\/sites\/3\/2019\/11\/las-minute-deals-gif_Final_espa\u00f1ol.gif\" width=\"227.5\" height=\"77.25\" \/><\/a><\/span><\/div>\n<h2><span style=\"font-family: arial, helvetica, sans-serif; font-size: 28px;\"><strong>Descripci\u00f3n del Crucero Galaxy Sirius:<\/strong><\/span><\/h2>\n<p><span style=\"font-family: arial, helvetica, sans-serif;\">Bienvenido a una aventura inolvidable en las Islas Gal\u00e1pagos a bordo del <strong>lujoso Galaxy Sirius<\/strong>. Experimente un servicio excepcional y atenci\u00f3n personalizada mientras se relaja en un ambiente c\u00f3modo y sofisticado. As\u00ed mismo, perm\u00edtanos guiarle en este viaje \u00fanico hacia un destino de ensue\u00f1o. Mientras se sumerge en la belleza de Gal\u00e1pagos mientras disfruta de las vistas panor\u00e1micas desde nuestro Sun Deck, del\u00e9itese con una exquisita cocina preparada por nuestros expertos chefs en un ambiente elegante y acogedor. \u00a1Descubre el lujo natural a bordo del Galaxy Sirius!<\/span><\/p>\n<p><span style=\"font-family: arial, helvetica, sans-serif;\"> <!--more--><\/span><\/p>\n<p><span style=\"font-family: arial, helvetica, sans-serif;\">Adem\u00e1s, nuestras lujosas instalaciones est\u00e1n meticulosamente dise\u00f1adas para ofrecer un confort incomparable y la rica experiencia que se merece. Ya sea que busque aventura o relajaci\u00f3n, nuestras comodidades de lujo son el centro perfecto para su retiro en las Islas Gal\u00e1pagos. Adem\u00e1s, nuestras comodidades de lujo sirven como el centro perfecto para su retiro en las Islas Gal\u00e1pagos, ofreciendo una variedad de opciones para todos los gustos y preferencias.<\/span><\/p>\n<h3><span style=\"font-family: arial, helvetica, sans-serif;\"><strong>CARACTER\u00cdSTICAS PRINCIPALES<\/strong><\/span><\/h3>\n<ul>\n<li><span style=\"font-family: arial, helvetica, sans-serif;\"><strong>Experiencia gastron\u00f3mica gourmet:<\/strong> Del\u00e9itese con una oferta culinaria cuidadosamente dise\u00f1ada que combina sabores globales, <strong>permiti\u00e9ndole<\/strong> disfrutar de cada comida como una experiencia \u00fanica.<\/span><\/li>\n<li><span style=\"font-family: arial, helvetica, sans-serif;\"><strong>Selecci\u00f3n de bebidas:<\/strong> Disfrute de una gama de bebidas seleccionadas especialmente para crear momentos de puro placer, <strong>complementando<\/strong> perfectamente la experiencia gastron\u00f3mica.<\/span><\/li>\n<li><span style=\"font-family: arial, helvetica, sans-serif;\"><strong>Alojamiento de lujo:<\/strong> Rel\u00e1jese en amplios camarotes dise\u00f1ados para maximizar el confort, <strong>ofreciendo<\/strong> impresionantes vistas que realzan la conexi\u00f3n con el entorno.<\/span><\/li>\n<li><span style=\"font-family: arial, helvetica, sans-serif;\"><strong>C\u00f3modas caba\u00f1as gemelas:<\/strong> Experimente un hospedaje acogedor que incorpora comodidades premium, <strong>asegurando<\/strong> una estancia placentera en cada detalle.<\/span><\/li>\n<li><span style=\"font-family: arial, helvetica, sans-serif;\"><strong>Servicios premium:<\/strong> Disfrute de detalles como lujosas toallas, exclusivos art\u00edculos de tocador y secadores de cabello, <strong>proporcionando<\/strong> el m\u00e1ximo confort durante su viaje.<\/span><\/li>\n<li><span style=\"font-family: arial, helvetica, sans-serif;\"><strong>Actividades emocionantes:<\/strong> Explore el mundo submarino a trav\u00e9s de aventuras guiadas, <strong>ofreciendo<\/strong> una experiencia \u00fanica e inolvidable para los amantes de la naturaleza y la exploraci\u00f3n.<\/span><\/li>\n<li><span style=\"font-family: arial, helvetica, sans-serif;\"><strong>Exploraci\u00f3n de la naturaleza:<\/strong> conozca de cerca la biodiversidad de Gal\u00e1pagos y camine por senderos panor\u00e1micos.<\/span><\/li>\n<li><span style=\"font-family: arial, helvetica, sans-serif;\"><strong>Servicios modernos:<\/strong> finalmente, mant\u00e9ngase conectado con WiFi a bordo para compartir recuerdos.<\/span><\/li>\n<\/ul>\n<table style=\"border-collapse: collapse; width: 100%;\">\n<tbody>\n<tr style=\"height: 56px;\">\n<td style=\"width: 100%; height: 56px;\" colspan=\"2\">\n<p id=\"tw-target-text\" class=\"tw-data-text tw-text-large tw-ta\" dir=\"ltr\" style=\"text-align: center;\" data-placeholder=\"Traducci\u00f3n\" data-ved=\"2ahUKEwjuoIXx4MGDAxWKtokEHf4sD8AQ3ewLegQICRAQ\"><strong><span style=\"font-family: arial, helvetica, sans-serif;\">Caracter\u00edsticas t\u00e9cnicas y de seguridad<\/span><\/strong><\/p>\n<\/td>\n<\/tr>\n<tr style=\"height: 56px;\">\n<td style=\"width: 50%; height: 56px;\">\n<ul class=\"text-left text-light\">\n<li class=\"font-weight-light\">6 aros salvavidas<\/li>\n<\/ul>\n<\/td>\n<td style=\"width: 50%; height: 56px;\">\n<ul>\n<li><strong>Longitud:<\/strong> 36.32 mts \/ 119,16 ft<\/li>\n<\/ul>\n<\/td>\n<\/tr>\n<tr style=\"height: 56px;\">\n<td style=\"width: 50%; height: 56px;\">\n<ul class=\"text-left text-light\">\n<li class=\"font-weight-light\">2 balsas de supervivencia de 15 pasajeros cada una<\/li>\n<\/ul>\n<\/td>\n<td style=\"width: 50%; height: 56px;\">\n<ul>\n<li><strong>Ancho<\/strong>: 13 mts \/ 42,65 ft<\/li>\n<\/ul>\n<\/td>\n<\/tr>\n<tr style=\"height: 56px;\">\n<td style=\"width: 50%; height: 56px;\">\n<ul class=\"text-left text-light\">\n<li class=\"font-weight-light\">30 chalecos salvavidas para pasajeros<\/li>\n<\/ul>\n<\/td>\n<td style=\"width: 50%; height: 56px;\">\n<ul>\n<li><strong>Sitema El\u00e9ctrico:<\/strong> 110, 220v<\/li>\n<\/ul>\n<\/td>\n<\/tr>\n<tr style=\"height: 56px;\">\n<td style=\"width: 50%; height: 56px;\">\n<ul class=\"text-left text-light\">\n<li class=\"font-weight-light\">20 chalecos salvavidas para la tripulaci\u00f3n<\/li>\n<\/ul>\n<\/td>\n<td style=\"width: 50%; height: 56px;\">\n<ul>\n<li><strong>Generadores Marinos:<\/strong> 2 x 58Kv and 1 x 30Kv<\/li>\n<\/ul>\n<\/td>\n<\/tr>\n<tr style=\"height: 56px;\">\n<td style=\"width: 50%; height: 56px;\">\n<ul class=\"text-left text-light\">\n<li class=\"font-weight-light\">Pistola de bengalas, se\u00f1ales de humo, linternas con se\u00f1ales SOS y otras se\u00f1ales visuales<\/li>\n<\/ul>\n<\/td>\n<td style=\"width: 50%; height: 56px;\">\n<ul>\n<li><strong>Motor:<\/strong> 2 Cummins Qsm11 engines, 450 Hp each<\/li>\n<\/ul>\n<\/td>\n<\/tr>\n<tr style=\"height: 24px;\">\n<td style=\"width: 50%; height: 24px;\">\n<ul class=\"text-left text-light\">\n<li class=\"font-weight-light\">Extintores de CO2 Detectores de incendios<\/li>\n<\/ul>\n<\/td>\n<td style=\"width: 50%; height: 24px;\">\n<ul>\n<li><span class=\"Y2IQFc\" lang=\"es\">Extintores<\/span><\/li>\n<\/ul>\n<\/td>\n<\/tr>\n<tr style=\"height: 24px;\">\n<td style=\"width: 50%; height: 24px;\">\n<ul class=\"text-left text-light\">\n<li class=\"font-weight-light\">Sistema completo de protecci\u00f3n contra incendios<\/li>\n<\/ul>\n<\/td>\n<td style=\"width: 50%; height: 24px;\"><\/td>\n<\/tr>\n<\/tbody>\n<\/table>\n<h3 id=\"tw-target-text\" class=\"tw-data-text tw-text-large tw-ta\" dir=\"ltr\" data-placeholder=\"Traducci\u00f3n\" aria-label=\"Texto traducido\" data-ved=\"2ahUKEwjOn--__auFAxX7fTABHVKjD8gQ3ewLegQIExAU\"><span class=\"Y2IQFc\" lang=\"es\" style=\"font-size: 20px; font-family: arial, helvetica, sans-serif;\">Planos de cubierta del crucero Galaxy Sirius<\/span><\/h3>\n<div id=\"gallery_1\" class=\"gallery\">\n<div class=\"row gallery__items\">\n\t\t\t\t\t<div class=\"col-sm-4 gallery__item-wrap\" data-filterid=\"\">\n\t\t\t<a href=\"https:\/\/naturegalapagos.com\/es\/wp-content\/uploads\/sites\/3\/2024\/04\/solarium-Galaxy-Sirius.png\" class=\"swipebox gallery__item\" title=\"Solarium Galaxy Sirius\">\n\t\t\t\t<img decoding=\"async\" width=\"646\" height=\"471\" src=\"https:\/\/naturegalapagos.com\/es\/wp-content\/uploads\/sites\/3\/2024\/04\/solarium-Galaxy-Sirius.png\" class=\"attachment-thumb_gallery size-thumb_gallery\" alt=\"Solarium en el crucero Galaxy Sirius\" srcset=\"https:\/\/naturegalapagos.com\/es\/wp-content\/uploads\/sites\/3\/2024\/04\/solarium-Galaxy-Sirius.png 646w, https:\/\/naturegalapagos.com\/es\/wp-content\/uploads\/sites\/3\/2024\/04\/solarium-Galaxy-Sirius-300x219.png 300w, https:\/\/naturegalapagos.com\/es\/wp-content\/uploads\/sites\/3\/2024\/04\/solarium-Galaxy-Sirius-600x437.png 600w\" sizes=\"(max-width: 646px) 100vw, 646px\" \/>\t\t\t\t<span class=\"gallery__item__info\">\n\t\t\t\t\t<span class=\"gallery__item__info__content\">\n\t\t\t\t\t\t<span class=\"gallery__item__title\">Solarium Galaxy Sirius<\/span>\n\t\t\t\t\t\t\t\t\t\t<\/span>\n\t\t\t\t\t<span class=\"gallery__item__shadow\"><\/span>\n\t\t\t\t<\/span>\n\t\t\t<\/a>\n\t\t<\/div>\n\t\t\t\t\t<div class=\"col-sm-4 gallery__item-wrap\" data-filterid=\"\">\n\t\t\t<a href=\"https:\/\/naturegalapagos.com\/es\/wp-content\/uploads\/sites\/3\/2024\/04\/cubierta-superior-Galaxy-Sirius.png\" class=\"swipebox gallery__item\" title=\"Cubierta superior Galaxy Sirius\">\n\t\t\t\t<img decoding=\"async\" width=\"720\" height=\"480\" src=\"https:\/\/naturegalapagos.com\/es\/wp-content\/uploads\/sites\/3\/2024\/04\/cubierta-superior-Galaxy-Sirius-720x480.png\" class=\"attachment-thumb_gallery size-thumb_gallery\" alt=\"Cubierta superior del crucero Galaxy Sirius\" srcset=\"https:\/\/naturegalapagos.com\/es\/wp-content\/uploads\/sites\/3\/2024\/04\/cubierta-superior-Galaxy-Sirius-720x480.png 720w, https:\/\/naturegalapagos.com\/es\/wp-content\/uploads\/sites\/3\/2024\/04\/cubierta-superior-Galaxy-Sirius-531x354.png 531w, https:\/\/naturegalapagos.com\/es\/wp-content\/uploads\/sites\/3\/2024\/04\/cubierta-superior-Galaxy-Sirius-180x120.png 180w\" sizes=\"(max-width: 720px) 100vw, 720px\" \/>\t\t\t\t<span class=\"gallery__item__info\">\n\t\t\t\t\t<span class=\"gallery__item__info__content\">\n\t\t\t\t\t\t<span class=\"gallery__item__title\">Cubierta superior Galaxy Sirius<\/span>\n\t\t\t\t\t\t\t\t\t\t<\/span>\n\t\t\t\t\t<span class=\"gallery__item__shadow\"><\/span>\n\t\t\t\t<\/span>\n\t\t\t<\/a>\n\t\t<\/div>\n\t\t\t\t\t<div class=\"col-sm-4 gallery__item-wrap\" data-filterid=\"\">\n\t\t\t<a href=\"https:\/\/naturegalapagos.com\/es\/wp-content\/uploads\/sites\/3\/2024\/04\/cubierta-principal-Galaxy-Sirius.png\" class=\"swipebox gallery__item\" title=\"cubierta principal Galaxy Sirius\">\n\t\t\t\t<img decoding=\"async\" width=\"720\" height=\"480\" src=\"https:\/\/naturegalapagos.com\/es\/wp-content\/uploads\/sites\/3\/2024\/04\/cubierta-principal-Galaxy-Sirius-720x480.png\" class=\"attachment-thumb_gallery size-thumb_gallery\" alt=\"Cubierta principal del crucero Galaxy Sirius\" srcset=\"https:\/\/naturegalapagos.com\/es\/wp-content\/uploads\/sites\/3\/2024\/04\/cubierta-principal-Galaxy-Sirius-720x480.png 720w, https:\/\/naturegalapagos.com\/es\/wp-content\/uploads\/sites\/3\/2024\/04\/cubierta-principal-Galaxy-Sirius-531x354.png 531w, https:\/\/naturegalapagos.com\/es\/wp-content\/uploads\/sites\/3\/2024\/04\/cubierta-principal-Galaxy-Sirius-180x120.png 180w\" sizes=\"(max-width: 720px) 100vw, 720px\" \/>\t\t\t\t<span class=\"gallery__item__info\">\n\t\t\t\t\t<span class=\"gallery__item__info__content\">\n\t\t\t\t\t\t<span class=\"gallery__item__title\">cubierta principal Galaxy Sirius<\/span>\n\t\t\t\t\t\t\t\t\t\t<\/span>\n\t\t\t\t\t<span class=\"gallery__item__shadow\"><\/span>\n\t\t\t\t<\/span>\n\t\t\t<\/a>\n\t\t<\/div>\n\t<\/div>\n<\/div>\n<p>[vc_row][vc_column el_class=&#8221;accocruise&#8221;][vc_column_text]\n<div class=\"panel panel-default accordion__item\">\n\t<div class=\"panel-heading accordion__item__title-wrap\">\n\t\t<h4 class=\"panel-title\">\n\t\t\t<a data-toggle=\"collapse\" data-parent=\"#ataccordion0\" href=\"#ataccordion0_1\" class=\"accordion__item__link collapsed\">SOLICITE M\u00c1S INFORMACI\u00d3N<\/a>\n\t\t<\/h4>\n\t<\/div>\n\t<div id=\"ataccordion0_1\" class=\"panel-collapse collapse\">\n\t\t<div class=\"panel-body accordion__item__content\">\n                <div class=\"ml-embedded\" data-form=\"O0CMuV\"><\/div>\n            \n<\/div>\n\t<\/div>\n<\/div>[\/vc_column_text][\/vc_column][\/vc_row]<\/p>\n<\/div>","protected":false},"excerpt":{"rendered":"<p>Descripci\u00f3n del Crucero Galaxy Sirius: Bienvenido a una aventura inolvidable en las Islas Gal\u00e1pagos a bordo del lujoso Galaxy Sirius. Experimente un servicio excepcional y atenci\u00f3n personalizada mientras se relaja en un ambiente c\u00f3modo y sofisticado. As\u00ed mismo, perm\u00edtanos guiarle en este viaje \u00fanico hacia un destino de ensue\u00f1o. Mientras se sumerge en la belleza<\/p>\n<div class=\"padding-top text-center\"><a href=\"https:\/\/naturegalapagos.com\/es\/cruceros-galapagos\/galaxy-sirius\/\" class=\"atbtn atbtn--medium atbtn--rounded atbtn--transparent\">Leer m\u00e1s<i class=\"atbtn__icon atbtn__icon--right fa fa-long-arrow-right\"><\/i><\/a><\/div>\n","protected":false},"featured_media":6521,"comment_status":"open","ping_status":"closed","template":"","meta":{"_joinchat":[]},"product_brand":[],"product_cat":[3599],"product_tag":[],"class_list":{"0":"post-6520","1":"product","2":"type-product","3":"status-publish","4":"has-post-thumbnail","6":"product_cat-sin-categoria","8":"first","9":"instock","10":"taxable","11":"shipping-taxable","12":"product-type-tour"},"yoast_head":"<!-- This site is optimized with the Yoast SEO Premium plugin v25.6 (Yoast SEO v26.1.1) - https:\/\/yoast.com\/wordpress\/plugins\/seo\/ -->\n<title>Crucero Galaxy Sirius | Crucero de Lujo en Gal\u00e1pagos<\/title>\n<meta name=\"description\" content=\"En el lujoso crucero Galaxy Sirius, disfrute de un servicio incomparable y atenci\u00f3n personalizada en un ambiente lujoso y refinado mientras se relaja.\" \/>\n<meta name=\"robots\" content=\"index, follow, max-snippet:-1, max-image-preview:large, max-video-preview:-1\" \/>\n<link rel=\"canonical\" href=\"https:\/\/naturegalapagos.com\/es\/cruceros-galapagos\/galaxy-sirius\/\" \/>\n<meta property=\"og:locale\" content=\"es_ES\" \/>\n<meta property=\"og:type\" content=\"article\" \/>\n<meta property=\"og:title\" content=\"Crucero Galaxy Sirius | Espa\u00f1ol - Nature Galapagos &amp; Ecuador\" \/>\n<meta property=\"og:description\" content=\"En el lujoso crucero Galaxy Sirius, disfrute de un servicio incomparable y atenci\u00f3n personalizada en un ambiente lujoso y refinado mientras se relaja.\" \/>\n<meta property=\"og:url\" content=\"https:\/\/naturegalapagos.com\/es\/cruceros-galapagos\/galaxy-sirius\/\" \/>\n<meta property=\"og:site_name\" content=\"Espa\u00f1ol - Nature Galapagos &amp; Ecuador\" \/>\n<meta property=\"article:publisher\" content=\"https:\/\/www.facebook.com\/naturegalapagosecuador\/\" \/>\n<meta property=\"og:image\" content=\"https:\/\/naturegalapagos.com\/es\/wp-content\/uploads\/sites\/3\/2024\/04\/crucero-Galaxy-Sirius.jpg\" \/>\n\t<meta property=\"og:image:width\" content=\"1920\" \/>\n\t<meta property=\"og:image:height\" content=\"1080\" \/>\n\t<meta property=\"og:image:type\" content=\"image\/jpeg\" \/>\n<meta name=\"twitter:card\" content=\"summary_large_image\" \/>\n<meta name=\"twitter:title\" content=\"Crucero Galaxy Sirius | Espa\u00f1ol - Nature Galapagos &amp; Ecuador\" \/>\n<meta name=\"twitter:site\" content=\"@naturegalapagos\" \/>\n<meta name=\"twitter:label1\" content=\"Tiempo de lectura\" \/>\n\t<meta name=\"twitter:data1\" content=\"3 minutos\" \/>\n<!-- \/ Yoast SEO Premium plugin. -->","yoast_head_json":{"title":"Crucero Galaxy Sirius | Crucero de Lujo en Gal\u00e1pagos","description":"En el lujoso crucero Galaxy Sirius, disfrute de un servicio incomparable y atenci\u00f3n personalizada en un ambiente lujoso y refinado mientras se relaja.","robots":{"index":"index","follow":"follow","max-snippet":"max-snippet:-1","max-image-preview":"max-image-preview:large","max-video-preview":"max-video-preview:-1"},"canonical":"https:\/\/naturegalapagos.com\/es\/cruceros-galapagos\/galaxy-sirius\/","og_locale":"es_ES","og_type":"article","og_title":"Crucero Galaxy Sirius | Espa\u00f1ol - Nature Galapagos &amp; Ecuador","og_description":"En el lujoso crucero Galaxy Sirius, disfrute de un servicio incomparable y atenci\u00f3n personalizada en un ambiente lujoso y refinado mientras se relaja.","og_url":"https:\/\/naturegalapagos.com\/es\/cruceros-galapagos\/galaxy-sirius\/","og_site_name":"Espa\u00f1ol - Nature Galapagos &amp; Ecuador","article_publisher":"https:\/\/www.facebook.com\/naturegalapagosecuador\/","og_image":[{"width":1920,"height":1080,"url":"https:\/\/naturegalapagos.com\/es\/wp-content\/uploads\/sites\/3\/2024\/04\/crucero-Galaxy-Sirius.jpg","type":"image\/jpeg"}],"twitter_card":"summary_large_image","twitter_title":"Crucero Galaxy Sirius | Espa\u00f1ol - Nature Galapagos &amp; Ecuador","twitter_site":"@naturegalapagos","twitter_misc":{"Tiempo de lectura":"3 minutos"},"schema":{"@context":"https:\/\/schema.org","@graph":[{"@type":"WebPage","@id":"https:\/\/naturegalapagos.com\/es\/cruceros-galapagos\/galaxy-sirius\/","url":"https:\/\/naturegalapagos.com\/es\/cruceros-galapagos\/galaxy-sirius\/","name":"Crucero Galaxy Sirius | Crucero de Lujo en Gal\u00e1pagos","isPartOf":{"@id":"https:\/\/naturegalapagos.com\/es\/#website"},"primaryImageOfPage":{"@id":"https:\/\/naturegalapagos.com\/es\/cruceros-galapagos\/galaxy-sirius\/#primaryimage"},"image":{"@id":"https:\/\/naturegalapagos.com\/es\/cruceros-galapagos\/galaxy-sirius\/#primaryimage"},"thumbnailUrl":"https:\/\/naturegalapagos.com\/es\/wp-content\/uploads\/sites\/3\/2024\/04\/crucero-Galaxy-Sirius.jpg","datePublished":"2024-12-05T21:59:28+00:00","description":"En el lujoso crucero Galaxy Sirius, disfrute de un servicio incomparable y atenci\u00f3n personalizada en un ambiente lujoso y refinado mientras se relaja.","breadcrumb":{"@id":"https:\/\/naturegalapagos.com\/es\/cruceros-galapagos\/galaxy-sirius\/#breadcrumb"},"inLanguage":"es","potentialAction":[{"@type":"ReadAction","target":["https:\/\/naturegalapagos.com\/es\/cruceros-galapagos\/galaxy-sirius\/"]}]},{"@type":"ImageObject","inLanguage":"es","@id":"https:\/\/naturegalapagos.com\/es\/cruceros-galapagos\/galaxy-sirius\/#primaryimage","url":"https:\/\/naturegalapagos.com\/es\/wp-content\/uploads\/sites\/3\/2024\/04\/crucero-Galaxy-Sirius.jpg","contentUrl":"https:\/\/naturegalapagos.com\/es\/wp-content\/uploads\/sites\/3\/2024\/04\/crucero-Galaxy-Sirius.jpg","width":1920,"height":1080,"caption":"Crucero Galaxy Sirius"},{"@type":"BreadcrumbList","@id":"https:\/\/naturegalapagos.com\/es\/cruceros-galapagos\/galaxy-sirius\/#breadcrumb","itemListElement":[{"@type":"ListItem","position":1,"name":"Home","item":"https:\/\/naturegalapagos.com\/es\/"},{"@type":"ListItem","position":2,"name":"Tienda","item":"https:\/\/naturegalapagos.com\/es\/tienda\/"},{"@type":"ListItem","position":3,"name":"Crucero Galaxy Sirius"}]},{"@type":"WebSite","@id":"https:\/\/naturegalapagos.com\/es\/#website","url":"https:\/\/naturegalapagos.com\/es\/","name":"Espa\u00f1ol - Nature Galapagos & Ecuador","description":"","publisher":{"@id":"https:\/\/naturegalapagos.com\/es\/#organization"},"potentialAction":[{"@type":"SearchAction","target":{"@type":"EntryPoint","urlTemplate":"https:\/\/naturegalapagos.com\/es\/?s={search_term_string}"},"query-input":{"@type":"PropertyValueSpecification","valueRequired":true,"valueName":"search_term_string"}}],"inLanguage":"es"},{"@type":"Organization","@id":"https:\/\/naturegalapagos.com\/es\/#organization","name":"Espa\u00f1ol - Nature Galapagos & Ecuador","url":"https:\/\/naturegalapagos.com\/es\/","logo":{"@type":"ImageObject","inLanguage":"es","@id":"https:\/\/naturegalapagos.com\/es\/#\/schema\/logo\/image\/","url":"https:\/\/naturegalapagos.com\/es\/wp-content\/uploads\/sites\/3\/2016\/10\/Nature-Galapagos-Logo-COM-300x300.jpg","contentUrl":"https:\/\/naturegalapagos.com\/es\/wp-content\/uploads\/sites\/3\/2016\/10\/Nature-Galapagos-Logo-COM-300x300.jpg","width":300,"height":300,"caption":"Espa\u00f1ol - Nature Galapagos & Ecuador"},"image":{"@id":"https:\/\/naturegalapagos.com\/es\/#\/schema\/logo\/image\/"},"sameAs":["https:\/\/www.facebook.com\/naturegalapagosecuador\/","https:\/\/x.com\/naturegalapagos","https:\/\/www.instagram.com\/naturegalapagos\/","https:\/\/www.pinterest.com\/Naturegalapagos\/","https:\/\/www.youtube.com\/user\/NatureGalapagosTours"]}]}},"_links":{"self":[{"href":"https:\/\/naturegalapagos.com\/es\/wp-json\/wp\/v2\/product\/6520","targetHints":{"allow":["GET"]}}],"collection":[{"href":"https:\/\/naturegalapagos.com\/es\/wp-json\/wp\/v2\/product"}],"about":[{"href":"https:\/\/naturegalapagos.com\/es\/wp-json\/wp\/v2\/types\/product"}],"replies":[{"embeddable":true,"href":"https:\/\/naturegalapagos.com\/es\/wp-json\/wp\/v2\/comments?post=6520"}],"wp:featuredmedia":[{"embeddable":true,"href":"https:\/\/naturegalapagos.com\/es\/wp-json\/wp\/v2\/media\/6521"}],"wp:attachment":[{"href":"https:\/\/naturegalapagos.com\/es\/wp-json\/wp\/v2\/media?parent=6520"}],"wp:term":[{"taxonomy":"product_brand","embeddable":true,"href":"https:\/\/naturegalapagos.com\/es\/wp-json\/wp\/v2\/product_brand?post=6520"},{"taxonomy":"product_cat","embeddable":true,"href":"https:\/\/naturegalapagos.com\/es\/wp-json\/wp\/v2\/product_cat?post=6520"},{"taxonomy":"product_tag","embeddable":true,"href":"https:\/\/naturegalapagos.com\/es\/wp-json\/wp\/v2\/product_tag?post=6520"}],"curies":[{"name":"wp","href":"https:\/\/api.w.org\/{rel}","templated":true}]}}