{"id":1466,"date":"2016-06-08T21:50:31","date_gmt":"2016-06-08T21:50:31","guid":{"rendered":"http:\/\/naturegalapagos.com\/fr\/?page_id=1466"},"modified":"2024-02-28T16:31:17","modified_gmt":"2024-02-28T21:31:17","slug":"contactez-nous","status":"publish","type":"page","link":"https:\/\/naturegalapagos.com\/fr\/contactez-nous\/","title":{"rendered":"Contactez-nous"},"content":{"rendered":"<div class=\"wpb-content-wrapper\"><p>[vc_row][vc_column][vc_column_text]Si vous avez une histoire \u00e0 partager ou une question qui n\u2019a pas \u00e9t\u00e9 r\u00e9pondu dans notre site d\u2019internet, s\u2019il vous pla\u00eet ne s\u2019h\u00e9sitez pas \u00e0 contacter avec un de nos assistants de planification de voyage hautement qualifi\u00e9s. Beaucoup de gens trouvent nos voyages un excellent point de d\u00e9part pour autres voyages, l\u2019apprentissage, et l\u2019aventure.<\/p>\n<p>Donnez-nous les d\u00e9tails pour votre voyage id\u00e9al et nous vous aiderons \u00e0 faire de votre r\u00eave une r\u00e9alit\u00e9. Nous esp\u00e9rons vous aider \u00e0 planifier une aventure en \u00c9quateur qui r\u00e9pondra \u00e0 vos r\u00eaves et d\u00e9passer vos attentes.<\/p>\n<div class=\"title\">\n\t<div class=\"title__subtitle\">Vous voulez parler avec nous ?<\/div>\n<h3 class=\"title__primary\">D\u00c9TAILS DU CONTACT<\/h3><\/div>\n[\/vc_column_text][\/vc_column][\/vc_row][vc_row el_class=&#8221;margin-bottom&#8221;][vc_column offset=&#8221;vc_col-md-6&#8243;]<div class=\"contact-info\">\n\t\t\t<div class=\"contact-info__item\">\n\t\t\t<div class=\"contact-info__item__icon\"><i class=\"fa fa-map-marker\"><\/i><\/div>\n\t\t\t<div class=\"contact-info__item__text\">San Francisco de la Pita E1 - 219 y Jos\u00e9 Mejia Lequerica<\/div>\n\t\t<\/div>\n\t\n\t\n\t\n\t\n\t<\/div>\n[vc_empty_space height=&#8221;20px&#8221;]<div class=\"contact-info\">\n\t\n\t<div class=\"contact-info__item\"><a href=\"tel:+18453453204\"><span class=\"contact-info__item__icon\"><i class=\"fa fa-phone\"><\/i><\/span><span class=\"contact-info__item__text\">+1 845 345 3204<\/span><\/a><\/div>\n\t\n\t\n\t<\/div>\n[vc_column_text]\u00a0 \u00a0 \u00a0 (USA &amp;amp; Canada) &#8211; Office hours: 9H00 &#8211; 18H00 (GTM-5)[\/vc_column_text]<div class=\"contact-info\">\n\t\n\t<div class=\"contact-info__item\"><a href=\"tel:+593983509652\"><span class=\"contact-info__item__icon\"><i class=\"fa fa-phone\"><\/i><\/span><span class=\"contact-info__item__text\">+593 98 350 9652<\/span><\/a><\/div>\n\t\n\t\n\t<\/div>\n[vc_column_text]\u00a0 \u00a0 \u00a0Office hours: 9H00 &#8211; 18H00 (GTM-5)[\/vc_column_text]<div class=\"contact-info\">\n\t\n\t\n\t<div class=\"contact-info__item\"><a href=\"tel:+593983509652\"><span class=\"contact-info__item__icon\"><i class=\"fa fa-mobile contact-info__item__icon__mobile\"><\/i><\/span><span class=\"contact-info__item__text\">+593 983509652<\/span><\/a><\/div>\n\t\n\t<\/div>\n[vc_column_text]\u00a0 \u00a0 \u00a0 (Only Emergencies &#8211; 24 hours)[\/vc_column_text]<div class=\"contact-info\">\n\t\n\t\n\t\n\t<div class=\"contact-info__item\"><a href=\"mailto:sales@naturegalapagos.com\"><span class=\"contact-info__item__icon\"><i class=\"fa fa-envelope contact-info__item__icon__email\"><\/i><\/span><span class=\"contact-info__item__text\">sales@naturegalapagos.com<\/span><\/a><\/div>\n\t<\/div>\n[vc_empty_space]<div class=\"contact-info\">\n\t\n\t\n\t\n\t\n\t<div class=\"contact-info__item\"><a href=\"skype:naturegalapagos\"><span class=\"contact-info__item__icon\"><i class=\"fa fa-skype\"><\/i><\/span><span class=\"contact-info__item__text\">naturegalapagos<\/span><\/a><\/div><\/div>\n[\/vc_column][vc_column offset=&#8221;vc_col-md-6&#8243;]<div class=\"title title--center\">\n\t<div class=\"title__subtitle\">Tu as des questions?<\/div>\n<h3 class=\"title__primary\">Entrons en contact !<\/h3><\/div>\n[vc_column_text]\n<div class=\"ml-embedded\" data-form=\"P8AnSC\"><\/div>\n<p>[\/vc_column_text][\/vc_column][\/vc_row][vc_row][vc_column width=&#8221;1\/6&#8243;][\/vc_column][vc_column width=&#8221;2\/3&#8243;][vc_empty_space height=&#8221;30&#8243;]<div class=\"title title--big title--center title--underline title--decoration-bottom-center\">\n\t<div class=\"title__subtitle\">Contactez-nous<\/div>\n<h3 class=\"title__primary\">Pour les ventes et Whatsapp<\/h3><\/div>\n[\/vc_column][vc_column width=&#8221;1\/6&#8243;][\/vc_column][\/vc_row][vc_row content_placement=&#8221;middle&#8221;][vc_column width=&#8221;1\/2&#8243;][vc_empty_space height=&#8221;45&#8243;][vc_row_inner content_placement=&#8221;middle&#8221;][vc_column_inner width=&#8221;1\/3&#8243;][vc_single_image image=&#8221;1775&#8243; img_size=&#8221;100&#215;100&#8243; alignment=&#8221;center&#8221; style=&#8221;vc_box_circle_2&#8243; el_class=&#8221;img-vendedor&#8221;][\/vc_column_inner][vc_column_inner width=&#8221;2\/3&#8243;][vc_column_text]<\/p>\n<h4 style=\"border-left: 2px solid green; padding-left: 5px; margin-bottom: 5px;\"><span style=\"font-size: 14pt;\">Christian Nieves<\/span><\/h4>\n<p style=\"padding-left: 7px;\">Galapagos &amp; Ecuador Travel Expert<\/p>\n<p>[\/vc_column_text][vc_btn title=&#8221;+593 983509652&#8243; style=&#8221;3d&#8221; color=&#8221;green&#8221; i_icon_fontawesome=&#8221;fab fa-whatsapp&#8221; add_icon=&#8221;true&#8221; link=&#8221;url:https%3A%2F%2Fapi.whatsapp.com%2Fsend%3Fphone%3D593983509652|title:%2B593%20983509652|target:_blank|rel:nofollow&#8221;][\/vc_column_inner][\/vc_row_inner][\/vc_column][vc_column width=&#8221;1\/2&#8243;][vc_empty_space height=&#8221;45&#8243;][vc_row_inner content_placement=&#8221;middle&#8221;][vc_column_inner width=&#8221;1\/3&#8243;][vc_single_image image=&#8221;1777&#8243; img_size=&#8221;100&#215;100&#8243; alignment=&#8221;center&#8221; style=&#8221;vc_box_circle_2&#8243; el_class=&#8221;img-vendedor&#8221;][\/vc_column_inner][vc_column_inner width=&#8221;2\/3&#8243;][vc_column_text]<\/p>\n<h4 style=\"border-left: 2px solid green; padding-left: 5px; margin-bottom: 5px;\"><span style=\"font-size: 14pt;\">Fernanda<\/span><\/h4>\n<p style=\"padding-left: 7px;\">Galapagos &amp; Ecuador Travel Expert<\/p>\n<p>[\/vc_column_text][vc_btn title=&#8221;+593 983509652&#8243; style=&#8221;3d&#8221; color=&#8221;green&#8221; i_icon_fontawesome=&#8221;fab fa-whatsapp&#8221; add_icon=&#8221;true&#8221; link=&#8221;url:https%3A%2F%2Fapi.whatsapp.com%2Fsend%3Fphone%3D593983509652|title:%2B593%20983509652|target:_blank&#8221;][\/vc_column_inner][\/vc_row_inner][\/vc_column][\/vc_row][vc_row][vc_column width=&#8221;1\/2&#8243;][vc_empty_space height=&#8221;45&#8243;][vc_row_inner content_placement=&#8221;middle&#8221;][vc_column_inner width=&#8221;1\/3&#8243;][vc_single_image image=&#8221;1776&#8243; img_size=&#8221;100&#215;100&#8243; alignment=&#8221;center&#8221; style=&#8221;vc_box_circle_2&#8243; el_class=&#8221;img-vendedor&#8221;][\/vc_column_inner][vc_column_inner width=&#8221;2\/3&#8243;][vc_column_text]<\/p>\n<h4 style=\"border-left: 2px solid green; padding-left: 5px; margin-bottom: 5px;\"><span style=\"font-size: 14pt;\">Maria Belen<\/span><\/h4>\n<p style=\"padding-left: 7px;\">Galapagos &amp; Ecuador Travel Expert<\/p>\n<p>[\/vc_column_text][vc_btn title=&#8221;+593 983509652&#8243; style=&#8221;3d&#8221; color=&#8221;green&#8221; i_icon_fontawesome=&#8221;fab fa-whatsapp&#8221; add_icon=&#8221;true&#8221; link=&#8221;url:https%3A%2F%2Fapi.whatsapp.com%2Fsend%3Fphone%3D593983509652|title:%2B593%20983509652|target:_blank&#8221;][\/vc_column_inner][\/vc_row_inner][\/vc_column][vc_column width=&#8221;1\/2&#8243;][vc_empty_space height=&#8221;45&#8243;][\/vc_column][\/vc_row]<\/p>\n<\/div>","protected":false},"excerpt":{"rendered":"<p>[vc_row][vc_column][vc_column_text]Si vous avez une histoire \u00e0 partager ou une question qui n\u2019a pas \u00e9t\u00e9 r\u00e9pondu dans notre site d\u2019internet, s\u2019il vous pla\u00eet ne s\u2019h\u00e9sitez pas \u00e0 contacter avec un de nos assistants de planification de voyage hautement qualifi\u00e9s. Beaucoup de gens trouvent nos voyages un excellent point de d\u00e9part pour<\/p>\n<div class=\"padding-top text-center\"><a href=\"https:\/\/naturegalapagos.com\/fr\/contactez-nous\/\" class=\"atbtn atbtn--medium atbtn--rounded atbtn--transparent\">Pour en Savoir Plus<i class=\"atbtn__icon atbtn__icon--right fa fa-long-arrow-right\"><\/i><\/a><\/div>\n","protected":false},"author":2,"featured_media":0,"parent":0,"menu_order":0,"comment_status":"closed","ping_status":"closed","template":"","meta":{"_joinchat":[],"footnotes":""},"class_list":["post-1466","page","type-page","status-publish","hentry"],"yoast_head":"<!-- This site is optimized with the Yoast SEO Premium plugin v25.6 (Yoast SEO v26.1.1) - https:\/\/yoast.com\/wordpress\/plugins\/seo\/ -->\n<title>Tour-op\u00e9rateur aux Galapagos | Contactez-nous | Nature Galapagos<\/title>\n<meta name=\"description\" content=\"Contactez-nous, Tour-op\u00e9rateur aux Galapagos, Croisi\u00e8res et voyages \u00e0 l&#039;Amazonie \u00c9quatorienne aliment\u00e9 par Nature Galapagos avec un personnel professionnel.\" \/>\n<meta name=\"robots\" content=\"index, follow, max-snippet:-1, max-image-preview:large, max-video-preview:-1\" \/>\n<link rel=\"canonical\" href=\"https:\/\/naturegalapagos.com\/fr\/contactez-nous\/\" \/>\n<meta property=\"og:locale\" content=\"fr_FR\" \/>\n<meta property=\"og:type\" content=\"article\" \/>\n<meta property=\"og:title\" content=\"Contactez-nous\" \/>\n<meta property=\"og:description\" content=\"Contactez-nous, Tour-op\u00e9rateur aux Galapagos, Croisi\u00e8res et voyages \u00e0 l&#039;Amazonie \u00c9quatorienne aliment\u00e9 par Nature Galapagos avec un personnel professionnel.\" \/>\n<meta property=\"og:url\" content=\"https:\/\/naturegalapagos.com\/fr\/contactez-nous\/\" \/>\n<meta property=\"og:site_name\" content=\"Fran\u00e7ais - Nature Galapagos &amp; Ecuador\" \/>\n<meta property=\"article:publisher\" content=\"https:\/\/www.facebook.com\/naturegalapagosecuador\/\" \/>\n<meta property=\"article:modified_time\" content=\"2024-02-28T21:31:17+00:00\" \/>\n<meta name=\"twitter:card\" content=\"summary_large_image\" \/>\n<meta name=\"twitter:site\" content=\"@naturegalapagos\" \/>\n<meta name=\"twitter:label1\" content=\"Est. reading time\" \/>\n\t<meta name=\"twitter:data1\" content=\"2 minutes\" \/>\n<!-- \/ Yoast SEO Premium plugin. -->","yoast_head_json":{"title":"Tour-op\u00e9rateur aux Galapagos | Contactez-nous | Nature Galapagos","description":"Contactez-nous, Tour-op\u00e9rateur aux Galapagos, Croisi\u00e8res et voyages \u00e0 l'Amazonie \u00c9quatorienne aliment\u00e9 par Nature Galapagos avec un personnel professionnel.","robots":{"index":"index","follow":"follow","max-snippet":"max-snippet:-1","max-image-preview":"max-image-preview:large","max-video-preview":"max-video-preview:-1"},"canonical":"https:\/\/naturegalapagos.com\/fr\/contactez-nous\/","og_locale":"fr_FR","og_type":"article","og_title":"Contactez-nous","og_description":"Contactez-nous, Tour-op\u00e9rateur aux Galapagos, Croisi\u00e8res et voyages \u00e0 l'Amazonie \u00c9quatorienne aliment\u00e9 par Nature Galapagos avec un personnel professionnel.","og_url":"https:\/\/naturegalapagos.com\/fr\/contactez-nous\/","og_site_name":"Fran\u00e7ais - Nature Galapagos &amp; Ecuador","article_publisher":"https:\/\/www.facebook.com\/naturegalapagosecuador\/","article_modified_time":"2024-02-28T21:31:17+00:00","twitter_card":"summary_large_image","twitter_site":"@naturegalapagos","twitter_misc":{"Est. reading time":"2 minutes"},"schema":{"@context":"https:\/\/schema.org","@graph":[{"@type":"WebPage","@id":"https:\/\/naturegalapagos.com\/fr\/contactez-nous\/","url":"https:\/\/naturegalapagos.com\/fr\/contactez-nous\/","name":"Tour-op\u00e9rateur aux Galapagos | Contactez-nous | Nature Galapagos","isPartOf":{"@id":"https:\/\/naturegalapagos.com\/fr\/#website"},"datePublished":"2016-06-08T21:50:31+00:00","dateModified":"2024-02-28T21:31:17+00:00","description":"Contactez-nous, Tour-op\u00e9rateur aux Galapagos, Croisi\u00e8res et voyages \u00e0 l'Amazonie \u00c9quatorienne aliment\u00e9 par Nature Galapagos avec un personnel professionnel.","breadcrumb":{"@id":"https:\/\/naturegalapagos.com\/fr\/contactez-nous\/#breadcrumb"},"inLanguage":"fr-FR","potentialAction":[{"@type":"ReadAction","target":["https:\/\/naturegalapagos.com\/fr\/contactez-nous\/"]}]},{"@type":"BreadcrumbList","@id":"https:\/\/naturegalapagos.com\/fr\/contactez-nous\/#breadcrumb","itemListElement":[{"@type":"ListItem","position":1,"name":"Home","item":"https:\/\/naturegalapagos.com\/fr\/"},{"@type":"ListItem","position":2,"name":"Contactez-nous"}]},{"@type":"WebSite","@id":"https:\/\/naturegalapagos.com\/fr\/#website","url":"https:\/\/naturegalapagos.com\/fr\/","name":"Fran\u00e7ais - Nature Galapagos & Ecuador","description":"","publisher":{"@id":"https:\/\/naturegalapagos.com\/fr\/#organization"},"potentialAction":[{"@type":"SearchAction","target":{"@type":"EntryPoint","urlTemplate":"https:\/\/naturegalapagos.com\/fr\/?s={search_term_string}"},"query-input":{"@type":"PropertyValueSpecification","valueRequired":true,"valueName":"search_term_string"}}],"inLanguage":"fr-FR"},{"@type":"Organization","@id":"https:\/\/naturegalapagos.com\/fr\/#organization","name":"Fran\u00e7ais - Nature Galapagos & Ecuador","url":"https:\/\/naturegalapagos.com\/fr\/","logo":{"@type":"ImageObject","inLanguage":"fr-FR","@id":"https:\/\/naturegalapagos.com\/fr\/#\/schema\/logo\/image\/","url":"https:\/\/naturegalapagos.com\/fr\/wp-content\/uploads\/sites\/4\/2016\/05\/logo-nature-galapagos.png","contentUrl":"https:\/\/naturegalapagos.com\/fr\/wp-content\/uploads\/sites\/4\/2016\/05\/logo-nature-galapagos.png","width":2500,"height":1000,"caption":"Fran\u00e7ais - Nature Galapagos & Ecuador"},"image":{"@id":"https:\/\/naturegalapagos.com\/fr\/#\/schema\/logo\/image\/"},"sameAs":["https:\/\/www.facebook.com\/naturegalapagosecuador\/","https:\/\/x.com\/naturegalapagos","https:\/\/www.instagram.com\/naturegalapagos\/","https:\/\/www.pinterest.com\/Naturegalapagos\/","https:\/\/www.youtube.com\/user\/NatureGalapagosTours"]}]}},"_links":{"self":[{"href":"https:\/\/naturegalapagos.com\/fr\/wp-json\/wp\/v2\/pages\/1466","targetHints":{"allow":["GET"]}}],"collection":[{"href":"https:\/\/naturegalapagos.com\/fr\/wp-json\/wp\/v2\/pages"}],"about":[{"href":"https:\/\/naturegalapagos.com\/fr\/wp-json\/wp\/v2\/types\/page"}],"author":[{"embeddable":true,"href":"https:\/\/naturegalapagos.com\/fr\/wp-json\/wp\/v2\/users\/2"}],"replies":[{"embeddable":true,"href":"https:\/\/naturegalapagos.com\/fr\/wp-json\/wp\/v2\/comments?post=1466"}],"version-history":[{"count":0,"href":"https:\/\/naturegalapagos.com\/fr\/wp-json\/wp\/v2\/pages\/1466\/revisions"}],"wp:attachment":[{"href":"https:\/\/naturegalapagos.com\/fr\/wp-json\/wp\/v2\/media?parent=1466"}],"curies":[{"name":"wp","href":"https:\/\/api.w.org\/{rel}","templated":true}]}}