{"id":1478,"date":"2016-06-17T18:20:15","date_gmt":"2016-06-17T18:20:15","guid":{"rendered":"http:\/\/naturegalapagos.com\/fr\/?page_id=1478"},"modified":"2016-09-26T17:38:17","modified_gmt":"2016-09-26T22:38:17","slug":"conseils-de-voyage-tour-navigable","status":"publish","type":"page","link":"https:\/\/naturegalapagos.com\/fr\/galapagos-voyage\/tour-navigable\/conseils-de-voyage\/","title":{"rendered":"Conseils de Voyage | Tour Navigable"},"content":{"rendered":"<div class=\"wpb-content-wrapper\"><p>[vc_row][vc_column]<div id=\"swiper1\" class=\"atgrid atgrid--small\">\n<div class=\"title title--big title--center title--underline title--decoration-bottom-center\">\n<h3 class=\"title__primary\">Tour Navigables<\/h3><\/div>\n\t<div class=\"atgrid__slider\">\n\t\t<div class=\"atgrid__slider__controls\">\n\t\t\t<a class=\"atgrid__slider__prev\" href=\"#\"><i class=\"fa fa-chevron-left\"><\/i><\/a>\n\t\t\t<a class=\"atgrid__slider__next\" href=\"#\"><i class=\"fa fa-chevron-right\"><\/i><\/a>\n\t\t<\/div>\n\n\t\t<div class=\"swiper-container swiper-slider atgrid__slider__container\">\n\t\t\t<div class=\"swiper-wrapper\">\n\t\t\t\t\t\t\t\t\t\t<div class=\"swiper-slide\">\n\t\t\t\t\t<div class=\"atgrid__item\">\n\t\t\t\t\t\t<div class=\"atgrid__item__top\">\n\t\t\t\t\t\t\t<a href=\"https:\/\/naturegalapagos.com\/fr\/galapagos-voyage\/bon-plan-galapagos\/4-jours-3-iles\/\" class=\"atgrid__item__top__image\"><img decoding=\"async\" width=\"360\" height=\"240\" src=\"https:\/\/naturegalapagos.com\/fr\/wp-content\/uploads\/sites\/4\/2016\/06\/Bon-plan-Galapagos-360x240.jpg\" class=\"attachment-thumb_tour_listing_small size-thumb_tour_listing_small wp-post-image\" alt=\"Bon plan Galapagos\" srcset=\"https:\/\/naturegalapagos.com\/fr\/wp-content\/uploads\/sites\/4\/2016\/06\/Bon-plan-Galapagos-360x240.jpg 360w, https:\/\/naturegalapagos.com\/fr\/wp-content\/uploads\/sites\/4\/2016\/06\/Bon-plan-Galapagos-531x354.jpg 531w, https:\/\/naturegalapagos.com\/fr\/wp-content\/uploads\/sites\/4\/2016\/06\/Bon-plan-Galapagos-270x180.jpg 270w\" sizes=\"(max-width: 360px) 100vw, 360px\" \/><\/a>\t\t\t\t\t\t\t\t\t\t\t\t\t\t<div class=\"atgrid__item__price\"><a href=\"https:\/\/naturegalapagos.com\/fr\/galapagos-voyage\/bon-plan-galapagos\/4-jours-3-iles\/\" class=\"atgrid__item__price__button\"><span class=\"woocommerce-Price-amount amount\" aria-hidden=\"true\"><bdi><span class=\"woocommerce-Price-currencySymbol\">&#36;<\/span>&nbsp;934<\/bdi><\/span> <span aria-hidden=\"true\">&ndash;<\/span> <span class=\"woocommerce-Price-amount amount\" aria-hidden=\"true\"><bdi><span class=\"woocommerce-Price-currencySymbol\">&#36;<\/span>&nbsp;1.471<\/bdi><\/span><span class=\"screen-reader-text\">Price range: &#36;&nbsp;934 through &#36;&nbsp;1.471<\/span><\/a><\/div>\t\t\t\t\t\t\t\t\t\t\t\t\t\t<div class=\"atgrid__item__icons\"><a href=\"https:\/\/naturegalapagos.com\/fr\/tour-category\/tour-navigables\/\"><i data-toggle=\"tooltip\" title=\"Tour Navigables\" class=\"td-sailboat\"><\/i><\/a><\/div>\t\t\t\t\t\t<\/div>\n\n\t\t\t\t\t\t<div class=\"atgrid__item__content\">\n\t\t\t\t\t\t\t<h3 class=\"atgrid__item__title\"><a href=\"https:\/\/naturegalapagos.com\/fr\/galapagos-voyage\/bon-plan-galapagos\/4-jours-3-iles\/\">4 Jours | Bon plan Galapagos<\/a><\/h3>\n\t\t\t\t\t\t\t\t\t\t\t\t\t<div class=\"atgrid__item__description\">[vc_row][vc_column][vc_column_text] 4 Jours - 3 \u00eeles - Tour\u00a0Navigable - Bon plan Galapagos !!! Les Tours Navigables aux Galapagos proposent un<\/div>\n\t\t\t\t\t\t\t\t\t\t\t\t<\/div>\n\t\t\t\t\t\t<div class=\"item-attributes\">\n\t\t\t\t\t\t\t<div class=\"item-attributes__item\"><div class=\"item-attributes__item__content\"><div class=\"item-attributes__item__content__item\"><i class=\"td-snorkel\"><\/i><\/div><div class=\"item-attributes__item__content__item item-attributes__item__content__item--text\"><span>Snorkeling<\/span><\/div><\/div><\/div><div class=\"item-attributes__item\"><div class=\"item-attributes__item__content\"><div class=\"item-attributes__item__content__item\"><i class=\"td-calendar-1\"><\/i><\/div><div class=\"item-attributes__item__content__item item-attributes__item__content__item--text\"><span>Tous les jours<\/span><\/div><\/div><\/div>\t\t\t\t\t\t\t<div class=\"item-attributes__item\">\n\t\t\t\t\t\t\t\t<a href=\"https:\/\/naturegalapagos.com\/fr\/galapagos-voyage\/bon-plan-galapagos\/4-jours-3-iles\/\" class=\"item-attributes__link\"><i class=\"fa fa-long-arrow-right\"><\/i><\/a>\n\t\t\t\t\t\t\t<\/div>\n\t\t\t\t\t\t<\/div>\n\t\t\t\t\t<\/div>\n\t\t\t\t<\/div>\n\t\t\t\t\t\t\t\t\t\t<div class=\"swiper-slide\">\n\t\t\t\t\t<div class=\"atgrid__item\">\n\t\t\t\t\t\t<div class=\"atgrid__item__top\">\n\t\t\t\t\t\t\t<a href=\"https:\/\/naturegalapagos.com\/fr\/galapagos-voyage\/les-iles-galapagos\/6-jours-4-iles\/\" class=\"atgrid__item__top__image\"><img decoding=\"async\" width=\"360\" height=\"240\" src=\"https:\/\/naturegalapagos.com\/fr\/wp-content\/uploads\/sites\/4\/2016\/06\/Les-\u00eeles-Galapagos-360x240.jpg\" class=\"attachment-thumb_tour_listing_small size-thumb_tour_listing_small wp-post-image\" alt=\"Les \u00eeles Galapagos\" srcset=\"https:\/\/naturegalapagos.com\/fr\/wp-content\/uploads\/sites\/4\/2016\/06\/Les-\u00eeles-Galapagos-360x240.jpg 360w, https:\/\/naturegalapagos.com\/fr\/wp-content\/uploads\/sites\/4\/2016\/06\/Les-\u00eeles-Galapagos-180x120.jpg 180w, https:\/\/naturegalapagos.com\/fr\/wp-content\/uploads\/sites\/4\/2016\/06\/Les-\u00eeles-Galapagos-531x354.jpg 531w, https:\/\/naturegalapagos.com\/fr\/wp-content\/uploads\/sites\/4\/2016\/06\/Les-\u00eeles-Galapagos-270x180.jpg 270w\" sizes=\"(max-width: 360px) 100vw, 360px\" \/><\/a>\t\t\t\t\t\t\t\t\t\t\t\t\t\t<div class=\"atgrid__item__price\"><a href=\"https:\/\/naturegalapagos.com\/fr\/galapagos-voyage\/les-iles-galapagos\/6-jours-4-iles\/\" class=\"atgrid__item__price__button\"><span class=\"woocommerce-Price-amount amount\" aria-hidden=\"true\"><bdi><span class=\"woocommerce-Price-currencySymbol\">&#36;<\/span>&nbsp;1.241<\/bdi><\/span> <span aria-hidden=\"true\">&ndash;<\/span> <span class=\"woocommerce-Price-amount amount\" aria-hidden=\"true\"><bdi><span class=\"woocommerce-Price-currencySymbol\">&#36;<\/span>&nbsp;2.279<\/bdi><\/span><span class=\"screen-reader-text\">Price range: &#36;&nbsp;1.241 through &#36;&nbsp;2.279<\/span><\/a><\/div>\t\t\t\t\t\t\t\t\t\t\t\t\t\t<div class=\"atgrid__item__icons\"><a href=\"https:\/\/naturegalapagos.com\/fr\/tour-category\/tour-navigables\/\"><i data-toggle=\"tooltip\" title=\"Tour Navigables\" class=\"td-sailboat\"><\/i><\/a><\/div>\t\t\t\t\t\t<\/div>\n\n\t\t\t\t\t\t<div class=\"atgrid__item__content\">\n\t\t\t\t\t\t\t<h3 class=\"atgrid__item__title\"><a href=\"https:\/\/naturegalapagos.com\/fr\/galapagos-voyage\/les-iles-galapagos\/6-jours-4-iles\/\">6 Jours | Les \u00eeles Galapagos<\/a><\/h3>\n\t\t\t\t\t\t\t\t\t\t\t\t\t<div class=\"atgrid__item__description\">[vc_row][vc_column][vc_column_text] 6 Jours - 4 \u00eeles - Tour\u00a0Navigable - Les \u00eeles Galapagos. Le tour navigable aux Galapagos propose un plan<\/div>\n\t\t\t\t\t\t\t\t\t\t\t\t<\/div>\n\t\t\t\t\t\t<div class=\"item-attributes\">\n\t\t\t\t\t\t\t<div class=\"item-attributes__item\"><div class=\"item-attributes__item__content\"><div class=\"item-attributes__item__content__item\"><i class=\"td-snorkel\"><\/i><\/div><div class=\"item-attributes__item__content__item item-attributes__item__content__item--text\"><span>Snorkeling<\/span><\/div><\/div><\/div><div class=\"item-attributes__item\"><div class=\"item-attributes__item__content\"><div class=\"item-attributes__item__content__item\"><i class=\"td-calendar-1\"><\/i><\/div><div class=\"item-attributes__item__content__item item-attributes__item__content__item--text\"><span>Tous les jours<\/span><\/div><\/div><\/div>\t\t\t\t\t\t\t<div class=\"item-attributes__item\">\n\t\t\t\t\t\t\t\t<a href=\"https:\/\/naturegalapagos.com\/fr\/galapagos-voyage\/les-iles-galapagos\/6-jours-4-iles\/\" class=\"item-attributes__link\"><i class=\"fa fa-long-arrow-right\"><\/i><\/a>\n\t\t\t\t\t\t\t<\/div>\n\t\t\t\t\t\t<\/div>\n\t\t\t\t\t<\/div>\n\t\t\t\t<\/div>\n\t\t\t\t\t\t\t\t\t\t<div class=\"swiper-slide\">\n\t\t\t\t\t<div class=\"atgrid__item\">\n\t\t\t\t\t\t<div class=\"atgrid__item__top\">\n\t\t\t\t\t\t\t<a href=\"https:\/\/naturegalapagos.com\/fr\/galapagos-voyage\/sejour-aux-iles-galapagos\/5-jours-4-iles\/\" class=\"atgrid__item__top__image\"><img decoding=\"async\" width=\"360\" height=\"240\" src=\"https:\/\/naturegalapagos.com\/fr\/wp-content\/uploads\/sites\/4\/2016\/06\/S\u00e9jour-aux-iles-Galapagos-360x240.jpg\" class=\"attachment-thumb_tour_listing_small size-thumb_tour_listing_small wp-post-image\" alt=\"S\u00e9jour aux iles Galapagos\" srcset=\"https:\/\/naturegalapagos.com\/fr\/wp-content\/uploads\/sites\/4\/2016\/06\/S\u00e9jour-aux-iles-Galapagos-360x240.jpg 360w, https:\/\/naturegalapagos.com\/fr\/wp-content\/uploads\/sites\/4\/2016\/06\/S\u00e9jour-aux-iles-Galapagos-180x120.jpg 180w, https:\/\/naturegalapagos.com\/fr\/wp-content\/uploads\/sites\/4\/2016\/06\/S\u00e9jour-aux-iles-Galapagos-531x354.jpg 531w, https:\/\/naturegalapagos.com\/fr\/wp-content\/uploads\/sites\/4\/2016\/06\/S\u00e9jour-aux-iles-Galapagos-270x180.jpg 270w\" sizes=\"(max-width: 360px) 100vw, 360px\" \/><\/a>\t\t\t\t\t\t\t\t\t\t\t\t\t\t<div class=\"atgrid__item__price\"><a href=\"https:\/\/naturegalapagos.com\/fr\/galapagos-voyage\/sejour-aux-iles-galapagos\/5-jours-4-iles\/\" class=\"atgrid__item__price__button\"><span class=\"woocommerce-Price-amount amount\" aria-hidden=\"true\"><bdi><span class=\"woocommerce-Price-currencySymbol\">&#36;<\/span>&nbsp;1.098<\/bdi><\/span> <span aria-hidden=\"true\">&ndash;<\/span> <span class=\"woocommerce-Price-amount amount\" aria-hidden=\"true\"><bdi><span class=\"woocommerce-Price-currencySymbol\">&#36;<\/span>&nbsp;1.922<\/bdi><\/span><span class=\"screen-reader-text\">Price range: &#36;&nbsp;1.098 through &#36;&nbsp;1.922<\/span><\/a><\/div>\t\t\t\t\t\t\t\t\t\t\t\t\t\t<div class=\"atgrid__item__icons\"><a href=\"https:\/\/naturegalapagos.com\/fr\/tour-category\/tour-navigables\/\"><i data-toggle=\"tooltip\" title=\"Tour Navigables\" class=\"td-sailboat\"><\/i><\/a><\/div>\t\t\t\t\t\t<\/div>\n\n\t\t\t\t\t\t<div class=\"atgrid__item__content\">\n\t\t\t\t\t\t\t<h3 class=\"atgrid__item__title\"><a href=\"https:\/\/naturegalapagos.com\/fr\/galapagos-voyage\/sejour-aux-iles-galapagos\/5-jours-4-iles\/\">5 Jours | S\u00e9jour aux iles Galapagos<\/a><\/h3>\n\t\t\t\t\t\t\t\t\t\t\t\t\t<div class=\"atgrid__item__description\">[vc_row][vc_column][vc_column_text] 5 Jours - 4 \u00eeles - Tour\u00a0Navigable -\u00a0S\u00e9jour aux iles Galapagos. Le tour navigable aux Galapagos propose un plan<\/div>\n\t\t\t\t\t\t\t\t\t\t\t\t<\/div>\n\t\t\t\t\t\t<div class=\"item-attributes\">\n\t\t\t\t\t\t\t<div class=\"item-attributes__item\"><div class=\"item-attributes__item__content\"><div class=\"item-attributes__item__content__item\"><i class=\"td-snorkel\"><\/i><\/div><div class=\"item-attributes__item__content__item item-attributes__item__content__item--text\"><span>Snorkeling<\/span><\/div><\/div><\/div><div class=\"item-attributes__item\"><div class=\"item-attributes__item__content\"><div class=\"item-attributes__item__content__item\"><i class=\"td-calendar-1\"><\/i><\/div><div class=\"item-attributes__item__content__item item-attributes__item__content__item--text\"><span>Tous les jours<\/span><\/div><\/div><\/div>\t\t\t\t\t\t\t<div class=\"item-attributes__item\">\n\t\t\t\t\t\t\t\t<a href=\"https:\/\/naturegalapagos.com\/fr\/galapagos-voyage\/sejour-aux-iles-galapagos\/5-jours-4-iles\/\" class=\"item-attributes__link\"><i class=\"fa fa-long-arrow-right\"><\/i><\/a>\n\t\t\t\t\t\t\t<\/div>\n\t\t\t\t\t\t<\/div>\n\t\t\t\t\t<\/div>\n\t\t\t\t<\/div>\n\t\t\t\t\t\t\t\t\t\t<div class=\"swiper-slide\">\n\t\t\t\t\t<div class=\"atgrid__item\">\n\t\t\t\t\t\t<div class=\"atgrid__item__top\">\n\t\t\t\t\t\t\t<a href=\"https:\/\/naturegalapagos.com\/fr\/galapagos-voyage\/voyage-sur-mesure-aux-galapagos\/4-jours-2-iles\/\" class=\"atgrid__item__top__image\"><img decoding=\"async\" width=\"360\" height=\"240\" src=\"https:\/\/naturegalapagos.com\/fr\/wp-content\/uploads\/sites\/4\/2016\/06\/Voyage-sur-mesure-aux-Galapagos-360x240.jpg\" class=\"attachment-thumb_tour_listing_small size-thumb_tour_listing_small wp-post-image\" alt=\"Voyage sur mesure aux Galapagos\" srcset=\"https:\/\/naturegalapagos.com\/fr\/wp-content\/uploads\/sites\/4\/2016\/06\/Voyage-sur-mesure-aux-Galapagos-360x240.jpg 360w, https:\/\/naturegalapagos.com\/fr\/wp-content\/uploads\/sites\/4\/2016\/06\/Voyage-sur-mesure-aux-Galapagos-180x120.jpg 180w, https:\/\/naturegalapagos.com\/fr\/wp-content\/uploads\/sites\/4\/2016\/06\/Voyage-sur-mesure-aux-Galapagos-531x354.jpg 531w, https:\/\/naturegalapagos.com\/fr\/wp-content\/uploads\/sites\/4\/2016\/06\/Voyage-sur-mesure-aux-Galapagos-270x180.jpg 270w\" sizes=\"(max-width: 360px) 100vw, 360px\" \/><\/a>\t\t\t\t\t\t\t\t\t\t\t\t\t\t<div class=\"atgrid__item__price\"><a href=\"https:\/\/naturegalapagos.com\/fr\/galapagos-voyage\/voyage-sur-mesure-aux-galapagos\/4-jours-2-iles\/\" class=\"atgrid__item__price__button\"><span class=\"woocommerce-Price-amount amount\" aria-hidden=\"true\"><bdi><span class=\"woocommerce-Price-currencySymbol\">&#36;<\/span>&nbsp;817<\/bdi><\/span> <span aria-hidden=\"true\">&ndash;<\/span> <span class=\"woocommerce-Price-amount amount\" aria-hidden=\"true\"><bdi><span class=\"woocommerce-Price-currencySymbol\">&#36;<\/span>&nbsp;1.471<\/bdi><\/span><span class=\"screen-reader-text\">Price range: &#36;&nbsp;817 through &#36;&nbsp;1.471<\/span><\/a><\/div>\t\t\t\t\t\t\t\t\t\t\t\t\t\t<div class=\"atgrid__item__icons\"><a href=\"https:\/\/naturegalapagos.com\/fr\/tour-category\/tour-navigables\/\"><i data-toggle=\"tooltip\" title=\"Tour Navigables\" class=\"td-sailboat\"><\/i><\/a><\/div>\t\t\t\t\t\t<\/div>\n\n\t\t\t\t\t\t<div class=\"atgrid__item__content\">\n\t\t\t\t\t\t\t<h3 class=\"atgrid__item__title\"><a href=\"https:\/\/naturegalapagos.com\/fr\/galapagos-voyage\/voyage-sur-mesure-aux-galapagos\/4-jours-2-iles\/\">4 Jours | Voyage sur mesure aux Galapagos<\/a><\/h3>\n\t\t\t\t\t\t\t\t\t\t\t\t\t<div class=\"atgrid__item__description\">[vc_row][vc_column][vc_column_text] 4 Jours - 2 \u00eeles - Tour\u00a0Navigable - Voyage sur mesure aux Galapagos -\u00a0D\u00e9couvrez la beaut\u00e9!!! Les Tours Navigables<\/div>\n\t\t\t\t\t\t\t\t\t\t\t\t<\/div>\n\t\t\t\t\t\t<div class=\"item-attributes\">\n\t\t\t\t\t\t\t<div class=\"item-attributes__item\"><div class=\"item-attributes__item__content\"><div class=\"item-attributes__item__content__item\"><i class=\"td-snorkel\"><\/i><\/div><div class=\"item-attributes__item__content__item item-attributes__item__content__item--text\"><span>Snorkeling<\/span><\/div><\/div><\/div><div class=\"item-attributes__item\"><div class=\"item-attributes__item__content\"><div class=\"item-attributes__item__content__item\"><i class=\"td-calendar-1\"><\/i><\/div><div class=\"item-attributes__item__content__item item-attributes__item__content__item--text\"><span>Tous les jours<\/span><\/div><\/div><\/div>\t\t\t\t\t\t\t<div class=\"item-attributes__item\">\n\t\t\t\t\t\t\t\t<a href=\"https:\/\/naturegalapagos.com\/fr\/galapagos-voyage\/voyage-sur-mesure-aux-galapagos\/4-jours-2-iles\/\" class=\"item-attributes__link\"><i class=\"fa fa-long-arrow-right\"><\/i><\/a>\n\t\t\t\t\t\t\t<\/div>\n\t\t\t\t\t\t<\/div>\n\t\t\t\t\t<\/div>\n\t\t\t\t<\/div>\n\t\t\t\t\t\t\t\t\t<\/div><!-- .swiper-wrapper -->\n\t\t<\/div><!-- .swiper-container -->\n\t<\/div><!-- .atgrid__slider  -->\n<\/div><!-- .atgrid -->\n[\/vc_column][\/vc_row][vc_row][vc_column][vc_empty_space height=&#8221;50&#8243;]<div class=\"title title--underline title--decoration-bottom-left\">\n<h3 class=\"title__primary\">CONSEILS POUR VOTRE VOYAGE AUX GALAPAGOS<\/h3><\/div>\n[\/vc_column][\/vc_row][vc_row][vc_column][vc_empty_space height=&#8221;50&#8243;][vc_column_text]<\/p>\n<p>Les beaut\u00e9s naturelles des \u00eeles Galapagos sont id\u00e9ales pour les sports et les activit\u00e9s d&#8217;aventure. Ses paysages et la faune en font une occasion unique d&#8217;interagir avec la nature pour les amateurs de l&#8217;aventure. Mais n\u2019oubliez pas que le Parc national Galapagos a des r\u00e8glements pour prot\u00e9ger les \u00eeles. Assurez-vous de v\u00e9rifier ces utiles conseils et ainsi vous pouvez nous aider \u00e0 mener un tourisme responsable et respectueux sur ce magnifique \u00e9cosyst\u00e8me. Obtenez le meilleur de votre aventure aux Galapagos en tant que un tourisme consciente!!!!<\/p>\n<p><strong>R\u00e8gles du Parc<\/strong><\/p>\n<p>Ne pas toucher ni d\u00e9ranger les animaux ou les plantes, car en dehors des dommages \u00e0 l&#8217;environnement, vous pouvez \u00eatre mordu ou piqu\u00e9.<\/p>\n<p>Ne recueillera rien de la terre ou des oc\u00e9ans, seulement vous pourrez \u00e9liminer les d\u00e9chets.<\/p>\n<p>Ne pas aller \u00e0 l&#8217;ext\u00e9rieur de la zone du snorquelling\/ la zone est sp\u00e9cifi\u00e9e par le guide.<\/p>\n<p><strong>Pour \u00eatre alerte<\/strong><\/p>\n<p>Les petits animaux et les tortues peuvent \u00eatre au le milieu de la route, soyez prudent sur la route. Ne pas essayer de se promener seul dans certains endroits, vous pouvez obtenir facilement perdu, sp\u00e9cialement sur les parties hautes des \u00eeles.<\/p>\n<p>V\u00e9rifiez tous les \u00e9quipements avant chaque voyage, et s&#8217;il y a un probl\u00e8me vous devez le signaler avant de commencer n&#8217;importe quelle activit\u00e9.<\/p>\n<p><strong>Autres sp\u00e9cifications\u2026<\/strong><\/p>\n<p>Les itin\u00e9raires des Tours Multisport n\u00e9cessitent une bonne condition physique, assurez-vous que vous \u00eates \u00e0 relever le d\u00e9fi.<\/p>\n<p>Restez hydrat\u00e9 en tout temps sur chaque excursion, il peut faire vraiment chaud sur la saison chaude (jusqu&#8217;\u00e0 31 \u00b0 C \/ 88 \u00b0 F) &#8211; tous les h\u00f4tels ont des distributeurs d&#8217;eau libre.<\/p>\n<p>Utilisez beaucoup de la cr\u00e8me solaire.<\/p>\n<p>Portez un chapeau<\/p>\n<p><strong>Assurez-vous d&#8217;apporter<\/strong><\/p>\n<p>Le passeport avec 6 mois de validit\u00e9<\/p>\n<p>Tous les m\u00e9dicaments sp\u00e9ciaux (si vous avez besoin)<\/p>\n<p>Des chaussures et des v\u00eatements confortables pour la marche.<\/p>\n<p><strong>Observation<\/strong><\/p>\n<p>L\u2019internet est disponible \u00e0 Santa Cruz et San Cristobal \u2013 Le service est d\u00e9fectueux sur l\u2019ile Isabela.<\/p>\n<p>Des distributeurs de billets (ATM) sont disponibles sur Santa Cruz et San Crist\u00f3bal. Nous vous recommandons d&#8217;apporter toutes les esp\u00e8ces (pour les d\u00e9penses impr\u00e9vues) pour le continent, car les machines ne sont pas fiables.<\/p>\n<p>[\/vc_column_text][\/vc_column][\/vc_row]<\/p>\n<\/div>","protected":false},"excerpt":{"rendered":"<p>[vc_row][vc_column][\/vc_column][\/vc_row][vc_row][vc_column][vc_empty_space height=&#8221;50&#8243;][\/vc_column][\/vc_row][vc_row][vc_column][vc_empty_space height=&#8221;50&#8243;][vc_column_text] Les beaut\u00e9s naturelles des \u00eeles Galapagos sont id\u00e9ales pour les sports et les activit\u00e9s d&#8217;aventure. Ses paysages et la faune en font une occasion unique d&#8217;interagir avec la nature pour les amateurs de l&#8217;aventure. Mais n\u2019oubliez pas que le Parc national Galapagos a des r\u00e8glements pour prot\u00e9ger<\/p>\n<div class=\"padding-top text-center\"><a href=\"https:\/\/naturegalapagos.com\/fr\/galapagos-voyage\/voyage-sur-mesure-aux-galapagos\/4-jours-2-iles\/\" class=\"atbtn atbtn--medium atbtn--rounded atbtn--transparent\">Pour en Savoir Plus<i class=\"atbtn__icon atbtn__icon--right fa fa-long-arrow-right\"><\/i><\/a><\/div>\n","protected":false},"author":2,"featured_media":0,"parent":0,"menu_order":0,"comment_status":"closed","ping_status":"closed","template":"","meta":{"_joinchat":[],"footnotes":""},"class_list":["post-1478","page","type-page","status-publish","hentry"],"yoast_head":"<!-- This site is optimized with the Yoast SEO Premium plugin v25.6 (Yoast SEO v26.1.1) - https:\/\/yoast.com\/wordpress\/plugins\/seo\/ -->\n<title>Conseils de Voyage | Tour Navigable aux Galapagos<\/title>\n<meta name=\"description\" content=\"Ici vous pourrez trouve des meilleurs conseils de voyage par le tour navigable aux Galapagos, comme r\u00e8gles du Parc Nationel Galapagos.\" \/>\n<meta name=\"robots\" content=\"index, follow, max-snippet:-1, max-image-preview:large, max-video-preview:-1\" \/>\n<link rel=\"canonical\" href=\"https:\/\/naturegalapagos.com\/fr\/galapagos-voyage\/tour-navigable\/conseils-de-voyage\/\" \/>\n<meta property=\"og:locale\" content=\"fr_FR\" \/>\n<meta property=\"og:type\" content=\"article\" \/>\n<meta property=\"og:title\" content=\"Conseils de Voyage | Tour Navigable\" \/>\n<meta property=\"og:description\" content=\"Ici vous pourrez trouve des meilleurs conseils de voyage par le tour navigable aux Galapagos, comme r\u00e8gles du Parc Nationel Galapagos.\" \/>\n<meta property=\"og:url\" content=\"https:\/\/naturegalapagos.com\/fr\/galapagos-voyage\/tour-navigable\/conseils-de-voyage\/\" \/>\n<meta property=\"og:site_name\" content=\"Fran\u00e7ais - Nature Galapagos &amp; Ecuador\" \/>\n<meta property=\"article:publisher\" content=\"https:\/\/www.facebook.com\/naturegalapagosecuador\/\" \/>\n<meta property=\"article:modified_time\" content=\"2016-09-26T22:38:17+00:00\" \/>\n<meta name=\"twitter:card\" content=\"summary_large_image\" \/>\n<meta name=\"twitter:site\" content=\"@naturegalapagos\" \/>\n<meta name=\"twitter:label1\" content=\"Est. reading time\" \/>\n\t<meta name=\"twitter:data1\" content=\"2 minutes\" \/>\n<!-- \/ Yoast SEO Premium plugin. -->","yoast_head_json":{"title":"Conseils de Voyage | Tour Navigable aux Galapagos","description":"Ici vous pourrez trouve des meilleurs conseils de voyage par le tour navigable aux Galapagos, comme r\u00e8gles du Parc Nationel Galapagos.","robots":{"index":"index","follow":"follow","max-snippet":"max-snippet:-1","max-image-preview":"max-image-preview:large","max-video-preview":"max-video-preview:-1"},"canonical":"https:\/\/naturegalapagos.com\/fr\/galapagos-voyage\/tour-navigable\/conseils-de-voyage\/","og_locale":"fr_FR","og_type":"article","og_title":"Conseils de Voyage | Tour Navigable","og_description":"Ici vous pourrez trouve des meilleurs conseils de voyage par le tour navigable aux Galapagos, comme r\u00e8gles du Parc Nationel Galapagos.","og_url":"https:\/\/naturegalapagos.com\/fr\/galapagos-voyage\/tour-navigable\/conseils-de-voyage\/","og_site_name":"Fran\u00e7ais - Nature Galapagos &amp; Ecuador","article_publisher":"https:\/\/www.facebook.com\/naturegalapagosecuador\/","article_modified_time":"2016-09-26T22:38:17+00:00","twitter_card":"summary_large_image","twitter_site":"@naturegalapagos","twitter_misc":{"Est. reading time":"2 minutes"},"schema":{"@context":"https:\/\/schema.org","@graph":[{"@type":"WebPage","@id":"https:\/\/naturegalapagos.com\/fr\/galapagos-voyage\/tour-navigable\/conseils-de-voyage\/","url":"https:\/\/naturegalapagos.com\/fr\/galapagos-voyage\/tour-navigable\/conseils-de-voyage\/","name":"Conseils de Voyage | Tour Navigable aux Galapagos","isPartOf":{"@id":"https:\/\/naturegalapagos.com\/fr\/#website"},"datePublished":"2016-06-17T18:20:15+00:00","dateModified":"2016-09-26T22:38:17+00:00","description":"Ici vous pourrez trouve des meilleurs conseils de voyage par le tour navigable aux Galapagos, comme r\u00e8gles du Parc Nationel Galapagos.","breadcrumb":{"@id":"https:\/\/naturegalapagos.com\/fr\/galapagos-voyage\/tour-navigable\/conseils-de-voyage\/#breadcrumb"},"inLanguage":"fr-FR","potentialAction":[{"@type":"ReadAction","target":["https:\/\/naturegalapagos.com\/fr\/galapagos-voyage\/tour-navigable\/conseils-de-voyage\/"]}]},{"@type":"BreadcrumbList","@id":"https:\/\/naturegalapagos.com\/fr\/galapagos-voyage\/tour-navigable\/conseils-de-voyage\/#breadcrumb","itemListElement":[{"@type":"ListItem","position":1,"name":"Home","item":"https:\/\/naturegalapagos.com\/fr\/"},{"@type":"ListItem","position":2,"name":"Conseils de Voyage | Tour Navigable"}]},{"@type":"WebSite","@id":"https:\/\/naturegalapagos.com\/fr\/#website","url":"https:\/\/naturegalapagos.com\/fr\/","name":"Fran\u00e7ais - Nature Galapagos & Ecuador","description":"","publisher":{"@id":"https:\/\/naturegalapagos.com\/fr\/#organization"},"potentialAction":[{"@type":"SearchAction","target":{"@type":"EntryPoint","urlTemplate":"https:\/\/naturegalapagos.com\/fr\/?s={search_term_string}"},"query-input":{"@type":"PropertyValueSpecification","valueRequired":true,"valueName":"search_term_string"}}],"inLanguage":"fr-FR"},{"@type":"Organization","@id":"https:\/\/naturegalapagos.com\/fr\/#organization","name":"Fran\u00e7ais - Nature Galapagos & Ecuador","url":"https:\/\/naturegalapagos.com\/fr\/","logo":{"@type":"ImageObject","inLanguage":"fr-FR","@id":"https:\/\/naturegalapagos.com\/fr\/#\/schema\/logo\/image\/","url":"https:\/\/naturegalapagos.com\/fr\/wp-content\/uploads\/sites\/4\/2016\/05\/logo-nature-galapagos.png","contentUrl":"https:\/\/naturegalapagos.com\/fr\/wp-content\/uploads\/sites\/4\/2016\/05\/logo-nature-galapagos.png","width":2500,"height":1000,"caption":"Fran\u00e7ais - Nature Galapagos & Ecuador"},"image":{"@id":"https:\/\/naturegalapagos.com\/fr\/#\/schema\/logo\/image\/"},"sameAs":["https:\/\/www.facebook.com\/naturegalapagosecuador\/","https:\/\/x.com\/naturegalapagos","https:\/\/www.instagram.com\/naturegalapagos\/","https:\/\/www.pinterest.com\/Naturegalapagos\/","https:\/\/www.youtube.com\/user\/NatureGalapagosTours"]}]}},"_links":{"self":[{"href":"https:\/\/naturegalapagos.com\/fr\/wp-json\/wp\/v2\/pages\/1478","targetHints":{"allow":["GET"]}}],"collection":[{"href":"https:\/\/naturegalapagos.com\/fr\/wp-json\/wp\/v2\/pages"}],"about":[{"href":"https:\/\/naturegalapagos.com\/fr\/wp-json\/wp\/v2\/types\/page"}],"author":[{"embeddable":true,"href":"https:\/\/naturegalapagos.com\/fr\/wp-json\/wp\/v2\/users\/2"}],"replies":[{"embeddable":true,"href":"https:\/\/naturegalapagos.com\/fr\/wp-json\/wp\/v2\/comments?post=1478"}],"version-history":[{"count":0,"href":"https:\/\/naturegalapagos.com\/fr\/wp-json\/wp\/v2\/pages\/1478\/revisions"}],"wp:attachment":[{"href":"https:\/\/naturegalapagos.com\/fr\/wp-json\/wp\/v2\/media?parent=1478"}],"curies":[{"name":"wp","href":"https:\/\/api.w.org\/{rel}","templated":true}]}}