{"id":1481,"date":"2016-06-17T18:30:05","date_gmt":"2016-06-17T18:30:05","guid":{"rendered":"http:\/\/naturegalapagos.com\/fr\/?page_id=1481"},"modified":"2016-06-17T18:30:05","modified_gmt":"2016-06-17T18:30:05","slug":"informations-generales-tour-daventure","status":"publish","type":"page","link":"https:\/\/naturegalapagos.com\/fr\/galapagos-voyage\/tour-daventure\/informations-generales\/","title":{"rendered":"Informations G\u00e9n\u00e9rales | Tour d&#8217;aventure"},"content":{"rendered":"<div class=\"wpb-content-wrapper\"><p>[vc_row][vc_column]<div class=\"title title--center title--underline title--decoration-bottom-center\">\n<h3 class=\"title__primary\">INFORMATIONS SIGNIFICATIVES<\/h3><\/div>\n[vc_empty_space height=&#8221;50&#8243;][\/vc_column][\/vc_row][vc_row][vc_column]<div class=\"icons-set\">\n\t<div class=\"row icons-set__row\">\n\t\t\t\t\t<div class=\"col-sm-6\">\n\t\t\t<div class=\"icons-set__item\">\n\t\t\t\t\t\t\t<div class=\"icons-set__item__field icons-set__item__field--fix-size\">\n\t\t\t\t<div class=\"icons-set__item__icon-wrap\"><i class=\"icons-set__item__icon td-hotel\"><\/i><\/div>\t\t\t\t<\/div>\n\t\t\t\t\t\t\t<div class=\"icons-set__item__field\">\n\t\t\t\t<h3 class=\"icons-set__item__title\">LA S\u00c9LECTION DE L&#039;H\u00d4TEL<\/h3>\t\t\t\t\t<div class=\"icons-set__item__description\">\n<p>La s\u00e9lection de l&#8217;h\u00f4tel d\u00e9pend de la cat\u00e9gorie de l&#8217;h\u00f4tel que vous choisissez. Une fois que vous choisissez l&#8217;h\u00f4tel de votre choix, nous allons vous pr\u00e9ciser quels h\u00f4tels sont disponibles pour les dates de votre voyage. Les h\u00f4tels sont class\u00e9s par diff\u00e9rentes cat\u00e9gories: Classe \u00e9conomique, classe touriste, classe touriste sup\u00e9rieure et Premi\u00e8re classe.\u00a0 Tous les h\u00f4tels avec lesquels nous travaillons ont \u00e9t\u00e9 soigneusement choisis par notre \u00e9quipe apr\u00e8s une inspection minutieuse. Nature Galapagos &amp; Ecuador est le fier propri\u00e9taire de l&#8217;H\u00f4tel San Vicente Galapagos (Classe Touriste), et l&#8217;H\u00f4tel La Laguna Galapagos (Class Touriste Superior), qui tous deux sont situ\u00e9s sur Isabela et \u00e0 la fois la qualit\u00e9 de service peut \u00eatre assur\u00e9e.<\/p>\n<\/div>\n\t\t\t\t<\/div>\n\t\t\t<\/div>\n\t\t<\/div>\n\t\t\t\t\t<div class=\"col-sm-6\">\n\t\t\t<div class=\"icons-set__item\">\n\t\t\t\t\t\t\t<div class=\"icons-set__item__field icons-set__item__field--fix-size\">\n\t\t\t\t<div class=\"icons-set__item__icon-wrap\"><i class=\"icons-set__item__icon td-plane-1\"><\/i><\/div>\t\t\t\t<\/div>\n\t\t\t\t\t\t\t<div class=\"icons-set__item__field\">\n\t\t\t\t<h3 class=\"icons-set__item__title\">DES BILLETS D&#039;AVION NON INCLUS<\/h3>\t\t\t\t\t<div class=\"icons-set__item__description\">\n<p>Le prix de nos tours ne comprend pas des billets d\u2019avion. Nous serons heureux de vous aider avec la r\u00e9servation du billet de Quito ou de Guayaquil \u00e0 Galapagos. Vous pouvez \u00e9galement r\u00e9server des vols par vous-m\u00eame s&#8217;il est moins cher. <strong>S&#8217;il vous plait vous devriez consid\u00e9rer<\/strong> \u00e0 partir de quelle des \u00eeles vous allez arriver et \u00a0partir, et si vous choisissez de r\u00e9server de votre vol s&#8217;il vous pla\u00eet essayer de r\u00e9server votre arriv\u00e9e le matin (avant 11h) et votre d\u00e9part \u00e0 la fin de l&#8217;apr\u00e8s-midi (12 heures ou apr\u00e8s), ce qui garantit de profiter tranquillement toutes les activit\u00e9s. Vous pouvez r\u00e9server votre vol soit par AEROGAL, LAN ou TAME (recommand\u00e9).<\/p>\n<\/div>\n\t\t\t\t<\/div>\n\t\t\t<\/div>\n\t\t<\/div>\n\t\t\t<\/div><div class=\"row icons-set__row\">\t\t<div class=\"col-sm-6\">\n\t\t\t<div class=\"icons-set__item\">\n\t\t\t\t\t\t\t<div class=\"icons-set__item__field icons-set__item__field--fix-size\">\n\t\t\t\t<div class=\"icons-set__item__icon-wrap\"><i class=\"icons-set__item__icon td-plate\"><\/i><\/div>\t\t\t\t<\/div>\n\t\t\t\t\t\t\t<div class=\"icons-set__item__field\">\n\t\t\t\t<h3 class=\"icons-set__item__title\">RESTAURANTS<\/h3>\t\t\t\t\t<div class=\"icons-set__item__description\">\n<p>Nous travaillons \u00e0 la fois avec les h\u00f4tels et les restaurants locaux,\u00a0 aussi bien pour le d\u00e9jeuner, le lunch et le d\u00eener. Cela d\u00e9pend \u00e9galement de la cat\u00e9gorie d&#8217;h\u00f4tel choisie, dans certains h\u00f4tels ils ont des services de restauration, auquel cas la nourriture sera servi sur le restaurant de l\u2019h\u00f4tel. Les repas sont servis \u00e0 le\u00a0style \u00ab repas de la journ\u00e9e &#8221; . Dans le cas o\u00f9 la nourriture n\u2019est pas servie \u00e0 l\u2019h\u00f4tel, le guide pr\u00e9cisera le restaurant choisi (les transferts depuis et vers les restaurants-h\u00f4tels ne sont pas inclus dans le co\u00fbt du programme. Cependant, les distances sont tous \u00e0 une distance minimale de marche).<\/p>\n<p><strong>Les Lunch et le d\u00eeners<\/strong> Ils se composent du menu du jour et le style local (pas \u00e0 la carte). L\u2019entr\u00e9e de la nourriture \u00e0 l&#8217;\u00eele est conditionnelle donc une vari\u00e9t\u00e9 limit\u00e9e d&#8217;aliments peut \u00eatre trouv\u00e9. Si vous avez besoin des repas v\u00e9g\u00e9tariens laissez-nous savoir \u00e0 l&#8217; avance ainsi nous pouvons prendre toutes les dispositions n\u00e9cessaires dans les possibilit\u00e9s.<\/p>\n<\/div>\n\t\t\t\t<\/div>\n\t\t\t<\/div>\n\t\t<\/div>\n\t\t\t\t\t<div class=\"col-sm-6\">\n\t\t\t<div class=\"icons-set__item\">\n\t\t\t\t\t\t\t<div class=\"icons-set__item__field icons-set__item__field--fix-size\">\n\t\t\t\t<div class=\"icons-set__item__icon-wrap\"><i class=\"icons-set__item__icon td-user-2\"><\/i><\/div>\t\t\t\t<\/div>\n\t\t\t\t\t\t\t<div class=\"icons-set__item__field\">\n\t\t\t\t<h3 class=\"icons-set__item__title\">GUIDES<\/h3>\t\t\t\t\t<div class=\"icons-set__item__description\">\n<p>Nous organisons des excursions avec des guides naturalistes locaux pour chaque \u00eele (et parfois pour chaque activit\u00e9). Les guides vous accompagnera pendant toutes les excursions, vous donner des informations sur les \u00eeles (flore et faune) et coordonner les activit\u00e9s de chaque jour. En ce qui concerne les lunchs et les d\u00eeners, le guide indiquera les restaurants d\u00e9signe pour les lunchs et les d\u00eeners, auxquels vous devrez aller sur votre propre comte (le co\u00fbt du d\u00e9placement aux restaurants ne sont pas inclus dans le prix du voyage). Les activit\u00e9s du guide vont commencer et se terminer par chaque excursion quotidienne. Le guide ne va pas \u00eatre avec vous sur les hors-bords (vedette rapide) entre les \u00eeles. Nous travaillons avec des guides locaux et ind\u00e9pendants qu\u2019ils sont certifi\u00e9s par le Parc National des Galapagos, si vous vous sentez que leur orientation ne r\u00e9pond pas \u00e0 vos attentes, ne h\u00e9sitez pas \u00e0 laisser une plainte \u00e0 la Direction du Parc National, si ce possible au moment de la visite, pour les aider \u00e0 am\u00e9liorer la qualit\u00e9 du service dans les \u00eeles.<\/p>\n<\/div>\n\t\t\t\t<\/div>\n\t\t\t<\/div>\n\t\t<\/div>\n\t\t\t<\/div><div class=\"row icons-set__row\">\t\t<div class=\"col-sm-6\">\n\t\t\t<div class=\"icons-set__item\">\n\t\t\t\t\t\t\t<div class=\"icons-set__item__field icons-set__item__field--fix-size\">\n\t\t\t\t<div class=\"icons-set__item__icon-wrap\"><i class=\"icons-set__item__icon td-sailboat\"><\/i><\/div>\t\t\t\t<\/div>\n\t\t\t\t\t\t\t<div class=\"icons-set__item__field\">\n\t\t\t\t<h3 class=\"icons-set__item__title\">VEDETTE RAPIDE PUBLIC<\/h3>\t\t\t\t\t<div class=\"icons-set__item__description\">\n<p>Nous vous recommandons de prendre une pilule mal de mer avant chaque d\u00e9part entre les \u00eeles si vous \u00eates sujet au mal de mer. Il est \u00e9galement recommand\u00e9 que vous portez des petits sacs en plastique avec vous en cas de mal de mer. Les bateaux \u00e0 moteur ne sont pas compl\u00e8tement couverts, s&#8217;il vous pla\u00eet assurez-vous que les objets et les appareils \u00e9lectroniques de valeur sont stock\u00e9s dans un sac en plastique. Le guide ne va pas aller avec vous sur le bateau \u00e0 moteur, mais un nouveau guide vous accueillera sur l&#8217;autre c\u00f4t\u00e9. Il n&#8217;y a pas des services \u00e0 bord parce que l&#8217;espace hors-bord est limit\u00e9 et le trajet est relativement court. Un taxi de l&#8217;eau est parfois n\u00e9cessaire (selon la mar\u00e9e) \u00e0 partir du quai \u00e0 la vedette rapide. Le co\u00fbt est de 1 USD par personne et par voyage. S&#8217;il vous pla\u00eet, assurez-vous apporter de l&#8217;argent en petites coupures en ce cas est n\u00e9cessaire. Ceci est un service public hors de notre contr\u00f4le.<\/p>\n<\/div>\n\t\t\t\t<\/div>\n\t\t\t<\/div>\n\t\t<\/div>\n\t\t\t\t\t<div class=\"col-sm-6\">\n\t\t\t<div class=\"icons-set__item\">\n\t\t\t\t\t\t\t<div class=\"icons-set__item__field icons-set__item__field--fix-size\">\n\t\t\t\t<div class=\"icons-set__item__icon-wrap\"><i class=\"icons-set__item__icon td-sailboat\"><\/i><\/div>\t\t\t\t<\/div>\n\t\t\t\t\t\t\t<div class=\"icons-set__item__field\">\n\t\t\t\t<h3 class=\"icons-set__item__title\">CALENDRIER DES EXCURSIONS<\/h3>\t\t\t\t\t<div class=\"icons-set__item__description\">\n<p>Le calendrier des excursions sera coordonn\u00e9 et d\u00e9termin\u00e9e localement par le guide et les responsables des op\u00e9rations. Le guide vous dira \u00e0 quelle heure va commencer chaque activit\u00e9. Les transferts entre les \u00eeles sur les vedettes publiques sont les seules activit\u00e9s qui ont fix\u00e9 les heures de d\u00e9part.<\/p>\n<\/div>\n\t\t\t\t<\/div>\n\t\t\t<\/div>\n\t\t<\/div>\n\t\t<\/div>\n<\/div>\n[vc_empty_space height=&#8221;50&#8243;][\/vc_column][\/vc_row]<\/p>\n<\/div>","protected":false},"excerpt":{"rendered":"<p>[vc_row][vc_column][vc_empty_space height=&#8221;50&#8243;][\/vc_column][\/vc_row][vc_row][vc_column][vc_empty_space height=&#8221;50&#8243;][\/vc_column][\/vc_row]<\/p>\n","protected":false},"author":2,"featured_media":0,"parent":0,"menu_order":0,"comment_status":"closed","ping_status":"closed","template":"","meta":{"_joinchat":[],"footnotes":""},"class_list":["post-1481","page","type-page","status-publish","hentry"],"yoast_head":"<!-- This site is optimized with the Yoast SEO Premium plugin v25.6 (Yoast SEO v26.1.1) - https:\/\/yoast.com\/wordpress\/plugins\/seo\/ -->\n<title>Informations G\u00e9n\u00e9rales | Tour d&#039;aventure aux Galapagos<\/title>\n<meta name=\"description\" content=\"Informations G\u00e9n\u00e9rale du tour d&#039;aventure aux Galapagos: les hotels Les guides, les excursions, les restaurants.\" \/>\n<meta name=\"robots\" content=\"index, follow, max-snippet:-1, max-image-preview:large, max-video-preview:-1\" \/>\n<link rel=\"canonical\" href=\"https:\/\/naturegalapagos.com\/fr\/galapagos-voyage\/tour-daventure\/informations-generales\/\" \/>\n<meta property=\"og:locale\" content=\"fr_FR\" \/>\n<meta property=\"og:type\" content=\"article\" \/>\n<meta property=\"og:title\" content=\"Informations G\u00e9n\u00e9rales | Tour d&#039;aventure\" \/>\n<meta property=\"og:description\" content=\"Informations G\u00e9n\u00e9rale du tour d&#039;aventure aux Galapagos: les hotels Les guides, les excursions, les restaurants.\" \/>\n<meta property=\"og:url\" content=\"https:\/\/naturegalapagos.com\/fr\/galapagos-voyage\/tour-daventure\/informations-generales\/\" \/>\n<meta property=\"og:site_name\" content=\"Fran\u00e7ais - Nature Galapagos &amp; Ecuador\" \/>\n<meta property=\"article:publisher\" content=\"https:\/\/www.facebook.com\/naturegalapagosecuador\/\" \/>\n<meta name=\"twitter:card\" content=\"summary_large_image\" \/>\n<meta name=\"twitter:site\" content=\"@naturegalapagos\" \/>\n<meta name=\"twitter:label1\" content=\"Est. reading time\" \/>\n\t<meta name=\"twitter:data1\" content=\"5 minutes\" \/>\n<!-- \/ Yoast SEO Premium plugin. -->","yoast_head_json":{"title":"Informations G\u00e9n\u00e9rales | Tour d'aventure aux Galapagos","description":"Informations G\u00e9n\u00e9rale du tour d'aventure aux Galapagos: les hotels Les guides, les excursions, les restaurants.","robots":{"index":"index","follow":"follow","max-snippet":"max-snippet:-1","max-image-preview":"max-image-preview:large","max-video-preview":"max-video-preview:-1"},"canonical":"https:\/\/naturegalapagos.com\/fr\/galapagos-voyage\/tour-daventure\/informations-generales\/","og_locale":"fr_FR","og_type":"article","og_title":"Informations G\u00e9n\u00e9rales | Tour d'aventure","og_description":"Informations G\u00e9n\u00e9rale du tour d'aventure aux Galapagos: les hotels Les guides, les excursions, les restaurants.","og_url":"https:\/\/naturegalapagos.com\/fr\/galapagos-voyage\/tour-daventure\/informations-generales\/","og_site_name":"Fran\u00e7ais - Nature Galapagos &amp; Ecuador","article_publisher":"https:\/\/www.facebook.com\/naturegalapagosecuador\/","twitter_card":"summary_large_image","twitter_site":"@naturegalapagos","twitter_misc":{"Est. reading time":"5 minutes"},"schema":{"@context":"https:\/\/schema.org","@graph":[{"@type":"WebPage","@id":"https:\/\/naturegalapagos.com\/fr\/galapagos-voyage\/tour-daventure\/informations-generales\/","url":"https:\/\/naturegalapagos.com\/fr\/galapagos-voyage\/tour-daventure\/informations-generales\/","name":"Informations G\u00e9n\u00e9rales | Tour d'aventure aux Galapagos","isPartOf":{"@id":"https:\/\/naturegalapagos.com\/fr\/#website"},"datePublished":"2016-06-17T18:30:05+00:00","description":"Informations G\u00e9n\u00e9rale du tour d'aventure aux Galapagos: les hotels Les guides, les excursions, les restaurants.","breadcrumb":{"@id":"https:\/\/naturegalapagos.com\/fr\/galapagos-voyage\/tour-daventure\/informations-generales\/#breadcrumb"},"inLanguage":"fr-FR","potentialAction":[{"@type":"ReadAction","target":["https:\/\/naturegalapagos.com\/fr\/galapagos-voyage\/tour-daventure\/informations-generales\/"]}]},{"@type":"BreadcrumbList","@id":"https:\/\/naturegalapagos.com\/fr\/galapagos-voyage\/tour-daventure\/informations-generales\/#breadcrumb","itemListElement":[{"@type":"ListItem","position":1,"name":"Home","item":"https:\/\/naturegalapagos.com\/fr\/"},{"@type":"ListItem","position":2,"name":"Informations G\u00e9n\u00e9rales | Tour d&#8217;aventure"}]},{"@type":"WebSite","@id":"https:\/\/naturegalapagos.com\/fr\/#website","url":"https:\/\/naturegalapagos.com\/fr\/","name":"Fran\u00e7ais - Nature Galapagos & Ecuador","description":"","publisher":{"@id":"https:\/\/naturegalapagos.com\/fr\/#organization"},"potentialAction":[{"@type":"SearchAction","target":{"@type":"EntryPoint","urlTemplate":"https:\/\/naturegalapagos.com\/fr\/?s={search_term_string}"},"query-input":{"@type":"PropertyValueSpecification","valueRequired":true,"valueName":"search_term_string"}}],"inLanguage":"fr-FR"},{"@type":"Organization","@id":"https:\/\/naturegalapagos.com\/fr\/#organization","name":"Fran\u00e7ais - Nature Galapagos & Ecuador","url":"https:\/\/naturegalapagos.com\/fr\/","logo":{"@type":"ImageObject","inLanguage":"fr-FR","@id":"https:\/\/naturegalapagos.com\/fr\/#\/schema\/logo\/image\/","url":"https:\/\/naturegalapagos.com\/fr\/wp-content\/uploads\/sites\/4\/2016\/05\/logo-nature-galapagos.png","contentUrl":"https:\/\/naturegalapagos.com\/fr\/wp-content\/uploads\/sites\/4\/2016\/05\/logo-nature-galapagos.png","width":2500,"height":1000,"caption":"Fran\u00e7ais - Nature Galapagos & Ecuador"},"image":{"@id":"https:\/\/naturegalapagos.com\/fr\/#\/schema\/logo\/image\/"},"sameAs":["https:\/\/www.facebook.com\/naturegalapagosecuador\/","https:\/\/x.com\/naturegalapagos","https:\/\/www.instagram.com\/naturegalapagos\/","https:\/\/www.pinterest.com\/Naturegalapagos\/","https:\/\/www.youtube.com\/user\/NatureGalapagosTours"]}]}},"_links":{"self":[{"href":"https:\/\/naturegalapagos.com\/fr\/wp-json\/wp\/v2\/pages\/1481","targetHints":{"allow":["GET"]}}],"collection":[{"href":"https:\/\/naturegalapagos.com\/fr\/wp-json\/wp\/v2\/pages"}],"about":[{"href":"https:\/\/naturegalapagos.com\/fr\/wp-json\/wp\/v2\/types\/page"}],"author":[{"embeddable":true,"href":"https:\/\/naturegalapagos.com\/fr\/wp-json\/wp\/v2\/users\/2"}],"replies":[{"embeddable":true,"href":"https:\/\/naturegalapagos.com\/fr\/wp-json\/wp\/v2\/comments?post=1481"}],"version-history":[{"count":0,"href":"https:\/\/naturegalapagos.com\/fr\/wp-json\/wp\/v2\/pages\/1481\/revisions"}],"wp:attachment":[{"href":"https:\/\/naturegalapagos.com\/fr\/wp-json\/wp\/v2\/media?parent=1481"}],"curies":[{"name":"wp","href":"https:\/\/api.w.org\/{rel}","templated":true}]}}