{"id":1254,"date":"2016-05-19T17:11:28","date_gmt":"2016-05-19T22:11:28","guid":{"rendered":"http:\/\/naturegalapagos.com\/fr\/galapagos-voyage\/tour-de-terre-aux-galapagos\/4-jours-2-ile\/"},"modified":"2025-06-10T22:32:23","modified_gmt":"2025-06-11T03:32:23","slug":"galapagos-voyageforfait-galapagos4-jours-2-iles","status":"publish","type":"product","link":"https:\/\/naturegalapagos.com\/fr\/galapagos-voyage\/forfait-galapagos\/4-jours-2-iles\/","title":{"rendered":"4 Jours | Forfait Galapagos"},"content":{"rendered":"<div class=\"wpb-content-wrapper\"><p>[vc_row][vc_column][vc_column_text]<\/p>\n<h1><span style=\"font-size: 12pt;\">4 Jours Magie d\u2019Isabela &#8211; Forfait Galapagos &#8211; 2 \u00eeles\u00a0<\/span><\/h1>\n<hr \/>\n<p><span style=\"font-size: 10pt;\"><em><strong>Le tour Magie d\u2019Isabela de 4 jours<\/strong><\/em> est un forfait avec le s\u00e9jour dans h\u00f4tel en Galapagos centr\u00e9 sur l&#8217;\u00eele Isabela, le <strong>\u00abParadis Perdu\u00bb<\/strong>\u00a0aux Galapagos, et \u00e9galement visitent\u00a0<strong>l&#8217;\u00eele Santa Cruz<\/strong>. Ce tour est l&#8217;un de nos voyages aux Galapagos comprenant des itin\u00e9raires courts mais complets. D\u00e9couvrez les environnements les plus incroyables trouv\u00e9s dans les Galapagos \u00e0 partir de l&#8217;impressionnant paysage lunaire volcanique du Volcan Sierra Negra\u00a0<span lang=\"fr\">jusqu&#8217;au\u00a0<\/span>l&#8217;habitat naturel des tortues g\u00e9antes dans les Parties Hautes de Santa Cruz. Vous pouvez d\u00e9couvrir la faune qui fait des \u00eeles Galapagos un lieu unique, magique et inoubliable. Choisissez parmi notre s\u00e9lection d\u2019h\u00f4tels confortables et d\u00e9couvrez Galapagos accompagn\u00e9 par nos guides naturalistes bilingues.<\/span><\/p>\n<p><!--more--><\/p>\n<p><span style=\"font-size: 10pt;\"><strong>Faune pour voir<\/strong>:\u00a0Des Pingouins de Galapagos, des lions de mer, des tortues g\u00e9antes, des iguanes marins, des L\u00e9zards de lave, des fous \u00e0 pieds bleus, des flamants roses, des oiseaux fr\u00e9gate, des p\u00e9licans, des pinsons de Darwin, des Fly- Catchers de Galapagos, des Moqueurs des Galapagos, et plus encore.<\/span><\/p>\n<p><span style=\"font-size: 10pt;\"><strong>Activit\u00e9s:<\/strong> Des randonn\u00e9es courtes, du snorkeling, de la navigation et l\u2019observation de la faune<\/span><br \/>\n<span style=\"font-size: 10pt;\"> <strong>Tranche d&#8217;\u00e2ge :<\/strong> 1 an &#8211; 60 ans\u00a0 (Personnes actives)<\/span><br \/>\n<span style=\"font-size: 10pt;\"> <strong>Style de voyage:<\/strong> Aventure simple<\/span><br \/>\n<span style=\"font-size: 10pt;\"> <strong>Type de forfait:<\/strong> Tout compris | H\u00f4tel selon votre choix.<\/span><br \/>\n<span style=\"font-size: 10pt;\"> <strong>Date de d\u00e9but:<\/strong> Tous les jours<\/span><\/p>\n<p style=\"text-align: center;\"><a class=\"atbtn atbtn--small\" href=\"http:\/\/naturegalapagos.com\/fr\/galapagos-voyage\/magie-disabela\/informations-generales\/\">Informations G\u00e9n\u00e9rales<\/a>\u00a0 \u00a0 \u00a0 \u00a0 \u00a0 \u00a0 \u00a0 \u00a0 \u00a0 \u00a0 \u00a0 \u00a0 \u00a0 \u00a0 \u00a0 \u00a0 \u00a0 \u00a0 \u00a0\u00a0<a class=\"atbtn atbtn--small\" href=\"http:\/\/naturegalapagos.com\/fr\/galapagos-voyage\/magie-disabela\/conseils-de-voyage\/\">Conseils de Voyage<\/a><\/p>\n<table class=\"table table-bordered tours-tabs__table\" style=\"height: 233px; width: 860px;\">\n<tbody>\n<tr style=\"height: 24px;\">\n<td style=\"height: 24px; width: 212px;\"><span style=\"font-size: 10pt;\"><strong>ENDROIT D&#8217;ARRIV\u00c9E\/ DE D\u00c9PART<\/strong><\/span><\/td>\n<td style=\"height: 24px; width: 634px;\"><span style=\"font-size: 10pt;\">Baltra, Les \u00eeles Galapagos.<\/span><\/td>\n<\/tr>\n<tr style=\"height: 24px;\">\n<td style=\"height: 24px; width: 212px;\"><span style=\"font-size: 10pt;\"><strong>HEURE D&#8217;ARRIV\u00c9E<\/strong><\/span><\/td>\n<td style=\"height: 24px; width: 634px;\"><span style=\"font-size: 10pt;\">Avant 11:00h \u00a0* Demandez pour les details.<\/span><\/td>\n<\/tr>\n<tr style=\"height: 24px;\">\n<td style=\"height: 24px; width: 212px;\"><span style=\"font-size: 10pt;\"><strong>HEURE DE D\u00c9PART<\/strong><\/span><\/td>\n<td style=\"height: 24px; width: 634px;\"><span style=\"font-size: 10pt;\">Apr\u00e8s \u00a011:00h. * Demandez pour les details.<\/span><\/td>\n<\/tr>\n<tr style=\"height: 24px;\">\n<td style=\"height: 24px; width: 212px;\"><span style=\"font-size: 10pt;\"><strong>PORTER<\/strong><\/span><\/td>\n<td style=\"height: 24px; width: 634px;\"><span style=\"font-size: 10pt;\">Des vetement confortable, des chaussure pour les promenages , de casquette, de manteau pour le pluie-vent et de la cr\u00e8me\u00a0solaire.<\/span><\/td>\n<\/tr>\n<tr style=\"height: 23px;\">\n<td style=\"height: 23px; width: 212px;\"><span style=\"font-size: 10pt;\"><strong>INCLUS<\/strong><\/span><\/td>\n<td style=\"height: 23px; width: 634px;\"><span style=\"font-size: 10pt;\"><i class=\"fa fa-check icon-tick icon-tick--on\"><\/i> L\u2019h\u00e9bergement dans les h\u00f4tels (dans des chambres doubles).<\/span><br \/>\n<span style=\"font-size: 10pt;\"> <i class=\"fa fa-check icon-tick icon-tick--on\"><\/i> Tous les repas aux Galapagos (D\u00e9jeuner-lunch-diner).<\/span><br \/>\n<span style=\"font-size: 10pt;\"> <i class=\"fa fa-check icon-tick icon-tick--on\"><\/i> Tous les transports (de terre et de la mer) dans Galapagos au cours du programme.<\/span><br \/>\n<span style=\"font-size: 10pt;\"> <i class=\"fa fa-check icon-tick icon-tick--on\"><\/i> Bilingues guides naturalistes pour chaque \u00eele et toutes les activit\u00e9s.<\/span><br \/>\n<span style=\"font-size: 10pt;\"> <i class=\"fa fa-check icon-tick icon-tick--on\"><\/i> Les excursions et les visites durant le programme.<\/span><br \/>\n<span style=\"font-size: 10pt;\"> <i class=\"fa fa-check icon-tick icon-tick--on\"><\/i> L\u2019\u00e9quipement de snorkel (masque, palmes, tube)<\/span><br \/>\n<span style=\"font-size: 10pt;\"> <i class=\"fa fa-check icon-tick icon-tick--on\"><\/i> Les transfers Puerto Ayora &#8211; Isabela &#8211; Puerto Ayora dans un bateau publique.<\/span><br \/>\n<span style=\"font-size: 10pt;\"> <i class=\"fa fa-check icon-tick icon-tick--on\"><\/i> Les transferts Baltra &#8211; Puerto Ayora &#8211; Baltra (par camion ou par bus en fonction de la taille du groupe).<\/span><\/td>\n<\/tr>\n<tr style=\"height: 38.875px;\">\n<td style=\"height: 38.875px; width: 212px;\"><span style=\"font-size: 10pt;\"><strong>NON INCLUS<\/strong><\/span><\/td>\n<td style=\"height: 38.875px; width: 634px;\"><span style=\"font-size: 10pt;\"><i class=\"fa fa-times icon-tick icon-tick--off\"><\/i>\u00a0Le billet d&#8217;avion<\/span><br \/>\n<span style=\"font-size: 10pt;\"> <i class=\"fa fa-times icon-tick icon-tick--off\"><\/i> Les frais d&#8217;entr\u00e9e du Park National Galapagos &#8211; 100,00 $ US par personne.<\/span><br \/>\n<span style=\"font-size: 10pt;\"> <i class=\"fa fa-times icon-tick icon-tick--off\"><\/i> Les imp\u00f4ts de quai sur Isabela &#8211; 10,00 $ US par personne.<\/span><br \/>\n<span style=\"font-size: 10pt;\"> <i class=\"fa fa-times icon-tick icon-tick--off\"><\/i>\u00a0La carte de contr\u00f4le Migrateurs &#8211; 20,00 US $ par personne.<\/span><br \/>\n<span style=\"font-size: 10pt;\"> <i class=\"fa fa-times icon-tick icon-tick--off\"><\/i>\u00a0Le transport A\u00e9roport de Baltra\u2013 le Canal d\u2019Itabaca &#8211; 5,00 USD par personne (sujet \u00e0 des changement).<\/span><br \/>\n<span style=\"font-size: 10pt;\"> <i class=\"fa fa-times icon-tick icon-tick--off\"><\/i>\u00a0Le transport du Canal d\u2019Itabaca &#8211; A\u00e9roport de Baltra &#8211; 5,00 USD par personne (sujet \u00e0 des changement).<\/span><br \/>\n<span style=\"font-size: 10pt;\"> <i class=\"fa fa-times icon-tick icon-tick--off\"><\/i>\u00a0Le co\u00fbt du transfert entre les h\u00f4tels et les restaurants d\u00e9sign\u00e9s pour les repas dans chaque \u00eele.<\/span><br \/>\n<span style=\"font-size: 10pt;\"> <i class=\"fa fa-times icon-tick icon-tick--off\"><\/i>\u00a0Le taxi de l&#8217;eau du quai \u00e0 la vedette rapide (selon la mar\u00e9e) &#8211; $ 1,00 US par personne et par trajet<\/span><br \/>\n<span style=\"font-size: 10pt;\"> <i class=\"fa fa-times icon-tick icon-tick--off\"><\/i>\u00a0Les boissons gazeuses et les boissons alcoolis\u00e9es<\/span><\/td>\n<\/tr>\n<\/tbody>\n<\/table>\n<p><span style=\"font-size: 10pt;\"><em><span style=\"font-size: 8pt;\"><strong>NOTE:<\/strong>\u00a0L\u2019itin\u00e9raire de Magie d\u2019Isabela est sujet \u00e0 des changements en raison des dispositions du Parc National Galapagos ou \u00e0 due \u00e0 des circonstances ind\u00e9pendantes de notre volont\u00e9 (cas de force majeure)<\/span>.<\/em><\/span>[\/vc_column_text][\/vc_column][\/vc_row][vc_row][vc_column el_class=&#8221;accocruise&#8221;][vc_column_text]\n<div class=\"panel panel-default accordion__item\">\n\t<div class=\"panel-heading accordion__item__title-wrap\">\n\t\t<h4 class=\"panel-title\">\n\t\t\t<a data-toggle=\"collapse\" data-parent=\"#ataccordion0\" href=\"#ataccordion0_1\" class=\"accordion__item__link collapsed\">En Savoir Plus<\/a>\n\t\t<\/h4>\n\t<\/div>\n\t<div id=\"ataccordion0_1\" class=\"panel-collapse collapse\">\n\t\t<div class=\"panel-body accordion__item__content\">\n<div class=\"ml-embedded\" data-form=\"qxiMAi\"><\/div>\n<\/div>\n\t<\/div>\n<\/div>[\/vc_column_text][\/vc_column][\/vc_row]<\/p>\n<\/div>","protected":false},"excerpt":{"rendered":"<p>[vc_row][vc_column][vc_column_text] 4 Jours Magie d\u2019Isabela &#8211; Forfait Galapagos &#8211; 2 \u00eeles\u00a0 Le tour Magie d\u2019Isabela de 4 jours est un forfait avec le s\u00e9jour dans h\u00f4tel en Galapagos centr\u00e9 sur l&#8217;\u00eele Isabela, le \u00abParadis Perdu\u00bb\u00a0aux Galapagos, et \u00e9galement visitent\u00a0l&#8217;\u00eele Santa Cruz. Ce tour est l&#8217;un de nos voyages aux Galapagos<\/p>\n<div class=\"padding-top text-center\"><a href=\"https:\/\/naturegalapagos.com\/fr\/galapagos-voyage\/forfait-galapagos\/4-jours-2-iles\/\" class=\"atbtn atbtn--medium atbtn--rounded atbtn--transparent\">Pour en Savoir Plus<i class=\"atbtn__icon atbtn__icon--right fa fa-long-arrow-right\"><\/i><\/a><\/div>\n","protected":false},"featured_media":1510,"comment_status":"open","ping_status":"closed","template":"","meta":{"_joinchat":[]},"product_brand":[],"product_cat":[215],"product_tag":[],"class_list":{"0":"post-1254","1":"product","2":"type-product","3":"status-publish","4":"has-post-thumbnail","6":"product_cat-non-classe","7":"tour_category-magie-disabela","9":"first","10":"outofstock","11":"taxable","12":"shipping-taxable","13":"purchasable","14":"product-type-tour"},"yoast_head":"<!-- This site is optimized with the Yoast SEO Premium plugin v25.6 (Yoast SEO v26.1.1) - https:\/\/yoast.com\/wordpress\/plugins\/seo\/ -->\n<title>Forfait Galapagos | Magie d&#039;Isabela | 4 Jours<\/title>\n<meta name=\"description\" content=\"Ce forfait Galapagos Magie d&#039;Isabela est un tour bas\u00e9 sur l&#039;\u00eele Isabela et Santa Cruz. Voyagez 2 \u00eeles en 4 jours avec un itin\u00e9raire de tour de terre.\" \/>\n<meta name=\"robots\" content=\"index, follow, max-snippet:-1, max-image-preview:large, max-video-preview:-1\" \/>\n<link rel=\"canonical\" href=\"https:\/\/naturegalapagos.com\/fr\/galapagos-voyage\/forfait-galapagos\/4-jours-2-iles\/\" \/>\n<meta property=\"og:locale\" content=\"fr_FR\" \/>\n<meta property=\"og:type\" content=\"article\" \/>\n<meta property=\"og:title\" content=\"4 Jours | Forfait Galapagos\" \/>\n<meta property=\"og:description\" content=\"Ce forfait Galapagos Magie d&#039;Isabela est un tour bas\u00e9 sur l&#039;\u00eele Isabela et Santa Cruz. Voyagez 2 \u00eeles en 4 jours avec un itin\u00e9raire de tour de terre.\" \/>\n<meta property=\"og:url\" content=\"https:\/\/naturegalapagos.com\/fr\/galapagos-voyage\/forfait-galapagos\/4-jours-2-iles\/\" \/>\n<meta property=\"og:site_name\" content=\"Fran\u00e7ais - Nature Galapagos &amp; Ecuador\" \/>\n<meta property=\"article:publisher\" content=\"https:\/\/www.facebook.com\/naturegalapagosecuador\/\" \/>\n<meta property=\"article:modified_time\" content=\"2025-06-11T03:32:23+00:00\" \/>\n<meta property=\"og:image\" content=\"https:\/\/naturegalapagos.com\/fr\/wp-content\/uploads\/sites\/4\/2016\/05\/Forfait-Galapagos.jpg\" \/>\n\t<meta property=\"og:image:width\" content=\"1024\" \/>\n\t<meta property=\"og:image:height\" content=\"512\" \/>\n\t<meta property=\"og:image:type\" content=\"image\/jpeg\" \/>\n<meta name=\"twitter:card\" content=\"summary_large_image\" \/>\n<meta name=\"twitter:site\" content=\"@naturegalapagos\" \/>\n<meta name=\"twitter:label1\" content=\"Est. reading time\" \/>\n\t<meta name=\"twitter:data1\" content=\"3 minutes\" \/>\n<!-- \/ Yoast SEO Premium plugin. -->","yoast_head_json":{"title":"Forfait Galapagos | Magie d'Isabela | 4 Jours","description":"Ce forfait Galapagos Magie d'Isabela est un tour bas\u00e9 sur l'\u00eele Isabela et Santa Cruz. Voyagez 2 \u00eeles en 4 jours avec un itin\u00e9raire de tour de terre.","robots":{"index":"index","follow":"follow","max-snippet":"max-snippet:-1","max-image-preview":"max-image-preview:large","max-video-preview":"max-video-preview:-1"},"canonical":"https:\/\/naturegalapagos.com\/fr\/galapagos-voyage\/forfait-galapagos\/4-jours-2-iles\/","og_locale":"fr_FR","og_type":"article","og_title":"4 Jours | Forfait Galapagos","og_description":"Ce forfait Galapagos Magie d'Isabela est un tour bas\u00e9 sur l'\u00eele Isabela et Santa Cruz. Voyagez 2 \u00eeles en 4 jours avec un itin\u00e9raire de tour de terre.","og_url":"https:\/\/naturegalapagos.com\/fr\/galapagos-voyage\/forfait-galapagos\/4-jours-2-iles\/","og_site_name":"Fran\u00e7ais - Nature Galapagos &amp; Ecuador","article_publisher":"https:\/\/www.facebook.com\/naturegalapagosecuador\/","article_modified_time":"2025-06-11T03:32:23+00:00","og_image":[{"width":1024,"height":512,"url":"https:\/\/naturegalapagos.com\/fr\/wp-content\/uploads\/sites\/4\/2016\/05\/Forfait-Galapagos.jpg","type":"image\/jpeg"}],"twitter_card":"summary_large_image","twitter_site":"@naturegalapagos","twitter_misc":{"Est. reading time":"3 minutes"},"schema":{"@context":"https:\/\/schema.org","@graph":[{"@type":"WebPage","@id":"https:\/\/naturegalapagos.com\/fr\/galapagos-voyage\/forfait-galapagos\/4-jours-2-iles\/","url":"https:\/\/naturegalapagos.com\/fr\/galapagos-voyage\/forfait-galapagos\/4-jours-2-iles\/","name":"Forfait Galapagos | Magie d'Isabela | 4 Jours","isPartOf":{"@id":"https:\/\/naturegalapagos.com\/fr\/#website"},"primaryImageOfPage":{"@id":"https:\/\/naturegalapagos.com\/fr\/galapagos-voyage\/forfait-galapagos\/4-jours-2-iles\/#primaryimage"},"image":{"@id":"https:\/\/naturegalapagos.com\/fr\/galapagos-voyage\/forfait-galapagos\/4-jours-2-iles\/#primaryimage"},"thumbnailUrl":"https:\/\/naturegalapagos.com\/fr\/wp-content\/uploads\/sites\/4\/2016\/05\/Forfait-Galapagos.jpg","datePublished":"2016-05-19T22:11:28+00:00","dateModified":"2025-06-11T03:32:23+00:00","description":"Ce forfait Galapagos Magie d'Isabela est un tour bas\u00e9 sur l'\u00eele Isabela et Santa Cruz. Voyagez 2 \u00eeles en 4 jours avec un itin\u00e9raire de tour de terre.","breadcrumb":{"@id":"https:\/\/naturegalapagos.com\/fr\/galapagos-voyage\/forfait-galapagos\/4-jours-2-iles\/#breadcrumb"},"inLanguage":"fr-FR","potentialAction":[{"@type":"ReadAction","target":["https:\/\/naturegalapagos.com\/fr\/galapagos-voyage\/forfait-galapagos\/4-jours-2-iles\/"]}]},{"@type":"ImageObject","inLanguage":"fr-FR","@id":"https:\/\/naturegalapagos.com\/fr\/galapagos-voyage\/forfait-galapagos\/4-jours-2-iles\/#primaryimage","url":"https:\/\/naturegalapagos.com\/fr\/wp-content\/uploads\/sites\/4\/2016\/05\/Forfait-Galapagos.jpg","contentUrl":"https:\/\/naturegalapagos.com\/fr\/wp-content\/uploads\/sites\/4\/2016\/05\/Forfait-Galapagos.jpg","width":1024,"height":512,"caption":"Forfait Galapagos"},{"@type":"BreadcrumbList","@id":"https:\/\/naturegalapagos.com\/fr\/galapagos-voyage\/forfait-galapagos\/4-jours-2-iles\/#breadcrumb","itemListElement":[{"@type":"ListItem","position":1,"name":"Home","item":"https:\/\/naturegalapagos.com\/fr\/"},{"@type":"ListItem","position":2,"name":"Tours","item":"https:\/\/naturegalapagos.com\/fr\/tours\/"},{"@type":"ListItem","position":3,"name":"4 Jours | Forfait Galapagos"}]},{"@type":"WebSite","@id":"https:\/\/naturegalapagos.com\/fr\/#website","url":"https:\/\/naturegalapagos.com\/fr\/","name":"Fran\u00e7ais - Nature Galapagos & Ecuador","description":"","publisher":{"@id":"https:\/\/naturegalapagos.com\/fr\/#organization"},"potentialAction":[{"@type":"SearchAction","target":{"@type":"EntryPoint","urlTemplate":"https:\/\/naturegalapagos.com\/fr\/?s={search_term_string}"},"query-input":{"@type":"PropertyValueSpecification","valueRequired":true,"valueName":"search_term_string"}}],"inLanguage":"fr-FR"},{"@type":"Organization","@id":"https:\/\/naturegalapagos.com\/fr\/#organization","name":"Fran\u00e7ais - Nature Galapagos & Ecuador","url":"https:\/\/naturegalapagos.com\/fr\/","logo":{"@type":"ImageObject","inLanguage":"fr-FR","@id":"https:\/\/naturegalapagos.com\/fr\/#\/schema\/logo\/image\/","url":"https:\/\/naturegalapagos.com\/fr\/wp-content\/uploads\/sites\/4\/2016\/05\/logo-nature-galapagos.png","contentUrl":"https:\/\/naturegalapagos.com\/fr\/wp-content\/uploads\/sites\/4\/2016\/05\/logo-nature-galapagos.png","width":2500,"height":1000,"caption":"Fran\u00e7ais - Nature Galapagos & Ecuador"},"image":{"@id":"https:\/\/naturegalapagos.com\/fr\/#\/schema\/logo\/image\/"},"sameAs":["https:\/\/www.facebook.com\/naturegalapagosecuador\/","https:\/\/x.com\/naturegalapagos","https:\/\/www.instagram.com\/naturegalapagos\/","https:\/\/www.pinterest.com\/Naturegalapagos\/","https:\/\/www.youtube.com\/user\/NatureGalapagosTours"]}]}},"_links":{"self":[{"href":"https:\/\/naturegalapagos.com\/fr\/wp-json\/wp\/v2\/product\/1254","targetHints":{"allow":["GET"]}}],"collection":[{"href":"https:\/\/naturegalapagos.com\/fr\/wp-json\/wp\/v2\/product"}],"about":[{"href":"https:\/\/naturegalapagos.com\/fr\/wp-json\/wp\/v2\/types\/product"}],"replies":[{"embeddable":true,"href":"https:\/\/naturegalapagos.com\/fr\/wp-json\/wp\/v2\/comments?post=1254"}],"wp:featuredmedia":[{"embeddable":true,"href":"https:\/\/naturegalapagos.com\/fr\/wp-json\/wp\/v2\/media\/1510"}],"wp:attachment":[{"href":"https:\/\/naturegalapagos.com\/fr\/wp-json\/wp\/v2\/media?parent=1254"}],"wp:term":[{"taxonomy":"product_brand","embeddable":true,"href":"https:\/\/naturegalapagos.com\/fr\/wp-json\/wp\/v2\/product_brand?post=1254"},{"taxonomy":"product_cat","embeddable":true,"href":"https:\/\/naturegalapagos.com\/fr\/wp-json\/wp\/v2\/product_cat?post=1254"},{"taxonomy":"product_tag","embeddable":true,"href":"https:\/\/naturegalapagos.com\/fr\/wp-json\/wp\/v2\/product_tag?post=1254"}],"curies":[{"name":"wp","href":"https:\/\/api.w.org\/{rel}","templated":true}]}}