{"id":1282,"date":"2016-05-30T16:07:00","date_gmt":"2016-05-30T21:07:00","guid":{"rendered":"http:\/\/naturegalapagos.com\/fr\/galapagos-voyage\/tour-aux-+iles+galapagos\/6-jours-2-iles\/"},"modified":"2025-06-11T03:52:21","modified_gmt":"2025-06-11T08:52:21","slug":"8-jours-forfait-aux-galapagos","status":"publish","type":"product","link":"https:\/\/naturegalapagos.com\/fr\/galapagos-voyage\/forfait-aux-galapagos\/8-jours-3-iles\/","title":{"rendered":"8 Jours | Forfait aux Galapagos"},"content":{"rendered":"<div class=\"wpb-content-wrapper\"><p>[vc_row][vc_column][vc_column_text]<\/p>\n<h2><strong><span style=\"font-size: 12pt;\">8 Jours Magie d\u2019Isabela &#8211; Forfait aux Galapagos<\/span><\/strong><\/h2>\n<hr \/>\n<p><span style=\"font-size: 10pt;\"><em><strong>Notre Tour Magie d\u2019Isabela \u00a0de 8 jours<\/strong><\/em> est un spectaculaire forfait \u00a0aux Galapagos que vous m\u00e8nera \u00e0 3 \u00eeles. Profitez d&#8217;un gros plan sur les habitats vari\u00e9s trouv\u00e9s dans les \u00eeles Galapagos et observer la faune unique qu&#8217;ils d\u00e9tiennent. Le snorkelling est une grande chose dans cet itin\u00e9raire. Vous pouvez nager avec les lions de mer, les tortues de mer et si vous avez de la chance avec les requins. Voyagez \u00e0 l&#8217;impressionnant paysage lunaire volcanique du Volcan Sierra Negra y du Volcan Chico. Ce programme de voyage tout compris, vous permet de choisir parmi une s\u00e9lection de classes d&#8217;h\u00f4tels pour s\u2019adapter \u00e0 votre budget et votre confort. Les activit\u00e9s quotidiennes sont dirig\u00e9es par un guide naturaliste bilingue. D\u00e9couvrez la magie des Galapagos \u00e0 travers ce vaste tour !<\/span><\/p>\n<p><!--more--><span style=\"font-size: 10pt;\"><strong>Faune pour voir<\/strong>:\u00a0Des lions de mer, des tortues g\u00e9antes, des iguanes marins, des L\u00e9zards de lave, des fous \u00e0 pieds bleus, des flamants roses, des oiseaux fr\u00e9gate, des p\u00e9licans, des pinsons de Darwin, des Fly- Catchers de Galapagos, des Moqueurs des Galapagos, et plus encore.<\/span><\/p>\n<p><span style=\"font-size: 10pt;\"><strong>Activit\u00e9s:<\/strong> Des randonn\u00e9es courtes, du snorkeling, de la navigation et l\u2019observation de la faune<\/span><br \/>\n<span style=\"font-size: 10pt;\"> <strong>Tranche d&#8217;\u00e2ge :<\/strong>\u00a03 ans &#8211; 60 ans\u00a0 (Personnes actives)<\/span><br \/>\n<span style=\"font-size: 10pt;\"> <strong>Style de voyage:<\/strong> Aventure simple<\/span><br \/>\n<span style=\"font-size: 10pt;\"> <strong>Type de forfait:<\/strong> Tout compris | H\u00f4tel selon votre choix.<\/span><br \/>\n<span style=\"font-size: 10pt;\"> <strong>Date de d\u00e9but:<\/strong> Tous les jours<\/span><\/p>\n<p style=\"text-align: center;\"><a class=\"atbtn atbtn--small\" href=\"http:\/\/naturegalapagos.com\/fr\/galapagos-voyage\/magie-disabela\/informations-generales\/\">Informations G\u00e9n\u00e9rales<\/a>\u00a0 \u00a0 \u00a0 \u00a0 \u00a0 \u00a0 \u00a0 \u00a0 \u00a0 \u00a0 \u00a0 \u00a0 \u00a0 \u00a0 \u00a0 \u00a0 \u00a0 \u00a0 \u00a0\u00a0<a class=\"atbtn atbtn--small\" href=\"http:\/\/naturegalapagos.com\/fr\/galapagos-voyage\/magie-disabela\/conseils-de-voyage\/\">Conseils de Voyage<\/a><\/p>\n<table class=\"table table-bordered tours-tabs__table\" style=\"height: 233px; width: 860px;\">\n<tbody>\n<tr style=\"height: 24px;\">\n<td style=\"height: 24px; width: 212px;\"><span style=\"font-size: 10pt;\"><strong>ENDROIT D&#8217;ARRIV\u00c9E\/DE D\u00c9PART\u00a0<\/strong><\/span><\/td>\n<td style=\"height: 24px; width: 634px;\"><span style=\"font-size: 10pt;\">Arriv\u00e9e San Cristobal \/ D\u00e9part Baltra, Les \u00eeles Galapagos.<\/span><\/td>\n<\/tr>\n<tr style=\"height: 24px;\">\n<td style=\"height: 24px; width: 212px;\"><span style=\"font-size: 10pt;\"><strong>HEURE D&#8217;ARRIV\u00c9E<\/strong><\/span><\/td>\n<td style=\"height: 24px; width: 634px;\"><span style=\"font-size: 10pt;\">Avant 11:00* Demandez pour les details.<\/span><\/td>\n<\/tr>\n<tr style=\"height: 24px;\">\n<td style=\"height: 24px; width: 212px;\"><span style=\"font-size: 10pt;\"><strong>HEURE DE DEPART<\/strong><\/span><\/td>\n<td style=\"height: 24px; width: 634px;\"><span style=\"font-size: 10pt;\">Apr\u00e8s 11:00 *Demandez pour les details.<\/span><\/td>\n<\/tr>\n<tr style=\"height: 24px;\">\n<td style=\"height: 24px; width: 212px;\"><span style=\"font-size: 10pt;\"><strong>PORTER<\/strong><\/span><\/td>\n<td style=\"height: 24px; width: 634px;\"><span style=\"font-size: 10pt;\">Des vetements confortables, des chaussures confortables pour les promenages , des\u00a0<span lang=\"fr\">chapeau ou\u00a0<\/span>casquette, de manteau pour le pluie-vent et de la cr\u00e8me solaire.<\/span><\/td>\n<\/tr>\n<tr style=\"height: 23px;\">\n<td style=\"height: 23px; width: 212px;\"><span style=\"font-size: 10pt;\"><strong>INCLUS<\/strong><\/span><\/td>\n<td style=\"height: 23px; width: 634px;\"><span style=\"font-size: 10pt;\"><i class=\"fa fa-check icon-tick icon-tick--on\"><\/i> L\u2019h\u00e9bergement dans les h\u00f4tels (dans des chambres doubles).<\/span><br \/>\n<span style=\"font-size: 10pt;\"> <i class=\"fa fa-check icon-tick icon-tick--on\"><\/i> Tous les repas aux Galapagos (D\u00e9jeuner-lunch-diner).<\/span><br \/>\n<span style=\"font-size: 10pt;\"> <i class=\"fa fa-check icon-tick icon-tick--on\"><\/i> Tous les transports (de terre et de la mer) dans Galapagos au cours du programme.<\/span><br \/>\n<span style=\"font-size: 10pt;\"> <i class=\"fa fa-check icon-tick icon-tick--on\"><\/i> Bilingues guides naturalistes pour chaque \u00eele et toutes les activit\u00e9s.<\/span><br \/>\n<span style=\"font-size: 10pt;\"> <i class=\"fa fa-check icon-tick icon-tick--on\"><\/i> Les excursions et les visites durant le programme.<\/span><br \/>\n<span style=\"font-size: 10pt;\"> <i class=\"fa fa-check icon-tick icon-tick--on\"><\/i> L\u2019\u00e9quipement de snorkel (masque, palmes, tube)<\/span><br \/>\n<span style=\"font-size: 10pt;\"> <i class=\"fa fa-check icon-tick icon-tick--on\"><\/i> Les transfers San Cristobal\u00a0&#8211; Puerto Ayora (Santa Cruz) \u00a0dans un bateau publique.<i class=\"fa fa-check icon-tick icon-tick--on\"><\/i> Les transfers Puerto Ayora &#8211; Isabela &#8211; Puerto Ayora dans un bateau publique.<\/span><br \/>\n<span style=\"font-size: 10pt;\"> <i class=\"fa fa-check icon-tick icon-tick--on\"><\/i> Les transferts Puerto Ayora &#8211; Baltra (par camion ou par bus en fonction de la taille du groupe).<\/span><\/td>\n<\/tr>\n<tr style=\"height: 38.875px;\">\n<td style=\"height: 38.875px; width: 212px;\"><span style=\"font-size: 10pt;\"><strong>NON INCLUS<\/strong><\/span><\/td>\n<td style=\"height: 38.875px; width: 634px;\"><span style=\"font-size: 10pt;\"><i class=\"fa fa-times icon-tick icon-tick--off\"><\/i>\u00a0Le billet d&#8217;avion<\/span><br \/>\n<span style=\"font-size: 10pt;\"> <i class=\"fa fa-times icon-tick icon-tick--off\"><\/i> Les frais d&#8217;entr\u00e9e du Park National Galapagos &#8211; 100,00 $ US par personne.<\/span><br \/>\n<span style=\"font-size: 10pt;\"> <i class=\"fa fa-times icon-tick icon-tick--off\"><\/i> Les imp\u00f4ts de quai sur Isabela &#8211; 10,00 $ US par personne.<\/span><br \/>\n<span style=\"font-size: 10pt;\"> <i class=\"fa fa-times icon-tick icon-tick--off\"><\/i>\u00a0La carte de contr\u00f4le Migrateurs &#8211; 20,00 US $ par personne.<\/span><br \/>\n<span style=\"font-size: 10pt;\"> <i class=\"fa fa-times icon-tick icon-tick--off\"><\/i>\u00a0Le transport A\u00e9roport de Baltra\u2013 le Canal d\u2019Itabaca &#8211; 5,00 USD par personne (sujet \u00e0 des changements).<\/span><br \/>\n<span style=\"font-size: 10pt;\"> <i class=\"fa fa-times icon-tick icon-tick--off\"><\/i>\u00a0Le transport du Canal d\u2019Itabaca &#8211; A\u00e9roport de Baltra &#8211; 5,00 USD par personne (sujet \u00e0 des changements).<\/span><br \/>\n<span style=\"font-size: 10pt;\"> <i class=\"fa fa-times icon-tick icon-tick--off\"><\/i>\u00a0Le co\u00fbt du transfert entre les h\u00f4tels et les restaurants d\u00e9sign\u00e9s pour les repas dans chaque \u00eele.<\/span><br \/>\n<span style=\"font-size: 10pt;\"> <i class=\"fa fa-times icon-tick icon-tick--off\"><\/i>\u00a0Le taxi de l&#8217;eau du quai \u00e0 la vedette rapide (selon la mar\u00e9e) &#8211; $ 1,00 US par personne et par trajet<\/span><br \/>\n<span style=\"font-size: 10pt;\"> <i class=\"fa fa-times icon-tick icon-tick--off\"><\/i>\u00a0Les boissons gazeuses et les boissons alcoolis\u00e9es<\/span><\/td>\n<\/tr>\n<\/tbody>\n<\/table>\n<p><span style=\"font-size: 8pt;\"><em><strong>NOTE:<\/strong>\u00a0L\u2019itin\u00e9raire du tour aux Galapagos Magie d\u2019Isabela est sujet \u00e0 des changements en raison des dispositions du Parc National Galapagos ou \u00e0 due \u00e0 des circonstances ind\u00e9pendantes de notre volont\u00e9 (cas de force majeure).<\/em><\/span>[\/vc_column_text][\/vc_column][\/vc_row][vc_row][vc_column el_class=&#8221;accocruise&#8221;][vc_column_text]\n<div class=\"panel panel-default accordion__item\">\n\t<div class=\"panel-heading accordion__item__title-wrap\">\n\t\t<h4 class=\"panel-title\">\n\t\t\t<a data-toggle=\"collapse\" data-parent=\"#ataccordion0\" href=\"#ataccordion0_1\" class=\"accordion__item__link collapsed\">En Savoir Plus<\/a>\n\t\t<\/h4>\n\t<\/div>\n\t<div id=\"ataccordion0_1\" class=\"panel-collapse collapse\">\n\t\t<div class=\"panel-body accordion__item__content\">\n<div class=\"ml-embedded\" data-form=\"RUWIu7\"><\/div>\n<\/div>\n\t<\/div>\n<\/div>[\/vc_column_text][\/vc_column][\/vc_row]<\/p>\n<\/div>","protected":false},"excerpt":{"rendered":"<p>[vc_row][vc_column][vc_column_text] 8 Jours Magie d\u2019Isabela &#8211; Forfait aux Galapagos Notre Tour Magie d\u2019Isabela \u00a0de 8 jours est un spectaculaire forfait \u00a0aux Galapagos que vous m\u00e8nera \u00e0 3 \u00eeles. Profitez d&#8217;un gros plan sur les habitats vari\u00e9s trouv\u00e9s dans les \u00eeles Galapagos et observer la faune unique qu&#8217;ils d\u00e9tiennent. Le snorkelling<\/p>\n<div class=\"padding-top text-center\"><a href=\"https:\/\/naturegalapagos.com\/fr\/galapagos-voyage\/forfait-aux-galapagos\/8-jours-3-iles\/\" class=\"atbtn atbtn--medium atbtn--rounded atbtn--transparent\">Pour en Savoir Plus<i class=\"atbtn__icon atbtn__icon--right fa fa-long-arrow-right\"><\/i><\/a><\/div>\n","protected":false},"featured_media":1515,"comment_status":"open","ping_status":"closed","template":"","meta":{"_joinchat":[]},"product_brand":[],"product_cat":[215],"product_tag":[],"class_list":{"0":"post-1282","1":"product","2":"type-product","3":"status-publish","4":"has-post-thumbnail","6":"product_cat-non-classe","7":"tour_category-magie-disabela","9":"first","10":"outofstock","11":"taxable","12":"shipping-taxable","13":"purchasable","14":"product-type-tour"},"yoast_head":"<!-- This site is optimized with the Yoast SEO Premium plugin v25.6 (Yoast SEO v26.1.1) - https:\/\/yoast.com\/wordpress\/plugins\/seo\/ -->\n<title>Forfait aux Galapagos | 8 Jours | Pas cher<\/title>\n<meta name=\"description\" content=\"Cette excellent forfait aux Galapagos vous am\u00e8nez dans 3 \u00eeles que vous peurrez explorer en 8 jours. Tout l&#039;itin\u00e9raire de Voyage inclus.\" \/>\n<meta name=\"robots\" content=\"index, follow, max-snippet:-1, max-image-preview:large, max-video-preview:-1\" \/>\n<link rel=\"canonical\" href=\"https:\/\/naturegalapagos.com\/fr\/galapagos-voyage\/forfait-aux-galapagos\/8-jours-3-iles\/\" \/>\n<meta property=\"og:locale\" content=\"fr_FR\" \/>\n<meta property=\"og:type\" content=\"article\" \/>\n<meta property=\"og:title\" content=\"8 Jours | Forfait aux Galapagos\" \/>\n<meta property=\"og:description\" content=\"Cette excellent forfait aux Galapagos vous am\u00e8nez dans 3 \u00eeles que vous peurrez explorer en 8 jours. Tout l&#039;itin\u00e9raire de Voyage inclus.\" \/>\n<meta property=\"og:url\" content=\"https:\/\/naturegalapagos.com\/fr\/galapagos-voyage\/forfait-aux-galapagos\/8-jours-3-iles\/\" \/>\n<meta property=\"og:site_name\" content=\"Fran\u00e7ais - Nature Galapagos &amp; Ecuador\" \/>\n<meta property=\"article:publisher\" content=\"https:\/\/www.facebook.com\/naturegalapagosecuador\/\" \/>\n<meta property=\"article:modified_time\" content=\"2025-06-11T08:52:21+00:00\" \/>\n<meta property=\"og:image\" content=\"https:\/\/naturegalapagos.com\/fr\/wp-content\/uploads\/sites\/4\/2016\/05\/Forfait-aux-Galapagos.jpg\" \/>\n\t<meta property=\"og:image:width\" content=\"1024\" \/>\n\t<meta property=\"og:image:height\" content=\"512\" \/>\n\t<meta property=\"og:image:type\" content=\"image\/jpeg\" \/>\n<meta name=\"twitter:card\" content=\"summary_large_image\" \/>\n<meta name=\"twitter:site\" content=\"@naturegalapagos\" \/>\n<meta name=\"twitter:label1\" content=\"Est. reading time\" \/>\n\t<meta name=\"twitter:data1\" content=\"4 minutes\" \/>\n<!-- \/ Yoast SEO Premium plugin. -->","yoast_head_json":{"title":"Forfait aux Galapagos | 8 Jours | Pas cher","description":"Cette excellent forfait aux Galapagos vous am\u00e8nez dans 3 \u00eeles que vous peurrez explorer en 8 jours. Tout l'itin\u00e9raire de Voyage inclus.","robots":{"index":"index","follow":"follow","max-snippet":"max-snippet:-1","max-image-preview":"max-image-preview:large","max-video-preview":"max-video-preview:-1"},"canonical":"https:\/\/naturegalapagos.com\/fr\/galapagos-voyage\/forfait-aux-galapagos\/8-jours-3-iles\/","og_locale":"fr_FR","og_type":"article","og_title":"8 Jours | Forfait aux Galapagos","og_description":"Cette excellent forfait aux Galapagos vous am\u00e8nez dans 3 \u00eeles que vous peurrez explorer en 8 jours. Tout l'itin\u00e9raire de Voyage inclus.","og_url":"https:\/\/naturegalapagos.com\/fr\/galapagos-voyage\/forfait-aux-galapagos\/8-jours-3-iles\/","og_site_name":"Fran\u00e7ais - Nature Galapagos &amp; Ecuador","article_publisher":"https:\/\/www.facebook.com\/naturegalapagosecuador\/","article_modified_time":"2025-06-11T08:52:21+00:00","og_image":[{"width":1024,"height":512,"url":"https:\/\/naturegalapagos.com\/fr\/wp-content\/uploads\/sites\/4\/2016\/05\/Forfait-aux-Galapagos.jpg","type":"image\/jpeg"}],"twitter_card":"summary_large_image","twitter_site":"@naturegalapagos","twitter_misc":{"Est. reading time":"4 minutes"},"schema":{"@context":"https:\/\/schema.org","@graph":[{"@type":"WebPage","@id":"https:\/\/naturegalapagos.com\/fr\/galapagos-voyage\/forfait-aux-galapagos\/8-jours-3-iles\/","url":"https:\/\/naturegalapagos.com\/fr\/galapagos-voyage\/forfait-aux-galapagos\/8-jours-3-iles\/","name":"Forfait aux Galapagos | 8 Jours | Pas cher","isPartOf":{"@id":"https:\/\/naturegalapagos.com\/fr\/#website"},"primaryImageOfPage":{"@id":"https:\/\/naturegalapagos.com\/fr\/galapagos-voyage\/forfait-aux-galapagos\/8-jours-3-iles\/#primaryimage"},"image":{"@id":"https:\/\/naturegalapagos.com\/fr\/galapagos-voyage\/forfait-aux-galapagos\/8-jours-3-iles\/#primaryimage"},"thumbnailUrl":"https:\/\/naturegalapagos.com\/fr\/wp-content\/uploads\/sites\/4\/2016\/05\/Forfait-aux-Galapagos.jpg","datePublished":"2016-05-30T21:07:00+00:00","dateModified":"2025-06-11T08:52:21+00:00","description":"Cette excellent forfait aux Galapagos vous am\u00e8nez dans 3 \u00eeles que vous peurrez explorer en 8 jours. Tout l'itin\u00e9raire de Voyage inclus.","breadcrumb":{"@id":"https:\/\/naturegalapagos.com\/fr\/galapagos-voyage\/forfait-aux-galapagos\/8-jours-3-iles\/#breadcrumb"},"inLanguage":"fr-FR","potentialAction":[{"@type":"ReadAction","target":["https:\/\/naturegalapagos.com\/fr\/galapagos-voyage\/forfait-aux-galapagos\/8-jours-3-iles\/"]}]},{"@type":"ImageObject","inLanguage":"fr-FR","@id":"https:\/\/naturegalapagos.com\/fr\/galapagos-voyage\/forfait-aux-galapagos\/8-jours-3-iles\/#primaryimage","url":"https:\/\/naturegalapagos.com\/fr\/wp-content\/uploads\/sites\/4\/2016\/05\/Forfait-aux-Galapagos.jpg","contentUrl":"https:\/\/naturegalapagos.com\/fr\/wp-content\/uploads\/sites\/4\/2016\/05\/Forfait-aux-Galapagos.jpg","width":1024,"height":512,"caption":"Forfait aux Galapagos"},{"@type":"BreadcrumbList","@id":"https:\/\/naturegalapagos.com\/fr\/galapagos-voyage\/forfait-aux-galapagos\/8-jours-3-iles\/#breadcrumb","itemListElement":[{"@type":"ListItem","position":1,"name":"Home","item":"https:\/\/naturegalapagos.com\/fr\/"},{"@type":"ListItem","position":2,"name":"Tours","item":"https:\/\/naturegalapagos.com\/fr\/tours\/"},{"@type":"ListItem","position":3,"name":"8 Jours | Forfait aux Galapagos"}]},{"@type":"WebSite","@id":"https:\/\/naturegalapagos.com\/fr\/#website","url":"https:\/\/naturegalapagos.com\/fr\/","name":"Fran\u00e7ais - Nature Galapagos & Ecuador","description":"","publisher":{"@id":"https:\/\/naturegalapagos.com\/fr\/#organization"},"potentialAction":[{"@type":"SearchAction","target":{"@type":"EntryPoint","urlTemplate":"https:\/\/naturegalapagos.com\/fr\/?s={search_term_string}"},"query-input":{"@type":"PropertyValueSpecification","valueRequired":true,"valueName":"search_term_string"}}],"inLanguage":"fr-FR"},{"@type":"Organization","@id":"https:\/\/naturegalapagos.com\/fr\/#organization","name":"Fran\u00e7ais - Nature Galapagos & Ecuador","url":"https:\/\/naturegalapagos.com\/fr\/","logo":{"@type":"ImageObject","inLanguage":"fr-FR","@id":"https:\/\/naturegalapagos.com\/fr\/#\/schema\/logo\/image\/","url":"https:\/\/naturegalapagos.com\/fr\/wp-content\/uploads\/sites\/4\/2016\/05\/logo-nature-galapagos.png","contentUrl":"https:\/\/naturegalapagos.com\/fr\/wp-content\/uploads\/sites\/4\/2016\/05\/logo-nature-galapagos.png","width":2500,"height":1000,"caption":"Fran\u00e7ais - Nature Galapagos & Ecuador"},"image":{"@id":"https:\/\/naturegalapagos.com\/fr\/#\/schema\/logo\/image\/"},"sameAs":["https:\/\/www.facebook.com\/naturegalapagosecuador\/","https:\/\/x.com\/naturegalapagos","https:\/\/www.instagram.com\/naturegalapagos\/","https:\/\/www.pinterest.com\/Naturegalapagos\/","https:\/\/www.youtube.com\/user\/NatureGalapagosTours"]}]}},"_links":{"self":[{"href":"https:\/\/naturegalapagos.com\/fr\/wp-json\/wp\/v2\/product\/1282","targetHints":{"allow":["GET"]}}],"collection":[{"href":"https:\/\/naturegalapagos.com\/fr\/wp-json\/wp\/v2\/product"}],"about":[{"href":"https:\/\/naturegalapagos.com\/fr\/wp-json\/wp\/v2\/types\/product"}],"replies":[{"embeddable":true,"href":"https:\/\/naturegalapagos.com\/fr\/wp-json\/wp\/v2\/comments?post=1282"}],"wp:featuredmedia":[{"embeddable":true,"href":"https:\/\/naturegalapagos.com\/fr\/wp-json\/wp\/v2\/media\/1515"}],"wp:attachment":[{"href":"https:\/\/naturegalapagos.com\/fr\/wp-json\/wp\/v2\/media?parent=1282"}],"wp:term":[{"taxonomy":"product_brand","embeddable":true,"href":"https:\/\/naturegalapagos.com\/fr\/wp-json\/wp\/v2\/product_brand?post=1282"},{"taxonomy":"product_cat","embeddable":true,"href":"https:\/\/naturegalapagos.com\/fr\/wp-json\/wp\/v2\/product_cat?post=1282"},{"taxonomy":"product_tag","embeddable":true,"href":"https:\/\/naturegalapagos.com\/fr\/wp-json\/wp\/v2\/product_tag?post=1282"}],"curies":[{"name":"wp","href":"https:\/\/api.w.org\/{rel}","templated":true}]}}