{"id":1302,"date":"2016-05-31T13:20:58","date_gmt":"2016-05-31T18:20:58","guid":{"rendered":"http:\/\/naturegalapagos.com\/fr\/galapagos-voyage\/Tourisme-aux-Galapagos\/8-jours-4-iles\/"},"modified":"2024-08-29T16:04:32","modified_gmt":"2024-08-29T21:04:32","slug":"4-jours-voyage-daventure-aux-iles-galapagos","status":"publish","type":"product","link":"https:\/\/naturegalapagos.com\/fr\/galapagos-voyage\/voyage-daventure-aux-iles-galapagos\/4-jours-1-ile\/","title":{"rendered":"4 Jours | Voyage d&#8217;aventure aux \u00eeles Galapagos"},"content":{"rendered":"<div class=\"wpb-content-wrapper\"><p>[vc_row][vc_column][vc_column_text]<\/p>\n<h2><span style=\"font-size: 18pt;\"><strong>4 Jours &#8211; Programme d&#8217;aventure\u00a0<\/strong><strong>&#8211;\u00a0<\/strong>Voyage d&#8217;aventure aux \u00eeles Galapagos<strong>. Seule Isabela<\/strong><strong>!<\/strong><\/span><\/h2>\n<hr \/>\n<p><span style=\"font-size: 10pt;\"><strong><em>Nos programmes d&#8217;aventure aux \u00eeles Galapagos<\/em><\/strong> vous permettent d&#8217;explorer Galapagos \u00e0 partir d&#8217;une perspective compl\u00e8tement diff\u00e9rente. Notre tour de 4 jours d&#8217;aventure se concentre sur l&#8217;\u00eele Isabela, le &#8221; Paradis perdu &#8221; des Galapagos et a \u00e9t\u00e9 sp\u00e9cialement con\u00e7u pour les amateurs d&#8217;aventure et les amateurs du sport. Isabela est le sc\u00e9nario id\u00e9al pour les activit\u00e9s telles que le kayak, la randonn\u00e9e, le v\u00e9lo et le snorkelling. Vous pouvez \u00e9galement personnaliser ce tour avec l&#8217;\u00e9quitation. Voyez vous-m\u00eame et profitez d&#8217;un voyage unique!<\/span><\/p>\n<p><!--more--><span style=\"font-size: 10pt;\"><strong>Faune pour voir<\/strong>:\u00a0Des lions de mer, des tortues g\u00e9antes, des iguanes marins, des L\u00e9zards de lave, des fous \u00e0 pieds bleus, des flamants roses, des oiseaux fr\u00e9gate, des p\u00e9licans, des pinsons de Darwin, des Fly- Catchers de Galapagos, des Moqueurs des Galapagos, et plus encore.<\/span><\/p>\n<ul>\n<li><span style=\"font-size: 10pt;\"><strong>Activit\u00e9s:<\/strong>\u00a0De kayak, Des randonn\u00e9es, du snorkeling, du v\u00e9lo et l\u2019observation de la faune<\/span><\/li>\n<li><span style=\"font-size: 10pt;\"><strong>Tranche d&#8217;\u00e2ge :<\/strong>\u00a010 ans &#8211; 60 ans\u00a0 (Personnes actives)<\/span><\/li>\n<li><span style=\"font-size: 10pt;\"><strong>Style de voyage:<\/strong>\u00a0Aventure<\/span><\/li>\n<li><span style=\"font-size: 10pt;\"><strong>Type de forfait:<\/strong> Tout compris\u00a0<\/span><\/li>\n<li><span style=\"font-size: 10pt;\"><strong>Date de d\u00e9but:<\/strong> Tous les jours<\/span><\/li>\n<\/ul>\n<p style=\"text-align: center;\"><a class=\"atbtn atbtn--small\" href=\"http:\/\/naturegalapagos.com\/fr\/galapagos-voyage\/tour-daventure\/informations-generales\/\">Informations G\u00e9n\u00e9rales<\/a>\u00a0 \u00a0 \u00a0 \u00a0 \u00a0 \u00a0 \u00a0 \u00a0 \u00a0 \u00a0 \u00a0 \u00a0 \u00a0 \u00a0 \u00a0 \u00a0 \u00a0 \u00a0 \u00a0\u00a0<a class=\"atbtn atbtn--small\" href=\"http:\/\/naturegalapagos.com\/fr\/galapagos-voyage\/tour-daventure\/conseils-de-voyage\/\">Conseils de Voyage<\/a><\/p>\n<div id=\"tw-target-text-container\" class=\"tw-ta-container F0azHf tw-nfl\" tabindex=\"0\">\n<h3 id=\"tw-target-text\" class=\"tw-data-text tw-text-large tw-ta\" dir=\"ltr\" data-placeholder=\"Traducci\u00f3n\" aria-label=\"Texto traducido\" data-ved=\"2ahUKEwis6PzujJuIAxXTg4QIHYspHEEQ3ewLegQICBAU\"><span class=\"Y2IQFc\" lang=\"it\" style=\"font-family: arial, helvetica, sans-serif;\">dati importanti<\/span><\/h3>\n<\/div>\n<table class=\"table table-bordered tours-tabs__table\" style=\"height: 233px; width: 860px;\">\n<tbody>\n<tr style=\"height: 24px;\">\n<td style=\"height: 24px; width: 212px;\"><span style=\"font-size: 10pt;\"><strong>ENDROIT D&#8217;ARRIV\u00c9E\/\u00a0DE D\u00c9PART<\/strong><\/span><\/td>\n<td style=\"height: 24px; width: 634px;\"><span style=\"font-size: 10pt;\">Baltra, Les \u00eeles Galapagos.<\/span><\/td>\n<\/tr>\n<tr style=\"height: 24px;\">\n<td style=\"height: 24px; width: 212px;\"><span style=\"font-size: 10pt;\"><strong>HEURE D&#8217;ARRIV\u00c9E<\/strong><\/span><\/td>\n<td style=\"height: 24px; width: 634px;\"><span style=\"font-size: 10pt;\">Avant 11:00* Demandez pour les details.<\/span><\/td>\n<\/tr>\n<tr style=\"height: 24px;\">\n<td style=\"height: 24px; width: 212px;\"><span style=\"font-size: 10pt;\"><strong>HEURE DE DEPART<\/strong><\/span><\/td>\n<td style=\"height: 24px; width: 634px;\"><span style=\"font-size: 10pt;\">Apr\u00e8s 11:00 *Demandez pour les details.<\/span><\/td>\n<\/tr>\n<tr style=\"height: 24px;\">\n<td style=\"height: 24px; width: 212px;\"><span style=\"font-size: 10pt;\"><strong>PORTER<\/strong><\/span><\/td>\n<td style=\"height: 24px; width: 634px;\"><span style=\"font-size: 10pt;\">Des vetements confortables, des chaussures confortables pour les promenages , des\u00a0<span lang=\"fr\">chapeau ou\u00a0<\/span>casquette, de manteau pour le pluie-vent et de la cr\u00e8me solaire.<\/span><\/td>\n<\/tr>\n<tr style=\"height: 23px;\">\n<td style=\"height: 23px; width: 212px;\"><span style=\"font-size: 10pt;\"><strong>INCLUS<\/strong><\/span><\/td>\n<td style=\"height: 23px; width: 634px;\"><span style=\"font-size: 10pt;\"><i class=\"fa fa-check icon-tick icon-tick--on\"><\/i> L\u2019h\u00e9bergement dans les h\u00f4tels (dans des chambres doubles).<\/span><br \/>\n<span style=\"font-size: 10pt;\"> <i class=\"fa fa-check icon-tick icon-tick--on\"><\/i> Tous les repas aux Galapagos (D\u00e9jeuner-lunch-diner).<\/span><br \/>\n<span style=\"font-size: 10pt;\"> <i class=\"fa fa-check icon-tick icon-tick--on\"><\/i> Tous les transports (de terre et de la mer) dans Galapagos au cours du programme.<\/span><br \/>\n<span style=\"font-size: 10pt;\"> <i class=\"fa fa-check icon-tick icon-tick--on\"><\/i> Bilingues guides naturalistes pour chaque \u00eele et toutes les activit\u00e9s.<\/span><br \/>\n<span style=\"font-size: 10pt;\"> <i class=\"fa fa-check icon-tick icon-tick--on\"><\/i> Les excursions et les visites durant le programme.<\/span><br \/>\n<span style=\"font-size: 10pt;\"> <i class=\"fa fa-check icon-tick icon-tick--on\"><\/i> L\u2019\u00e9quipement du kayak (bateau et lignes)<\/span><br \/>\n<span style=\"font-size: 10pt;\"><i class=\"fa fa-check icon-tick icon-tick--on\"><\/i> Les v\u00e9los pour les excursions selon l\u2019itin\u00e9raire.<\/span><br \/>\n<span style=\"font-size: 10pt;\"><i class=\"fa fa-check icon-tick icon-tick--on\"><\/i> L\u2019\u00e9quipement de snorkelling (masque, palmes,tube)<\/span><br \/>\n<span style=\"font-size: 10pt;\"> <i class=\"fa fa-check icon-tick icon-tick--on\"><\/i> Transfert d&#8217;entr\u00e9e et de sortie de l\u2019A\u00e9roport de Baltra (par camion ou par bus en fonction de la taille du groupe).<\/span><br \/>\n<span style=\"font-size: 10pt;\"> <i class=\"fa fa-check icon-tick icon-tick--on\"><\/i> Les transfers Puerto Ayora &#8211; Isabela &#8211; Puerto Ayora dans un bateau publique.<\/span><br \/>\n<span style=\"font-size: 10pt;\"> <i class=\"fa fa-check icon-tick icon-tick--on\"><\/i> Les transferts Puerto Ayora &#8211; Isabela- Puerto Ayora\u00a0dans un bateau publique.<\/span><\/td>\n<\/tr>\n<tr style=\"height: 38.875px;\">\n<td style=\"height: 38.875px; width: 212px;\"><span style=\"font-size: 10pt;\"><strong>NON INCLUS<\/strong><\/span><\/td>\n<td style=\"height: 38.875px; width: 634px;\"><span style=\"font-size: 10pt;\"><i class=\"fa fa-times icon-tick icon-tick--off\"><\/i>\u00a0Le billet d&#8217;avion<\/span><br \/>\n<span style=\"font-size: 10pt;\"> <i class=\"fa fa-times icon-tick icon-tick--off\"><\/i> Les frais d&#8217;entr\u00e9e du Park National Galapagos &#8211; 100,00 $ US par personne.<\/span><br \/>\n<span style=\"font-size: 10pt;\"> <i class=\"fa fa-times icon-tick icon-tick--off\"><\/i> Les imp\u00f4ts de quai sur Isabela &#8211; 10,00 $ US par personne.<\/span><br \/>\n<span style=\"font-size: 10pt;\"> <i class=\"fa fa-times icon-tick icon-tick--off\"><\/i>\u00a0La carte de contr\u00f4le Migrateurs &#8211; 20,00 US $ par personne.<\/span><br \/>\n<span style=\"font-size: 10pt;\"> <i class=\"fa fa-times icon-tick icon-tick--off\"><\/i>\u00a0Le transport A\u00e9roport de Baltra\u2013 le Canal d\u2019Itabaca &#8211; 5,00 USD par personne (sujet \u00e0 des changements).<\/span><br \/>\n<span style=\"font-size: 10pt;\"> <i class=\"fa fa-times icon-tick icon-tick--off\"><\/i>\u00a0Le transport du Canal d\u2019Itabaca &#8211; A\u00e9roport de Baltra &#8211; 5,00 USD par personne (sujet \u00e0 des changements).<\/span><br \/>\n<span style=\"font-size: 10pt;\"> <i class=\"fa fa-times icon-tick icon-tick--off\"><\/i>\u00a0Le co\u00fbt du transfert entre les h\u00f4tels et les restaurants d\u00e9sign\u00e9s pour les repas dans chaque \u00eele.<\/span><br \/>\n<span style=\"font-size: 10pt;\"> <i class=\"fa fa-times icon-tick icon-tick--off\"><\/i>\u00a0Le taxi de l&#8217;eau du quai \u00e0 la vedette rapide (selon la mar\u00e9e) &#8211; $ 1,00 US par personne et par trajet<\/span><br \/>\n<span style=\"font-size: 10pt;\"> <i class=\"fa fa-times icon-tick icon-tick--off\"><\/i>\u00a0Les boissons gazeuses et les boissons alcoolis\u00e9es<\/span><\/td>\n<\/tr>\n<\/tbody>\n<\/table>\n<p><span style=\"font-size: 8pt;\"><em><strong>NOTE:<\/strong>\u00a0L\u2019itin\u00e9raire du tour aux Galapagos Magie d\u2019Isabela est sujet \u00e0 des changements en raison des dispositions du Parc National Galapagos ou \u00e0 due \u00e0 des circonstances ind\u00e9pendantes de notre volont\u00e9 (cas de force majeure).<\/em><\/span>[\/vc_column_text][\/vc_column][\/vc_row][vc_row][vc_column el_class=&#8221;accocruise&#8221;][vc_column_text]\n<div class=\"panel panel-default accordion__item\">\n\t<div class=\"panel-heading accordion__item__title-wrap\">\n\t\t<h4 class=\"panel-title\">\n\t\t\t<a data-toggle=\"collapse\" data-parent=\"#ataccordion0\" href=\"#ataccordion0_1\" class=\"accordion__item__link collapsed\">En Savoir Plus<\/a>\n\t\t<\/h4>\n\t<\/div>\n\t<div id=\"ataccordion0_1\" class=\"panel-collapse collapse\">\n\t\t<div class=\"panel-body accordion__item__content\">\n<div class=\"ml-embedded\" data-form=\"pzWexl\"><\/div>\n<\/div>\n\t<\/div>\n<\/div>[\/vc_column_text][\/vc_column][\/vc_row]<\/p>\n<\/div>","protected":false},"excerpt":{"rendered":"<p>[vc_row][vc_column][vc_column_text] 4 Jours &#8211; Programme d&#8217;aventure\u00a0&#8211;\u00a0Voyage d&#8217;aventure aux \u00eeles Galapagos. Seule Isabela! Nos programmes d&#8217;aventure aux \u00eeles Galapagos vous permettent d&#8217;explorer Galapagos \u00e0 partir d&#8217;une perspective compl\u00e8tement diff\u00e9rente. Notre tour de 4 jours d&#8217;aventure se concentre sur l&#8217;\u00eele Isabela, le &#8221; Paradis perdu &#8221; des Galapagos et a \u00e9t\u00e9 sp\u00e9cialement<\/p>\n<div class=\"padding-top text-center\"><a href=\"https:\/\/naturegalapagos.com\/fr\/galapagos-voyage\/voyage-daventure-aux-iles-galapagos\/4-jours-1-ile\/\" class=\"atbtn atbtn--medium atbtn--rounded atbtn--transparent\">Pour en Savoir Plus<i class=\"atbtn__icon atbtn__icon--right fa fa-long-arrow-right\"><\/i><\/a><\/div>\n","protected":false},"featured_media":1524,"comment_status":"open","ping_status":"closed","template":"","meta":{"_joinchat":[]},"product_brand":[],"product_cat":[215],"product_tag":[],"class_list":{"0":"post-1302","1":"product","2":"type-product","3":"status-publish","4":"has-post-thumbnail","6":"product_cat-non-classe","7":"tour_category-tours-multisport-et-daventure","9":"first","10":"outofstock","11":"taxable","12":"shipping-taxable","13":"purchasable","14":"product-type-tour"},"yoast_head":"<!-- This site is optimized with the Yoast SEO Premium plugin v25.6 (Yoast SEO v26.1.1) - https:\/\/yoast.com\/wordpress\/plugins\/seo\/ -->\n<title>Voyage d&#039;aventure aux \u00eeles Galapagos | 4 Jours | Seule Isabela<\/title>\n<meta name=\"description\" content=\"Le voyage d&#039;aventure aux \u00eeles Galapagos vous permettent d&#039;explorer l&#039;\u00eele Isabela avec un intinerary actif con\u00e7u pour les amateurs du sport.\" \/>\n<meta name=\"robots\" content=\"index, follow, max-snippet:-1, max-image-preview:large, max-video-preview:-1\" \/>\n<link rel=\"canonical\" href=\"https:\/\/naturegalapagos.com\/fr\/galapagos-voyage\/voyage-daventure-aux-iles-galapagos\/4-jours-1-ile\/\" \/>\n<meta property=\"og:locale\" content=\"fr_FR\" \/>\n<meta property=\"og:type\" content=\"article\" \/>\n<meta property=\"og:title\" content=\"4 Jours | Voyage d&#039;aventure aux \u00eeles Galapagos\" \/>\n<meta property=\"og:description\" content=\"Le voyage d&#039;aventure aux \u00eeles Galapagos vous permettent d&#039;explorer l&#039;\u00eele Isabela avec un intinerary actif con\u00e7u pour les amateurs du sport.\" \/>\n<meta property=\"og:url\" content=\"https:\/\/naturegalapagos.com\/fr\/galapagos-voyage\/voyage-daventure-aux-iles-galapagos\/4-jours-1-ile\/\" \/>\n<meta property=\"og:site_name\" content=\"Fran\u00e7ais - Nature Galapagos &amp; Ecuador\" \/>\n<meta property=\"article:publisher\" content=\"https:\/\/www.facebook.com\/naturegalapagosecuador\/\" \/>\n<meta property=\"article:modified_time\" content=\"2024-08-29T21:04:32+00:00\" \/>\n<meta property=\"og:image\" content=\"https:\/\/naturegalapagos.com\/fr\/wp-content\/uploads\/sites\/4\/2016\/05\/Voyage-daventure-aux-\u00eeles-Galapagos.jpg\" \/>\n\t<meta property=\"og:image:width\" content=\"1024\" \/>\n\t<meta property=\"og:image:height\" content=\"512\" \/>\n\t<meta property=\"og:image:type\" content=\"image\/jpeg\" \/>\n<meta name=\"twitter:card\" content=\"summary_large_image\" \/>\n<meta name=\"twitter:site\" content=\"@naturegalapagos\" \/>\n<meta name=\"twitter:label1\" content=\"Est. reading time\" \/>\n\t<meta name=\"twitter:data1\" content=\"3 minutes\" \/>\n<!-- \/ Yoast SEO Premium plugin. -->","yoast_head_json":{"title":"Voyage d'aventure aux \u00eeles Galapagos | 4 Jours | Seule Isabela","description":"Le voyage d'aventure aux \u00eeles Galapagos vous permettent d'explorer l'\u00eele Isabela avec un intinerary actif con\u00e7u pour les amateurs du sport.","robots":{"index":"index","follow":"follow","max-snippet":"max-snippet:-1","max-image-preview":"max-image-preview:large","max-video-preview":"max-video-preview:-1"},"canonical":"https:\/\/naturegalapagos.com\/fr\/galapagos-voyage\/voyage-daventure-aux-iles-galapagos\/4-jours-1-ile\/","og_locale":"fr_FR","og_type":"article","og_title":"4 Jours | Voyage d'aventure aux \u00eeles Galapagos","og_description":"Le voyage d'aventure aux \u00eeles Galapagos vous permettent d'explorer l'\u00eele Isabela avec un intinerary actif con\u00e7u pour les amateurs du sport.","og_url":"https:\/\/naturegalapagos.com\/fr\/galapagos-voyage\/voyage-daventure-aux-iles-galapagos\/4-jours-1-ile\/","og_site_name":"Fran\u00e7ais - Nature Galapagos &amp; Ecuador","article_publisher":"https:\/\/www.facebook.com\/naturegalapagosecuador\/","article_modified_time":"2024-08-29T21:04:32+00:00","og_image":[{"width":1024,"height":512,"url":"https:\/\/naturegalapagos.com\/fr\/wp-content\/uploads\/sites\/4\/2016\/05\/Voyage-daventure-aux-\u00eeles-Galapagos.jpg","type":"image\/jpeg"}],"twitter_card":"summary_large_image","twitter_site":"@naturegalapagos","twitter_misc":{"Est. reading time":"3 minutes"},"schema":{"@context":"https:\/\/schema.org","@graph":[{"@type":"WebPage","@id":"https:\/\/naturegalapagos.com\/fr\/galapagos-voyage\/voyage-daventure-aux-iles-galapagos\/4-jours-1-ile\/","url":"https:\/\/naturegalapagos.com\/fr\/galapagos-voyage\/voyage-daventure-aux-iles-galapagos\/4-jours-1-ile\/","name":"Voyage d'aventure aux \u00eeles Galapagos | 4 Jours | Seule Isabela","isPartOf":{"@id":"https:\/\/naturegalapagos.com\/fr\/#website"},"primaryImageOfPage":{"@id":"https:\/\/naturegalapagos.com\/fr\/galapagos-voyage\/voyage-daventure-aux-iles-galapagos\/4-jours-1-ile\/#primaryimage"},"image":{"@id":"https:\/\/naturegalapagos.com\/fr\/galapagos-voyage\/voyage-daventure-aux-iles-galapagos\/4-jours-1-ile\/#primaryimage"},"thumbnailUrl":"https:\/\/naturegalapagos.com\/fr\/wp-content\/uploads\/sites\/4\/2016\/05\/Voyage-daventure-aux-\u00eeles-Galapagos.jpg","datePublished":"2016-05-31T18:20:58+00:00","dateModified":"2024-08-29T21:04:32+00:00","description":"Le voyage d'aventure aux \u00eeles Galapagos vous permettent d'explorer l'\u00eele Isabela avec un intinerary actif con\u00e7u pour les amateurs du sport.","breadcrumb":{"@id":"https:\/\/naturegalapagos.com\/fr\/galapagos-voyage\/voyage-daventure-aux-iles-galapagos\/4-jours-1-ile\/#breadcrumb"},"inLanguage":"fr-FR","potentialAction":[{"@type":"ReadAction","target":["https:\/\/naturegalapagos.com\/fr\/galapagos-voyage\/voyage-daventure-aux-iles-galapagos\/4-jours-1-ile\/"]}]},{"@type":"ImageObject","inLanguage":"fr-FR","@id":"https:\/\/naturegalapagos.com\/fr\/galapagos-voyage\/voyage-daventure-aux-iles-galapagos\/4-jours-1-ile\/#primaryimage","url":"https:\/\/naturegalapagos.com\/fr\/wp-content\/uploads\/sites\/4\/2016\/05\/Voyage-daventure-aux-\u00eeles-Galapagos.jpg","contentUrl":"https:\/\/naturegalapagos.com\/fr\/wp-content\/uploads\/sites\/4\/2016\/05\/Voyage-daventure-aux-\u00eeles-Galapagos.jpg","width":1024,"height":512,"caption":"Voyage d'aventure aux \u00eeles Galapagos"},{"@type":"BreadcrumbList","@id":"https:\/\/naturegalapagos.com\/fr\/galapagos-voyage\/voyage-daventure-aux-iles-galapagos\/4-jours-1-ile\/#breadcrumb","itemListElement":[{"@type":"ListItem","position":1,"name":"Home","item":"https:\/\/naturegalapagos.com\/fr\/"},{"@type":"ListItem","position":2,"name":"Tours","item":"https:\/\/naturegalapagos.com\/fr\/tours\/"},{"@type":"ListItem","position":3,"name":"4 Jours | Voyage d&#8217;aventure aux \u00eeles Galapagos"}]},{"@type":"WebSite","@id":"https:\/\/naturegalapagos.com\/fr\/#website","url":"https:\/\/naturegalapagos.com\/fr\/","name":"Fran\u00e7ais - Nature Galapagos & Ecuador","description":"","publisher":{"@id":"https:\/\/naturegalapagos.com\/fr\/#organization"},"potentialAction":[{"@type":"SearchAction","target":{"@type":"EntryPoint","urlTemplate":"https:\/\/naturegalapagos.com\/fr\/?s={search_term_string}"},"query-input":{"@type":"PropertyValueSpecification","valueRequired":true,"valueName":"search_term_string"}}],"inLanguage":"fr-FR"},{"@type":"Organization","@id":"https:\/\/naturegalapagos.com\/fr\/#organization","name":"Fran\u00e7ais - Nature Galapagos & Ecuador","url":"https:\/\/naturegalapagos.com\/fr\/","logo":{"@type":"ImageObject","inLanguage":"fr-FR","@id":"https:\/\/naturegalapagos.com\/fr\/#\/schema\/logo\/image\/","url":"https:\/\/naturegalapagos.com\/fr\/wp-content\/uploads\/sites\/4\/2016\/05\/logo-nature-galapagos.png","contentUrl":"https:\/\/naturegalapagos.com\/fr\/wp-content\/uploads\/sites\/4\/2016\/05\/logo-nature-galapagos.png","width":2500,"height":1000,"caption":"Fran\u00e7ais - Nature Galapagos & Ecuador"},"image":{"@id":"https:\/\/naturegalapagos.com\/fr\/#\/schema\/logo\/image\/"},"sameAs":["https:\/\/www.facebook.com\/naturegalapagosecuador\/","https:\/\/x.com\/naturegalapagos","https:\/\/www.instagram.com\/naturegalapagos\/","https:\/\/www.pinterest.com\/Naturegalapagos\/","https:\/\/www.youtube.com\/user\/NatureGalapagosTours"]}]}},"_links":{"self":[{"href":"https:\/\/naturegalapagos.com\/fr\/wp-json\/wp\/v2\/product\/1302","targetHints":{"allow":["GET"]}}],"collection":[{"href":"https:\/\/naturegalapagos.com\/fr\/wp-json\/wp\/v2\/product"}],"about":[{"href":"https:\/\/naturegalapagos.com\/fr\/wp-json\/wp\/v2\/types\/product"}],"replies":[{"embeddable":true,"href":"https:\/\/naturegalapagos.com\/fr\/wp-json\/wp\/v2\/comments?post=1302"}],"wp:featuredmedia":[{"embeddable":true,"href":"https:\/\/naturegalapagos.com\/fr\/wp-json\/wp\/v2\/media\/1524"}],"wp:attachment":[{"href":"https:\/\/naturegalapagos.com\/fr\/wp-json\/wp\/v2\/media?parent=1302"}],"wp:term":[{"taxonomy":"product_brand","embeddable":true,"href":"https:\/\/naturegalapagos.com\/fr\/wp-json\/wp\/v2\/product_brand?post=1302"},{"taxonomy":"product_cat","embeddable":true,"href":"https:\/\/naturegalapagos.com\/fr\/wp-json\/wp\/v2\/product_cat?post=1302"},{"taxonomy":"product_tag","embeddable":true,"href":"https:\/\/naturegalapagos.com\/fr\/wp-json\/wp\/v2\/product_tag?post=1302"}],"curies":[{"name":"wp","href":"https:\/\/api.w.org\/{rel}","templated":true}]}}